{"id":58,"date":"2018-03-19T13:49:03","date_gmt":"2018-03-19T11:49:03","guid":{"rendered":"https:\/\/blogi.eoppimispalvelut.fi\/napadamas\/?page_id=58"},"modified":"2018-04-05T13:23:54","modified_gmt":"2018-04-05T10:23:54","slug":"vuokraus-leasing","status":"publish","type":"page","link":"https:\/\/blogi.eoppimispalvelut.fi\/napadamas\/palvelut\/vuokraus-leasing\/","title":{"rendered":"Vuokraus\/leasing"},"content":{"rendered":"<p>Napadamas tarjoaa yrityksille vuokraus- ja leasingpalveluita. Vuokraus- ja leasingpalveluihin kuuluvat atk-laitteet. Jos kiinnostuit, ota yhteytt\u00e4 meihin sivuiltamme l\u00f6ytyv\u00e4lt\u00e4 yhteydenottolomakkeella ja autamme teit\u00e4 etsim\u00e4\u00e4n teille sopivan ratkaisun!<\/p>\n","protected":false},"excerpt":{"rendered":"<p>Napadamas tarjoaa yrityksille vuokraus- ja leasingpalveluita. Vuokraus- ja leasingpalveluihin kuuluvat atk-laitteet. Jos kiinnostuit, ota yhteytt\u00e4 meihin sivuiltamme l\u00f6ytyv\u00e4lt\u00e4 yhteydenottolomakkeella ja autamme teit\u00e4 etsim\u00e4\u00e4n teille sopivan ratkaisun!<\/p>\n","protected":false},"author":2979,"featured_media":0,"parent":16,"menu_order":0,"comment_status":"closed","ping_status":"closed","template":"","meta":{"footnotes":""},"class_list":["post-58","page","type-page","status-publish","hentry"],"_links":{"self":[{"href":"https:\/\/blogi.eoppimispalvelut.fi\/napadamas\/wp-json\/wp\/v2\/pages\/58","targetHints":{"allow":["GET"]}}],"collection":[{"href":"https:\/\/blogi.eoppimispalvelut.fi\/napadamas\/wp-json\/wp\/v2\/pages"}],"about":[{"href":"https:\/\/blogi.eoppimispalvelut.fi\/napadamas\/wp-json\/wp\/v2\/types\/page"}],"author":[{"embeddable":true,"href":"https:\/\/blogi.eoppimispalvelut.fi\/napadamas\/wp-json\/wp\/v2\/users\/2979"}],"replies":[{"embeddable":true,"href":"https:\/\/blogi.eoppimispalvelut.fi\/napadamas\/wp-json\/wp\/v2\/comments?post=58"}],"version-history":[{"count":3,"href":"https:\/\/blogi.eoppimispalvelut.fi\/napadamas\/wp-json\/wp\/v2\/pages\/58\/revisions"}],"predecessor-version":[{"id":192,"href":"https:\/\/blogi.eoppimispalvelut.fi\/napadamas\/wp-json\/wp\/v2\/pages\/58\/revisions\/192"}],"up":[{"embeddable":true,"href":"https:\/\/blogi.eoppimispalvelut.fi\/napadamas\/wp-json\/wp\/v2\/pages\/16"}],"wp:attachment":[{"href":"https:\/\/blogi.eoppimispalvelut.fi\/napadamas\/wp-json\/wp\/v2\/media?parent=58"}],"curies":[{"name":"wp","href":"https:\/\/api.w.org\/{rel}","templated":true}]}}