{"id":198,"date":"2022-01-24T19:10:43","date_gmt":"2022-01-24T17:10:43","guid":{"rendered":"https:\/\/blogi.eoppimispalvelut.fi\/napakalusteoy\/?page_id=198"},"modified":"2022-02-09T14:34:39","modified_gmt":"2022-02-09T12:34:39","slug":"tuolit","status":"publish","type":"page","link":"https:\/\/blogi.eoppimispalvelut.fi\/napakalusteoy\/tuolit\/","title":{"rendered":"Tuolit"},"content":{"rendered":"<h2><strong>Ergonominen satulatuoli 150\u20ac<\/strong><\/h2>\n<p>V\u00e4rivaihtoehdot: Musta, valkoinen<\/p>\n<p>&nbsp;<\/p>\n<p><img loading=\"lazy\" decoding=\"async\" class=\"alignnone wp-image-79\" src=\"https:\/\/blogi.eoppimispalvelut.fi\/napakalusteoy\/files\/2021\/12\/satulatuoli_meka_mu.png\" alt=\"\" width=\"411\" height=\"231\" \/><\/p>\n<h2><strong>Selk\u00e4nojallinen L\u00e5ngfj\u00e4ll ty\u00f6tuoli 200\u20ac<\/strong><\/h2>\n<p>V\u00e4rivaihtoehdot: Musta, Valkoinen<img loading=\"lazy\" decoding=\"async\" class=\"alignleft wp-image-152\" src=\"https:\/\/blogi.eoppimispalvelut.fi\/napakalusteoy\/files\/2022\/01\/001.jpg\" alt=\"\" width=\"367\" height=\"367\" srcset=\"https:\/\/blogi.eoppimispalvelut.fi\/napakalusteoy\/files\/2022\/01\/001.jpg 2000w, https:\/\/blogi.eoppimispalvelut.fi\/napakalusteoy\/files\/2022\/01\/001-900x900.jpg 900w, https:\/\/blogi.eoppimispalvelut.fi\/napakalusteoy\/files\/2022\/01\/001-1280x1280.jpg 1280w, https:\/\/blogi.eoppimispalvelut.fi\/napakalusteoy\/files\/2022\/01\/001-120x120.jpg 120w, https:\/\/blogi.eoppimispalvelut.fi\/napakalusteoy\/files\/2022\/01\/001-768x768.jpg 768w, https:\/\/blogi.eoppimispalvelut.fi\/napakalusteoy\/files\/2022\/01\/001-1536x1536.jpg 1536w, https:\/\/blogi.eoppimispalvelut.fi\/napakalusteoy\/files\/2022\/01\/001-100x100.jpg 100w\" sizes=\"auto, (max-width: 367px) 100vw, 367px\" \/>a<\/p>\n<p>&nbsp;<\/p>\n<p>&nbsp;<\/p>\n<p>&nbsp;<\/p>\n<p>&nbsp;<\/p>\n<p>&nbsp;<\/p>\n<p>&nbsp;<\/p>\n<p>&nbsp;<\/p>\n<p>&nbsp;<\/p>\n<h2><strong>Premium ergonominen ty\u00f6tuoli 400\u20ac<\/strong><\/h2>\n<p>V\u00e4rivaihtoehdot: Musta<\/p>\n<h2><strong><img loading=\"lazy\" decoding=\"async\" class=\"wp-image-287 alignnone\" src=\"https:\/\/blogi.eoppimispalvelut.fi\/napakalusteoy\/files\/2022\/02\/Premium-tyotuoli.jpg\" alt=\"\" width=\"284\" height=\"284\" srcset=\"https:\/\/blogi.eoppimispalvelut.fi\/napakalusteoy\/files\/2022\/02\/Premium-tyotuoli.jpg 249w, https:\/\/blogi.eoppimispalvelut.fi\/napakalusteoy\/files\/2022\/02\/Premium-tyotuoli-120x120.jpg 120w, https:\/\/blogi.eoppimispalvelut.fi\/napakalusteoy\/files\/2022\/02\/Premium-tyotuoli-100x100.jpg 100w\" sizes=\"auto, (max-width: 284px) 100vw, 284px\" \/><\/strong><\/h2>\n<p>&nbsp;<\/p>\n","protected":false},"excerpt":{"rendered":"<p>Ergonominen satulatuoli 150\u20ac V\u00e4rivaihtoehdot: Musta, valkoinen &nbsp; Selk\u00e4nojallinen L\u00e5ngfj\u00e4ll ty\u00f6tuoli 200\u20ac V\u00e4rivaihtoehdot: Musta, Valkoinena &nbsp; &nbsp; &nbsp; &nbsp; &nbsp; &nbsp; &nbsp; &nbsp; Premium ergonominen ty\u00f6tuoli 400\u20ac V\u00e4rivaihtoehdot: Musta &nbsp;<\/p>\n","protected":false},"author":8804,"featured_media":0,"parent":0,"menu_order":0,"comment_status":"closed","ping_status":"closed","template":"","meta":{"footnotes":""},"class_list":["post-198","page","type-page","status-publish","hentry"],"_links":{"self":[{"href":"https:\/\/blogi.eoppimispalvelut.fi\/napakalusteoy\/wp-json\/wp\/v2\/pages\/198","targetHints":{"allow":["GET"]}}],"collection":[{"href":"https:\/\/blogi.eoppimispalvelut.fi\/napakalusteoy\/wp-json\/wp\/v2\/pages"}],"about":[{"href":"https:\/\/blogi.eoppimispalvelut.fi\/napakalusteoy\/wp-json\/wp\/v2\/types\/page"}],"author":[{"embeddable":true,"href":"https:\/\/blogi.eoppimispalvelut.fi\/napakalusteoy\/wp-json\/wp\/v2\/users\/8804"}],"replies":[{"embeddable":true,"href":"https:\/\/blogi.eoppimispalvelut.fi\/napakalusteoy\/wp-json\/wp\/v2\/comments?post=198"}],"version-history":[{"count":13,"href":"https:\/\/blogi.eoppimispalvelut.fi\/napakalusteoy\/wp-json\/wp\/v2\/pages\/198\/revisions"}],"predecessor-version":[{"id":288,"href":"https:\/\/blogi.eoppimispalvelut.fi\/napakalusteoy\/wp-json\/wp\/v2\/pages\/198\/revisions\/288"}],"wp:attachment":[{"href":"https:\/\/blogi.eoppimispalvelut.fi\/napakalusteoy\/wp-json\/wp\/v2\/media?parent=198"}],"curies":[{"name":"wp","href":"https:\/\/api.w.org\/{rel}","templated":true}]}}