{"id":248,"date":"2022-01-31T11:07:20","date_gmt":"2022-01-31T09:07:20","guid":{"rendered":"https:\/\/blogi.eoppimispalvelut.fi\/napakalusteoy\/?page_id=248"},"modified":"2022-03-31T11:32:11","modified_gmt":"2022-03-31T08:32:11","slug":"poytavalaisimet","status":"publish","type":"page","link":"https:\/\/blogi.eoppimispalvelut.fi\/napakalusteoy\/poytavalaisimet\/","title":{"rendered":"Valaisimet"},"content":{"rendered":"<h2><strong>Barcelona LED-ty\u00f6p\u00f6yt\u00e4valaisin 219\u20ac<\/strong><\/h2>\n<p>Saatavilla my\u00f6s valkoisena<\/p>\n<p><img loading=\"lazy\" decoding=\"async\" class=\"alignleft wp-image-155\" src=\"https:\/\/blogi.eoppimispalvelut.fi\/napakalusteoy\/files\/2022\/01\/152306.jpg\" alt=\"\" width=\"295\" height=\"295\" srcset=\"https:\/\/blogi.eoppimispalvelut.fi\/napakalusteoy\/files\/2022\/01\/152306.jpg 766w, https:\/\/blogi.eoppimispalvelut.fi\/napakalusteoy\/files\/2022\/01\/152306-120x120.jpg 120w, https:\/\/blogi.eoppimispalvelut.fi\/napakalusteoy\/files\/2022\/01\/152306-100x100.jpg 100w\" sizes=\"auto, (max-width: 295px) 100vw, 295px\" \/><\/p>\n<p>&nbsp;<\/p>\n<p>&nbsp;<\/p>\n<p>&nbsp;<\/p>\n<p>&nbsp;<\/p>\n<p>&nbsp;<\/p>\n<p>&nbsp;<\/p>\n<p>&nbsp;<\/p>\n<h2><strong>Yleismallin ty\u00f6p\u00f6yt\u00e4valaisin 45\u20ac<\/strong><\/h2>\n<p>Saatavilla my\u00f6s valkoisena<\/p>\n<p><img loading=\"lazy\" decoding=\"async\" class=\"alignleft wp-image-156\" src=\"https:\/\/blogi.eoppimispalvelut.fi\/napakalusteoy\/files\/2022\/01\/poeytaevalaisin-type-75.jpg\" alt=\"\" width=\"281\" height=\"281\" srcset=\"https:\/\/blogi.eoppimispalvelut.fi\/napakalusteoy\/files\/2022\/01\/poeytaevalaisin-type-75.jpg 940w, https:\/\/blogi.eoppimispalvelut.fi\/napakalusteoy\/files\/2022\/01\/poeytaevalaisin-type-75-900x900.jpg 900w, https:\/\/blogi.eoppimispalvelut.fi\/napakalusteoy\/files\/2022\/01\/poeytaevalaisin-type-75-120x120.jpg 120w, https:\/\/blogi.eoppimispalvelut.fi\/napakalusteoy\/files\/2022\/01\/poeytaevalaisin-type-75-768x768.jpg 768w, https:\/\/blogi.eoppimispalvelut.fi\/napakalusteoy\/files\/2022\/01\/poeytaevalaisin-type-75-100x100.jpg 100w\" sizes=\"auto, (max-width: 281px) 100vw, 281px\" \/><\/p>\n<p>&nbsp;<\/p>\n<p>&nbsp;<\/p>\n<p>&nbsp;<\/p>\n<p>&nbsp;<\/p>\n<p>&nbsp;<\/p>\n<p>&nbsp;<\/p>\n<p>&nbsp;<\/p>\n<p>&nbsp;<\/p>\n<h2><strong>Jalkavalaisin 160\u20ac<\/strong><\/h2>\n<p>Todella hyv\u00e4ll\u00e4 valoteholla varustettu jalkavalaisin vailaisemaan pimeimm\u00e4tkin huoneen nurkkaukset.<\/p>\n<p>V\u00e4rivaihtoehdot: Musta, Valkoinen<\/p>\n<p>Mitat: 153cm, 1x40W Polttimo<\/p>\n<p><img loading=\"lazy\" decoding=\"async\" class=\"alignnone wp-image-295\" src=\"https:\/\/blogi.eoppimispalvelut.fi\/napakalusteoy\/files\/2022\/02\/Floor-lamp.jpg\" alt=\"\" width=\"248\" height=\"434\" \/><\/p>\n","protected":false},"excerpt":{"rendered":"<p>Barcelona LED-ty\u00f6p\u00f6yt\u00e4valaisin 219\u20ac Saatavilla my\u00f6s valkoisena &nbsp; &nbsp; &nbsp; &nbsp; &nbsp; &nbsp; &nbsp; Yleismallin ty\u00f6p\u00f6yt\u00e4valaisin 45\u20ac Saatavilla my\u00f6s valkoisena &nbsp; &nbsp; &nbsp; &nbsp; &nbsp; &nbsp; &nbsp; &nbsp; Jalkavalaisin 160\u20ac Todella hyv\u00e4ll\u00e4 valoteholla varustettu jalkavalaisin vailaisemaan pimeimm\u00e4tkin huoneen nurkkaukset. V\u00e4rivaihtoehdot: Musta, Valkoinen Mitat: 153cm, 1x40W Polttimo<\/p>\n","protected":false},"author":8804,"featured_media":0,"parent":0,"menu_order":0,"comment_status":"closed","ping_status":"closed","template":"","meta":{"footnotes":""},"class_list":["post-248","page","type-page","status-publish","hentry"],"_links":{"self":[{"href":"https:\/\/blogi.eoppimispalvelut.fi\/napakalusteoy\/wp-json\/wp\/v2\/pages\/248","targetHints":{"allow":["GET"]}}],"collection":[{"href":"https:\/\/blogi.eoppimispalvelut.fi\/napakalusteoy\/wp-json\/wp\/v2\/pages"}],"about":[{"href":"https:\/\/blogi.eoppimispalvelut.fi\/napakalusteoy\/wp-json\/wp\/v2\/types\/page"}],"author":[{"embeddable":true,"href":"https:\/\/blogi.eoppimispalvelut.fi\/napakalusteoy\/wp-json\/wp\/v2\/users\/8804"}],"replies":[{"embeddable":true,"href":"https:\/\/blogi.eoppimispalvelut.fi\/napakalusteoy\/wp-json\/wp\/v2\/comments?post=248"}],"version-history":[{"count":9,"href":"https:\/\/blogi.eoppimispalvelut.fi\/napakalusteoy\/wp-json\/wp\/v2\/pages\/248\/revisions"}],"predecessor-version":[{"id":311,"href":"https:\/\/blogi.eoppimispalvelut.fi\/napakalusteoy\/wp-json\/wp\/v2\/pages\/248\/revisions\/311"}],"wp:attachment":[{"href":"https:\/\/blogi.eoppimispalvelut.fi\/napakalusteoy\/wp-json\/wp\/v2\/media?parent=248"}],"curies":[{"name":"wp","href":"https:\/\/api.w.org\/{rel}","templated":true}]}}