{"id":261,"date":"2022-01-31T15:10:01","date_gmt":"2022-01-31T13:10:01","guid":{"rendered":"https:\/\/blogi.eoppimispalvelut.fi\/napakalusteoy\/?page_id=261"},"modified":"2022-02-09T10:59:53","modified_gmt":"2022-02-09T08:59:53","slug":"etatyopiste-kokonaisuus","status":"publish","type":"page","link":"https:\/\/blogi.eoppimispalvelut.fi\/napakalusteoy\/etatyopiste-kokonaisuus\/","title":{"rendered":"Et\u00e4ty\u00f6pistepaketit"},"content":{"rendered":"<h2><strong>Et\u00e4ty\u00f6pistepaketti<\/strong><\/h2>\n<p>R\u00e4\u00e4t\u00e4l\u00f6imme sinun tarpeisiisi sopivan et\u00e4ty\u00f6pistepaketin. Perus pakettimme sis\u00e4lt\u00e4\u00e4 s\u00e4hk\u00f6p\u00f6yd\u00e4n, satulatuolin ja\u00a0 ergonomisen seisoma-alustan. Paketti on kuitenkin helposti muunneltavissa, joten siihen voidaan lis\u00e4t\u00e4 ja vaihtaa haluamasi tuotteet.<\/p>\n<p>Peruspaketin hinta: 699\u20ac<\/p>\n<p>(sis\u00e4lt\u00e4en asennuksen)<\/p>\n<p><img loading=\"lazy\" decoding=\"async\" class=\"\" src=\"https:\/\/energiaa.ksoy.fi\/wp-content\/uploads\/2020\/11\/Airam_riippuvat.jpg\" alt=\"Valoa et\u00e4ty\u00f6pisteeseen \u2013 valaistuksella on suuri merkitys jaksamisen kannalta\" width=\"379\" height=\"492\" \/><\/p>\n","protected":false},"excerpt":{"rendered":"<p>Et\u00e4ty\u00f6pistepaketti R\u00e4\u00e4t\u00e4l\u00f6imme sinun tarpeisiisi sopivan et\u00e4ty\u00f6pistepaketin. Perus pakettimme sis\u00e4lt\u00e4\u00e4 s\u00e4hk\u00f6p\u00f6yd\u00e4n, satulatuolin ja\u00a0 ergonomisen seisoma-alustan. Paketti on kuitenkin helposti muunneltavissa, joten siihen voidaan lis\u00e4t\u00e4 ja vaihtaa haluamasi tuotteet. Peruspaketin hinta: 699\u20ac (sis\u00e4lt\u00e4en asennuksen)<\/p>\n","protected":false},"author":8804,"featured_media":0,"parent":0,"menu_order":0,"comment_status":"closed","ping_status":"closed","template":"","meta":{"footnotes":""},"class_list":["post-261","page","type-page","status-publish","hentry"],"_links":{"self":[{"href":"https:\/\/blogi.eoppimispalvelut.fi\/napakalusteoy\/wp-json\/wp\/v2\/pages\/261","targetHints":{"allow":["GET"]}}],"collection":[{"href":"https:\/\/blogi.eoppimispalvelut.fi\/napakalusteoy\/wp-json\/wp\/v2\/pages"}],"about":[{"href":"https:\/\/blogi.eoppimispalvelut.fi\/napakalusteoy\/wp-json\/wp\/v2\/types\/page"}],"author":[{"embeddable":true,"href":"https:\/\/blogi.eoppimispalvelut.fi\/napakalusteoy\/wp-json\/wp\/v2\/users\/8804"}],"replies":[{"embeddable":true,"href":"https:\/\/blogi.eoppimispalvelut.fi\/napakalusteoy\/wp-json\/wp\/v2\/comments?post=261"}],"version-history":[{"count":8,"href":"https:\/\/blogi.eoppimispalvelut.fi\/napakalusteoy\/wp-json\/wp\/v2\/pages\/261\/revisions"}],"predecessor-version":[{"id":284,"href":"https:\/\/blogi.eoppimispalvelut.fi\/napakalusteoy\/wp-json\/wp\/v2\/pages\/261\/revisions\/284"}],"wp:attachment":[{"href":"https:\/\/blogi.eoppimispalvelut.fi\/napakalusteoy\/wp-json\/wp\/v2\/media?parent=261"}],"curies":[{"name":"wp","href":"https:\/\/api.w.org\/{rel}","templated":true}]}}