{"id":290,"date":"2022-02-09T14:41:36","date_gmt":"2022-02-09T12:41:36","guid":{"rendered":"https:\/\/blogi.eoppimispalvelut.fi\/napakalusteoy\/?page_id=290"},"modified":"2022-02-09T14:41:36","modified_gmt":"2022-02-09T12:41:36","slug":"atk-kalusteet-tarvikkeet","status":"publish","type":"page","link":"https:\/\/blogi.eoppimispalvelut.fi\/napakalusteoy\/atk-kalusteet-tarvikkeet\/","title":{"rendered":"Atk kalusteet &amp; Tarvikkeet"},"content":{"rendered":"<h2>Hiirimatto geelirannetuella 20\u20ac<\/h2>\n<p>Todella ergonominen ja hyv\u00e4 vaihtoehto esim. toimistoty\u00f6skentelyyn. Ei rasita rannetta turhaan edes pitkien ty\u00f6p\u00e4ivien aikana.<\/p>\n<p>V\u00e4ri: Musta<\/p>\n<p><img loading=\"lazy\" decoding=\"async\" class=\"alignnone  wp-image-291\" src=\"https:\/\/blogi.eoppimispalvelut.fi\/napakalusteoy\/files\/2022\/02\/Hiirimatto-geelirannetuella.jpg\" alt=\"\" width=\"235\" height=\"150\" \/><\/p>\n","protected":false},"excerpt":{"rendered":"<p>Hiirimatto geelirannetuella 20\u20ac Todella ergonominen ja hyv\u00e4 vaihtoehto esim. toimistoty\u00f6skentelyyn. Ei rasita rannetta turhaan edes pitkien ty\u00f6p\u00e4ivien aikana. V\u00e4ri: Musta<\/p>\n","protected":false},"author":8804,"featured_media":0,"parent":0,"menu_order":0,"comment_status":"closed","ping_status":"closed","template":"","meta":{"footnotes":""},"class_list":["post-290","page","type-page","status-publish","hentry"],"_links":{"self":[{"href":"https:\/\/blogi.eoppimispalvelut.fi\/napakalusteoy\/wp-json\/wp\/v2\/pages\/290","targetHints":{"allow":["GET"]}}],"collection":[{"href":"https:\/\/blogi.eoppimispalvelut.fi\/napakalusteoy\/wp-json\/wp\/v2\/pages"}],"about":[{"href":"https:\/\/blogi.eoppimispalvelut.fi\/napakalusteoy\/wp-json\/wp\/v2\/types\/page"}],"author":[{"embeddable":true,"href":"https:\/\/blogi.eoppimispalvelut.fi\/napakalusteoy\/wp-json\/wp\/v2\/users\/8804"}],"replies":[{"embeddable":true,"href":"https:\/\/blogi.eoppimispalvelut.fi\/napakalusteoy\/wp-json\/wp\/v2\/comments?post=290"}],"version-history":[{"count":1,"href":"https:\/\/blogi.eoppimispalvelut.fi\/napakalusteoy\/wp-json\/wp\/v2\/pages\/290\/revisions"}],"predecessor-version":[{"id":292,"href":"https:\/\/blogi.eoppimispalvelut.fi\/napakalusteoy\/wp-json\/wp\/v2\/pages\/290\/revisions\/292"}],"wp:attachment":[{"href":"https:\/\/blogi.eoppimispalvelut.fi\/napakalusteoy\/wp-json\/wp\/v2\/media?parent=290"}],"curies":[{"name":"wp","href":"https:\/\/api.w.org\/{rel}","templated":true}]}}