{"id":298,"date":"2022-02-09T14:58:40","date_gmt":"2022-02-09T12:58:40","guid":{"rendered":"https:\/\/blogi.eoppimispalvelut.fi\/napakalusteoy\/?page_id=298"},"modified":"2022-02-09T15:12:09","modified_gmt":"2022-02-09T13:12:09","slug":"sohvat-sangyt","status":"publish","type":"page","link":"https:\/\/blogi.eoppimispalvelut.fi\/napakalusteoy\/sohvat-sangyt\/","title":{"rendered":"Sohvat"},"content":{"rendered":"<h2><strong>Sohva 400\u20ac<\/strong><\/h2>\n<p>Normaali 3-hengen istuttava sohva irtop\u00e4\u00e4llisill\u00e4 ja\u00a0 tukevalla rungolla varustettuna.<\/p>\n<p>V\u00e4rivaihtoehdot: Harmaa, Valkoinen, Musta, Beige<\/p>\n<p><img loading=\"lazy\" decoding=\"async\" class=\"alignnone wp-image-299\" src=\"https:\/\/blogi.eoppimispalvelut.fi\/napakalusteoy\/files\/2022\/02\/Sohva-3-hengen.jpg\" alt=\"\" width=\"374\" height=\"162\" \/><\/p>\n<h2><strong>Premium \u00a8Boss\u00a8\u00a0 kulmasohva\u00a0 999\u20ac<\/strong><\/h2>\n<p>T\u00e4st\u00e4 j\u00e4rkihintaan\u00a0 \u00a8Boss\u00a8 tason Premium kulmasohva pirist\u00e4m\u00e4\u00e4n raskaita ty\u00f6p\u00e4ivi\u00e4kin. Sohvassa laadukas ja kest\u00e4v\u00e4 runko sek\u00e4 p\u00e4\u00e4lliset. Sohvassa my\u00f6s leve\u00e4t ja pehme\u00e4t k\u00e4sinojat.<\/p>\n<p>P\u00e4\u00e4llismateriaalit: Nahka, Mokkakangas<\/p>\n<p>V\u00e4rivaihtoehdot: Musta, Ruskea<\/p>\n<p>&nbsp;<\/p>\n<p><img loading=\"lazy\" decoding=\"async\" class=\"alignnone wp-image-303\" src=\"https:\/\/blogi.eoppimispalvelut.fi\/napakalusteoy\/files\/2022\/02\/Boss-sohva-1.jpg\" alt=\"\" width=\"404\" height=\"152\" \/><\/p>\n<p>&nbsp;<\/p>\n<p>&nbsp;<\/p>\n<p>&nbsp;<\/p>\n<p>&nbsp;<\/p>\n","protected":false},"excerpt":{"rendered":"<p>Sohva 400\u20ac Normaali 3-hengen istuttava sohva irtop\u00e4\u00e4llisill\u00e4 ja\u00a0 tukevalla rungolla varustettuna. V\u00e4rivaihtoehdot: Harmaa, Valkoinen, Musta, Beige Premium \u00a8Boss\u00a8\u00a0 kulmasohva\u00a0 999\u20ac T\u00e4st\u00e4 j\u00e4rkihintaan\u00a0 \u00a8Boss\u00a8 tason Premium kulmasohva pirist\u00e4m\u00e4\u00e4n raskaita ty\u00f6p\u00e4ivi\u00e4kin. Sohvassa laadukas ja kest\u00e4v\u00e4 runko sek\u00e4 p\u00e4\u00e4lliset. Sohvassa my\u00f6s leve\u00e4t ja pehme\u00e4t k\u00e4sinojat. P\u00e4\u00e4llismateriaalit: Nahka, Mokkakangas V\u00e4rivaihtoehdot: Musta, Ruskea &nbsp; &nbsp; &nbsp; &nbsp; &nbsp;<\/p>\n","protected":false},"author":8804,"featured_media":0,"parent":0,"menu_order":0,"comment_status":"closed","ping_status":"closed","template":"","meta":{"footnotes":""},"class_list":["post-298","page","type-page","status-publish","hentry"],"_links":{"self":[{"href":"https:\/\/blogi.eoppimispalvelut.fi\/napakalusteoy\/wp-json\/wp\/v2\/pages\/298","targetHints":{"allow":["GET"]}}],"collection":[{"href":"https:\/\/blogi.eoppimispalvelut.fi\/napakalusteoy\/wp-json\/wp\/v2\/pages"}],"about":[{"href":"https:\/\/blogi.eoppimispalvelut.fi\/napakalusteoy\/wp-json\/wp\/v2\/types\/page"}],"author":[{"embeddable":true,"href":"https:\/\/blogi.eoppimispalvelut.fi\/napakalusteoy\/wp-json\/wp\/v2\/users\/8804"}],"replies":[{"embeddable":true,"href":"https:\/\/blogi.eoppimispalvelut.fi\/napakalusteoy\/wp-json\/wp\/v2\/comments?post=298"}],"version-history":[{"count":4,"href":"https:\/\/blogi.eoppimispalvelut.fi\/napakalusteoy\/wp-json\/wp\/v2\/pages\/298\/revisions"}],"predecessor-version":[{"id":305,"href":"https:\/\/blogi.eoppimispalvelut.fi\/napakalusteoy\/wp-json\/wp\/v2\/pages\/298\/revisions\/305"}],"wp:attachment":[{"href":"https:\/\/blogi.eoppimispalvelut.fi\/napakalusteoy\/wp-json\/wp\/v2\/media?parent=298"}],"curies":[{"name":"wp","href":"https:\/\/api.w.org\/{rel}","templated":true}]}}