{"id":30,"date":"2021-12-19T16:26:21","date_gmt":"2021-12-19T14:26:21","guid":{"rendered":"https:\/\/blogi.eoppimispalvelut.fi\/napakalusteoy\/?page_id=30"},"modified":"2022-01-10T16:28:15","modified_gmt":"2022-01-10T14:28:15","slug":"etusivu","status":"publish","type":"page","link":"https:\/\/blogi.eoppimispalvelut.fi\/napakalusteoy\/","title":{"rendered":"Napakaluste"},"content":{"rendered":"<p><span style=\"font-size: 1rem\">Napakaluste on Napalaaksossa toimiva toimistokalusteiden, tarvikkeiden ja asennuspalveluiden yritys. Napakaluste koostuu seitsem\u00e4st\u00e4 Lapin ammattikorkeakoulun opiskelijasta. Yrityksemme myy ekologisia, kotimaisia ja laadukkaita toimistokalusteita. Meille on erityisen t\u00e4rke\u00e4\u00e4, ett\u00e4 tuotteemme ovat pitk\u00e4ik\u00e4isi\u00e4 ja kest\u00e4vi\u00e4. Meid\u00e4n t\u00e4rkeimpi\u00e4 arvojamme on toimia vastuullisesti ja kest\u00e4v\u00e4sti nykyp\u00e4iv\u00e4n yhteiskunnassa. Toiminnallamme pyrimmekin edist\u00e4m\u00e4\u00e4n kiertotalouden toteutumista. <\/span><\/p>\n<p><img loading=\"lazy\" decoding=\"async\" src=\"https:\/\/blogi.eoppimispalvelut.fi\/napakalusteoy\/files\/2022\/01\/pngtree-graduation-season-seven-people-jumping-silhouette-image_1267168-2.jpg\" alt=\"\" width=\"639\" height=\"356\" class=\"alignleft size-full wp-image-137\" \/><\/p>\n","protected":false},"excerpt":{"rendered":"<p>Napakaluste on Napalaaksossa toimiva toimistokalusteiden, tarvikkeiden ja asennuspalveluiden yritys. Napakaluste koostuu seitsem\u00e4st\u00e4 Lapin ammattikorkeakoulun opiskelijasta. Yrityksemme myy ekologisia, kotimaisia ja laadukkaita toimistokalusteita. Meille on erityisen t\u00e4rke\u00e4\u00e4, ett\u00e4 tuotteemme ovat pitk\u00e4ik\u00e4isi\u00e4 ja kest\u00e4vi\u00e4. Meid\u00e4n t\u00e4rkeimpi\u00e4 arvojamme on toimia vastuullisesti ja kest\u00e4v\u00e4sti nykyp\u00e4iv\u00e4n yhteiskunnassa. Toiminnallamme pyrimmekin edist\u00e4m\u00e4\u00e4n kiertotalouden toteutumista.<\/p>\n","protected":false},"author":8804,"featured_media":0,"parent":0,"menu_order":0,"comment_status":"closed","ping_status":"closed","template":"","meta":{"footnotes":""},"class_list":["post-30","page","type-page","status-publish","hentry"],"_links":{"self":[{"href":"https:\/\/blogi.eoppimispalvelut.fi\/napakalusteoy\/wp-json\/wp\/v2\/pages\/30","targetHints":{"allow":["GET"]}}],"collection":[{"href":"https:\/\/blogi.eoppimispalvelut.fi\/napakalusteoy\/wp-json\/wp\/v2\/pages"}],"about":[{"href":"https:\/\/blogi.eoppimispalvelut.fi\/napakalusteoy\/wp-json\/wp\/v2\/types\/page"}],"author":[{"embeddable":true,"href":"https:\/\/blogi.eoppimispalvelut.fi\/napakalusteoy\/wp-json\/wp\/v2\/users\/8804"}],"replies":[{"embeddable":true,"href":"https:\/\/blogi.eoppimispalvelut.fi\/napakalusteoy\/wp-json\/wp\/v2\/comments?post=30"}],"version-history":[{"count":16,"href":"https:\/\/blogi.eoppimispalvelut.fi\/napakalusteoy\/wp-json\/wp\/v2\/pages\/30\/revisions"}],"predecessor-version":[{"id":148,"href":"https:\/\/blogi.eoppimispalvelut.fi\/napakalusteoy\/wp-json\/wp\/v2\/pages\/30\/revisions\/148"}],"wp:attachment":[{"href":"https:\/\/blogi.eoppimispalvelut.fi\/napakalusteoy\/wp-json\/wp\/v2\/media?parent=30"}],"curies":[{"name":"wp","href":"https:\/\/api.w.org\/{rel}","templated":true}]}}