{"id":66,"date":"2021-12-19T17:36:38","date_gmt":"2021-12-19T15:36:38","guid":{"rendered":"https:\/\/blogi.eoppimispalvelut.fi\/napakalusteoy\/?page_id=66"},"modified":"2022-01-25T17:09:32","modified_gmt":"2022-01-25T15:09:32","slug":"palvelumme","status":"publish","type":"page","link":"https:\/\/blogi.eoppimispalvelut.fi\/napakalusteoy\/palvelumme\/","title":{"rendered":"Palvelut"},"content":{"rendered":"<h2>Asennus<\/h2>\n<p><img loading=\"lazy\" decoding=\"async\" class=\"alignnone wp-image-86\" src=\"https:\/\/blogi.eoppimispalvelut.fi\/napakalusteoy\/files\/2021\/12\/males-2506823_1920_ml-900x900.jpg\" alt=\"\" width=\"347\" height=\"347\" srcset=\"https:\/\/blogi.eoppimispalvelut.fi\/napakalusteoy\/files\/2021\/12\/males-2506823_1920_ml-900x900.jpg 900w, https:\/\/blogi.eoppimispalvelut.fi\/napakalusteoy\/files\/2021\/12\/males-2506823_1920_ml-120x120.jpg 120w, https:\/\/blogi.eoppimispalvelut.fi\/napakalusteoy\/files\/2021\/12\/males-2506823_1920_ml-768x768.jpg 768w, https:\/\/blogi.eoppimispalvelut.fi\/napakalusteoy\/files\/2021\/12\/males-2506823_1920_ml-100x100.jpg 100w, https:\/\/blogi.eoppimispalvelut.fi\/napakalusteoy\/files\/2021\/12\/males-2506823_1920_ml.jpg 1000w\" sizes=\"auto, (max-width: 347px) 100vw, 347px\" \/><\/p>\n<p>Kokoamme tuotteet valmiiksi kuljetuksen yhteydess\u00e4. Samalla voimme opastaa esimerkiksi s\u00e4hk\u00f6p\u00f6yd\u00e4n ja satulatuolin oikeaoppiseen ja turvalliseen k\u00e4ytt\u00f6\u00f6n<\/p>\n<h2>Kotiinkuljetus<\/h2>\n<p><img loading=\"lazy\" decoding=\"async\" class=\"alignnone wp-image-88\" src=\"https:\/\/blogi.eoppimispalvelut.fi\/napakalusteoy\/files\/2021\/12\/delivery.jpg\" alt=\"\" width=\"378\" height=\"378\" srcset=\"https:\/\/blogi.eoppimispalvelut.fi\/napakalusteoy\/files\/2021\/12\/delivery.jpg 800w, https:\/\/blogi.eoppimispalvelut.fi\/napakalusteoy\/files\/2021\/12\/delivery-120x120.jpg 120w, https:\/\/blogi.eoppimispalvelut.fi\/napakalusteoy\/files\/2021\/12\/delivery-768x768.jpg 768w, https:\/\/blogi.eoppimispalvelut.fi\/napakalusteoy\/files\/2021\/12\/delivery-100x100.jpg 100w\" sizes=\"auto, (max-width: 378px) 100vw, 378px\" \/><\/p>\n<p>Kuljetamme tuotteet haluamaanne osoitteeseen. Voitte my\u00f6s noutaa tuotteenne varastoltamme<\/p>\n<h2>Vanhojen kalusteiden kierr\u00e4tys<\/h2>\n<p><img loading=\"lazy\" decoding=\"async\" class=\"alignnone wp-image-89\" src=\"https:\/\/blogi.eoppimispalvelut.fi\/napakalusteoy\/files\/2021\/12\/Recycle.png\" alt=\"\" width=\"370\" height=\"370\" srcset=\"https:\/\/blogi.eoppimispalvelut.fi\/napakalusteoy\/files\/2021\/12\/Recycle.png 800w, https:\/\/blogi.eoppimispalvelut.fi\/napakalusteoy\/files\/2021\/12\/Recycle-120x120.png 120w, https:\/\/blogi.eoppimispalvelut.fi\/napakalusteoy\/files\/2021\/12\/Recycle-768x768.png 768w, https:\/\/blogi.eoppimispalvelut.fi\/napakalusteoy\/files\/2021\/12\/Recycle-100x100.png 100w\" sizes=\"auto, (max-width: 370px) 100vw, 370px\" \/><\/p>\n<p>Kun tuomme toimistollenne tai kotiinne uusia kalusteita, voimme halutessanne vied\u00e4 vanhat kalusteet mukananne ja kierr\u00e4t\u00e4mme ne asiaankuuluvalla tavalla.<\/p>\n<h2>Suunnittelu<\/h2>\n<p><img loading=\"lazy\" decoding=\"async\" class=\"alignnone size-full wp-image-90\" src=\"https:\/\/blogi.eoppimispalvelut.fi\/napakalusteoy\/files\/2021\/12\/piirros_suunnittelijat.png\" alt=\"\" width=\"460\" height=\"280\" \/><\/p>\n<p>Suunnittelemme valmiita toimistotiloja juuri teid\u00e4n tarpeisiinni. Suunnittelussa otetaan huomioon teid\u00e4n toiveet ja pyrimme luomaan virkist\u00e4v\u00e4n ja ergonomisen kokonaisuuden. Suunniteluvaiheessa voimme tehd\u00e4 tarjouksen kalusteista, joita toimistoonne olemme suunnitelleet ja koostaneet.<\/p>\n","protected":false},"excerpt":{"rendered":"<p>Asennus Kokoamme tuotteet valmiiksi kuljetuksen yhteydess\u00e4. Samalla voimme opastaa esimerkiksi s\u00e4hk\u00f6p\u00f6yd\u00e4n ja satulatuolin oikeaoppiseen ja turvalliseen k\u00e4ytt\u00f6\u00f6n Kotiinkuljetus Kuljetamme tuotteet haluamaanne osoitteeseen. Voitte my\u00f6s noutaa tuotteenne varastoltamme Vanhojen kalusteiden kierr\u00e4tys Kun tuomme toimistollenne tai kotiinne uusia kalusteita, voimme halutessanne vied\u00e4 vanhat kalusteet mukananne ja kierr\u00e4t\u00e4mme ne asiaankuuluvalla tavalla. Suunnittelu Suunnittelemme valmiita toimistotiloja juuri teid\u00e4n tarpeisiinni. &hellip; <\/p>\n<p class=\"link-more\"><a href=\"https:\/\/blogi.eoppimispalvelut.fi\/napakalusteoy\/palvelumme\/\" class=\"more-link\">Jatka lukemista<span class=\"screen-reader-text\"> &#8220;Palvelut&#8221;<\/span><\/a><\/p>\n","protected":false},"author":8804,"featured_media":0,"parent":0,"menu_order":0,"comment_status":"closed","ping_status":"closed","template":"","meta":{"footnotes":""},"class_list":["post-66","page","type-page","status-publish","hentry"],"_links":{"self":[{"href":"https:\/\/blogi.eoppimispalvelut.fi\/napakalusteoy\/wp-json\/wp\/v2\/pages\/66","targetHints":{"allow":["GET"]}}],"collection":[{"href":"https:\/\/blogi.eoppimispalvelut.fi\/napakalusteoy\/wp-json\/wp\/v2\/pages"}],"about":[{"href":"https:\/\/blogi.eoppimispalvelut.fi\/napakalusteoy\/wp-json\/wp\/v2\/types\/page"}],"author":[{"embeddable":true,"href":"https:\/\/blogi.eoppimispalvelut.fi\/napakalusteoy\/wp-json\/wp\/v2\/users\/8804"}],"replies":[{"embeddable":true,"href":"https:\/\/blogi.eoppimispalvelut.fi\/napakalusteoy\/wp-json\/wp\/v2\/comments?post=66"}],"version-history":[{"count":5,"href":"https:\/\/blogi.eoppimispalvelut.fi\/napakalusteoy\/wp-json\/wp\/v2\/pages\/66\/revisions"}],"predecessor-version":[{"id":220,"href":"https:\/\/blogi.eoppimispalvelut.fi\/napakalusteoy\/wp-json\/wp\/v2\/pages\/66\/revisions\/220"}],"wp:attachment":[{"href":"https:\/\/blogi.eoppimispalvelut.fi\/napakalusteoy\/wp-json\/wp\/v2\/media?parent=66"}],"curies":[{"name":"wp","href":"https:\/\/api.w.org\/{rel}","templated":true}]}}