{"id":70,"date":"2021-12-19T17:36:59","date_gmt":"2021-12-19T15:36:59","guid":{"rendered":"https:\/\/blogi.eoppimispalvelut.fi\/napakalusteoy\/?page_id=70"},"modified":"2022-01-31T15:30:27","modified_gmt":"2022-01-31T13:30:27","slug":"tuotteet","status":"publish","type":"page","link":"https:\/\/blogi.eoppimispalvelut.fi\/napakalusteoy\/tuotteet\/","title":{"rendered":"Tuotteet"},"content":{"rendered":"<h2><strong><a href=\"https:\/\/blogi.eoppimispalvelut.fi\/napakalusteoy\/poydat\/\">P\u00f6yd\u00e4t\u00a0<\/a><\/strong><\/h2>\n<p>S\u00e4hk\u00f6p\u00f6yt\u00e4 (saatavilla my\u00f6s mustana)<\/p>\n<p><img loading=\"lazy\" decoding=\"async\" class=\"alignnone wp-image-77\" src=\"https:\/\/blogi.eoppimispalvelut.fi\/napakalusteoy\/files\/2021\/12\/poyta-120-valk-kansi-harmaat-jalat_1920px-900x600.jpg\" alt=\"\" width=\"356\" height=\"237\" srcset=\"https:\/\/blogi.eoppimispalvelut.fi\/napakalusteoy\/files\/2021\/12\/poyta-120-valk-kansi-harmaat-jalat_1920px-900x600.jpg 900w, https:\/\/blogi.eoppimispalvelut.fi\/napakalusteoy\/files\/2021\/12\/poyta-120-valk-kansi-harmaat-jalat_1920px-1280x853.jpg 1280w, https:\/\/blogi.eoppimispalvelut.fi\/napakalusteoy\/files\/2021\/12\/poyta-120-valk-kansi-harmaat-jalat_1920px-768x512.jpg 768w, https:\/\/blogi.eoppimispalvelut.fi\/napakalusteoy\/files\/2021\/12\/poyta-120-valk-kansi-harmaat-jalat_1920px-1536x1024.jpg 1536w, https:\/\/blogi.eoppimispalvelut.fi\/napakalusteoy\/files\/2021\/12\/poyta-120-valk-kansi-harmaat-jalat_1920px.jpg 1920w\" sizes=\"auto, (max-width: 356px) 100vw, 356px\" \/><\/p>\n<p>Tavallinen ty\u00f6p\u00f6yt\u00e4<\/p>\n<p>V\u00e4rivaihtoehdot: musta, harmaa, valkoinen<\/p>\n<p><img loading=\"lazy\" decoding=\"async\" class=\"alignleft wp-image-149\" src=\"https:\/\/blogi.eoppimispalvelut.fi\/napakalusteoy\/files\/2022\/01\/4005500-20_1_3_zhg2mhircruz27hw.jpg\" alt=\"\" width=\"313\" height=\"313\" srcset=\"https:\/\/blogi.eoppimispalvelut.fi\/napakalusteoy\/files\/2022\/01\/4005500-20_1_3_zhg2mhircruz27hw.jpg 700w, https:\/\/blogi.eoppimispalvelut.fi\/napakalusteoy\/files\/2022\/01\/4005500-20_1_3_zhg2mhircruz27hw-120x120.jpg 120w, https:\/\/blogi.eoppimispalvelut.fi\/napakalusteoy\/files\/2022\/01\/4005500-20_1_3_zhg2mhircruz27hw-100x100.jpg 100w\" sizes=\"auto, (max-width: 313px) 100vw, 313px\" \/><\/p>\n<p>&nbsp;<\/p>\n<p>&nbsp;<\/p>\n<p>&nbsp;<\/p>\n<p>&nbsp;<\/p>\n<p>&nbsp;<\/p>\n<p>&nbsp;<\/p>\n<p>&nbsp;<\/p>\n<h2><a href=\"https:\/\/blogi.eoppimispalvelut.fi\/napakalusteoy\/tuolit\/\"><strong>Tuolit<\/strong><\/a><\/h2>\n<p>Ergonominen satulatuoli<\/p>\n<p><img loading=\"lazy\" decoding=\"async\" class=\"alignnone wp-image-79\" src=\"https:\/\/blogi.eoppimispalvelut.fi\/napakalusteoy\/files\/2021\/12\/satulatuoli_meka_mu.png\" alt=\"\" width=\"411\" height=\"231\" \/><\/p>\n<p>Selk\u00e4nojallinen ty\u00f6tuoli<\/p>\n<p>V\u00e4rivaihtoehdot: Musta, valkoinen, harmaa<\/p>\n<p><img loading=\"lazy\" decoding=\"async\" class=\"alignleft wp-image-152\" src=\"https:\/\/blogi.eoppimispalvelut.fi\/napakalusteoy\/files\/2022\/01\/001.jpg\" alt=\"\" width=\"362\" height=\"362\" srcset=\"https:\/\/blogi.eoppimispalvelut.fi\/napakalusteoy\/files\/2022\/01\/001.jpg 2000w, https:\/\/blogi.eoppimispalvelut.fi\/napakalusteoy\/files\/2022\/01\/001-900x900.jpg 900w, https:\/\/blogi.eoppimispalvelut.fi\/napakalusteoy\/files\/2022\/01\/001-1280x1280.jpg 1280w, https:\/\/blogi.eoppimispalvelut.fi\/napakalusteoy\/files\/2022\/01\/001-120x120.jpg 120w, https:\/\/blogi.eoppimispalvelut.fi\/napakalusteoy\/files\/2022\/01\/001-768x768.jpg 768w, https:\/\/blogi.eoppimispalvelut.fi\/napakalusteoy\/files\/2022\/01\/001-1536x1536.jpg 1536w, https:\/\/blogi.eoppimispalvelut.fi\/napakalusteoy\/files\/2022\/01\/001-100x100.jpg 100w\" sizes=\"auto, (max-width: 362px) 100vw, 362px\" \/><\/p>\n<p>&nbsp;<\/p>\n<p>&nbsp;<\/p>\n<p>&nbsp;<\/p>\n<p>&nbsp;<\/p>\n<p>&nbsp;<\/p>\n<p>&nbsp;<\/p>\n<p>&nbsp;<\/p>\n<p>&nbsp;<\/p>\n<p>Premium ty\u00f6tuoli<\/p>\n<p>V\u00e4rivaihtoehdot: Musta<\/p>\n<p><img loading=\"lazy\" decoding=\"async\" class=\"alignleft wp-image-159\" src=\"https:\/\/blogi.eoppimispalvelut.fi\/napakalusteoy\/files\/2022\/01\/2845953047-2.jpg\" alt=\"\" width=\"203\" height=\"329\" \/><\/p>\n<p>&nbsp;<\/p>\n<p>&nbsp;<\/p>\n<p>&nbsp;<\/p>\n<p>&nbsp;<\/p>\n<p>&nbsp;<\/p>\n<p>&nbsp;<\/p>\n<p>&nbsp;<\/p>\n<p>&nbsp;<\/p>\n<p>&nbsp;<\/p>\n<h2><a href=\"https:\/\/blogi.eoppimispalvelut.fi\/napakalusteoy\/muut-oheistuotteet\/\"><strong>Muut oheistuotteet<\/strong><\/a><\/h2>\n<p>Ergonominen seisoma-alusta<\/p>\n<p><img loading=\"lazy\" decoding=\"async\" class=\"alignnone wp-image-93\" src=\"https:\/\/blogi.eoppimispalvelut.fi\/napakalusteoy\/files\/2021\/12\/stondisseisomapehmus-900x460.jpg\" alt=\"\" width=\"344\" height=\"176\" srcset=\"https:\/\/blogi.eoppimispalvelut.fi\/napakalusteoy\/files\/2021\/12\/stondisseisomapehmus-900x460.jpg 900w, https:\/\/blogi.eoppimispalvelut.fi\/napakalusteoy\/files\/2021\/12\/stondisseisomapehmus-768x392.jpg 768w, https:\/\/blogi.eoppimispalvelut.fi\/napakalusteoy\/files\/2021\/12\/stondisseisomapehmus.jpg 1000w\" sizes=\"auto, (max-width: 344px) 100vw, 344px\" \/><\/p>\n<p>Vihersein\u00e4<\/p>\n<p><img loading=\"lazy\" decoding=\"async\" class=\"alignleft wp-image-154\" src=\"https:\/\/blogi.eoppimispalvelut.fi\/napakalusteoy\/files\/2022\/01\/br-309-foliage-tile-cut-out_1.jpg\" alt=\"\" width=\"325\" height=\"325\" srcset=\"https:\/\/blogi.eoppimispalvelut.fi\/napakalusteoy\/files\/2022\/01\/br-309-foliage-tile-cut-out_1.jpg 850w, https:\/\/blogi.eoppimispalvelut.fi\/napakalusteoy\/files\/2022\/01\/br-309-foliage-tile-cut-out_1-120x120.jpg 120w, https:\/\/blogi.eoppimispalvelut.fi\/napakalusteoy\/files\/2022\/01\/br-309-foliage-tile-cut-out_1-768x768.jpg 768w, https:\/\/blogi.eoppimispalvelut.fi\/napakalusteoy\/files\/2022\/01\/br-309-foliage-tile-cut-out_1-100x100.jpg 100w\" sizes=\"auto, (max-width: 325px) 100vw, 325px\" \/><\/p>\n<p>&nbsp;<\/p>\n<p>&nbsp;<\/p>\n<p>&nbsp;<\/p>\n<p>&nbsp;<\/p>\n<p>&nbsp;<\/p>\n<p>&nbsp;<\/p>\n<p>&nbsp;<\/p>\n<p>&nbsp;<\/p>\n<h2><a href=\"https:\/\/blogi.eoppimispalvelut.fi\/napakalusteoy\/poytavalaisimet\/\"><strong>P\u00f6yt\u00e4valaisimet<\/strong><\/a><\/h2>\n<p>Saatavilla my\u00f6s valkoisena<\/p>\n<p><img loading=\"lazy\" decoding=\"async\" class=\"alignleft wp-image-155\" src=\"https:\/\/blogi.eoppimispalvelut.fi\/napakalusteoy\/files\/2022\/01\/152306.jpg\" alt=\"\" width=\"295\" height=\"295\" srcset=\"https:\/\/blogi.eoppimispalvelut.fi\/napakalusteoy\/files\/2022\/01\/152306.jpg 766w, https:\/\/blogi.eoppimispalvelut.fi\/napakalusteoy\/files\/2022\/01\/152306-120x120.jpg 120w, https:\/\/blogi.eoppimispalvelut.fi\/napakalusteoy\/files\/2022\/01\/152306-100x100.jpg 100w\" sizes=\"auto, (max-width: 295px) 100vw, 295px\" \/><\/p>\n<p>&nbsp;<\/p>\n<p>&nbsp;<\/p>\n<p>&nbsp;<\/p>\n<p>&nbsp;<\/p>\n<p>&nbsp;<\/p>\n<p>&nbsp;<\/p>\n<p>&nbsp;<\/p>\n<p>Saatavilla my\u00f6s valkoisena<\/p>\n<p><img loading=\"lazy\" decoding=\"async\" class=\"alignleft wp-image-156\" src=\"https:\/\/blogi.eoppimispalvelut.fi\/napakalusteoy\/files\/2022\/01\/poeytaevalaisin-type-75.jpg\" alt=\"\" width=\"281\" height=\"281\" srcset=\"https:\/\/blogi.eoppimispalvelut.fi\/napakalusteoy\/files\/2022\/01\/poeytaevalaisin-type-75.jpg 940w, https:\/\/blogi.eoppimispalvelut.fi\/napakalusteoy\/files\/2022\/01\/poeytaevalaisin-type-75-900x900.jpg 900w, https:\/\/blogi.eoppimispalvelut.fi\/napakalusteoy\/files\/2022\/01\/poeytaevalaisin-type-75-120x120.jpg 120w, https:\/\/blogi.eoppimispalvelut.fi\/napakalusteoy\/files\/2022\/01\/poeytaevalaisin-type-75-768x768.jpg 768w, https:\/\/blogi.eoppimispalvelut.fi\/napakalusteoy\/files\/2022\/01\/poeytaevalaisin-type-75-100x100.jpg 100w\" sizes=\"auto, (max-width: 281px) 100vw, 281px\" \/><\/p>\n<p>&nbsp;<\/p>\n<p>&nbsp;<\/p>\n<p>&nbsp;<\/p>\n<p>&nbsp;<\/p>\n<p>&nbsp;<\/p>\n<p>&nbsp;<\/p>\n<p>&nbsp;<\/p>\n<h2><a href=\"https:\/\/blogi.eoppimispalvelut.fi\/napakalusteoy\/muut-oheistuotteet\/\"><strong>Sermit<\/strong><\/a><\/h2>\n<p>V\u00e4rivaihtoehdot: Musta, valkoinen, tammi<\/p>\n<p><img loading=\"lazy\" decoding=\"async\" class=\"alignleft wp-image-157\" src=\"https:\/\/blogi.eoppimispalvelut.fi\/napakalusteoy\/files\/2022\/01\/193946.jpg\" alt=\"\" width=\"324\" height=\"324\" srcset=\"https:\/\/blogi.eoppimispalvelut.fi\/napakalusteoy\/files\/2022\/01\/193946.jpg 766w, https:\/\/blogi.eoppimispalvelut.fi\/napakalusteoy\/files\/2022\/01\/193946-120x120.jpg 120w, https:\/\/blogi.eoppimispalvelut.fi\/napakalusteoy\/files\/2022\/01\/193946-100x100.jpg 100w\" sizes=\"auto, (max-width: 324px) 100vw, 324px\" \/><\/p>\n<p>&nbsp;<\/p>\n<p>&nbsp;<\/p>\n<p>&nbsp;<\/p>\n<p>&nbsp;<\/p>\n<p>&nbsp;<\/p>\n<p>&nbsp;<\/p>\n<p>&nbsp;<\/p>\n<h5><\/h5>\n<h5><\/h5>\n<h2><a href=\"https:\/\/blogi.eoppimispalvelut.fi\/napakalusteoy\/etatyopiste-kokonaisuus\/\"><strong>Et\u00e4ty\u00f6pistepaketti<\/strong><\/a><\/h2>\n<p>R\u00e4\u00e4t\u00e4l\u00f6imme sinun tarpeisiisi sopivan et\u00e4ty\u00f6pistepaketin. Perus pakettimme sis\u00e4lt\u00e4\u00e4 s\u00e4hk\u00f6p\u00f6yd\u00e4n, satulatuolin ja\u00a0 ergonomisen seisoma-alustan. Paketti on kuitenkin helposti muunneltavissa, joten siihen voidaan lis\u00e4t\u00e4 ja vaihtaa haluamasi tuotteet.<\/p>\n<p><img loading=\"lazy\" decoding=\"async\" class=\"\" src=\"https:\/\/energiaa.ksoy.fi\/wp-content\/uploads\/2020\/11\/Airam_riippuvat.jpg\" alt=\"Valoa et\u00e4ty\u00f6pisteeseen \u2013 valaistuksella on suuri merkitys jaksamisen kannalta\" width=\"379\" height=\"492\" \/><\/p>\n","protected":false},"excerpt":{"rendered":"<p>P\u00f6yd\u00e4t\u00a0 S\u00e4hk\u00f6p\u00f6yt\u00e4 (saatavilla my\u00f6s mustana) Tavallinen ty\u00f6p\u00f6yt\u00e4 V\u00e4rivaihtoehdot: musta, harmaa, valkoinen &nbsp; &nbsp; &nbsp; &nbsp; &nbsp; &nbsp; &nbsp; Tuolit Ergonominen satulatuoli Selk\u00e4nojallinen ty\u00f6tuoli V\u00e4rivaihtoehdot: Musta, valkoinen, harmaa &nbsp; &nbsp; &nbsp; &nbsp; &nbsp; &nbsp; &nbsp; &nbsp; Premium ty\u00f6tuoli V\u00e4rivaihtoehdot: Musta &nbsp; &nbsp; &nbsp; &nbsp; &nbsp; &nbsp; &nbsp; &nbsp; &nbsp; Muut oheistuotteet Ergonominen seisoma-alusta Vihersein\u00e4 &nbsp; &nbsp; &hellip; <\/p>\n<p class=\"link-more\"><a href=\"https:\/\/blogi.eoppimispalvelut.fi\/napakalusteoy\/tuotteet\/\" class=\"more-link\">Jatka lukemista<span class=\"screen-reader-text\"> &#8220;Tuotteet&#8221;<\/span><\/a><\/p>\n","protected":false},"author":8804,"featured_media":0,"parent":0,"menu_order":0,"comment_status":"closed","ping_status":"closed","template":"","meta":{"footnotes":""},"class_list":["post-70","page","type-page","status-publish","hentry"],"_links":{"self":[{"href":"https:\/\/blogi.eoppimispalvelut.fi\/napakalusteoy\/wp-json\/wp\/v2\/pages\/70","targetHints":{"allow":["GET"]}}],"collection":[{"href":"https:\/\/blogi.eoppimispalvelut.fi\/napakalusteoy\/wp-json\/wp\/v2\/pages"}],"about":[{"href":"https:\/\/blogi.eoppimispalvelut.fi\/napakalusteoy\/wp-json\/wp\/v2\/types\/page"}],"author":[{"embeddable":true,"href":"https:\/\/blogi.eoppimispalvelut.fi\/napakalusteoy\/wp-json\/wp\/v2\/users\/8804"}],"replies":[{"embeddable":true,"href":"https:\/\/blogi.eoppimispalvelut.fi\/napakalusteoy\/wp-json\/wp\/v2\/comments?post=70"}],"version-history":[{"count":25,"href":"https:\/\/blogi.eoppimispalvelut.fi\/napakalusteoy\/wp-json\/wp\/v2\/pages\/70\/revisions"}],"predecessor-version":[{"id":273,"href":"https:\/\/blogi.eoppimispalvelut.fi\/napakalusteoy\/wp-json\/wp\/v2\/pages\/70\/revisions\/273"}],"wp:attachment":[{"href":"https:\/\/blogi.eoppimispalvelut.fi\/napakalusteoy\/wp-json\/wp\/v2\/media?parent=70"}],"curies":[{"name":"wp","href":"https:\/\/api.w.org\/{rel}","templated":true}]}}