{"id":2,"date":"2022-06-20T15:59:49","date_gmt":"2022-06-20T12:59:49","guid":{"rendered":"https:\/\/blogi.eoppimispalvelut.fi\/napatukku\/?page_id=2"},"modified":"2026-02-08T20:52:01","modified_gmt":"2026-02-08T18:52:01","slug":"esimerkkisivu","status":"publish","type":"page","link":"https:\/\/blogi.eoppimispalvelut.fi\/napatukku\/","title":{"rendered":"Etusivu \/ Front page"},"content":{"rendered":"<p>[et_pb_section fb_built=&#8221;1&#8243; _builder_version=&#8221;4.17.4&#8243; _module_preset=&#8221;default&#8221; custom_margin=&#8221;||-52px|||&#8221; global_colors_info=&#8221;{}&#8221;][et_pb_row _builder_version=&#8221;4.17.4&#8243; _module_preset=&#8221;default&#8221; global_colors_info=&#8221;{}&#8221;][et_pb_column type=&#8221;4_4&#8243; _builder_version=&#8221;4.17.4&#8243; _module_preset=&#8221;default&#8221; global_colors_info=&#8221;{}&#8221;][et_pb_image src=&#8221;https:\/\/blogi.eoppimispalvelut.fi\/napatukku\/files\/2018\/01\/cropped-X2_warehouse.jpg&#8221; title_text=&#8221;cropped-X2_warehouse.jpg&#8221; _builder_version=&#8221;4.17.4&#8243; _module_preset=&#8221;default&#8221; global_colors_info=&#8221;{}&#8221;][\/et_pb_image][\/et_pb_column][\/et_pb_row][\/et_pb_section][et_pb_section fb_built=&#8221;1&#8243; _builder_version=&#8221;4.17.4&#8243; _module_preset=&#8221;default&#8221; min_height=&#8221;589.6px&#8221; global_colors_info=&#8221;{}&#8221;][et_pb_row column_structure=&#8221;1_2,1_2&#8243; _builder_version=&#8221;4.17.4&#8243; _module_preset=&#8221;default&#8221; global_colors_info=&#8221;{}&#8221;][et_pb_column type=&#8221;1_2&#8243; _builder_version=&#8221;4.17.4&#8243; _module_preset=&#8221;default&#8221; global_colors_info=&#8221;{}&#8221;][et_pb_text _builder_version=&#8221;4.17.4&#8243; _module_preset=&#8221;default&#8221; text_font=&#8221;||||||||&#8221; global_colors_info=&#8221;{}&#8221;]<\/p>\n<h3>NapaTukku<\/h3>\n<p>NapaTukku on Napalaaksossa sijaitseva tukkuliike, joka tarjoaa tuotteita yritysasiakkaidensa tarpeisiin. Meilt\u00e4 l\u00f6yd\u00e4t kaiken tarvitsemasi huonekasveista j\u00e4\u00e4kaappeihin.<\/p>\n<p>NapaTukussa on kahdeksan toimialakohtaista verkkokauppa:<\/p>\n<ul>\n<li>Napamainos &#8211; Printti- ja painotuotteet sek\u00e4 liikelahjat<\/li>\n<li>Napasecurity &#8211; Turvalaitteet<\/li>\n<li>Napasport &#8211; Liikunta ja hyvinvointi<\/li>\n<li>Napatarvike &#8211; Kalusteet, sisustus, remontointi ja toimistotarvikkeet<\/li>\n<li>Napasiisteys &#8211; Puhtaanapito<\/li>\n<li>Napa-IT &#8211; Tietokoneet ja elektroniikka<\/li>\n<li>Napatekstiili &#8211; vaatteet, tekstiilit, tekstiilipaino ja brodeeraus<\/li>\n<\/ul>\n<p>Voit hakeutua NapaTukun asiakkaaksi vain oman toimialan verkkokauppaan t\u00e4ytt\u00e4m\u00e4ll\u00e4 sielt\u00e4 l\u00f6ytyv\u00e4n s\u00e4hk\u00f6isen hakulomakkeen.<\/p>\n<p>&nbsp;<\/p>\n<p>[\/et_pb_text][\/et_pb_column][et_pb_column type=&#8221;1_2&#8243; _builder_version=&#8221;4.17.4&#8243; _module_preset=&#8221;default&#8221; global_colors_info=&#8221;{}&#8221;][et_pb_text _builder_version=&#8221;4.17.4&#8243; _module_preset=&#8221;default&#8221; text_font=&#8221;||||||||&#8221; global_colors_info=&#8221;{}&#8221;]<\/p>\n<h3>Arctic Wholesale<\/h3>\n<p>Arctic Wholesale is a branch of NapaTukku. We are based in Arctic Valley and our aim is to offer products to meet the needs of our corporate customers. We offer you everything from plants to sofas.<\/p>\n<p>We offer products in eight different online stores:<\/p>\n<ul>\n<li>NapaAdvertising &#8211; Printing products and business gifts<\/li>\n<li>Napasecurity &#8211; Security devices<\/li>\n<li>Napasport &#8211; Sport and wellness<\/li>\n<li>NapaFurniture&amp;Supplies &#8211; Furnitures, decor, renovation and office supplies<\/li>\n<li>NapaCleaning &#8211; Cleaning<\/li>\n<li>Napa-IT &#8211; Computers and electronics<\/li>\n<li>NapaTextile &#8211; Clothing, textiles, textile printing and embroidery<\/li>\n<\/ul>\n<p>You can apply to become a customer of Arctic Wholesale by filling out the application form for the online store that suits your needs the best. You can apply to become a customer only in one online store<\/p>\n<p>[\/et_pb_text][\/et_pb_column][\/et_pb_row][\/et_pb_section][et_pb_section fb_built=&#8221;1&#8243; _builder_version=&#8221;4.17.4&#8243; _module_preset=&#8221;default&#8221; min_height=&#8221;573.2px&#8221; custom_margin=&#8221;-53px|||||&#8221; global_colors_info=&#8221;{}&#8221;][et_pb_row column_structure=&#8221;1_2,1_2&#8243; _builder_version=&#8221;4.17.4&#8243; _module_preset=&#8221;default&#8221; global_colors_info=&#8221;{}&#8221;][et_pb_column type=&#8221;1_2&#8243; _builder_version=&#8221;4.17.4&#8243; _module_preset=&#8221;default&#8221; global_colors_info=&#8221;{}&#8221;][et_pb_text _builder_version=&#8221;4.27.4&#8243; _module_preset=&#8221;default&#8221; global_colors_info=&#8221;{}&#8221;]<\/p>\n<h5><strong>Puuttuuko tukusta jokin tuote?<\/strong><\/h5>\n<p>Voit toivoa lis\u00e4\u00e4 tuotteita NapaTukkuun l\u00e4hett\u00e4m\u00e4ll\u00e4 liitteen\u00e4 olevan excel lomakkeen s\u00e4hk\u00f6postitse osoitteeseen napatukku(at)napalaakso.fi.<\/p>\n<p>Selvit\u00e4 tuotteesta n\u00e4m\u00e4 tiedot lomakkeen t\u00e4ytt\u00e4mist\u00e4 varten:<\/p>\n<ul>\n<li>Nimi\/nimike<\/li>\n<li>Koko<\/li>\n<li>Muut ominaisuudet<\/li>\n<li>L\u00f6yt\u00e4m\u00e4si kuluttajahinta (alv 0%)<\/li>\n<\/ul>\n<p><a href=\"https:\/\/blogi.eoppimispalvelut.fi\/napatukku\/files\/2022\/11\/napatukun-toivelista.xlsx\" rel=\"attachment wp-att-485\">AVAA LOMAKE T\u00c4ST\u00c4<\/a><\/p>\n<p>&nbsp;<\/p>\n<p>[\/et_pb_text][\/et_pb_column][et_pb_column type=&#8221;1_2&#8243; _builder_version=&#8221;4.17.4&#8243; _module_preset=&#8221;default&#8221; global_colors_info=&#8221;{}&#8221;][et_pb_text _builder_version=&#8221;4.27.4&#8243; _module_preset=&#8221;default&#8221; global_colors_info=&#8221;{}&#8221;]<\/p>\n<h5><strong>Is something missing from the Wholesale?<\/strong><\/h5>\n<p>You can requist products to be added to the Arctic Wholesale by sending an excecl application via email to napatukku(at)napalaakso.fi.<\/p>\n<p>Find out this information about the product for the form:<\/p>\n<ul>\n<li>Name<\/li>\n<li>Size<\/li>\n<li>Other features (for example memory size)<\/li>\n<li>Purchase price\u00a0 (vat 0%)<\/li>\n<\/ul>\n<p><a href=\"https:\/\/blogi.eoppimispalvelut.fi\/napatukku\/files\/2022\/11\/Wholesale-Application-for-new-products.xlsx\" rel=\"attachment wp-att-487\">OPEN THE FORM HERE<\/a><\/p>\n<p>[\/et_pb_text][\/et_pb_column][\/et_pb_row][\/et_pb_section][et_pb_section fb_built=&#8221;1&#8243; theme_builder_area=&#8221;post_content&#8221; _builder_version=&#8221;4.27.4&#8243; _module_preset=&#8221;default&#8221;][et_pb_row _builder_version=&#8221;4.27.4&#8243; _module_preset=&#8221;default&#8221; theme_builder_area=&#8221;post_content&#8221; column_structure=&#8221;1_2,1_2&#8243;][et_pb_column _builder_version=&#8221;4.27.4&#8243; _module_preset=&#8221;default&#8221; type=&#8221;1_2&#8243; theme_builder_area=&#8221;post_content&#8221;][et_pb_blurb _builder_version=&#8221;4.27.4&#8243; _module_preset=&#8221;default&#8221; theme_builder_area=&#8221;post_content&#8221; hover_enabled=&#8221;0&#8243; sticky_enabled=&#8221;0&#8243;]<\/p>\n<h1>HUOM! tukkujen hakulomakkeet ovat v\u00e4liaikaisesti pois k\u00e4yt\u00f6st\u00e4.<\/h1>\n<p>L\u00e4hestyth\u00e4n meit\u00e4 s\u00e4hk\u00f6postitse napatukku(at)napalaakso.fi. Kirjoita otsikoksi hakemus (oman alasi) tukkuun ja viestiksi yhteydenottolomakkeessa pyydetyt tiedot:<\/p>\n<p>Yrityksen nimi<br \/>Yrityksen katuosoite, postinumero ja postitoimipaikka<br \/>Y-tunnus<br \/>Hakijan nimi<\/p>\n<p>Kiitos ymm\u00e4rryksest\u00e4.<\/p>\n<p>[\/et_pb_blurb][\/et_pb_column][et_pb_column _builder_version=&#8221;4.27.4&#8243; _module_preset=&#8221;default&#8221; type=&#8221;1_2&#8243; theme_builder_area=&#8221;post_content&#8221;][et_pb_blurb _builder_version=&#8221;4.27.4&#8243; _module_preset=&#8221;default&#8221; theme_builder_area=&#8221;post_content&#8221; hover_enabled=&#8221;0&#8243; sticky_enabled=&#8221;0&#8243;]<\/p>\n<h1 data-start=\"40\" data-end=\"113\">NOTICE! Wholesale application forms are temporarily out of service<strong data-start=\"40\" data-end=\"111\">.<\/strong><\/h1>\n<p data-start=\"120\" data-end=\"332\">Please contact us by email at napatukku(at)napalaakso.fi. Use \u201cApplication to the\u00a0(your industry) wholesale \u201d as the subject line and include the information requested in the contact form in the message:<\/p>\n<p data-start=\"341\" data-end=\"355\">Company name<br \/>Company street address, postal code, and city<br \/>Business ID<br \/>Applicant\u2019s name<\/p>\n<p>Thank you for understanding<\/p>\n<p>[\/et_pb_blurb][\/et_pb_column][\/et_pb_row][\/et_pb_section][et_pb_section fb_built=&#8221;1&#8243; _builder_version=&#8221;4.17.4&#8243; _module_preset=&#8221;default&#8221; min_height=&#8221;1023px&#8221; custom_padding=&#8221;36px|||||&#8221; global_colors_info=&#8221;{}&#8221;][et_pb_row column_structure=&#8221;1_4,1_4,1_4,1_4&#8243; _builder_version=&#8221;4.17.4&#8243; _module_preset=&#8221;default&#8221; global_colors_info=&#8221;{}&#8221;][et_pb_column type=&#8221;1_4&#8243; _builder_version=&#8221;4.17.4&#8243; _module_preset=&#8221;default&#8221; global_colors_info=&#8221;{}&#8221;][et_pb_image src=&#8221;https:\/\/blogi.eoppimispalvelut.fi\/napatukku\/files\/2018\/01\/vadim-sherbakov-277610.jpg&#8221; title_text=&#8221;vadim-sherbakov-277610&#8243; url=&#8221;https:\/\/blogi.eoppimispalvelut.fi\/napatukku\/2018\/01\/25\/napamainos\/&#8221; _builder_version=&#8221;4.17.4&#8243; _module_preset=&#8221;default&#8221; global_colors_info=&#8221;{}&#8221;][\/et_pb_image][et_pb_text _builder_version=&#8221;4.17.4&#8243; _module_preset=&#8221;default&#8221; global_colors_info=&#8221;{}&#8221;]<\/p>\n<h5>Napamainos \/ NapaAdvertising<\/h5>\n<p style=\"text-align: left\">Klikkaa kuvasta ja hakeudu verkkokauppamme asiakkaaksi.<\/p>\n<p style=\"text-align: left\">Press the picture to apply to become our customer.<\/p>\n<p>&nbsp;<\/p>\n<p>[\/et_pb_text][\/et_pb_column][et_pb_column type=&#8221;1_4&#8243; _builder_version=&#8221;4.17.4&#8243; _module_preset=&#8221;default&#8221; global_colors_info=&#8221;{}&#8221;][et_pb_image src=&#8221;https:\/\/blogi.eoppimispalvelut.fi\/napatukku\/files\/2018\/01\/igor-ovsyannykov-254187.jpg&#8221; title_text=&#8221;igor-ovsyannykov-254187&#8243; url=&#8221;https:\/\/blogi.eoppimispalvelut.fi\/napatukku\/2018\/01\/25\/tapatekstiili\/&#8221; _builder_version=&#8221;4.17.4&#8243; _module_preset=&#8221;default&#8221; global_colors_info=&#8221;{}&#8221;][\/et_pb_image][et_pb_text _builder_version=&#8221;4.17.4&#8243; _module_preset=&#8221;default&#8221; global_colors_info=&#8221;{}&#8221;]<\/p>\n<h5>Napatekstiili \/Napatextile<\/h5>\n<p style=\"text-align: left\">Klikkaa kuvasta ja hakeudu verkkokauppamme asiakkaaksi.<\/p>\n<p style=\"text-align: left\">Press the picture to apply to become our customer.<\/p>\n<p>[\/et_pb_text][\/et_pb_column][et_pb_column type=&#8221;1_4&#8243; _builder_version=&#8221;4.17.4&#8243; _module_preset=&#8221;default&#8221; global_colors_info=&#8221;{}&#8221;][et_pb_image src=&#8221;https:\/\/blogi.eoppimispalvelut.fi\/napatukku\/files\/2018\/04\/wu-yi-152051-unsplash.jpg&#8221; title_text=&#8221;wu-yi-152051-unsplash&#8221; url=&#8221;https:\/\/blogi.eoppimispalvelut.fi\/napatukku\/2018\/04\/17\/napaelektroniikka\/&#8221; _builder_version=&#8221;4.17.4&#8243; _module_preset=&#8221;default&#8221; global_colors_info=&#8221;{}&#8221;][\/et_pb_image][et_pb_text _builder_version=&#8221;4.17.4&#8243; _module_preset=&#8221;default&#8221; global_colors_info=&#8221;{}&#8221;]<\/p>\n<h5>Napa-IT \/ NapaElectronics<\/h5>\n<p style=\"text-align: left\">Klikkaa kuvasta ja hakeudu verkkokauppamme asiakkaaksi.<\/p>\n<p style=\"text-align: left\">Press the picture to apply to become our customer.<\/p>\n<p>[\/et_pb_text][\/et_pb_column][et_pb_column type=&#8221;1_4&#8243; _builder_version=&#8221;4.17.4&#8243; _module_preset=&#8221;default&#8221; global_colors_info=&#8221;{}&#8221;][et_pb_image src=&#8221;https:\/\/blogi.eoppimispalvelut.fi\/napatukku\/files\/2018\/04\/nathan-dumlao-587039-unsplash.jpg&#8221; title_text=&#8221;nathan-dumlao-587039-unsplash&#8221; url=&#8221;https:\/\/blogi.eoppimispalvelut.fi\/napatukku\/2018\/04\/17\/napasiisteys\/&#8221; _builder_version=&#8221;4.17.4&#8243; _module_preset=&#8221;default&#8221; global_colors_info=&#8221;{}&#8221;][\/et_pb_image][et_pb_text _builder_version=&#8221;4.17.4&#8243; _module_preset=&#8221;default&#8221; global_colors_info=&#8221;{}&#8221;]<\/p>\n<h5>Napasiisteys \/ NapaCleaning<\/h5>\n<p style=\"text-align: left\">Klikkaa kuvasta ja hakeudu verkkokauppamme asiakkaaksi.<\/p>\n<p style=\"text-align: left\">Press the picture to apply to become our customer.<\/p>\n<p>[\/et_pb_text][\/et_pb_column][\/et_pb_row][et_pb_row column_structure=&#8221;1_3,1_3,1_3&#8243; _builder_version=&#8221;4.17.4&#8243; _module_preset=&#8221;default&#8221; global_colors_info=&#8221;{}&#8221;][et_pb_column type=&#8221;1_3&#8243; _builder_version=&#8221;4.17.4&#8243; _module_preset=&#8221;default&#8221; global_colors_info=&#8221;{}&#8221;][et_pb_image src=&#8221;https:\/\/blogi.eoppimispalvelut.fi\/napatukku\/files\/2018\/04\/sophia-baboolal-86214-unsplash.jpg&#8221; title_text=&#8221;sophia-baboolal-86214-unsplash&#8221; url=&#8221;https:\/\/blogi.eoppimispalvelut.fi\/napatukku\/2018\/04\/17\/napatarvike\/&#8221; _builder_version=&#8221;4.17.4&#8243; _module_preset=&#8221;default&#8221; global_colors_info=&#8221;{}&#8221;][\/et_pb_image][et_pb_text _builder_version=&#8221;4.17.4&#8243; _module_preset=&#8221;default&#8221; global_colors_info=&#8221;{}&#8221;]<\/p>\n<h5>Napatarvike \/ NapaSupplies<\/h5>\n<p style=\"text-align: left\">Klikkaa kuvasta ja hakeudu verkkokauppamme asiakkaaksi.<\/p>\n<p style=\"text-align: left\">Press the picture to apply to become our customer.<\/p>\n<p>[\/et_pb_text][\/et_pb_column][et_pb_column type=&#8221;1_3&#8243; _builder_version=&#8221;4.17.4&#8243; _module_preset=&#8221;default&#8221; global_colors_info=&#8221;{}&#8221;][et_pb_image src=&#8221;https:\/\/blogi.eoppimispalvelut.fi\/napatukku\/files\/2018\/04\/austris-augusts-140145-unsplash.jpg&#8221; title_text=&#8221;austris-augusts-140145-unsplash&#8221; url=&#8221;https:\/\/blogi.eoppimispalvelut.fi\/napatukku\/2018\/04\/17\/napasport\/&#8221; _builder_version=&#8221;4.17.4&#8243; _module_preset=&#8221;default&#8221; global_colors_info=&#8221;{}&#8221;][\/et_pb_image][et_pb_text _builder_version=&#8221;4.17.4&#8243; _module_preset=&#8221;default&#8221; global_colors_info=&#8221;{}&#8221;]<\/p>\n<h5>NapaSport<\/h5>\n<p style=\"text-align: left\">Klikkaa kuvasta ja hakeudu verkkokauppamme asiakkaaksi.<\/p>\n<p style=\"text-align: left\">Press the picture to apply to become our customer.<\/p>\n<p>[\/et_pb_text][\/et_pb_column][et_pb_column type=&#8221;1_3&#8243; _builder_version=&#8221;4.17.4&#8243; _module_preset=&#8221;default&#8221; global_colors_info=&#8221;{}&#8221;][et_pb_image src=&#8221;https:\/\/blogi.eoppimispalvelut.fi\/napatukku\/files\/2018\/04\/rob-sarmiento-85394-unsplash.jpg&#8221; title_text=&#8221;rob-sarmiento-85394-unsplash&#8221; url=&#8221;https:\/\/blogi.eoppimispalvelut.fi\/napatukku\/2018\/04\/17\/napasecurity\/&#8221; _builder_version=&#8221;4.17.4&#8243; _module_preset=&#8221;default&#8221; global_colors_info=&#8221;{}&#8221;][\/et_pb_image][et_pb_text _builder_version=&#8221;4.17.4&#8243; _module_preset=&#8221;default&#8221; global_colors_info=&#8221;{}&#8221;]<\/p>\n<h5>NapaSecurity<\/h5>\n<p style=\"text-align: left\">Klikkaa kuvasta ja hakeudu verkkokauppamme asiakkaaksi.<\/p>\n<p style=\"text-align: left\">Press the picture to apply to become our customer.<\/p>\n<p>[\/et_pb_text][\/et_pb_column][\/et_pb_row][\/et_pb_section][et_pb_section fb_built=&#8221;1&#8243; _builder_version=&#8221;4.17.4&#8243; _module_preset=&#8221;default&#8221; global_colors_info=&#8221;{}&#8221;][et_pb_row _builder_version=&#8221;4.17.4&#8243; _module_preset=&#8221;default&#8221; global_colors_info=&#8221;{}&#8221;][et_pb_column type=&#8221;4_4&#8243; _builder_version=&#8221;4.17.4&#8243; _module_preset=&#8221;default&#8221; global_colors_info=&#8221;{}&#8221;][et_pb_text _builder_version=&#8221;4.17.4&#8243; _module_preset=&#8221;default&#8221; global_colors_info=&#8221;{}&#8221;]<\/p>\n<p>Napatukku on osa Lapin ammattikorkeakoulun Napalaakso oppimisymp\u00e4rist\u00f6\u00e4.\u00a0<\/p>\n<p>[\/et_pb_text][\/et_pb_column][\/et_pb_row][\/et_pb_section]<\/p>\n","protected":false},"excerpt":{"rendered":"<p>NapaTukku NapaTukku on Napalaaksossa sijaitseva tukkuliike, joka tarjoaa tuotteita yritysasiakkaidensa tarpeisiin. Meilt\u00e4 l\u00f6yd\u00e4t kaiken tarvitsemasi huonekasveista j\u00e4\u00e4kaappeihin. NapaTukussa on kahdeksan toimialakohtaista verkkokauppa: Napamainos &#8211; Printti- ja painotuotteet sek\u00e4 liikelahjat Napasecurity &#8211; Turvalaitteet Napasport &#8211; Liikunta ja hyvinvointi Napatarvike &#8211; Kalusteet, sisustus, remontointi ja toimistotarvikkeet Napasiisteys &#8211; Puhtaanapito Napa-IT &#8211; Tietokoneet ja elektroniikka Napatekstiili &#8211; vaatteet, [&hellip;]<\/p>\n","protected":false},"author":31,"featured_media":0,"parent":0,"menu_order":0,"comment_status":"closed","ping_status":"open","template":"","meta":{"_et_pb_use_builder":"on","_et_pb_old_content":"","_et_gb_content_width":"","footnotes":""},"class_list":["post-2","page","type-page","status-publish","hentry"],"_links":{"self":[{"href":"https:\/\/blogi.eoppimispalvelut.fi\/napatukku\/wp-json\/wp\/v2\/pages\/2","targetHints":{"allow":["GET"]}}],"collection":[{"href":"https:\/\/blogi.eoppimispalvelut.fi\/napatukku\/wp-json\/wp\/v2\/pages"}],"about":[{"href":"https:\/\/blogi.eoppimispalvelut.fi\/napatukku\/wp-json\/wp\/v2\/types\/page"}],"author":[{"embeddable":true,"href":"https:\/\/blogi.eoppimispalvelut.fi\/napatukku\/wp-json\/wp\/v2\/users\/31"}],"replies":[{"embeddable":true,"href":"https:\/\/blogi.eoppimispalvelut.fi\/napatukku\/wp-json\/wp\/v2\/comments?post=2"}],"version-history":[{"count":29,"href":"https:\/\/blogi.eoppimispalvelut.fi\/napatukku\/wp-json\/wp\/v2\/pages\/2\/revisions"}],"predecessor-version":[{"id":580,"href":"https:\/\/blogi.eoppimispalvelut.fi\/napatukku\/wp-json\/wp\/v2\/pages\/2\/revisions\/580"}],"wp:attachment":[{"href":"https:\/\/blogi.eoppimispalvelut.fi\/napatukku\/wp-json\/wp\/v2\/media?parent=2"}],"curies":[{"name":"wp","href":"https:\/\/api.w.org\/{rel}","templated":true}]}}