{"id":393,"date":"2022-06-16T16:14:19","date_gmt":"2022-06-16T13:14:19","guid":{"rendered":"https:\/\/blogi.eoppimispalvelut.fi\/napatukku\/?page_id=393"},"modified":"2026-01-28T16:05:26","modified_gmt":"2026-01-28T14:05:26","slug":"verkkokaupat-online-stores","status":"publish","type":"page","link":"https:\/\/blogi.eoppimispalvelut.fi\/napatukku\/verkkokaupat-online-stores\/","title":{"rendered":"Verkkokaupat \/ Online stores"},"content":{"rendered":"<p>[et_pb_section fb_built=&#8221;1&#8243; _builder_version=&#8221;4.17.4&#8243; _module_preset=&#8221;default&#8221; global_colors_info=&#8221;{}&#8221;][et_pb_row _builder_version=&#8221;4.17.4&#8243; _module_preset=&#8221;default&#8221; global_colors_info=&#8221;{}&#8221;][et_pb_column type=&#8221;4_4&#8243; _builder_version=&#8221;4.17.4&#8243; _module_preset=&#8221;default&#8221; global_colors_info=&#8221;{}&#8221;][et_pb_text _builder_version=&#8221;4.17.4&#8243; _module_preset=&#8221;default&#8221; global_colors_info=&#8221;{}&#8221;]<\/p>\n<h1>Verkkokauppamme \/ Our online stores<\/h1>\n<p>[\/et_pb_text][\/et_pb_column][\/et_pb_row][\/et_pb_section][et_pb_section fb_built=&#8221;1&#8243; _builder_version=&#8221;4.17.4&#8243; _module_preset=&#8221;default&#8221; global_colors_info=&#8221;{}&#8221;][et_pb_row column_structure=&#8221;1_4,1_4,1_4,1_4&#8243; _builder_version=&#8221;4.17.4&#8243; _module_preset=&#8221;default&#8221; global_colors_info=&#8221;{}&#8221;][et_pb_column type=&#8221;1_4&#8243; _builder_version=&#8221;4.17.4&#8243; _module_preset=&#8221;default&#8221; global_colors_info=&#8221;{}&#8221;][et_pb_image src=&#8221;https:\/\/blogi.eoppimispalvelut.fi\/napatukku\/files\/2018\/01\/vadim-sherbakov-277610.jpg&#8221; title_text=&#8221;vadim-sherbakov-277610&#8243; url=&#8221;https:\/\/blogi.eoppimispalvelut.fi\/napamainos\/%20&#8243; _builder_version=&#8221;4.17.4&#8243; _module_preset=&#8221;default&#8221; global_colors_info=&#8221;{}&#8221;][\/et_pb_image][et_pb_text _builder_version=&#8221;4.17.4&#8243; _module_preset=&#8221;default&#8221; global_colors_info=&#8221;{}&#8221;]<\/p>\n<h5>Napamainos \/ NapaAdversiting<\/h5>\n<p style=\"text-align: left\">Klikkaa kuvasta p\u00e4\u00e4st\u00e4ksesi verkkokaupaan.<\/p>\n<p style=\"text-align: left\">Press the picture to gain access to the online store.<\/p>\n<p>&nbsp;<\/p>\n<p>[\/et_pb_text][\/et_pb_column][et_pb_column type=&#8221;1_4&#8243; _builder_version=&#8221;4.17.4&#8243; _module_preset=&#8221;default&#8221; global_colors_info=&#8221;{}&#8221;][et_pb_image src=&#8221;https:\/\/blogi.eoppimispalvelut.fi\/napatukku\/files\/2018\/01\/igor-ovsyannykov-254187.jpg&#8221; title_text=&#8221;igor-ovsyannykov-254187&#8243; url=&#8221;https:\/\/blogi.eoppimispalvelut.fi\/napatekstiili\/%20&#8243; _builder_version=&#8221;4.17.4&#8243; _module_preset=&#8221;default&#8221; global_colors_info=&#8221;{}&#8221;][\/et_pb_image][et_pb_text _builder_version=&#8221;4.17.4&#8243; _module_preset=&#8221;default&#8221; global_colors_info=&#8221;{}&#8221;]<\/p>\n<h5>Napatekstiili \/Napatextile<\/h5>\n<p style=\"text-align: left\">Klikkaa kuvasta p\u00e4\u00e4st\u00e4ksesi verkkokaupaan.<\/p>\n<p style=\"text-align: left\">Press the picture to gain access to the online store.<\/p>\n<p>[\/et_pb_text][\/et_pb_column][et_pb_column type=&#8221;1_4&#8243; _builder_version=&#8221;4.17.4&#8243; _module_preset=&#8221;default&#8221; global_colors_info=&#8221;{}&#8221;][et_pb_image src=&#8221;https:\/\/blogi.eoppimispalvelut.fi\/napatukku\/files\/2018\/04\/wu-yi-152051-unsplash.jpg&#8221; title_text=&#8221;wu-yi-152051-unsplash&#8221; url=&#8221;https:\/\/blogi.eoppimispalvelut.fi\/napait\/%20&#8243; _builder_version=&#8221;4.17.4&#8243; _module_preset=&#8221;default&#8221; global_colors_info=&#8221;{}&#8221;][\/et_pb_image][et_pb_text _builder_version=&#8221;4.17.4&#8243; _module_preset=&#8221;default&#8221; global_colors_info=&#8221;{}&#8221;]<\/p>\n<h5>Napa-IT \/ NapaElectronics<\/h5>\n<p style=\"text-align: left\">Klikkaa kuvasta p\u00e4\u00e4st\u00e4ksesi verkkokaupaan.<\/p>\n<p style=\"text-align: left\">Press the picture to gain access to the online store.<\/p>\n<p>[\/et_pb_text][\/et_pb_column][et_pb_column type=&#8221;1_4&#8243; _builder_version=&#8221;4.17.4&#8243; _module_preset=&#8221;default&#8221; global_colors_info=&#8221;{}&#8221;][et_pb_image src=&#8221;https:\/\/blogi.eoppimispalvelut.fi\/napatukku\/files\/2018\/04\/nathan-dumlao-587039-unsplash.jpg&#8221; title_text=&#8221;nathan-dumlao-587039-unsplash&#8221; url=&#8221;https:\/\/blogi.eoppimispalvelut.fi\/napasiisteys\/&#8221; _builder_version=&#8221;4.17.4&#8243; _module_preset=&#8221;default&#8221; global_colors_info=&#8221;{}&#8221;][\/et_pb_image][et_pb_text _builder_version=&#8221;4.17.4&#8243; _module_preset=&#8221;default&#8221; global_colors_info=&#8221;{}&#8221;]<\/p>\n<h5>Napasiisteys \/ NapaCleaning<\/h5>\n<p style=\"text-align: left\">Klikkaa kuvasta p\u00e4\u00e4st\u00e4ksesi verkkokaupaan.<\/p>\n<p style=\"text-align: left\">Press the picture to gain access to the online store.<\/p>\n<p>[\/et_pb_text][\/et_pb_column][\/et_pb_row][et_pb_row column_structure=&#8221;1_3,1_3,1_3&#8243; _builder_version=&#8221;4.17.4&#8243; _module_preset=&#8221;default&#8221; global_colors_info=&#8221;{}&#8221;][et_pb_column type=&#8221;1_3&#8243; _builder_version=&#8221;4.17.4&#8243; _module_preset=&#8221;default&#8221; global_colors_info=&#8221;{}&#8221;][et_pb_image src=&#8221;https:\/\/blogi.eoppimispalvelut.fi\/napatukku\/files\/2018\/04\/sophia-baboolal-86214-unsplash.jpg&#8221; title_text=&#8221;sophia-baboolal-86214-unsplash&#8221; url=&#8221;https:\/\/blogi.eoppimispalvelut.fi\/napatarvike\/&#8221; _builder_version=&#8221;4.17.4&#8243; _module_preset=&#8221;default&#8221; global_colors_info=&#8221;{}&#8221;][\/et_pb_image][et_pb_text _builder_version=&#8221;4.17.4&#8243; _module_preset=&#8221;default&#8221; global_colors_info=&#8221;{}&#8221;]<\/p>\n<h5>Napatarvike \/ NapaFurniture&amp;Supplies<\/h5>\n<p style=\"text-align: left\">Klikkaa kuvasta p\u00e4\u00e4st\u00e4ksesi verkkokaupaan.<\/p>\n<p style=\"text-align: left\">Press the picture to gain access to the online store.<\/p>\n<p>[\/et_pb_text][\/et_pb_column][et_pb_column type=&#8221;1_3&#8243; _builder_version=&#8221;4.17.4&#8243; _module_preset=&#8221;default&#8221; global_colors_info=&#8221;{}&#8221;][et_pb_image src=&#8221;https:\/\/blogi.eoppimispalvelut.fi\/napatukku\/files\/2018\/04\/austris-augusts-140145-unsplash.jpg&#8221; title_text=&#8221;austris-augusts-140145-unsplash&#8221; url=&#8221;https:\/\/blogi.eoppimispalvelut.fi\/napasport&#8221; _builder_version=&#8221;4.17.4&#8243; _module_preset=&#8221;default&#8221; global_colors_info=&#8221;{}&#8221;][\/et_pb_image][et_pb_text _builder_version=&#8221;4.17.4&#8243; _module_preset=&#8221;default&#8221; global_colors_info=&#8221;{}&#8221;]<\/p>\n<h5>NapaSport<\/h5>\n<p style=\"text-align: left\">Klikkaa kuvasta p\u00e4\u00e4st\u00e4ksesi verkkokaupaan.<\/p>\n<p style=\"text-align: left\">Press the picture to gain access to the online store.<\/p>\n<p>[\/et_pb_text][\/et_pb_column][et_pb_column type=&#8221;1_3&#8243; _builder_version=&#8221;4.17.4&#8243; _module_preset=&#8221;default&#8221; global_colors_info=&#8221;{}&#8221;][et_pb_image src=&#8221;https:\/\/blogi.eoppimispalvelut.fi\/napatukku\/files\/2018\/04\/rob-sarmiento-85394-unsplash.jpg&#8221; title_text=&#8221;rob-sarmiento-85394-unsplash&#8221; url=&#8221;https:\/\/blogi.eoppimispalvelut.fi\/napasecurity&#8221; _builder_version=&#8221;4.17.4&#8243; _module_preset=&#8221;default&#8221; global_colors_info=&#8221;{}&#8221;][\/et_pb_image][et_pb_text _builder_version=&#8221;4.17.4&#8243; _module_preset=&#8221;default&#8221; global_colors_info=&#8221;{}&#8221;]<\/p>\n<h5>NapaSecurity<\/h5>\n<p style=\"text-align: left\">Klikkaa kuvasta p\u00e4\u00e4st\u00e4ksesi verkkokaupaan.<\/p>\n<p style=\"text-align: left\">Press the picture to gain access to the online store.<\/p>\n<p>[\/et_pb_text][\/et_pb_column][\/et_pb_row][\/et_pb_section][et_pb_section fb_built=&#8221;1&#8243; _builder_version=&#8221;4.17.4&#8243; _module_preset=&#8221;default&#8221; global_colors_info=&#8221;{}&#8221;][et_pb_row _builder_version=&#8221;4.17.4&#8243; _module_preset=&#8221;default&#8221; global_colors_info=&#8221;{}&#8221;][et_pb_column type=&#8221;4_4&#8243; _builder_version=&#8221;4.17.4&#8243; _module_preset=&#8221;default&#8221; global_colors_info=&#8221;{}&#8221;][et_pb_text _builder_version=&#8221;4.17.4&#8243; _module_preset=&#8221;default&#8221; global_colors_info=&#8221;{}&#8221;]<\/p>\n<p>Napatukku on osa Lapin ammattikorkeakoulun Napalaakso oppimisymp\u00e4rist\u00f6\u00e4.\u00a0<\/p>\n<p>[\/et_pb_text][\/et_pb_column][\/et_pb_row][\/et_pb_section]<\/p>\n","protected":false},"excerpt":{"rendered":"<p>Verkkokauppamme \/ Our online storesNapamainos \/ NapaAdversiting Klikkaa kuvasta p\u00e4\u00e4st\u00e4ksesi verkkokaupaan. Press the picture to gain access to the online store. &nbsp;Napatekstiili \/Napatextile Klikkaa kuvasta p\u00e4\u00e4st\u00e4ksesi verkkokaupaan. Press the picture to gain access to the online store.Napa-IT \/ NapaElectronics Klikkaa kuvasta p\u00e4\u00e4st\u00e4ksesi verkkokaupaan. Press the picture to gain access to the online store.Napasiisteys \/ NapaCleaning [&hellip;]<\/p>\n","protected":false},"author":2848,"featured_media":0,"parent":0,"menu_order":0,"comment_status":"closed","ping_status":"closed","template":"","meta":{"_et_pb_use_builder":"on","_et_pb_old_content":"","_et_gb_content_width":"","footnotes":""},"class_list":["post-393","page","type-page","status-publish","hentry"],"_links":{"self":[{"href":"https:\/\/blogi.eoppimispalvelut.fi\/napatukku\/wp-json\/wp\/v2\/pages\/393","targetHints":{"allow":["GET"]}}],"collection":[{"href":"https:\/\/blogi.eoppimispalvelut.fi\/napatukku\/wp-json\/wp\/v2\/pages"}],"about":[{"href":"https:\/\/blogi.eoppimispalvelut.fi\/napatukku\/wp-json\/wp\/v2\/types\/page"}],"author":[{"embeddable":true,"href":"https:\/\/blogi.eoppimispalvelut.fi\/napatukku\/wp-json\/wp\/v2\/users\/2848"}],"replies":[{"embeddable":true,"href":"https:\/\/blogi.eoppimispalvelut.fi\/napatukku\/wp-json\/wp\/v2\/comments?post=393"}],"version-history":[{"count":4,"href":"https:\/\/blogi.eoppimispalvelut.fi\/napatukku\/wp-json\/wp\/v2\/pages\/393\/revisions"}],"predecessor-version":[{"id":574,"href":"https:\/\/blogi.eoppimispalvelut.fi\/napatukku\/wp-json\/wp\/v2\/pages\/393\/revisions\/574"}],"wp:attachment":[{"href":"https:\/\/blogi.eoppimispalvelut.fi\/napatukku\/wp-json\/wp\/v2\/media?parent=393"}],"curies":[{"name":"wp","href":"https:\/\/api.w.org\/{rel}","templated":true}]}}