{"id":163,"date":"2020-11-24T14:37:43","date_gmt":"2020-11-24T12:37:43","guid":{"rendered":"https:\/\/blogi.eoppimispalvelut.fi\/napaturva1\/?page_id=163"},"modified":"2021-02-16T11:14:52","modified_gmt":"2021-02-16T09:14:52","slug":"etusivu","status":"publish","type":"page","link":"https:\/\/blogi.eoppimispalvelut.fi\/napaturva1\/","title":{"rendered":"Etusivu\/Front page"},"content":{"rendered":"<p style=\"text-align: left\">Yrityksemme Napaturva Opy tarjoaa monipuolisia ja laadukkaita turvallisuuspalveluja ja -tuotteita yritysasiakkaille. L\u00f6yd\u00e4t palveluistamme valmiit pakettiratkaisut tai juuri tarpeisiisi r\u00e4\u00e4t\u00e4l\u00f6idyt palvelut.<\/p>\n<p>Voit olla yhteydess\u00e4 meihin <a href=\"https:\/\/blogi.eoppimispalvelut.fi\/napaturva1\/yhteydenottolomake\/\">yhteydenottolomakkeen<\/a> kautta tai vaihtoehtoisesti s\u00e4hk\u00f6postitse. S\u00e4hk\u00f6postiosoitteemme l\u00f6ytyy <a href=\"https:\/\/blogi.eoppimispalvelut.fi\/napaturva1\/yhteystiedot\/\">yhteystiedot<\/a> sivulta.<\/p>\n<p><em>Our company Napaturva Opy offers diverse and high-quality security services and products corporate customers. You will find ready-made package solutions or services tailore<span style=\"font-size: 1rem\">d to your needs.\u00a0<\/span><\/em><\/p>\n<p><em><span style=\"font-size: 1rem\">You can contact us via the contact form<\/span><span style=\"font-size: 1rem\">\u00a0or alternatively by email. Our email address can be found on the contact page.<\/span><\/em><\/p>\n","protected":false},"excerpt":{"rendered":"<p>Yrityksemme Napaturva Opy tarjoaa monipuolisia ja laadukkaita turvallisuuspalveluja ja -tuotteita yritysasiakkaille. L\u00f6yd\u00e4t palveluistamme valmiit pakettiratkaisut tai juuri tarpeisiisi r\u00e4\u00e4t\u00e4l\u00f6idyt palvelut. Voit olla yhteydess\u00e4 meihin yhteydenottolomakkeen kautta tai vaihtoehtoisesti s\u00e4hk\u00f6postitse. S\u00e4hk\u00f6postiosoitteemme l\u00f6ytyy yhteystiedot sivulta. Our company Napaturva Opy offers diverse and high-quality security services and products corporate customers. You will find ready-made package solutions or services &hellip; <\/p>\n<p class=\"link-more\"><a href=\"https:\/\/blogi.eoppimispalvelut.fi\/napaturva1\/\" class=\"more-link\">Jatka lukemista<span class=\"screen-reader-text\"> &#8220;Etusivu\/Front page&#8221;<\/span><\/a><\/p>\n","protected":false},"author":4918,"featured_media":0,"parent":0,"menu_order":0,"comment_status":"closed","ping_status":"closed","template":"","meta":{"footnotes":""},"class_list":["post-163","page","type-page","status-publish","hentry"],"_links":{"self":[{"href":"https:\/\/blogi.eoppimispalvelut.fi\/napaturva1\/wp-json\/wp\/v2\/pages\/163","targetHints":{"allow":["GET"]}}],"collection":[{"href":"https:\/\/blogi.eoppimispalvelut.fi\/napaturva1\/wp-json\/wp\/v2\/pages"}],"about":[{"href":"https:\/\/blogi.eoppimispalvelut.fi\/napaturva1\/wp-json\/wp\/v2\/types\/page"}],"author":[{"embeddable":true,"href":"https:\/\/blogi.eoppimispalvelut.fi\/napaturva1\/wp-json\/wp\/v2\/users\/4918"}],"replies":[{"embeddable":true,"href":"https:\/\/blogi.eoppimispalvelut.fi\/napaturva1\/wp-json\/wp\/v2\/comments?post=163"}],"version-history":[{"count":12,"href":"https:\/\/blogi.eoppimispalvelut.fi\/napaturva1\/wp-json\/wp\/v2\/pages\/163\/revisions"}],"predecessor-version":[{"id":240,"href":"https:\/\/blogi.eoppimispalvelut.fi\/napaturva1\/wp-json\/wp\/v2\/pages\/163\/revisions\/240"}],"wp:attachment":[{"href":"https:\/\/blogi.eoppimispalvelut.fi\/napaturva1\/wp-json\/wp\/v2\/media?parent=163"}],"curies":[{"name":"wp","href":"https:\/\/api.w.org\/{rel}","templated":true}]}}