{"id":62,"date":"2020-11-17T15:39:16","date_gmt":"2020-11-17T13:39:16","guid":{"rendered":"https:\/\/blogi.eoppimispalvelut.fi\/napaturva1\/?page_id=62"},"modified":"2021-02-16T11:14:06","modified_gmt":"2021-02-16T09:14:06","slug":"henkilosto","status":"publish","type":"page","link":"https:\/\/blogi.eoppimispalvelut.fi\/napaturva1\/henkilosto\/","title":{"rendered":"Henkil\u00f6st\u00f6\/Staff"},"content":{"rendered":"<p><strong><img loading=\"lazy\" decoding=\"async\" class=\"alignnone wp-image-224 size-thumbnail\" src=\"https:\/\/blogi.eoppimispalvelut.fi\/napaturva1\/files\/2020\/12\/IMG_20201207_164558-110x110.jpg\" alt=\"\" width=\"110\" height=\"110\" srcset=\"https:\/\/blogi.eoppimispalvelut.fi\/napaturva1\/files\/2020\/12\/IMG_20201207_164558-110x110.jpg 110w, https:\/\/blogi.eoppimispalvelut.fi\/napaturva1\/files\/2020\/12\/IMG_20201207_164558-100x100.jpg 100w\" sizes=\"auto, (max-width: 110px) 100vw, 110px\" \/><\/strong><\/p>\n<p>Alfonso\u00a0Ik\u00e4heimo, Toimitusjohtaja<\/p>\n<p>Director Napaturva Opy<\/p>\n<p><strong>Myyntitiimi<\/strong><\/p>\n<p><img loading=\"lazy\" decoding=\"async\" class=\"alignnone wp-image-208 size-thumbnail\" src=\"https:\/\/blogi.eoppimispalvelut.fi\/napaturva1\/files\/2020\/12\/96689293_312036593112827_2349208325326108308_n1-110x110.jpg\" alt=\"\" width=\"110\" height=\"110\" srcset=\"https:\/\/blogi.eoppimispalvelut.fi\/napaturva1\/files\/2020\/12\/96689293_312036593112827_2349208325326108308_n1-110x110.jpg 110w, https:\/\/blogi.eoppimispalvelut.fi\/napaturva1\/files\/2020\/12\/96689293_312036593112827_2349208325326108308_n1-100x100.jpg 100w\" sizes=\"auto, (max-width: 110px) 100vw, 110px\" \/><\/p>\n<p>Nelli-Josefiina Korva, markkinointip\u00e4\u00e4llikk\u00f6<\/p>\n<p><img loading=\"lazy\" decoding=\"async\" class=\"alignnone wp-image-218 size-thumbnail\" src=\"https:\/\/blogi.eoppimispalvelut.fi\/napaturva1\/files\/2020\/12\/129408277_3825224030841868_2900585792889907088_n-110x110.jpg\" alt=\"\" width=\"110\" height=\"110\" srcset=\"https:\/\/blogi.eoppimispalvelut.fi\/napaturva1\/files\/2020\/12\/129408277_3825224030841868_2900585792889907088_n-110x110.jpg 110w, https:\/\/blogi.eoppimispalvelut.fi\/napaturva1\/files\/2020\/12\/129408277_3825224030841868_2900585792889907088_n-100x100.jpg 100w\" sizes=\"auto, (max-width: 110px) 100vw, 110px\" \/><\/p>\n<p>Elina Kauvosaari<\/p>\n<p><img loading=\"lazy\" decoding=\"async\" class=\"alignnone wp-image-210 size-thumbnail\" src=\"https:\/\/blogi.eoppimispalvelut.fi\/napaturva1\/files\/2020\/12\/napaturva-nettisivu-profkuv-v2-110x110.jpg\" alt=\"\" width=\"110\" height=\"110\" srcset=\"https:\/\/blogi.eoppimispalvelut.fi\/napaturva1\/files\/2020\/12\/napaturva-nettisivu-profkuv-v2-110x110.jpg 110w, https:\/\/blogi.eoppimispalvelut.fi\/napaturva1\/files\/2020\/12\/napaturva-nettisivu-profkuv-v2-100x100.jpg 100w\" sizes=\"auto, (max-width: 110px) 100vw, 110px\" \/><\/p>\n<p>Andreas Pihlainen<\/p>\n<p><strong>Ostotiimi<\/strong><\/p>\n<p><img loading=\"lazy\" decoding=\"async\" class=\"alignnone wp-image-200 size-thumbnail\" src=\"https:\/\/blogi.eoppimispalvelut.fi\/napaturva1\/files\/2020\/12\/jenni-110x110.jpg\" alt=\"\" width=\"110\" height=\"110\" srcset=\"https:\/\/blogi.eoppimispalvelut.fi\/napaturva1\/files\/2020\/12\/jenni-110x110.jpg 110w, https:\/\/blogi.eoppimispalvelut.fi\/napaturva1\/files\/2020\/12\/jenni-100x100.jpg 100w\" sizes=\"auto, (max-width: 110px) 100vw, 110px\" \/><\/p>\n<p>Jenni Halonen, hankintap\u00e4\u00e4llikk\u00f6<\/p>\n<p><img loading=\"lazy\" decoding=\"async\" class=\"alignnone wp-image-221 size-thumbnail\" src=\"https:\/\/blogi.eoppimispalvelut.fi\/napaturva1\/files\/2020\/12\/napaturva-110x110.jpg\" alt=\"\" width=\"110\" height=\"110\" srcset=\"https:\/\/blogi.eoppimispalvelut.fi\/napaturva1\/files\/2020\/12\/napaturva-110x110.jpg 110w, https:\/\/blogi.eoppimispalvelut.fi\/napaturva1\/files\/2020\/12\/napaturva-100x100.jpg 100w\" sizes=\"auto, (max-width: 110px) 100vw, 110px\" \/><\/p>\n<p>Janne Virkkula<\/p>\n<p><strong>Taloustiimi<\/strong><\/p>\n<p><img loading=\"lazy\" decoding=\"async\" class=\"alignnone wp-image-216 \" src=\"https:\/\/blogi.eoppimispalvelut.fi\/napaturva1\/files\/2020\/12\/FBAAE5D7-DF56-4B9B-B771-1467A0A1858E-110x110.jpeg\" alt=\"\" width=\"110\" height=\"110\" srcset=\"https:\/\/blogi.eoppimispalvelut.fi\/napaturva1\/files\/2020\/12\/FBAAE5D7-DF56-4B9B-B771-1467A0A1858E-110x110.jpeg 110w, https:\/\/blogi.eoppimispalvelut.fi\/napaturva1\/files\/2020\/12\/FBAAE5D7-DF56-4B9B-B771-1467A0A1858E-100x100.jpeg 100w\" sizes=\"auto, (max-width: 110px) 100vw, 110px\" \/><\/p>\n<p>Essi Selk\u00e4l\u00e4, talousp\u00e4\u00e4llikk\u00f6<\/p>\n<p><img loading=\"lazy\" decoding=\"async\" class=\"alignnone wp-image-212 size-thumbnail\" src=\"https:\/\/blogi.eoppimispalvelut.fi\/napaturva1\/files\/2020\/12\/Aleksi-tyokuva-110x110.jpg\" alt=\"\" width=\"110\" height=\"110\" srcset=\"https:\/\/blogi.eoppimispalvelut.fi\/napaturva1\/files\/2020\/12\/Aleksi-tyokuva-110x110.jpg 110w, https:\/\/blogi.eoppimispalvelut.fi\/napaturva1\/files\/2020\/12\/Aleksi-tyokuva-100x100.jpg 100w\" sizes=\"auto, (max-width: 110px) 100vw, 110px\" \/><\/p>\n<p>Aleksi Mattila<\/p>\n<p><img loading=\"lazy\" decoding=\"async\" class=\"alignnone wp-image-231 size-thumbnail\" src=\"https:\/\/blogi.eoppimispalvelut.fi\/napaturva1\/files\/2021\/01\/Heli-Tyybakinoja-110x110.jpg\" alt=\"\" width=\"110\" height=\"110\" srcset=\"https:\/\/blogi.eoppimispalvelut.fi\/napaturva1\/files\/2021\/01\/Heli-Tyybakinoja-110x110.jpg 110w, https:\/\/blogi.eoppimispalvelut.fi\/napaturva1\/files\/2021\/01\/Heli-Tyybakinoja-100x100.jpg 100w\" sizes=\"auto, (max-width: 110px) 100vw, 110px\" \/><\/p>\n<p>Heli Tyyb\u00e4kinoja<\/p>\n","protected":false},"excerpt":{"rendered":"<p>Alfonso\u00a0Ik\u00e4heimo, Toimitusjohtaja Director Napaturva Opy Myyntitiimi Nelli-Josefiina Korva, markkinointip\u00e4\u00e4llikk\u00f6 Elina Kauvosaari Andreas Pihlainen Ostotiimi Jenni Halonen, hankintap\u00e4\u00e4llikk\u00f6 Janne Virkkula Taloustiimi Essi Selk\u00e4l\u00e4, talousp\u00e4\u00e4llikk\u00f6 Aleksi Mattila Heli Tyyb\u00e4kinoja<\/p>\n","protected":false},"author":4918,"featured_media":0,"parent":0,"menu_order":0,"comment_status":"closed","ping_status":"closed","template":"","meta":{"footnotes":""},"class_list":["post-62","page","type-page","status-publish","hentry"],"_links":{"self":[{"href":"https:\/\/blogi.eoppimispalvelut.fi\/napaturva1\/wp-json\/wp\/v2\/pages\/62","targetHints":{"allow":["GET"]}}],"collection":[{"href":"https:\/\/blogi.eoppimispalvelut.fi\/napaturva1\/wp-json\/wp\/v2\/pages"}],"about":[{"href":"https:\/\/blogi.eoppimispalvelut.fi\/napaturva1\/wp-json\/wp\/v2\/types\/page"}],"author":[{"embeddable":true,"href":"https:\/\/blogi.eoppimispalvelut.fi\/napaturva1\/wp-json\/wp\/v2\/users\/4918"}],"replies":[{"embeddable":true,"href":"https:\/\/blogi.eoppimispalvelut.fi\/napaturva1\/wp-json\/wp\/v2\/comments?post=62"}],"version-history":[{"count":25,"href":"https:\/\/blogi.eoppimispalvelut.fi\/napaturva1\/wp-json\/wp\/v2\/pages\/62\/revisions"}],"predecessor-version":[{"id":239,"href":"https:\/\/blogi.eoppimispalvelut.fi\/napaturva1\/wp-json\/wp\/v2\/pages\/62\/revisions\/239"}],"wp:attachment":[{"href":"https:\/\/blogi.eoppimispalvelut.fi\/napaturva1\/wp-json\/wp\/v2\/media?parent=62"}],"curies":[{"name":"wp","href":"https:\/\/api.w.org\/{rel}","templated":true}]}}