{"id":7,"date":"2020-11-17T13:48:00","date_gmt":"2020-11-17T11:48:00","guid":{"rendered":"https:\/\/blogi.eoppimispalvelut.fi\/napaturva1\/?page_id=7"},"modified":"2021-02-23T11:27:37","modified_gmt":"2021-02-23T09:27:37","slug":"tuotteidenhinnasto","status":"publish","type":"page","link":"https:\/\/blogi.eoppimispalvelut.fi\/napaturva1\/tuotteidenhinnasto\/","title":{"rendered":"Tuotteiden hinnasto\/Product price list"},"content":{"rendered":"<p><em>English below<\/em><\/p>\n<p>Voit hankkia valmiiden tuotepakettien lis\u00e4ksi tuotteita yksitt\u00e4in. Hinnat on Alv 0 %<\/p>\n<p>&nbsp;<\/p>\n<p><strong>ENSIAPU<\/strong><span data-ccp-props=\"{&quot;201341983&quot;:0,&quot;335559739&quot;:160,&quot;335559740&quot;:240}\">\u00a0<\/span><\/p>\n<p><span data-ccp-props=\"{&quot;201341983&quot;:0,&quot;335559739&quot;:160,&quot;335559740&quot;:240}\">\u00a0<\/span><\/p>\n<p><span data-contrast=\"auto\">Ensiapukaa<\/span><span data-contrast=\"auto\">p<\/span><span data-contrast=\"auto\">p<\/span><span data-contrast=\"auto\">i\u00a0<\/span><span data-contrast=\"auto\">1<\/span><span data-contrast=\"auto\">25<\/span><span data-contrast=\"auto\">\u00a0<\/span><span data-contrast=\"auto\">\u20ac<\/span><span data-ccp-props=\"{&quot;201341983&quot;:0,&quot;335559739&quot;:160,&quot;335559740&quot;:240}\">\u00a0<\/span><\/p>\n<p><span data-contrast=\"auto\">Ensiapulaukku <\/span><span data-contrast=\"auto\">6<\/span><span data-contrast=\"auto\">0<\/span><span data-contrast=\"auto\">\u00a0<\/span><span data-contrast=\"auto\">\u20ac<\/span><span data-ccp-props=\"{&quot;201341983&quot;:0,&quot;335559739&quot;:160,&quot;335559740&quot;:240}\">\u00a0<\/span><\/p>\n<p><span data-contrast=\"auto\">En<\/span><span data-contrast=\"auto\">siapupakk<\/span><span data-contrast=\"auto\">i <\/span><span data-contrast=\"auto\">2<\/span><span data-contrast=\"auto\">79<\/span><span data-contrast=\"auto\">\u00a0<\/span><span data-contrast=\"auto\">\u20ac\u00a0<\/span><span data-ccp-props=\"{&quot;201341983&quot;:0,&quot;335559739&quot;:160,&quot;335559740&quot;:240}\">\u00a0<\/span><\/p>\n<p><span data-ccp-props=\"{&quot;201341983&quot;:0,&quot;335559739&quot;:160,&quot;335559740&quot;:240}\">\u00a0<\/span><\/p>\n<p><strong>PALOTURVALLISUUS<\/strong><span data-ccp-props=\"{&quot;201341983&quot;:0,&quot;335559739&quot;:160,&quot;335559740&quot;:240}\">\u00a0<\/span><\/p>\n<p><span data-ccp-props=\"{&quot;201341983&quot;:0,&quot;335559739&quot;:160,&quot;335559740&quot;:240}\">\u00a0<\/span><\/p>\n<p><span data-contrast=\"auto\">Ensisammutin vaahtoava <\/span><span data-contrast=\"auto\">55<\/span><span data-contrast=\"auto\">\u00a0<\/span><span data-contrast=\"auto\">\u20ac<\/span><span data-ccp-props=\"{&quot;201341983&quot;:0,&quot;335559739&quot;:160,&quot;335559740&quot;:240}\">\u00a0<\/span><\/p>\n<p><span data-contrast=\"auto\">Jauhesammutin <\/span><span data-contrast=\"auto\">69<\/span><span data-contrast=\"auto\">\u00a0<\/span><span data-contrast=\"auto\">\u20ac<\/span><span data-ccp-props=\"{&quot;201341983&quot;:0,&quot;335559739&quot;:160,&quot;335559740&quot;:240}\">\u00a0<\/span><\/p>\n<p><span data-contrast=\"auto\">Palosammutin\u00a0<\/span><span data-contrast=\"auto\">13<\/span><span data-contrast=\"auto\">\u00a0<\/span><span data-contrast=\"auto\">\u20ac<\/span><span data-ccp-props=\"{&quot;201341983&quot;:0,&quot;335559739&quot;:160,&quot;335559740&quot;:240}\">\u00a0<\/span><\/p>\n<p><span data-contrast=\"auto\">Sammutuspeite<\/span><span data-contrast=\"auto\">\u00a0<\/span><span data-contrast=\"auto\">120 cm<\/span><span data-contrast=\"auto\">\u00a0x\u00a0<\/span><span data-contrast=\"auto\">120 cm <\/span><span data-contrast=\"auto\">6<\/span><span data-contrast=\"auto\">\u00a0<\/span><span data-contrast=\"auto\">\u20ac<\/span><span data-ccp-props=\"{&quot;201341983&quot;:0,&quot;335559739&quot;:160,&quot;335559740&quot;:240}\">\u00a0<\/span><\/p>\n<p><span data-contrast=\"auto\">Sammutuspeite<\/span><span data-contrast=\"auto\">\u00a0<\/span><span data-contrast=\"auto\">400 cm x 100 cm <\/span><span data-contrast=\"auto\">9<\/span><span data-contrast=\"auto\">\u00a0<\/span><span data-contrast=\"auto\">\u20ac<\/span><span data-ccp-props=\"{&quot;201341983&quot;:0,&quot;335559739&quot;:160,&quot;335559740&quot;:240}\">\u00a0<\/span><\/p>\n<p><span data-contrast=\"auto\">H\u00e4t\u00e4tie j\u00e4lkivalaiseva <\/span><span data-contrast=\"auto\">20<\/span><span data-contrast=\"auto\">\u00a0<\/span><span data-contrast=\"auto\">\u20ac\u00a0<\/span><span data-ccp-props=\"{&quot;201341983&quot;:0,&quot;335559739&quot;:160,&quot;335559740&quot;:240}\">\u00a0<\/span><\/p>\n<p><span data-contrast=\"auto\">Poistumisreittikyltti <\/span><span data-contrast=\"auto\">29 \u20ac<\/span><span data-ccp-props=\"{&quot;201341983&quot;:0,&quot;335559739&quot;:160,&quot;335559740&quot;:240}\">\u00a0<\/span><\/p>\n<p><span data-contrast=\"auto\">Paloh\u00e4lyti<\/span><span data-contrast=\"auto\">n <\/span><span data-contrast=\"auto\">2<\/span><span data-contrast=\"auto\">3<\/span><span data-contrast=\"auto\">\u00a0<\/span><span data-contrast=\"auto\">\u20ac<\/span><span data-ccp-props=\"{&quot;201341983&quot;:0,&quot;335559739&quot;:160,&quot;335559740&quot;:240}\">\u00a0<\/span><\/p>\n<p><span data-contrast=\"auto\">Langaton savutunnistin <\/span><span data-contrast=\"auto\">3<\/span><span data-contrast=\"auto\">1<\/span><span data-contrast=\"auto\">\u00a0<\/span><span data-contrast=\"auto\">\u20ac<\/span><span data-ccp-props=\"{&quot;201341983&quot;:0,&quot;335559739&quot;:160,&quot;335559740&quot;:240}\">\u00a0<\/span><\/p>\n<p><span data-contrast=\"auto\">Sireeni <\/span><span data-contrast=\"auto\">35 \u20ac<\/span><span data-ccp-props=\"{&quot;201341983&quot;:0,&quot;335559739&quot;:160,&quot;335559740&quot;:240}\">\u00a0<\/span><\/p>\n<p><span data-ccp-props=\"{&quot;201341983&quot;:0,&quot;335559739&quot;:160,&quot;335559740&quot;:240}\">\u00a0<\/span><\/p>\n<p><strong>H\u00c4LYTYSLAITTEET\u00a0<\/strong><\/p>\n<p><span data-ccp-props=\"{&quot;201341983&quot;:0,&quot;335559739&quot;:160,&quot;335559740&quot;:240}\">\u00a0<\/span><\/p>\n<p><span data-contrast=\"auto\">Valvontakamera <\/span><span data-contrast=\"auto\">4<\/span><span data-contrast=\"auto\">4<\/span><span data-contrast=\"auto\">5<\/span><span data-contrast=\"auto\">\u00a0<\/span><span data-contrast=\"auto\">\u20ac<\/span><span data-ccp-props=\"{&quot;201341983&quot;:0,&quot;335559739&quot;:160,&quot;335559740&quot;:240}\">\u00a0<\/span><\/p>\n<p><span data-contrast=\"auto\">Murtoh\u00e4lytin ovi<\/span><span data-contrast=\"auto\"> 8<\/span><span data-contrast=\"auto\">4<\/span><span data-contrast=\"auto\">\u00a0<\/span><span data-contrast=\"auto\">\u20ac<\/span><span data-ccp-props=\"{&quot;201341983&quot;:0,&quot;335559739&quot;:160,&quot;335559740&quot;:240}\">\u00a0<\/span><\/p>\n<p><span data-contrast=\"auto\">Murtoh\u00e4lytin ikkuna <\/span><span data-contrast=\"auto\">2<\/span><span data-contrast=\"auto\">0<\/span><span data-contrast=\"auto\">\u00a0<\/span><span data-contrast=\"auto\">\u20ac<\/span><span data-ccp-props=\"{&quot;201341983&quot;:0,&quot;335559739&quot;:160,&quot;335559740&quot;:240}\">\u00a0<\/span><\/p>\n<p><span data-contrast=\"auto\">Liiketunnistin <\/span><span data-contrast=\"auto\">19<\/span><span data-contrast=\"auto\">\u00a0<\/span><span data-contrast=\"auto\">\u20ac<\/span><span data-ccp-props=\"{&quot;201341983&quot;:0,&quot;335559739&quot;:160,&quot;335559740&quot;:240}\">\u00a0<\/span><\/p>\n<p><span data-contrast=\"auto\">Varash\u00e4lytin <\/span><span data-contrast=\"auto\">1<\/span><span data-contrast=\"auto\">79<\/span><span data-contrast=\"auto\">\u00a0<\/span><span data-contrast=\"auto\">\u20ac<\/span><span data-ccp-props=\"{&quot;201341983&quot;:0,&quot;335559739&quot;:160,&quot;335559740&quot;:240}\">\u00a0<\/span><\/p>\n<p><span data-contrast=\"auto\">Turvakamera ulkok\u00e4yt<\/span><span data-contrast=\"auto\">t<\/span><span data-contrast=\"auto\">\u00f6\u00f6n\u00a0<\/span><span data-contrast=\"auto\">8<\/span><span data-contrast=\"auto\">0<\/span><span data-contrast=\"auto\">\u00a0<\/span><span data-contrast=\"auto\">\u20ac\u00a0<\/span><span data-ccp-props=\"{&quot;201341983&quot;:0,&quot;335559739&quot;:160,&quot;335559740&quot;:240}\">\u00a0<\/span><\/p>\n<p><span data-contrast=\"auto\">Drone-lennokki kameralla <\/span><span data-contrast=\"auto\">39<\/span><span data-contrast=\"auto\">9<\/span><span data-contrast=\"auto\">\u00a0<\/span><span data-contrast=\"auto\">\u20ac<\/span><span data-ccp-props=\"{&quot;201341983&quot;:0,&quot;335559739&quot;:160,&quot;335559740&quot;:240}\">\u00a0<\/span><\/p>\n<p><span data-ccp-props=\"{&quot;201341983&quot;:0,&quot;335559739&quot;:160,&quot;335559740&quot;:240}\">\u00a0<\/span><\/p>\n<p><strong>LUKITUSJ\u00c4RJESTELM\u00c4T\u00a0<\/strong><\/p>\n<p><span data-ccp-props=\"{&quot;201341983&quot;:0,&quot;335559739&quot;:160,&quot;335559740&quot;:240}\">\u00a0<\/span><\/p>\n<p><span data-contrast=\"auto\">Kulkukortti <\/span><span data-contrast=\"auto\">1<\/span><span data-contrast=\"auto\">2<\/span><span data-contrast=\"auto\">\u00a0<\/span><span data-contrast=\"auto\">\u20ac<\/span><span data-ccp-props=\"{&quot;201341983&quot;:0,&quot;335559739&quot;:160,&quot;335559740&quot;:240}\">\u00a0<\/span><\/p>\n<p><span data-contrast=\"auto\">Kulunvalvontalaite <\/span><span data-contrast=\"auto\">295<\/span><span data-contrast=\"auto\">\u00a0<\/span><span data-contrast=\"auto\">\u20ac<\/span><span data-ccp-props=\"{&quot;201341983&quot;:0,&quot;335559739&quot;:160,&quot;335559740&quot;:240}\">\u00a0<\/span><\/p>\n<p><span data-contrast=\"auto\">Time Table<\/span><span data-contrast=\"auto\">\u00a0<\/span><span data-contrast=\"auto\">&#8211; kulkutunnistus <\/span><span data-contrast=\"auto\">12<\/span><span data-contrast=\"auto\">19<\/span><span data-contrast=\"auto\">\u00a0\u20ac<\/span><span data-ccp-props=\"{&quot;201341983&quot;:0,&quot;335559739&quot;:160,&quot;335559740&quot;:240}\">\u00a0<\/span><\/p>\n<p><span data-contrast=\"auto\">Ovipuhelin <\/span><span data-contrast=\"auto\">1<\/span><span data-contrast=\"auto\">35<\/span><span data-contrast=\"auto\">\u00a0<\/span><span data-contrast=\"auto\">\u20ac<\/span><span data-ccp-props=\"{&quot;201341983&quot;:0,&quot;335559739&quot;:160,&quot;335559740&quot;:240}\">\u00a0<\/span><\/p>\n<p><span data-contrast=\"auto\">Ovisilm\u00e4 <\/span><span data-contrast=\"auto\">3<\/span><span data-contrast=\"auto\">\u00a0<\/span><span data-contrast=\"auto\">\u20ac<\/span><span data-ccp-props=\"{&quot;201341983&quot;:0,&quot;335559739&quot;:160,&quot;335559740&quot;:240}\">\u00a0<\/span><\/p>\n<p><span data-contrast=\"auto\">Turvakaappi <\/span><span data-contrast=\"auto\">7<\/span><span data-contrast=\"auto\">35<\/span><span data-contrast=\"auto\">\u00a0\u20ac<\/span><span data-ccp-props=\"{&quot;201341983&quot;:0,&quot;335559739&quot;:160,&quot;335559740&quot;:240}\">\u00a0<\/span><\/p>\n<p><span data-contrast=\"auto\">\u00c4lylukko\u00a0<\/span><span data-contrast=\"auto\">4<\/span><span data-contrast=\"auto\">79<\/span><span data-contrast=\"auto\">\u00a0\u20ac<\/span><span data-contrast=\"auto\">\u00a0<\/span><span data-ccp-props=\"{&quot;201341983&quot;:0,&quot;335559739&quot;:160,&quot;335559740&quot;:240}\">\u00a0<\/span><\/p>\n<p>&nbsp;<\/p>\n<p><em>In addition to ready-made product packages, you can purchase products individually. Prices are VAT 0%.<\/em><\/p>\n<p>&nbsp;<\/p>\n<p><em>FIRST AID<\/em><\/p>\n<p><em>First aid locker 25 \u20ac<\/em><\/p>\n<p><em>First aid case 60 \u20ac<\/em><\/p>\n<p><em>First aid kit 279 \u20ac<\/em><\/p>\n<p>&nbsp;<\/p>\n<p><em>FIRE SAFETY<\/em><\/p>\n<p><em>Fire extinguisher (foamy) 55 \u20ac<\/em><\/p>\n<p><em>Powder fire extinguisher 69 \u20ac<\/em><\/p>\n<p><em>Fire extinguisher 13 \u20ac<\/em><\/p>\n<p><em>Fire blanket 120 cm x 120 cm 6 \u20ac<\/em><\/p>\n<p><em>Fire blanket 400 cm x 100 cm 9 \u20ac<\/em><\/p>\n<p><em>Emergency road afterglow 20 \u20ac<\/em><\/p>\n<p><em>Exit route sign 29 \u20ac<\/em><\/p>\n<p><em>Fire alarm 23 \u20ac<\/em><\/p>\n<p><em>Wireless smoke detector 31 \u20ac<\/em><\/p>\n<p><em>Siren 35 \u20ac<\/em><\/p>\n<p>&nbsp;<\/p>\n<p><em>ALARM DEVICES<\/em><\/p>\n<p><em>Surveillance camera 445 \u20ac<\/em><\/p>\n<p><em>Burglar alarm door 84 \u20ac<\/em><\/p>\n<p><em>Burglar alarm window 20 \u20ac<\/em><\/p>\n<p><em>Motion detector 19 \u20ac<\/em><\/p>\n<p><em>Burglar alarm 179 \u20ac<\/em><\/p>\n<p><em>Security camera for outdoor use 80 \u20ac<\/em><\/p>\n<p><em>Drone airplane with camera 399 \u20ac<\/em><\/p>\n<p>&nbsp;<\/p>\n<p><em>LOCKING SYSTEMS<\/em><\/p>\n<p><em>Pass 12 \u20ac<\/em><\/p>\n<p><em>Access control device 295 \u20ac<\/em><\/p>\n<p><em>Time table &#8211; pass certificate 1219 \u20ac<\/em><\/p>\n<p><em>Door phone 135 \u20ac<\/em><\/p>\n<p><em>Door eye 3 \u20ac<\/em><\/p>\n<p><em>Security locker 735 \u20ac<\/em><\/p>\n<p><em>Smart lock 479 \u20ac<\/em><\/p>\n","protected":false},"excerpt":{"rendered":"<p>English below Voit hankkia valmiiden tuotepakettien lis\u00e4ksi tuotteita yksitt\u00e4in. Hinnat on Alv 0 % &nbsp; ENSIAPU\u00a0 \u00a0 Ensiapukaappi\u00a0125\u00a0\u20ac\u00a0 Ensiapulaukku 60\u00a0\u20ac\u00a0 Ensiapupakki 279\u00a0\u20ac\u00a0\u00a0 \u00a0 PALOTURVALLISUUS\u00a0 \u00a0 Ensisammutin vaahtoava 55\u00a0\u20ac\u00a0 Jauhesammutin 69\u00a0\u20ac\u00a0 Palosammutin\u00a013\u00a0\u20ac\u00a0 Sammutuspeite\u00a0120 cm\u00a0x\u00a0120 cm 6\u00a0\u20ac\u00a0 Sammutuspeite\u00a0400 cm x 100 cm 9\u00a0\u20ac\u00a0 H\u00e4t\u00e4tie j\u00e4lkivalaiseva 20\u00a0\u20ac\u00a0\u00a0 Poistumisreittikyltti 29 \u20ac\u00a0 Paloh\u00e4lytin 23\u00a0\u20ac\u00a0 Langaton savutunnistin 31\u00a0\u20ac\u00a0 Sireeni 35 \u20ac\u00a0 &hellip; <\/p>\n<p class=\"link-more\"><a href=\"https:\/\/blogi.eoppimispalvelut.fi\/napaturva1\/tuotteidenhinnasto\/\" class=\"more-link\">Jatka lukemista<span class=\"screen-reader-text\"> &#8220;Tuotteiden hinnasto\/Product price list&#8221;<\/span><\/a><\/p>\n","protected":false},"author":4918,"featured_media":0,"parent":0,"menu_order":0,"comment_status":"closed","ping_status":"closed","template":"","meta":{"footnotes":""},"class_list":["post-7","page","type-page","status-publish","hentry"],"_links":{"self":[{"href":"https:\/\/blogi.eoppimispalvelut.fi\/napaturva1\/wp-json\/wp\/v2\/pages\/7","targetHints":{"allow":["GET"]}}],"collection":[{"href":"https:\/\/blogi.eoppimispalvelut.fi\/napaturva1\/wp-json\/wp\/v2\/pages"}],"about":[{"href":"https:\/\/blogi.eoppimispalvelut.fi\/napaturva1\/wp-json\/wp\/v2\/types\/page"}],"author":[{"embeddable":true,"href":"https:\/\/blogi.eoppimispalvelut.fi\/napaturva1\/wp-json\/wp\/v2\/users\/4918"}],"replies":[{"embeddable":true,"href":"https:\/\/blogi.eoppimispalvelut.fi\/napaturva1\/wp-json\/wp\/v2\/comments?post=7"}],"version-history":[{"count":12,"href":"https:\/\/blogi.eoppimispalvelut.fi\/napaturva1\/wp-json\/wp\/v2\/pages\/7\/revisions"}],"predecessor-version":[{"id":246,"href":"https:\/\/blogi.eoppimispalvelut.fi\/napaturva1\/wp-json\/wp\/v2\/pages\/7\/revisions\/246"}],"wp:attachment":[{"href":"https:\/\/blogi.eoppimispalvelut.fi\/napaturva1\/wp-json\/wp\/v2\/media?parent=7"}],"curies":[{"name":"wp","href":"https:\/\/api.w.org\/{rel}","templated":true}]}}