{"id":96,"date":"2020-11-18T10:00:04","date_gmt":"2020-11-18T08:00:04","guid":{"rendered":"https:\/\/blogi.eoppimispalvelut.fi\/napaturva1\/?page_id=96"},"modified":"2021-02-16T11:25:12","modified_gmt":"2021-02-16T09:25:12","slug":"yhteydenottolomake","status":"publish","type":"page","link":"https:\/\/blogi.eoppimispalvelut.fi\/napaturva1\/yhteydenottolomake\/","title":{"rendered":"Yhteydenottolomake\/Contact form"},"content":{"rendered":"<p>Kysy lis\u00e4\u00e4 ja otamme sinuun yhteytt\u00e4 mahdollisimman pian.<\/p>\n<p><em>Ask for more and we will contact you as soon as possible.<\/em><\/p>\n","protected":false},"excerpt":{"rendered":"<p>Kysy lis\u00e4\u00e4 ja otamme sinuun yhteytt\u00e4 mahdollisimman pian. Ask for more and we will contact you as soon as possible.<\/p>\n","protected":false},"author":4918,"featured_media":0,"parent":0,"menu_order":0,"comment_status":"closed","ping_status":"closed","template":"","meta":{"footnotes":""},"class_list":["post-96","page","type-page","status-publish","hentry"],"_links":{"self":[{"href":"https:\/\/blogi.eoppimispalvelut.fi\/napaturva1\/wp-json\/wp\/v2\/pages\/96","targetHints":{"allow":["GET"]}}],"collection":[{"href":"https:\/\/blogi.eoppimispalvelut.fi\/napaturva1\/wp-json\/wp\/v2\/pages"}],"about":[{"href":"https:\/\/blogi.eoppimispalvelut.fi\/napaturva1\/wp-json\/wp\/v2\/types\/page"}],"author":[{"embeddable":true,"href":"https:\/\/blogi.eoppimispalvelut.fi\/napaturva1\/wp-json\/wp\/v2\/users\/4918"}],"replies":[{"embeddable":true,"href":"https:\/\/blogi.eoppimispalvelut.fi\/napaturva1\/wp-json\/wp\/v2\/comments?post=96"}],"version-history":[{"count":13,"href":"https:\/\/blogi.eoppimispalvelut.fi\/napaturva1\/wp-json\/wp\/v2\/pages\/96\/revisions"}],"predecessor-version":[{"id":245,"href":"https:\/\/blogi.eoppimispalvelut.fi\/napaturva1\/wp-json\/wp\/v2\/pages\/96\/revisions\/245"}],"wp:attachment":[{"href":"https:\/\/blogi.eoppimispalvelut.fi\/napaturva1\/wp-json\/wp\/v2\/media?parent=96"}],"curies":[{"name":"wp","href":"https:\/\/api.w.org\/{rel}","templated":true}]}}