{"id":149,"date":"2025-01-29T09:37:38","date_gmt":"2025-01-29T07:37:38","guid":{"rendered":"https:\/\/blogi.eoppimispalvelut.fi\/napawellness\/?page_id=149"},"modified":"2025-02-03T16:48:57","modified_gmt":"2025-02-03T14:48:57","slug":"rekisteri-ja-tietosuojaseloste","status":"publish","type":"page","link":"https:\/\/blogi.eoppimispalvelut.fi\/napawellness\/rekisteri-ja-tietosuojaseloste\/","title":{"rendered":"Rekisteri-ja tietosuojaseloste"},"content":{"rendered":"<p>T\u00e4m\u00e4 tietosuojaseloste kertoo, kuinka NapaWellness ker\u00e4\u00e4, k\u00e4sittelee ja luovuttaa henkil\u00f6tietoja hyvinvoinnin hoitamisen yhteydess\u00e4.<\/p>\n<p><strong>1. Rekisterinpit\u00e4j\u00e4<\/strong><\/p>\n<p>NapaWellness, Vihrel\u00e4 2, 96500 Rovaniemi<\/p>\n\n\n<p><strong>2. Henkil\u00f6tietojen k\u00e4sittely<\/strong><br>NapaWellness Tracker noudattaa tietojen k\u00e4sittelyss\u00e4 Suomen tietosuojalakia. Henkil\u00f6tietojen ker\u00e4\u00e4minen auttaa meit\u00e4 palvelemaan sinua paremmin. Palvelujen k\u00e4ytt\u00e4jien henkil\u00f6tietoja k\u00e4sitell\u00e4\u00e4n luottamuksellisesti&nbsp;<\/p>\n\n\n\n<p><\/p>\n\n\n\n<p><strong>3. Ker\u00e4tt\u00e4v\u00e4t henkil\u00f6tiedot<\/strong><\/p>\n\n\n\n<p>Asiakkaan nimi sek\u00e4 mahdolliset annetut hyvinvointitiedot ja lis\u00e4tiedot.<\/p>\n\n\n\n<p><\/p>\n\n\n\n<p>4. <strong>Henkil\u00f6tietojen s\u00e4ilytysaika<\/strong><\/p>\n\n\n\n<p>Henkil\u00f6tietoja s\u00e4ilytet\u00e4\u00e4n vain asiakkuudenajan.<\/p>\n\n\n\n<p><\/p>\n\n\n\n<p><strong>5. Henkil\u00f6tietojen siirrot ja luovutukset<\/strong><\/p>\n\n\n\n<p>Luovutamme henkil\u00f6tietoja meid\u00e4n ty\u00f6ntekij\u00f6ille (hyvinvointivalmentaja tms?) Yhteisty\u00f6kumppaneillemme, jotka k\u00e4sittelev\u00e4t hyvinvointitietoja organisaation sallimissa puitteissa.<\/p>\n\n\n\n<p><\/p>\n\n\n\n<p><strong>6. Henkil\u00f6tietojen siirrot EU:n tai ETA-alueen ulkopuolelle<\/strong><\/p>\n\n\n\n<p>Emme siirr\u00e4 henkil\u00f6tietoja EU:n tai ETA-alueen ulkopuolelle.<\/p>\n\n\n\n<p><\/p>\n\n\n\n<p><\/p>\n","protected":false},"excerpt":{"rendered":"<p>T\u00e4m\u00e4 tietosuojaseloste kertoo, kuinka NapaWellness ker\u00e4\u00e4, k\u00e4sittelee ja luovuttaa henkil\u00f6tietoja hyvinvoinnin hoitamisen yhteydess\u00e4. 1. Rekisterinpit\u00e4j\u00e4 NapaWellness, Vihrel\u00e4 2, 96500 Rovaniemi 2. Henkil\u00f6tietojen k\u00e4sittelyNapaWellness Tracker noudattaa tietojen k\u00e4sittelyss\u00e4 Suomen tietosuojalakia. Henkil\u00f6tietojen ker\u00e4\u00e4minen auttaa meit\u00e4 palvelemaan sinua paremmin. Palvelujen k\u00e4ytt\u00e4jien henkil\u00f6tietoja k\u00e4sitell\u00e4\u00e4n luottamuksellisesti&nbsp; 3. Ker\u00e4tt\u00e4v\u00e4t henkil\u00f6tiedot Asiakkaan nimi sek\u00e4 mahdolliset annetut hyvinvointitiedot ja lis\u00e4tiedot. 4. Henkil\u00f6tietojen s\u00e4ilytysaika [&hellip;]<\/p>\n","protected":false},"author":48413,"featured_media":0,"parent":0,"menu_order":0,"comment_status":"closed","ping_status":"closed","template":"","meta":{"footnotes":""},"class_list":["post-149","page","type-page","status-publish","hentry"],"_links":{"self":[{"href":"https:\/\/blogi.eoppimispalvelut.fi\/napawellness\/wp-json\/wp\/v2\/pages\/149","targetHints":{"allow":["GET"]}}],"collection":[{"href":"https:\/\/blogi.eoppimispalvelut.fi\/napawellness\/wp-json\/wp\/v2\/pages"}],"about":[{"href":"https:\/\/blogi.eoppimispalvelut.fi\/napawellness\/wp-json\/wp\/v2\/types\/page"}],"author":[{"embeddable":true,"href":"https:\/\/blogi.eoppimispalvelut.fi\/napawellness\/wp-json\/wp\/v2\/users\/48413"}],"replies":[{"embeddable":true,"href":"https:\/\/blogi.eoppimispalvelut.fi\/napawellness\/wp-json\/wp\/v2\/comments?post=149"}],"version-history":[{"count":10,"href":"https:\/\/blogi.eoppimispalvelut.fi\/napawellness\/wp-json\/wp\/v2\/pages\/149\/revisions"}],"predecessor-version":[{"id":283,"href":"https:\/\/blogi.eoppimispalvelut.fi\/napawellness\/wp-json\/wp\/v2\/pages\/149\/revisions\/283"}],"wp:attachment":[{"href":"https:\/\/blogi.eoppimispalvelut.fi\/napawellness\/wp-json\/wp\/v2\/media?parent=149"}],"curies":[{"name":"wp","href":"https:\/\/api.w.org\/{rel}","templated":true}]}}