{"id":166,"date":"2025-01-29T10:27:31","date_gmt":"2025-01-29T08:27:31","guid":{"rendered":"https:\/\/blogi.eoppimispalvelut.fi\/napawellness\/?page_id=166"},"modified":"2025-04-14T13:44:01","modified_gmt":"2025-04-14T10:44:01","slug":"hinnasto","status":"publish","type":"page","link":"https:\/\/blogi.eoppimispalvelut.fi\/napawellness\/hinnasto\/","title":{"rendered":"Hinnasto"},"content":{"rendered":"\n<div class=\"wp-block-columns alignwide is-layout-flex wp-container-core-columns-is-layout-829b1d53 wp-block-columns-is-layout-flex\" style=\"margin-bottom:0\">\n<div class=\"wp-block-column has-text-color has-background has-link-color has-medium-font-size wp-elements-e37cd552b7ced70b97b4a36f08fb0679 is-layout-flow wp-block-column-is-layout-flow\" style=\"color:#000000;background:linear-gradient(135deg,rgb(6,147,227) 0%,rgba(171,107,172,0.88) 81%,rgb(155,81,224) 100%);padding-top:2em;padding-right:2em;padding-bottom:2em;padding-left:2em\">\n<h2 class=\"wp-block-heading has-text-align-center\" id=\"patron\" style=\"font-size:40px\">Napawellness Tracker Premium<\/h2>\n\n\n\n<p class=\"has-text-align-center\" style=\"font-size:31px\"><strong>Osta meilt\u00e4 \u00e4lykello ja personal trainer toiminta sovelluksen kaveriksi hintaan 2 992\u20ac <\/strong> + alv (25,5 %)<\/p>\n\n\n\n<p class=\"has-medium-font-size\">Aloitusmaksun j\u00e4lkeen hinta 1 100\u20ac\/kk+ alv 25,5%<\/p>\n\n\n\n<hr class=\"wp-block-separator has-css-opacity is-style-wide\" \/>\n\n\n\n<ul class=\"wp-block-list has-normal-font-size\">\n<li>Tracker kello<\/li>\n\n\n\n<li>Taukojumppa<\/li>\n\n\n\n<li>Ergonomia harjoitukset<\/li>\n\n\n\n<li>Mindfullness<\/li>\n\n\n\n<li>Kehonhuolto<\/li>\n\n\n\n<li>Stressinhallinta<\/li>\n\n\n\n<li>P\u00e4iv\u00e4kirja<\/li>\n\n\n\n<li>Seurantaominaisuus <\/li>\n\n\n\n<li>Ravitsemus ja energia<\/li>\n\n\n\n<li>Keskustelufoorumi<\/li>\n\n\n\n<li>Hyvinvointipeli<\/li>\n<\/ul>\n\n\n\n<div class=\"wp-block-buttons alignfull is-horizontal is-content-justification-center is-layout-flex wp-container-core-buttons-is-layout-499968f5 wp-block-buttons-is-layout-flex\">\n<div class=\"wp-block-button has-custom-width wp-block-button__width-100 is-style-fill\"><a class=\"wp-block-button__link has-white-color has-text-color has-background wp-element-button\" href=\"https:\/\/blogi.eoppimispalvelut.fi\/napawellness\/ota-yhteytta\/\" style=\"border-radius:100px;background-color:#000000\">Tilaa t\u00e4st\u00e4<\/a><\/div>\n<\/div>\n<\/div>\n<\/div>\n\n\n\n<p>Hinnat koskevat yrityksi\u00e4, joissa on 1-10 ty\u00f6ntekij\u00e4\u00e4. Tarvitsetko ratkaisun isommalle tiimille? Ota yhteytt\u00e4, niin tarjoamme erillisen hinnoittelun!<\/p>\n\n\n\n<div class=\"wp-block-columns alignwide is-layout-flex wp-container-core-columns-is-layout-829b1d53 wp-block-columns-is-layout-flex\" style=\"margin-bottom:0\">\n<div class=\"wp-block-column has-text-color has-background has-link-color wp-elements-fe9ddf4a4ef91f142f8e9973da47afd5 is-layout-flow wp-block-column-is-layout-flow\" style=\"color:#000000;background:linear-gradient(135deg,rgb(6,147,227) 0%,rgb(124,194,122) 87%,rgb(155,81,224) 100%);padding-top:2em;padding-right:2em;padding-bottom:2em;padding-left:2em\">\n<h2 class=\"wp-block-heading has-text-align-center\" id=\"single\" style=\"font-size:25px\">NapaWellness Tracker sovellus<\/h2>\n\n\n\n<p style=\"font-size:12px;line-height:1.5\">Hintaan 838+alv 25,5% \/ kK<\/p>\n\n\n\n<hr class=\"wp-block-separator aligncenter has-text-color has-css-opacity has-background is-style-wide\" style=\"background-color:#000000;color:#000000\" \/>\n\n\n\n<p>Sis\u00e4lt\u00e4\u00e4:<\/p>\n\n\n\n<ul class=\"wp-block-list has-normal-font-size\">\n<li>Keskustelufoorumi<\/li>\n\n\n\n<li>P\u00e4iv\u00e4kirja<\/li>\n\n\n\n<li>Hyvinvointipeli<\/li>\n<\/ul>\n\n\n\n<div class=\"wp-block-buttons alignfull is-horizontal is-content-justification-center is-layout-flex wp-container-core-buttons-is-layout-499968f5 wp-block-buttons-is-layout-flex\">\n<div class=\"wp-block-button has-custom-width wp-block-button__width-100\"><a class=\"wp-block-button__link has-white-color has-text-color has-background wp-element-button\" href=\"https:\/\/blogi.eoppimispalvelut.fi\/napawellness\/ota-yhteytta\/\" style=\"border-radius:100px;background-color:#000000\">Tilaa t\u00e4st\u00e4<\/a><\/div>\n<\/div>\n<\/div>\n\n\n\n<div class=\"wp-block-column has-text-color has-background has-link-color wp-elements-93ecc77bc673a1fd3685a8f26ef612ff is-layout-flow wp-block-column-is-layout-flow\" style=\"color:#000000;background:linear-gradient(135deg,rgb(6,147,227) 0%,rgb(116,142,166) 77%,rgb(155,81,224) 100%);padding-top:2em;padding-right:2em;padding-bottom:2em;padding-left:2em\">\n<h2 class=\"wp-block-heading has-text-align-center\" id=\"family\" style=\"font-size:24px\">NapaWellness Tracker Standard<\/h2>\n\n\n\n<p style=\"font-size:16px;line-height:1.5\">Ammattilaistemme luoma kartoitus tarpeesta ja ohjaukset<\/p>\n\n\n\n<p class=\"has-small-font-size\">Hintaan 1360,50\u20ac + 25,5% \/ KK<\/p>\n\n\n\n<hr class=\"wp-block-separator aligncenter has-css-opacity is-style-wide\" \/>\n\n\n\n<p>Sis\u00e4lt\u00e4\u00e4:<\/p>\n\n\n\n<ul class=\"wp-block-list has-normal-font-size\">\n<li>Taukojumppa<\/li>\n\n\n\n<li>Ergonomia harjoitukset<\/li>\n\n\n\n<li>Mindfullness<\/li>\n\n\n\n<li>Stressinhallinta<\/li>\n<\/ul>\n\n\n\n<div class=\"wp-block-buttons alignfull is-horizontal is-content-justification-center is-layout-flex wp-container-core-buttons-is-layout-499968f5 wp-block-buttons-is-layout-flex\">\n<div class=\"wp-block-button has-custom-width wp-block-button__width-100 has-custom-font-size is-style-fill has-medium-font-size\"><a class=\"wp-block-button__link has-white-color has-text-color has-background wp-element-button\" href=\"https:\/\/blogi.eoppimispalvelut.fi\/napawellness\/ota-yhteytta\/\" style=\"border-radius:100px;background-color:#000000\">Tilaa t\u00e4st\u00e4<\/a><\/div>\n<\/div>\n<\/div>\n\n\n\n<div class=\"wp-block-column has-text-color has-background has-link-color wp-elements-67bb3108482fbd901e8c86d6e04bdc30 is-layout-flow wp-block-column-is-layout-flow\" style=\"color:#000000;background:linear-gradient(142deg,rgb(6,147,227) 0%,rgb(114,191,181) 55%,rgb(107,188,191) 87%,rgb(155,81,224) 100%);padding-top:2em;padding-right:2em;padding-bottom:2em;padding-left:2em\">\n<h2 class=\"wp-block-heading has-text-align-center\" id=\"patron\" style=\"font-size:25px\">Napawellness Tracker <\/h2>\n\n\n\n<p class=\"has-normal-font-size\">Hintaan 700\u20ac + alv 25,5 %<\/p>\n\n\n\n<hr class=\"wp-block-separator aligncenter has-css-opacity is-style-wide\" \/>\n\n\n\n<ul class=\"wp-block-list has-normal-font-size\">\n<li>Tracker kello 2kpl<\/li>\n\n\n\n<li>Ei sis. muita palveluita<\/li>\n<\/ul>\n\n\n\n<div class=\"wp-block-buttons alignfull is-horizontal is-content-justification-center is-layout-flex wp-container-core-buttons-is-layout-499968f5 wp-block-buttons-is-layout-flex\">\n<div class=\"wp-block-button has-custom-width wp-block-button__width-100\"><a class=\"wp-block-button__link has-white-color has-text-color has-background wp-element-button\" href=\"https:\/\/blogi.eoppimispalvelut.fi\/napawellness\/ota-yhteytta\/\" style=\"border-radius:100px;background-color:#000000\">Tilaa t\u00e4st\u00e4<\/a><\/div>\n<\/div>\n<\/div>\n<\/div>\n\n\n\n<div class=\"wp-block-columns alignwide is-layout-flex wp-container-core-columns-is-layout-829b1d53 wp-block-columns-is-layout-flex\" style=\"margin-bottom:0\">\n<div class=\"wp-block-column has-text-color has-background has-link-color wp-elements-ce55a8da9de286733032c4c4aee6760c is-layout-flow wp-block-column-is-layout-flow\" style=\"color:#000000;background:linear-gradient(345deg,rgb(6,147,227) 0%,rgb(171,230,149) 62%,rgb(155,81,224) 100%);padding-top:2em;padding-right:2em;padding-bottom:2em;padding-left:2em\">\n<h2 class=\"wp-block-heading has-text-align-center\" id=\"single\" style=\"font-size:39px\">NapaWellness Tracker+pt palvelut<\/h2>\n\n\n\n<p class=\"has-normal-font-size\" style=\"line-height:1.5\">1999\u20ac\/kk + alv 25,5%<\/p>\n\n\n\n<hr class=\"wp-block-separator has-text-color has-css-opacity has-background is-style-wide\" style=\"background-color:#000000;color:#000000\" \/>\n\n\n\n<div class=\"wp-block-buttons alignfull is-horizontal is-content-justification-center is-layout-flex wp-container-core-buttons-is-layout-499968f5 wp-block-buttons-is-layout-flex\">\n<div class=\"wp-block-button has-custom-width wp-block-button__width-100 has-custom-font-size is-style-outline has-medium-font-size is-style-outline--1\"><a class=\"wp-block-button__link has-white-color has-text-color has-background wp-element-button\" href=\"https:\/\/blogi.eoppimispalvelut.fi\/napawellness\/ota-yhteytta\/\" style=\"border-radius:100px;background-color:#000000\">Tilaa t\u00e4st\u00e4<\/a><\/div>\n<\/div>\n<\/div>\n<\/div>\n\n\n\n<details class=\"wp-block-details has-small-font-size is-layout-flow wp-block-details-is-layout-flow\"><summary>Tilausehdot<\/summary>\n<p>Hinta vaihtelee valitsemasi paketin mukaan ja se ilmoitetaan tilauksen yhteydess\u00e4. Tilaamalla sovelluksen, voit asentaa ohjelman kolmelle henkil\u00f6kohtaiselle k\u00e4yt\u00f6ss\u00e4si olevalle laitteelle. Tilaus uusiutuu automaattisesti, ellei sit\u00e4 peruta. NapaWellness Trackerin j\u00e4senen\u00e4 sinua laskutetaan kerran kuussa kuukauden sin\u00e4 p\u00e4iv\u00e4n\u00e4, jonka olet ilmoittanut haluamaksesi maksup\u00e4iv\u00e4ksi. <\/p>\n\n\n\n<p><\/p>\n<\/details>\n\n\n\n<p><\/p>\n","protected":false},"excerpt":{"rendered":"<p>Napawellness Tracker Premium Osta meilt\u00e4 \u00e4lykello ja personal trainer toiminta sovelluksen kaveriksi hintaan 2 992\u20ac + alv (25,5 %) Aloitusmaksun j\u00e4lkeen hinta 1 100\u20ac\/kk+ alv 25,5% Hinnat koskevat yrityksi\u00e4, joissa on 1-10 ty\u00f6ntekij\u00e4\u00e4. Tarvitsetko ratkaisun isommalle tiimille? Ota yhteytt\u00e4, niin tarjoamme erillisen hinnoittelun! NapaWellness Tracker sovellus Hintaan 838+alv 25,5% \/ kK Sis\u00e4lt\u00e4\u00e4: NapaWellness Tracker Standard [&hellip;]<\/p>\n","protected":false},"author":48413,"featured_media":251,"parent":0,"menu_order":0,"comment_status":"closed","ping_status":"closed","template":"","meta":{"footnotes":"[]"},"class_list":["post-166","page","type-page","status-publish","has-post-thumbnail","hentry"],"_links":{"self":[{"href":"https:\/\/blogi.eoppimispalvelut.fi\/napawellness\/wp-json\/wp\/v2\/pages\/166","targetHints":{"allow":["GET"]}}],"collection":[{"href":"https:\/\/blogi.eoppimispalvelut.fi\/napawellness\/wp-json\/wp\/v2\/pages"}],"about":[{"href":"https:\/\/blogi.eoppimispalvelut.fi\/napawellness\/wp-json\/wp\/v2\/types\/page"}],"author":[{"embeddable":true,"href":"https:\/\/blogi.eoppimispalvelut.fi\/napawellness\/wp-json\/wp\/v2\/users\/48413"}],"replies":[{"embeddable":true,"href":"https:\/\/blogi.eoppimispalvelut.fi\/napawellness\/wp-json\/wp\/v2\/comments?post=166"}],"version-history":[{"count":35,"href":"https:\/\/blogi.eoppimispalvelut.fi\/napawellness\/wp-json\/wp\/v2\/pages\/166\/revisions"}],"predecessor-version":[{"id":539,"href":"https:\/\/blogi.eoppimispalvelut.fi\/napawellness\/wp-json\/wp\/v2\/pages\/166\/revisions\/539"}],"wp:featuredmedia":[{"embeddable":true,"href":"https:\/\/blogi.eoppimispalvelut.fi\/napawellness\/wp-json\/wp\/v2\/media\/251"}],"wp:attachment":[{"href":"https:\/\/blogi.eoppimispalvelut.fi\/napawellness\/wp-json\/wp\/v2\/media?parent=166"}],"curies":[{"name":"wp","href":"https:\/\/api.w.org\/{rel}","templated":true}]}}