{"id":28,"date":"2025-01-22T14:26:08","date_gmt":"2025-01-22T12:26:08","guid":{"rendered":"https:\/\/blogi.eoppimispalvelut.fi\/napawellness\/?page_id=28"},"modified":"2025-03-11T10:37:45","modified_gmt":"2025-03-11T08:37:45","slug":"tietoa-meista","status":"publish","type":"page","link":"https:\/\/blogi.eoppimispalvelut.fi\/napawellness\/tietoa-meista\/","title":{"rendered":"Tietoa meist\u00e4"},"content":{"rendered":"\n<p><strong>Henkil\u00f6kunta<\/strong> :<\/p>\n\n\n\n<div class=\"wp-block-media-text is-stacked-on-mobile\" style=\"grid-template-columns:30% auto\"><figure class=\"wp-block-media-text__media\"><img loading=\"lazy\" decoding=\"async\" width=\"840\" height=\"1104\" src=\"https:\/\/blogi.eoppimispalvelut.fi\/napawellness\/files\/2025\/02\/jussi-toimari.jpg\" alt=\"\" class=\"wp-image-482 size-full\" srcset=\"https:\/\/blogi.eoppimispalvelut.fi\/napawellness\/files\/2025\/02\/jussi-toimari.jpg 840w, https:\/\/blogi.eoppimispalvelut.fi\/napawellness\/files\/2025\/02\/jussi-toimari-768x1009.jpg 768w\" sizes=\"auto, (max-width: 840px) 100vw, 840px\" \/><\/figure><div class=\"wp-block-media-text__content\">\n<p class=\"has-medium-font-size\">Toimitusjohtaja Jussi<\/p>\n<\/div><\/div>\n\n\n\n<div class=\"wp-block-media-text is-stacked-on-mobile\" style=\"grid-template-columns:30% auto\"><figure class=\"wp-block-media-text__media\"><img loading=\"lazy\" decoding=\"async\" width=\"415\" height=\"513\" src=\"https:\/\/blogi.eoppimispalvelut.fi\/napawellness\/files\/2025\/02\/Eero-markkinointipaallikko.jpg\" alt=\"\" class=\"wp-image-483 size-full\" \/><\/figure><div class=\"wp-block-media-text__content\">\n<p class=\"has-medium-font-size\">Markkinointip\u00e4\u00e4llikk\u00f6 Eero<\/p>\n<\/div><\/div>\n\n\n\n<div class=\"wp-block-media-text is-stacked-on-mobile\" style=\"grid-template-columns:30% auto\"><figure class=\"wp-block-media-text__media\"><img loading=\"lazy\" decoding=\"async\" width=\"1280\" height=\"1296\" src=\"https:\/\/blogi.eoppimispalvelut.fi\/napawellness\/files\/2025\/02\/miro-pt-1-1280x1296.jpg\" alt=\"\" class=\"wp-image-499 size-full\" srcset=\"https:\/\/blogi.eoppimispalvelut.fi\/napawellness\/files\/2025\/02\/miro-pt-1-1280x1296.jpg 1280w, https:\/\/blogi.eoppimispalvelut.fi\/napawellness\/files\/2025\/02\/miro-pt-1-900x911.jpg 900w, https:\/\/blogi.eoppimispalvelut.fi\/napawellness\/files\/2025\/02\/miro-pt-1-768x778.jpg 768w, https:\/\/blogi.eoppimispalvelut.fi\/napawellness\/files\/2025\/02\/miro-pt-1-1517x1536.jpg 1517w, https:\/\/blogi.eoppimispalvelut.fi\/napawellness\/files\/2025\/02\/miro-pt-1.jpg 1535w\" sizes=\"auto, (max-width: 1280px) 100vw, 1280px\" \/><\/figure><div class=\"wp-block-media-text__content\">\n<p class=\"has-medium-font-size\">Personal trainer Miro<\/p>\n<\/div><\/div>\n\n\n\n<div class=\"wp-block-media-text is-stacked-on-mobile\" style=\"grid-template-columns:30% auto\"><figure class=\"wp-block-media-text__media\"><img loading=\"lazy\" decoding=\"async\" width=\"948\" height=\"1058\" src=\"https:\/\/blogi.eoppimispalvelut.fi\/napawellness\/files\/2025\/02\/IMG_20250226_104955-1.jpg\" alt=\"\" class=\"wp-image-500 size-full\" srcset=\"https:\/\/blogi.eoppimispalvelut.fi\/napawellness\/files\/2025\/02\/IMG_20250226_104955-1.jpg 948w, https:\/\/blogi.eoppimispalvelut.fi\/napawellness\/files\/2025\/02\/IMG_20250226_104955-1-900x1004.jpg 900w, https:\/\/blogi.eoppimispalvelut.fi\/napawellness\/files\/2025\/02\/IMG_20250226_104955-1-768x857.jpg 768w\" sizes=\"auto, (max-width: 948px) 100vw, 948px\" \/><\/figure><div class=\"wp-block-media-text__content\">\n<p class=\"has-medium-font-size\">Hyvinvointivalmentaja Santeri<\/p>\n<\/div><\/div>\n\n\n\n<div class=\"wp-block-media-text is-stacked-on-mobile\" style=\"grid-template-columns:30% auto\"><figure class=\"wp-block-media-text__media\"><img loading=\"lazy\" decoding=\"async\" width=\"612\" height=\"612\" src=\"https:\/\/blogi.eoppimispalvelut.fi\/napawellness\/files\/2025\/03\/istockphoto-1341046662-612x612-2.jpg\" alt=\"\" class=\"wp-image-527 size-full\" srcset=\"https:\/\/blogi.eoppimispalvelut.fi\/napawellness\/files\/2025\/03\/istockphoto-1341046662-612x612-2.jpg 612w, https:\/\/blogi.eoppimispalvelut.fi\/napawellness\/files\/2025\/03\/istockphoto-1341046662-612x612-2-120x120.jpg 120w\" sizes=\"auto, (max-width: 612px) 100vw, 612px\" \/><\/figure><div class=\"wp-block-media-text__content\">\n<p class=\"has-medium-font-size\">Personal trainer Sami<\/p>\n<\/div><\/div>\n\n\n\n<p><\/p>\n\n\n\n<p><\/p>\n","protected":false},"excerpt":{"rendered":"<p>Henkil\u00f6kunta : Toimitusjohtaja Jussi Markkinointip\u00e4\u00e4llikk\u00f6 Eero Personal trainer Miro Hyvinvointivalmentaja Santeri Personal trainer Sami<\/p>\n","protected":false},"author":48413,"featured_media":0,"parent":0,"menu_order":0,"comment_status":"closed","ping_status":"closed","template":"","meta":{"footnotes":""},"class_list":["post-28","page","type-page","status-publish","hentry"],"_links":{"self":[{"href":"https:\/\/blogi.eoppimispalvelut.fi\/napawellness\/wp-json\/wp\/v2\/pages\/28","targetHints":{"allow":["GET"]}}],"collection":[{"href":"https:\/\/blogi.eoppimispalvelut.fi\/napawellness\/wp-json\/wp\/v2\/pages"}],"about":[{"href":"https:\/\/blogi.eoppimispalvelut.fi\/napawellness\/wp-json\/wp\/v2\/types\/page"}],"author":[{"embeddable":true,"href":"https:\/\/blogi.eoppimispalvelut.fi\/napawellness\/wp-json\/wp\/v2\/users\/48413"}],"replies":[{"embeddable":true,"href":"https:\/\/blogi.eoppimispalvelut.fi\/napawellness\/wp-json\/wp\/v2\/comments?post=28"}],"version-history":[{"count":13,"href":"https:\/\/blogi.eoppimispalvelut.fi\/napawellness\/wp-json\/wp\/v2\/pages\/28\/revisions"}],"predecessor-version":[{"id":530,"href":"https:\/\/blogi.eoppimispalvelut.fi\/napawellness\/wp-json\/wp\/v2\/pages\/28\/revisions\/530"}],"wp:attachment":[{"href":"https:\/\/blogi.eoppimispalvelut.fi\/napawellness\/wp-json\/wp\/v2\/media?parent=28"}],"curies":[{"name":"wp","href":"https:\/\/api.w.org\/{rel}","templated":true}]}}