{"id":67,"date":"2025-01-22T18:06:54","date_gmt":"2025-01-22T16:06:54","guid":{"rendered":"https:\/\/blogi.eoppimispalvelut.fi\/napawellness\/?page_id=67"},"modified":"2025-02-21T14:04:09","modified_gmt":"2025-02-21T12:04:09","slug":"tyohyvinvoinnissa-mukana","status":"publish","type":"page","link":"https:\/\/blogi.eoppimispalvelut.fi\/napawellness\/","title":{"rendered":"Etusivu"},"content":{"rendered":"\n<figure class=\"wp-block-pullquote has-text-align-center\"><blockquote><p><em>Ty\u00f6hyvinvointi on ty\u00f6nteon t\u00e4rkeimpi\u00e4 kulmakivi\u00e4. <\/em><br><em>Siksip\u00e4 tarjoamme Suomen laadukkaimpia hyvinvointia edist\u00e4vi\u00e4 palveluita.<\/em><br><em> Tarjoamme sovelluksen, joka toimii yhdess\u00e4 ty\u00f6nantajan kanssa.<\/em><\/p><\/blockquote><\/figure>\n\n\n\n<p class=\"has-text-align-center\"><\/p>\n\n\n\n<div style=\"height:100px\" aria-hidden=\"true\" class=\"wp-block-spacer\"><\/div>\n\n\n\n<blockquote class=\"wp-block-quote is-layout-flow wp-block-quote-is-layout-flow\">\n<div style=\"height:100px\" aria-hidden=\"true\" class=\"wp-block-spacer\"><\/div>\n<\/blockquote>\n\n\n\n<h2 class=\"wp-block-heading has-text-align-center\" style=\"font-size:38px;line-height:1.4\"><strong>Olemme luoneet sovelluksen, joka auttaa tarjoamaan paremmin kohdennettua tukea ja parantamaan ty\u00f6ymp\u00e4rist\u00f6\u00e4si!<\/strong><\/h2>\n\n\n\n<div style=\"height:100px\" aria-hidden=\"true\" class=\"wp-block-spacer\"><\/div>\n\n\n\n<div class=\"wp-block-columns is-layout-flex wp-container-core-columns-is-layout-9d6595d7 wp-block-columns-is-layout-flex\">\n<div class=\"wp-block-column is-layout-flow wp-block-column-is-layout-flow\" style=\"flex-basis:25%\">\n<p class=\"has-text-align-center\"><mark style=\"background-color:#e9e3f9\" class=\"has-inline-color has-black-color\">Hyvinvointisovellus voi olla houkutteleva etu, joka parantaa yrityksen ty\u00f6nantajamielikuvaa!<\/mark><\/p>\n<\/div>\n\n\n\n<div class=\"wp-block-column is-layout-flow wp-block-column-is-layout-flow\" style=\"flex-basis:50%\">\n<p class=\"has-text-align-center\"><mark style=\"background-color:#ebe3fc\" class=\"has-inline-color\">S\u00e4\u00e4nn\u00f6llinen liikunta, stressinhallinta ja riitt\u00e4v\u00e4 palautuminen parantavat kehon ja mielen terveytt\u00e4, mik\u00e4 v\u00e4hent\u00e4\u00e4 sairastavuuden ja v\u00e4symyksen riski\u00e4. Hyvinvointisovellus voi auttaa ty\u00f6ntekij\u00f6it\u00e4 tunnistamaan hyvinvointiin liittyvi\u00e4 haasteita ja puuttumaan niihin.<\/mark><\/p>\n<\/div>\n\n\n\n<div class=\"wp-block-column is-layout-flow wp-block-column-is-layout-flow\" style=\"flex-basis:25%\">\n<p class=\"has-text-align-center\"><mark style=\"background-color:#ece1fc\" class=\"has-inline-color\">Kun ty\u00f6ntekij\u00f6ille tarjotaan resursseja hyvinvointinsa parantamiseen, he kokevat ett\u00e4 yritys v\u00e4litt\u00e4\u00e4 heist\u00e4 kokonaisvaltaisesti!<\/mark><\/p>\n<\/div>\n<\/div>\n\n\n\n<p><\/p>\n","protected":false},"excerpt":{"rendered":"<p>Ty\u00f6hyvinvointi on ty\u00f6nteon t\u00e4rkeimpi\u00e4 kulmakivi\u00e4. Siksip\u00e4 tarjoamme Suomen laadukkaimpia hyvinvointia edist\u00e4vi\u00e4 palveluita. Tarjoamme sovelluksen, joka toimii yhdess\u00e4 ty\u00f6nantajan kanssa. Olemme luoneet sovelluksen, joka auttaa tarjoamaan paremmin kohdennettua tukea ja parantamaan ty\u00f6ymp\u00e4rist\u00f6\u00e4si! Hyvinvointisovellus voi olla houkutteleva etu, joka parantaa yrityksen ty\u00f6nantajamielikuvaa! S\u00e4\u00e4nn\u00f6llinen liikunta, stressinhallinta ja riitt\u00e4v\u00e4 palautuminen parantavat kehon ja mielen terveytt\u00e4, mik\u00e4 v\u00e4hent\u00e4\u00e4 sairastavuuden ja [&hellip;]<\/p>\n","protected":false},"author":48413,"featured_media":0,"parent":0,"menu_order":0,"comment_status":"closed","ping_status":"closed","template":"","meta":{"footnotes":""},"class_list":["post-67","page","type-page","status-publish","hentry"],"_links":{"self":[{"href":"https:\/\/blogi.eoppimispalvelut.fi\/napawellness\/wp-json\/wp\/v2\/pages\/67","targetHints":{"allow":["GET"]}}],"collection":[{"href":"https:\/\/blogi.eoppimispalvelut.fi\/napawellness\/wp-json\/wp\/v2\/pages"}],"about":[{"href":"https:\/\/blogi.eoppimispalvelut.fi\/napawellness\/wp-json\/wp\/v2\/types\/page"}],"author":[{"embeddable":true,"href":"https:\/\/blogi.eoppimispalvelut.fi\/napawellness\/wp-json\/wp\/v2\/users\/48413"}],"replies":[{"embeddable":true,"href":"https:\/\/blogi.eoppimispalvelut.fi\/napawellness\/wp-json\/wp\/v2\/comments?post=67"}],"version-history":[{"count":41,"href":"https:\/\/blogi.eoppimispalvelut.fi\/napawellness\/wp-json\/wp\/v2\/pages\/67\/revisions"}],"predecessor-version":[{"id":351,"href":"https:\/\/blogi.eoppimispalvelut.fi\/napawellness\/wp-json\/wp\/v2\/pages\/67\/revisions\/351"}],"wp:attachment":[{"href":"https:\/\/blogi.eoppimispalvelut.fi\/napawellness\/wp-json\/wp\/v2\/media?parent=67"}],"curies":[{"name":"wp","href":"https:\/\/api.w.org\/{rel}","templated":true}]}}