{"id":136,"date":"2024-02-27T12:47:28","date_gmt":"2024-02-27T10:47:28","guid":{"rendered":"https:\/\/blogi.eoppimispalvelut.fi\/naps\/?page_id=136"},"modified":"2024-02-28T13:44:40","modified_gmt":"2024-02-28T11:44:40","slug":"etusivu","status":"publish","type":"page","link":"https:\/\/blogi.eoppimispalvelut.fi\/naps\/","title":{"rendered":"NAPS"},"content":{"rendered":"\n<p class=\"has-text-align-center\">Tervetuloa tutustumaan siivous- ja kiinteist\u00f6huoltoalan yritykseemme Napalaakso Property Solutions Opy:n \u2013 alueesi luotettavimpaan kumppaniin kiinteist\u00f6jen yll\u00e4pidossa ja puhtaanapidossa!<\/p>\n\n\n\n<p class=\"has-text-align-center\">NAPS on syntynyt seitsem\u00e4n korkeakouluopiskelijan halusta parantaa yrityksille saatavilla olevia palveluita siivous- ja kiinteist\u00f6huollon saralla. Tarkoituksenamme on tarjota paikallisille yrityksille apua arkeen. T\u00e4m\u00e4 yritys yhdist\u00e4\u00e4 seitsem\u00e4n erilaista ihmist\u00e4 joilla kaikilla on omaa kokemusta alasta, joten tunnemme asiakkaiden tarpeet ja vaatimukset. Henkil\u00f6st\u00f6mme koostuu kokeneista ammattilaisista, jotka ovat sitoutuneet ty\u00f6skentelem\u00e4\u00e4n asiakkaidemme parhaaksi. Panostamme jatkuvasti henkil\u00f6st\u00f6mme koulutukseen ja kehitt\u00e4miseen.<\/p>\n\n\n\n<p class=\"has-text-align-center\">Asiakasl\u00e4ht\u00f6isyys on toimintamme keski\u00f6ss\u00e4. Pyrimme aina ylitt\u00e4m\u00e4\u00e4n asiakkaidemme odotukset tarjoamalla heille luotettavaa, tehokasta ja ammattitaitoista palvelua. Meill\u00e4 on kattava valikoima palveluita, jotka kattavat kaiken p\u00e4ivitt\u00e4isest\u00e4 siivouksesta erikoispuhdistuksiin ja kiinteist\u00f6n yll\u00e4pitoon. Haluamme varmistaa, ett\u00e4 asiakkaidemme tilat ovat aina puhtaita, viihtyisi\u00e4 ja turvallisia.<\/p>\n\n\n\n<p class=\"has-text-align-center\">Ota yhteytt\u00e4 meihin, niin suunnitellaan juuri teid\u00e4n tarpeisiinne sopiva ratkaisu. NAPS Opy on t\u00e4\u00e4ll\u00e4 varmistaakseen, ett\u00e4 kiinteist\u00f6nne s\u00e4ilyy aina priimakunnossa!<\/p>\n\n\n\n<blockquote class=\"wp-block-quote is-layout-flow wp-block-quote-is-layout-flow\">\n<p class=\"has-text-align-center\"><strong>NAPS &#8211; Kiinteist\u00f6huoltoa, jossa laatu ja luotettavuus kohtaavat<\/strong><\/p>\n<\/blockquote>\n","protected":false},"excerpt":{"rendered":"<p>Tervetuloa tutustumaan siivous- ja kiinteist\u00f6huoltoalan yritykseemme Napalaakso Property Solutions Opy:n \u2013 alueesi luotettavimpaan kumppaniin kiinteist\u00f6jen yll\u00e4pidossa ja puhtaanapidossa! NAPS on [&hellip;]<\/p>\n","protected":false},"author":42941,"featured_media":0,"parent":0,"menu_order":0,"comment_status":"closed","ping_status":"closed","template":"","meta":{"_bbp_topic_count":0,"_bbp_reply_count":0,"_bbp_total_topic_count":0,"_bbp_total_reply_count":0,"_bbp_voice_count":0,"_bbp_anonymous_reply_count":0,"_bbp_topic_count_hidden":0,"_bbp_reply_count_hidden":0,"_bbp_forum_subforum_count":0,"site-sidebar-layout":"default","site-content-layout":"","ast-site-content-layout":"default","site-content-style":"default","site-sidebar-style":"default","ast-global-header-display":"","ast-banner-title-visibility":"","ast-main-header-display":"","ast-hfb-above-header-display":"","ast-hfb-below-header-display":"","ast-hfb-mobile-header-display":"","site-post-title":"","ast-breadcrumbs-content":"","ast-featured-img":"","footer-sml-layout":"","ast-disable-related-posts":"","theme-transparent-header-meta":"","adv-header-id-meta":"","stick-header-meta":"","header-above-stick-meta":"","header-main-stick-meta":"","header-below-stick-meta":"","astra-migrate-meta-layouts":"default","ast-page-background-enabled":"default","ast-page-background-meta":{"desktop":{"background-color":"var(--ast-global-color-4)","background-image":"","background-repeat":"repeat","background-position":"center center","background-size":"auto","background-attachment":"scroll","background-type":"","background-media":"","overlay-type":"","overlay-color":"","overlay-opacity":"","overlay-gradient":""},"tablet":{"background-color":"","background-image":"","background-repeat":"repeat","background-position":"center center","background-size":"auto","background-attachment":"scroll","background-type":"","background-media":"","overlay-type":"","overlay-color":"","overlay-opacity":"","overlay-gradient":""},"mobile":{"background-color":"","background-image":"","background-repeat":"repeat","background-position":"center center","background-size":"auto","background-attachment":"scroll","background-type":"","background-media":"","overlay-type":"","overlay-color":"","overlay-opacity":"","overlay-gradient":""}},"ast-content-background-meta":{"desktop":{"background-color":"var(--ast-global-color-5)","background-image":"","background-repeat":"repeat","background-position":"center center","background-size":"auto","background-attachment":"scroll","background-type":"","background-media":"","overlay-type":"","overlay-color":"","overlay-opacity":"","overlay-gradient":""},"tablet":{"background-color":"var(--ast-global-color-5)","background-image":"","background-repeat":"repeat","background-position":"center center","background-size":"auto","background-attachment":"scroll","background-type":"","background-media":"","overlay-type":"","overlay-color":"","overlay-opacity":"","overlay-gradient":""},"mobile":{"background-color":"var(--ast-global-color-5)","background-image":"","background-repeat":"repeat","background-position":"center center","background-size":"auto","background-attachment":"scroll","background-type":"","background-media":"","overlay-type":"","overlay-color":"","overlay-opacity":"","overlay-gradient":""}},"footnotes":""},"class_list":["post-136","page","type-page","status-publish","hentry"],"_links":{"self":[{"href":"https:\/\/blogi.eoppimispalvelut.fi\/naps\/wp-json\/wp\/v2\/pages\/136","targetHints":{"allow":["GET"]}}],"collection":[{"href":"https:\/\/blogi.eoppimispalvelut.fi\/naps\/wp-json\/wp\/v2\/pages"}],"about":[{"href":"https:\/\/blogi.eoppimispalvelut.fi\/naps\/wp-json\/wp\/v2\/types\/page"}],"author":[{"embeddable":true,"href":"https:\/\/blogi.eoppimispalvelut.fi\/naps\/wp-json\/wp\/v2\/users\/42941"}],"replies":[{"embeddable":true,"href":"https:\/\/blogi.eoppimispalvelut.fi\/naps\/wp-json\/wp\/v2\/comments?post=136"}],"version-history":[{"count":4,"href":"https:\/\/blogi.eoppimispalvelut.fi\/naps\/wp-json\/wp\/v2\/pages\/136\/revisions"}],"predecessor-version":[{"id":182,"href":"https:\/\/blogi.eoppimispalvelut.fi\/naps\/wp-json\/wp\/v2\/pages\/136\/revisions\/182"}],"wp:attachment":[{"href":"https:\/\/blogi.eoppimispalvelut.fi\/naps\/wp-json\/wp\/v2\/media?parent=136"}],"curies":[{"name":"wp","href":"https:\/\/api.w.org\/{rel}","templated":true}]}}