{"id":2,"date":"2024-01-31T13:03:53","date_gmt":"2024-01-31T11:03:53","guid":{"rendered":"https:\/\/blogi.eoppimispalvelut.fi\/naps\/?page_id=2"},"modified":"2024-04-10T14:05:26","modified_gmt":"2024-04-10T11:05:26","slug":"esimerkkisivu","status":"publish","type":"page","link":"https:\/\/blogi.eoppimispalvelut.fi\/naps\/esimerkkisivu\/","title":{"rendered":"Yhteydenotto"},"content":{"rendered":"\n<blockquote class=\"wp-block-quote is-layout-flow wp-block-quote-is-layout-flow\">\n<p class=\"has-text-align-center\">Tervehdys!<\/p>\n\n\n\n<p class=\"has-text-align-center\">Jos teill\u00e4 on jotain kysytt\u00e4v\u00e4\u00e4 tuotteistamme tai palveluistamme, ota meihin rohkeasti yhteytt\u00e4 alla olevan lomakkeen avulla. Otamme my\u00f6s  mielell\u00e4mme vastaan palautetta ja tuotekehitysideoita. <\/p>\n\n\n\n<p class=\"has-text-align-center\">Pyrimme vastaamaan mahdollisimman nopeasti s\u00e4hk\u00f6postitse.<\/p>\n<\/blockquote>\n\n\n\n<p><\/p>\n\n\n\n<blockquote class=\"wp-block-quote is-layout-flow wp-block-quote-is-layout-flow\">\n<p class=\"has-text-align-center\">Reklamaatio tilanteissa, asiakkaan tulee tehd\u00e4 reklamaatio mahdollisimman pian virheen havaittuaan, viimeist\u00e4\u00e4n kuitenkin kahden p\u00e4iv\u00e4n kuluessa palvelun suorittamisesta. Reklamaatiot l\u00e4hetet\u00e4\u00e4n NAPSin asiakaspalveluun.<\/p>\n\n\n\n<p class=\"has-text-align-center\">NAPS on vakuuttanut palvelunsa, toimintansa ja ty\u00f6ntekij\u00e4ns\u00e4 vastuuvakuutuksella. NAPS ei vastaa omaisuusvahingoista, jotka tapahtuvat ty\u00f6ntekij\u00e4n noudattamissa ohjeissa tai tavanomaisissa ty\u00f6teht\u00e4viss\u00e4, eik\u00e4 my\u00f6sk\u00e4\u00e4n vahingoista, jotka johtuvat k\u00e4ytt\u00f6- tai kulutusesineiden normaalista k\u00e4yt\u00f6st\u00e4 tai kulumisesta. NAPS ei my\u00f6sk\u00e4\u00e4n vastaa ylivoimaisista esteist\u00e4 tai niihin verrattavista syist\u00e4 johtuvista vahingoista.<\/p>\n\n\n\n<p class=\"has-text-align-center\">Jos ty\u00f6ss\u00e4 sattuu vahinko, asiakkaan on ilmoitettava siit\u00e4 v\u00e4litt\u00f6m\u00e4sti asiakaspalveluun tai alueen vastuuhenkil\u00f6lle. Vahinkotapaukset k\u00e4sitell\u00e4\u00e4n niin nopeasti kuin mahdollista, kuitenkin viimeist\u00e4\u00e4n kuukauden kuluessa. Vakuutusyhti\u00f6n kautta tapahtuvat korvausvaatimukset k\u00e4sitell\u00e4\u00e4n kyseisen yhti\u00f6n k\u00e4yt\u00e4nt\u00f6jen ja aikataulujen mukaisesti.<\/p>\n\n\n\n<p><\/p>\n<\/blockquote>\n","protected":false},"excerpt":{"rendered":"<p>Tervehdys! Jos teill\u00e4 on jotain kysytt\u00e4v\u00e4\u00e4 tuotteistamme tai palveluistamme, ota meihin rohkeasti yhteytt\u00e4 alla olevan lomakkeen avulla. Otamme my\u00f6s mielell\u00e4mme [&hellip;]<\/p>\n","protected":false},"author":42941,"featured_media":0,"parent":0,"menu_order":0,"comment_status":"closed","ping_status":"open","template":"","meta":{"_bbp_topic_count":0,"_bbp_reply_count":0,"_bbp_total_topic_count":0,"_bbp_total_reply_count":0,"_bbp_voice_count":0,"_bbp_anonymous_reply_count":0,"_bbp_topic_count_hidden":0,"_bbp_reply_count_hidden":0,"_bbp_forum_subforum_count":0,"site-sidebar-layout":"default","site-content-layout":"","ast-site-content-layout":"default","site-content-style":"default","site-sidebar-style":"default","ast-global-header-display":"","ast-banner-title-visibility":"","ast-main-header-display":"","ast-hfb-above-header-display":"","ast-hfb-below-header-display":"","ast-hfb-mobile-header-display":"","site-post-title":"","ast-breadcrumbs-content":"","ast-featured-img":"","footer-sml-layout":"","ast-disable-related-posts":"","theme-transparent-header-meta":"","adv-header-id-meta":"","stick-header-meta":"","header-above-stick-meta":"","header-main-stick-meta":"","header-below-stick-meta":"","astra-migrate-meta-layouts":"default","ast-page-background-enabled":"default","ast-page-background-meta":{"desktop":{"background-color":"var(--ast-global-color-4)","background-image":"","background-repeat":"repeat","background-position":"center center","background-size":"auto","background-attachment":"scroll","background-type":"","background-media":"","overlay-type":"","overlay-color":"","overlay-opacity":"","overlay-gradient":""},"tablet":{"background-color":"","background-image":"","background-repeat":"repeat","background-position":"center center","background-size":"auto","background-attachment":"scroll","background-type":"","background-media":"","overlay-type":"","overlay-color":"","overlay-opacity":"","overlay-gradient":""},"mobile":{"background-color":"","background-image":"","background-repeat":"repeat","background-position":"center center","background-size":"auto","background-attachment":"scroll","background-type":"","background-media":"","overlay-type":"","overlay-color":"","overlay-opacity":"","overlay-gradient":""}},"ast-content-background-meta":{"desktop":{"background-color":"var(--ast-global-color-5)","background-image":"","background-repeat":"repeat","background-position":"center center","background-size":"auto","background-attachment":"scroll","background-type":"","background-media":"","overlay-type":"","overlay-color":"","overlay-opacity":"","overlay-gradient":""},"tablet":{"background-color":"var(--ast-global-color-5)","background-image":"","background-repeat":"repeat","background-position":"center center","background-size":"auto","background-attachment":"scroll","background-type":"","background-media":"","overlay-type":"","overlay-color":"","overlay-opacity":"","overlay-gradient":""},"mobile":{"background-color":"var(--ast-global-color-5)","background-image":"","background-repeat":"repeat","background-position":"center center","background-size":"auto","background-attachment":"scroll","background-type":"","background-media":"","overlay-type":"","overlay-color":"","overlay-opacity":"","overlay-gradient":""}},"footnotes":""},"class_list":["post-2","page","type-page","status-publish","hentry"],"_links":{"self":[{"href":"https:\/\/blogi.eoppimispalvelut.fi\/naps\/wp-json\/wp\/v2\/pages\/2","targetHints":{"allow":["GET"]}}],"collection":[{"href":"https:\/\/blogi.eoppimispalvelut.fi\/naps\/wp-json\/wp\/v2\/pages"}],"about":[{"href":"https:\/\/blogi.eoppimispalvelut.fi\/naps\/wp-json\/wp\/v2\/types\/page"}],"author":[{"embeddable":true,"href":"https:\/\/blogi.eoppimispalvelut.fi\/naps\/wp-json\/wp\/v2\/users\/42941"}],"replies":[{"embeddable":true,"href":"https:\/\/blogi.eoppimispalvelut.fi\/naps\/wp-json\/wp\/v2\/comments?post=2"}],"version-history":[{"count":6,"href":"https:\/\/blogi.eoppimispalvelut.fi\/naps\/wp-json\/wp\/v2\/pages\/2\/revisions"}],"predecessor-version":[{"id":208,"href":"https:\/\/blogi.eoppimispalvelut.fi\/naps\/wp-json\/wp\/v2\/pages\/2\/revisions\/208"}],"wp:attachment":[{"href":"https:\/\/blogi.eoppimispalvelut.fi\/naps\/wp-json\/wp\/v2\/media?parent=2"}],"curies":[{"name":"wp","href":"https:\/\/api.w.org\/{rel}","templated":true}]}}