{"id":44,"date":"2024-02-07T09:25:35","date_gmt":"2024-02-07T07:25:35","guid":{"rendered":"https:\/\/blogi.eoppimispalvelut.fi\/naps\/?page_id=44"},"modified":"2024-03-12T10:57:46","modified_gmt":"2024-03-12T08:57:46","slug":"tuotteemme-ja-palvelumme","status":"publish","type":"page","link":"https:\/\/blogi.eoppimispalvelut.fi\/naps\/tuotteemme-ja-palvelumme\/","title":{"rendered":"Tuotteemme ja palvelumme"},"content":{"rendered":"\n<div class=\"wp-block-columns is-layout-flex wp-container-core-columns-is-layout-28f84493 wp-block-columns-is-layout-flex\">\n<div class=\"wp-block-column is-layout-flow wp-block-column-is-layout-flow\" style=\"flex-basis:66.66%\">\n<p class=\"has-text-align-center\">Palveluihimme kuuluu muun muassa lumenaurausp\u00e4ivystys, toimisto- ja liiketilojen siivoukset, ikkunoiden pesu sek\u00e4 j\u00e4tehuolto. Tarjonnastamme l\u00f6ytyy valmiita palvelupaketteja, mutta mielell\u00e4\u00e4n suunnittelemme tarpeisiinne sopivan kokonaisuuden. Ole rohkeasti yhteydess\u00e4 yhteydenpitolomakkeen kautta!<\/p>\n\n\n\n<p class=\"has-text-align-center\">Olemme sitoutuneet tarjoamaan laadukkaita ja luotettavia siivous- ja kiinteist\u00f6nhuoltopalveluita Napalaakson yrityksille. Tiimimme koostuu ammattitaitoisista ja kokeneista siivoojista sek\u00e4 kiinteist\u00f6nhoitajista, jotka paneutuvat ty\u00f6h\u00f6ns\u00e4 intohimoisesti ja asiakasl\u00e4ht\u00f6isesti.<\/p>\n\n\n\n<p class=\"has-text-align-center\">Siivouspalvelumme kattavat monipuolisesti erilaisia kohteita, toimistoista teollisuustiloihin. Huolehdimme perusteellisesti niin lattioiden pesusta kuin pintojen ja ikkunoidenkin puhdistuksesta. Pyrimme aina k\u00e4ytt\u00e4m\u00e4\u00e4n ymp\u00e4rist\u00f6yst\u00e4v\u00e4llisi\u00e4 ja tehokkaita siivousaineita varmistaaksemme sek\u00e4 puhtaan lopputuloksen ett\u00e4 ymp\u00e4rist\u00f6yst\u00e4v\u00e4llisyyden.<\/p>\n<\/div>\n\n\n\n<div class=\"wp-block-column is-vertically-aligned-center is-layout-flow wp-block-column-is-layout-flow\" style=\"flex-basis:33.33%\">\n<figure class=\"wp-block-image aligncenter size-large is-resized\"><img loading=\"lazy\" decoding=\"async\" width=\"683\" height=\"1024\" src=\"https:\/\/blogi.eoppimispalvelut.fi\/naps\/files\/2024\/02\/daiga-ellaby-uooMllXe6gE-unsplash-1-683x1024.jpg\" alt=\"\" class=\"wp-image-173\" style=\"width:235px;height:auto\" srcset=\"https:\/\/blogi.eoppimispalvelut.fi\/naps\/files\/2024\/02\/daiga-ellaby-uooMllXe6gE-unsplash-1-683x1024.jpg 683w, https:\/\/blogi.eoppimispalvelut.fi\/naps\/files\/2024\/02\/daiga-ellaby-uooMllXe6gE-unsplash-1-200x300.jpg 200w, https:\/\/blogi.eoppimispalvelut.fi\/naps\/files\/2024\/02\/daiga-ellaby-uooMllXe6gE-unsplash-1-768x1152.jpg 768w, https:\/\/blogi.eoppimispalvelut.fi\/naps\/files\/2024\/02\/daiga-ellaby-uooMllXe6gE-unsplash-1-1024x1536.jpg 1024w, https:\/\/blogi.eoppimispalvelut.fi\/naps\/files\/2024\/02\/daiga-ellaby-uooMllXe6gE-unsplash-1-1365x2048.jpg 1365w, https:\/\/blogi.eoppimispalvelut.fi\/naps\/files\/2024\/02\/daiga-ellaby-uooMllXe6gE-unsplash-1-scaled.jpg 1707w\" sizes=\"auto, (max-width: 683px) 100vw, 683px\" \/><\/figure>\n<\/div>\n<\/div>\n\n\n\n<p class=\"has-text-align-center\"><\/p>\n\n\n\n<div class=\"wp-block-columns is-layout-flex wp-container-core-columns-is-layout-28f84493 wp-block-columns-is-layout-flex\">\n<div class=\"wp-block-column is-layout-flow wp-block-column-is-layout-flow\" style=\"flex-basis:33.33%\">\n<figure class=\"wp-block-image size-large\"><img loading=\"lazy\" decoding=\"async\" width=\"1024\" height=\"683\" src=\"https:\/\/blogi.eoppimispalvelut.fi\/naps\/files\/2024\/02\/lycs-architecture-U2BI3GMnSSE-unsplash-1024x683.jpg\" alt=\"\" class=\"wp-image-174\" srcset=\"https:\/\/blogi.eoppimispalvelut.fi\/naps\/files\/2024\/02\/lycs-architecture-U2BI3GMnSSE-unsplash-1024x683.jpg 1024w, https:\/\/blogi.eoppimispalvelut.fi\/naps\/files\/2024\/02\/lycs-architecture-U2BI3GMnSSE-unsplash-300x200.jpg 300w, https:\/\/blogi.eoppimispalvelut.fi\/naps\/files\/2024\/02\/lycs-architecture-U2BI3GMnSSE-unsplash-768x512.jpg 768w, https:\/\/blogi.eoppimispalvelut.fi\/naps\/files\/2024\/02\/lycs-architecture-U2BI3GMnSSE-unsplash-1536x1025.jpg 1536w, https:\/\/blogi.eoppimispalvelut.fi\/naps\/files\/2024\/02\/lycs-architecture-U2BI3GMnSSE-unsplash-2048x1366.jpg 2048w\" sizes=\"auto, (max-width: 1024px) 100vw, 1024px\" \/><\/figure>\n<\/div>\n\n\n\n<div class=\"wp-block-column is-layout-flow wp-block-column-is-layout-flow\" style=\"flex-basis:66.66%\">\n<p class=\"has-text-align-center\">Kiinteist\u00f6huoltopalvelumme puolestaan pit\u00e4v\u00e4t huolen siit\u00e4, ett\u00e4 kiinteist\u00f6nne on aina turvallinen, siisti ja toimintakunnossa. Huolehdimme kiinteist\u00f6n yll\u00e4pidosta, teknisest\u00e4 kunnossapidosta ja tarvittaessa my\u00f6s pienist\u00e4 korjaust\u00f6ist\u00e4. Toimimme nopeasti ja tehokkaasti, jotta toimintanne sujuisi mutkattomasti ja ongelmitta.<\/p>\n\n\n\n<p class=\"has-text-align-center\">Asiakkaanamme voitte luottaa siihen, ett\u00e4 hoidamme teht\u00e4v\u00e4mme ammattitaidolla ja luottamuksella. Pyrimme aina luomaan pitk\u00e4aikaisia asiakassuhteita. Teid\u00e4n tarpeenne ja toiveenne ovat meille ensisijaisen t\u00e4rkeit\u00e4, ja r\u00e4\u00e4t\u00e4l\u00f6imme palvelumme juuri teid\u00e4n tarpeidenne mukaisesti.<\/p>\n<\/div>\n<\/div>\n\n\n\n<div class=\"wp-block-columns is-layout-flex wp-container-core-columns-is-layout-28f84493 wp-block-columns-is-layout-flex\">\n<div class=\"wp-block-column is-layout-flow wp-block-column-is-layout-flow\">\n<p><\/p>\n\n\n\n<p class=\"has-text-align-center\">Kauttamme voit hankkia my\u00f6s ekologisia p\u00e4ivitt\u00e4isk\u00e4yt\u00f6ss\u00e4 olevia siivousaineita ja -tarvikkeita, esimerkiksi yleispuhdistusaineita sek\u00e4 astianpesuainetta.<\/p>\n<\/div>\n\n\n\n<div class=\"wp-block-column is-layout-flow wp-block-column-is-layout-flow\">\n<figure class=\"wp-block-image aligncenter size-large is-resized\"><img loading=\"lazy\" decoding=\"async\" width=\"1024\" height=\"683\" src=\"https:\/\/blogi.eoppimispalvelut.fi\/naps\/files\/2024\/02\/pille-r-priske-Y1JjwhHaPRM-unsplash-2-1024x683.jpg\" alt=\"\" class=\"wp-image-175\" style=\"width:364px;height:auto\" srcset=\"https:\/\/blogi.eoppimispalvelut.fi\/naps\/files\/2024\/02\/pille-r-priske-Y1JjwhHaPRM-unsplash-2-1024x683.jpg 1024w, https:\/\/blogi.eoppimispalvelut.fi\/naps\/files\/2024\/02\/pille-r-priske-Y1JjwhHaPRM-unsplash-2-300x200.jpg 300w, https:\/\/blogi.eoppimispalvelut.fi\/naps\/files\/2024\/02\/pille-r-priske-Y1JjwhHaPRM-unsplash-2-768x512.jpg 768w, https:\/\/blogi.eoppimispalvelut.fi\/naps\/files\/2024\/02\/pille-r-priske-Y1JjwhHaPRM-unsplash-2-1536x1024.jpg 1536w, https:\/\/blogi.eoppimispalvelut.fi\/naps\/files\/2024\/02\/pille-r-priske-Y1JjwhHaPRM-unsplash-2-2048x1365.jpg 2048w\" sizes=\"auto, (max-width: 1024px) 100vw, 1024px\" \/><\/figure>\n<\/div>\n<\/div>\n","protected":false},"excerpt":{"rendered":"<p>Palveluihimme kuuluu muun muassa lumenaurausp\u00e4ivystys, toimisto- ja liiketilojen siivoukset, ikkunoiden pesu sek\u00e4 j\u00e4tehuolto. Tarjonnastamme l\u00f6ytyy valmiita palvelupaketteja, mutta mielell\u00e4\u00e4n suunnittelemme [&hellip;]<\/p>\n","protected":false},"author":41187,"featured_media":0,"parent":0,"menu_order":0,"comment_status":"closed","ping_status":"closed","template":"","meta":{"_bbp_topic_count":0,"_bbp_reply_count":0,"_bbp_total_topic_count":0,"_bbp_total_reply_count":0,"_bbp_voice_count":0,"_bbp_anonymous_reply_count":0,"_bbp_topic_count_hidden":0,"_bbp_reply_count_hidden":0,"_bbp_forum_subforum_count":0,"site-sidebar-layout":"default","site-content-layout":"","ast-site-content-layout":"default","site-content-style":"default","site-sidebar-style":"default","ast-global-header-display":"","ast-banner-title-visibility":"","ast-main-header-display":"","ast-hfb-above-header-display":"","ast-hfb-below-header-display":"","ast-hfb-mobile-header-display":"","site-post-title":"","ast-breadcrumbs-content":"","ast-featured-img":"","footer-sml-layout":"","ast-disable-related-posts":"","theme-transparent-header-meta":"","adv-header-id-meta":"","stick-header-meta":"","header-above-stick-meta":"","header-main-stick-meta":"","header-below-stick-meta":"","astra-migrate-meta-layouts":"default","ast-page-background-enabled":"default","ast-page-background-meta":{"desktop":{"background-color":"var(--ast-global-color-4)","background-image":"","background-repeat":"repeat","background-position":"center center","background-size":"auto","background-attachment":"scroll","background-type":"","background-media":"","overlay-type":"","overlay-color":"","overlay-opacity":"","overlay-gradient":""},"tablet":{"background-color":"","background-image":"","background-repeat":"repeat","background-position":"center center","background-size":"auto","background-attachment":"scroll","background-type":"","background-media":"","overlay-type":"","overlay-color":"","overlay-opacity":"","overlay-gradient":""},"mobile":{"background-color":"","background-image":"","background-repeat":"repeat","background-position":"center center","background-size":"auto","background-attachment":"scroll","background-type":"","background-media":"","overlay-type":"","overlay-color":"","overlay-opacity":"","overlay-gradient":""}},"ast-content-background-meta":{"desktop":{"background-color":"var(--ast-global-color-5)","background-image":"","background-repeat":"repeat","background-position":"center center","background-size":"auto","background-attachment":"scroll","background-type":"","background-media":"","overlay-type":"","overlay-color":"","overlay-opacity":"","overlay-gradient":""},"tablet":{"background-color":"var(--ast-global-color-5)","background-image":"","background-repeat":"repeat","background-position":"center center","background-size":"auto","background-attachment":"scroll","background-type":"","background-media":"","overlay-type":"","overlay-color":"","overlay-opacity":"","overlay-gradient":""},"mobile":{"background-color":"var(--ast-global-color-5)","background-image":"","background-repeat":"repeat","background-position":"center center","background-size":"auto","background-attachment":"scroll","background-type":"","background-media":"","overlay-type":"","overlay-color":"","overlay-opacity":"","overlay-gradient":""}},"footnotes":""},"class_list":["post-44","page","type-page","status-publish","hentry"],"_links":{"self":[{"href":"https:\/\/blogi.eoppimispalvelut.fi\/naps\/wp-json\/wp\/v2\/pages\/44","targetHints":{"allow":["GET"]}}],"collection":[{"href":"https:\/\/blogi.eoppimispalvelut.fi\/naps\/wp-json\/wp\/v2\/pages"}],"about":[{"href":"https:\/\/blogi.eoppimispalvelut.fi\/naps\/wp-json\/wp\/v2\/types\/page"}],"author":[{"embeddable":true,"href":"https:\/\/blogi.eoppimispalvelut.fi\/naps\/wp-json\/wp\/v2\/users\/41187"}],"replies":[{"embeddable":true,"href":"https:\/\/blogi.eoppimispalvelut.fi\/naps\/wp-json\/wp\/v2\/comments?post=44"}],"version-history":[{"count":8,"href":"https:\/\/blogi.eoppimispalvelut.fi\/naps\/wp-json\/wp\/v2\/pages\/44\/revisions"}],"predecessor-version":[{"id":202,"href":"https:\/\/blogi.eoppimispalvelut.fi\/naps\/wp-json\/wp\/v2\/pages\/44\/revisions\/202"}],"wp:attachment":[{"href":"https:\/\/blogi.eoppimispalvelut.fi\/naps\/wp-json\/wp\/v2\/media?parent=44"}],"curies":[{"name":"wp","href":"https:\/\/api.w.org\/{rel}","templated":true}]}}