{"id":47,"date":"2024-02-07T09:37:30","date_gmt":"2024-02-07T07:37:30","guid":{"rendered":"https:\/\/blogi.eoppimispalvelut.fi\/naps\/?page_id=47"},"modified":"2024-04-10T15:30:51","modified_gmt":"2024-04-10T12:30:51","slug":"hinnasto","status":"publish","type":"page","link":"https:\/\/blogi.eoppimispalvelut.fi\/naps\/hinnasto\/","title":{"rendered":"Hinnasto"},"content":{"rendered":"\n<div class=\"wp-block-columns is-layout-flex wp-container-core-columns-is-layout-28f84493 wp-block-columns-is-layout-flex\">\n<div class=\"wp-block-column is-layout-flow wp-block-column-is-layout-flow\">\n<figure class=\"wp-block-image alignleft size-large is-resized\"><img loading=\"lazy\" decoding=\"async\" width=\"1024\" height=\"1024\" src=\"https:\/\/blogi.eoppimispalvelut.fi\/naps\/files\/2024\/02\/1-1024x1024.png\" alt=\"\" class=\"wp-image-189\" style=\"width:435px;height:auto\" srcset=\"https:\/\/blogi.eoppimispalvelut.fi\/naps\/files\/2024\/02\/1-1024x1024.png 1024w, https:\/\/blogi.eoppimispalvelut.fi\/naps\/files\/2024\/02\/1-300x300.png 300w, https:\/\/blogi.eoppimispalvelut.fi\/naps\/files\/2024\/02\/1-150x150.png 150w, https:\/\/blogi.eoppimispalvelut.fi\/naps\/files\/2024\/02\/1-768x768.png 768w, https:\/\/blogi.eoppimispalvelut.fi\/naps\/files\/2024\/02\/1.png 1080w\" sizes=\"auto, (max-width: 1024px) 100vw, 1024px\" \/><\/figure>\n<\/div>\n\n\n\n<div class=\"wp-block-column is-layout-flow wp-block-column-is-layout-flow\">\n<figure class=\"wp-block-image alignright size-large is-resized\"><img loading=\"lazy\" decoding=\"async\" width=\"1024\" height=\"1024\" src=\"https:\/\/blogi.eoppimispalvelut.fi\/naps\/files\/2024\/02\/2-1-1024x1024.png\" alt=\"\" class=\"wp-image-190\" style=\"width:437px;height:auto\" srcset=\"https:\/\/blogi.eoppimispalvelut.fi\/naps\/files\/2024\/02\/2-1-1024x1024.png 1024w, https:\/\/blogi.eoppimispalvelut.fi\/naps\/files\/2024\/02\/2-1-300x300.png 300w, https:\/\/blogi.eoppimispalvelut.fi\/naps\/files\/2024\/02\/2-1-150x150.png 150w, https:\/\/blogi.eoppimispalvelut.fi\/naps\/files\/2024\/02\/2-1-768x768.png 768w, https:\/\/blogi.eoppimispalvelut.fi\/naps\/files\/2024\/02\/2-1.png 1080w\" sizes=\"auto, (max-width: 1024px) 100vw, 1024px\" \/><\/figure>\n<\/div>\n<\/div>\n\n\n\n<div class=\"wp-block-columns is-layout-flex wp-container-core-columns-is-layout-28f84493 wp-block-columns-is-layout-flex\">\n<div class=\"wp-block-column is-layout-flow wp-block-column-is-layout-flow\">\n<figure class=\"wp-block-image size-large is-resized\"><img loading=\"lazy\" decoding=\"async\" width=\"1024\" height=\"1024\" src=\"https:\/\/blogi.eoppimispalvelut.fi\/naps\/files\/2024\/02\/3-1-1024x1024.png\" alt=\"\" class=\"wp-image-191\" style=\"width:434px;height:auto\" srcset=\"https:\/\/blogi.eoppimispalvelut.fi\/naps\/files\/2024\/02\/3-1-1024x1024.png 1024w, https:\/\/blogi.eoppimispalvelut.fi\/naps\/files\/2024\/02\/3-1-300x300.png 300w, https:\/\/blogi.eoppimispalvelut.fi\/naps\/files\/2024\/02\/3-1-150x150.png 150w, https:\/\/blogi.eoppimispalvelut.fi\/naps\/files\/2024\/02\/3-1-768x768.png 768w, https:\/\/blogi.eoppimispalvelut.fi\/naps\/files\/2024\/02\/3-1.png 1080w\" sizes=\"auto, (max-width: 1024px) 100vw, 1024px\" \/><\/figure>\n<\/div>\n\n\n\n<div class=\"wp-block-column is-layout-flow wp-block-column-is-layout-flow\">\n<figure class=\"wp-block-image alignright size-large is-resized\"><img loading=\"lazy\" decoding=\"async\" width=\"1080\" height=\"1080\" src=\"https:\/\/blogi.eoppimispalvelut.fi\/naps\/files\/2024\/02\/4-1024x1024.png\" alt=\"\" class=\"wp-image-192\" style=\"width:438px;height:auto\" srcset=\"https:\/\/blogi.eoppimispalvelut.fi\/naps\/files\/2024\/02\/4-1024x1024.png 1024w, https:\/\/blogi.eoppimispalvelut.fi\/naps\/files\/2024\/02\/4-300x300.png 300w, https:\/\/blogi.eoppimispalvelut.fi\/naps\/files\/2024\/02\/4-150x150.png 150w, https:\/\/blogi.eoppimispalvelut.fi\/naps\/files\/2024\/02\/4-768x768.png 768w, https:\/\/blogi.eoppimispalvelut.fi\/naps\/files\/2024\/02\/4.png 1080w\" sizes=\"auto, (max-width: 1080px) 100vw, 1080px\" \/><\/figure>\n<\/div>\n<\/div>\n\n\n\n<div class=\"wp-block-columns is-layout-flex wp-container-core-columns-is-layout-28f84493 wp-block-columns-is-layout-flex\">\n<div class=\"wp-block-column is-layout-flow wp-block-column-is-layout-flow\">\n<figure class=\"wp-block-image size-large is-resized\"><img loading=\"lazy\" decoding=\"async\" width=\"1024\" height=\"1024\" src=\"https:\/\/blogi.eoppimispalvelut.fi\/naps\/files\/2024\/02\/5-1024x1024.png\" alt=\"\" class=\"wp-image-193\" style=\"width:436px;height:auto\" srcset=\"https:\/\/blogi.eoppimispalvelut.fi\/naps\/files\/2024\/02\/5-1024x1024.png 1024w, https:\/\/blogi.eoppimispalvelut.fi\/naps\/files\/2024\/02\/5-300x300.png 300w, https:\/\/blogi.eoppimispalvelut.fi\/naps\/files\/2024\/02\/5-150x150.png 150w, https:\/\/blogi.eoppimispalvelut.fi\/naps\/files\/2024\/02\/5-768x768.png 768w, https:\/\/blogi.eoppimispalvelut.fi\/naps\/files\/2024\/02\/5.png 1080w\" sizes=\"auto, (max-width: 1024px) 100vw, 1024px\" \/><\/figure>\n<\/div>\n\n\n\n<div class=\"wp-block-column is-layout-flow wp-block-column-is-layout-flow\"><\/div>\n<\/div>\n\n\n\n<h3 class=\"wp-block-heading has-text-align-center\">Ota rohkeasti yhteytt\u00e4 ja suunnitellaan teille sopivin paketti.<\/h3>\n\n\n\n<p class=\"has-text-align-center\">Hinnat eiv\u00e4t sis\u00e4ll\u00e4 arvonlis\u00e4veroa (alv. 24%)<\/p>\n\n\n\n<p class=\"has-text-align-center\">T\u00e4ss\u00e4 ovat peruutusehdot siivouspalvelun kuukausitilaukselle, jossa vaaditaan nelj\u00e4n viikon irtisanomisaikaa:<\/p>\n\n\n\n<p class=\"has-text-align-center\">Irtisanomisaika on nelj\u00e4 viikkoa ennen seuraavan laskutusjakson alkua. T\u00e4m\u00e4 tarkoittaa sit\u00e4, ett\u00e4 jos haluat lopettaa palvelun, sinun on ilmoitettava siit\u00e4 meille kirjallisesti v\u00e4hint\u00e4\u00e4n nelj\u00e4 viikkoa ennen seuraavan laskutusjakson alkua.<\/p>\n\n\n\n<p class=\"has-text-align-center\">Irtisanomisilmoitus on l\u00e4hetett\u00e4v\u00e4 kirjallisesti s\u00e4hk\u00f6postitse tai postitse. Kun olemme vastaanottaneet ilmoituksen, p\u00e4iv\u00e4, jolloin se on saapunut meille, katsotaan viralliseksi irtisanomisp\u00e4iv\u00e4ksi.<\/p>\n\n\n\n<p class=\"has-text-align-center\">Jos irtisanot tilauksen, sinun on maksettava kaikki palvelusta aiheutuvat maksut irtisanomisajan j\u00e4lkeen, kunnes tilaus p\u00e4\u00e4ttyy. Mutta \u00e4l\u00e4 huoli, palvelu jatkuu normaalisti irtisanomisajan loppuun saakka.<\/p>\n\n\n\n<p class=\"has-text-align-center\">Kun tilaus p\u00e4\u00e4ttyy, emme en\u00e4\u00e4 suorita siivouspalvelua, ja laskutus loppuu kyseisen\u00e4 p\u00e4iv\u00e4n\u00e4.<\/p>\n\n\n\n<p class=\"has-text-align-center\">Jos olet maksanut etuk\u00e4teen tulevia palveluja, niit\u00e4 ei palauteta, mutta saat tietenkin ne palvelut, jotka olet jo maksanut irtisanomisajan loppuun saakka<\/p>\n","protected":false},"excerpt":{"rendered":"<p>Ota rohkeasti yhteytt\u00e4 ja suunnitellaan teille sopivin paketti. Hinnat eiv\u00e4t sis\u00e4ll\u00e4 arvonlis\u00e4veroa (alv. 24%) T\u00e4ss\u00e4 ovat peruutusehdot siivouspalvelun kuukausitilaukselle, jossa [&hellip;]<\/p>\n","protected":false},"author":42941,"featured_media":0,"parent":0,"menu_order":0,"comment_status":"closed","ping_status":"closed","template":"","meta":{"_bbp_topic_count":0,"_bbp_reply_count":0,"_bbp_total_topic_count":0,"_bbp_total_reply_count":0,"_bbp_voice_count":0,"_bbp_anonymous_reply_count":0,"_bbp_topic_count_hidden":0,"_bbp_reply_count_hidden":0,"_bbp_forum_subforum_count":0,"site-sidebar-layout":"default","site-content-layout":"","ast-site-content-layout":"default","site-content-style":"default","site-sidebar-style":"default","ast-global-header-display":"","ast-banner-title-visibility":"","ast-main-header-display":"","ast-hfb-above-header-display":"","ast-hfb-below-header-display":"","ast-hfb-mobile-header-display":"","site-post-title":"","ast-breadcrumbs-content":"","ast-featured-img":"","footer-sml-layout":"","ast-disable-related-posts":"","theme-transparent-header-meta":"","adv-header-id-meta":"","stick-header-meta":"","header-above-stick-meta":"","header-main-stick-meta":"","header-below-stick-meta":"","astra-migrate-meta-layouts":"default","ast-page-background-enabled":"default","ast-page-background-meta":{"desktop":{"background-color":"var(--ast-global-color-4)","background-image":"","background-repeat":"repeat","background-position":"center center","background-size":"auto","background-attachment":"scroll","background-type":"","background-media":"","overlay-type":"","overlay-color":"","overlay-opacity":"","overlay-gradient":""},"tablet":{"background-color":"","background-image":"","background-repeat":"repeat","background-position":"center center","background-size":"auto","background-attachment":"scroll","background-type":"","background-media":"","overlay-type":"","overlay-color":"","overlay-opacity":"","overlay-gradient":""},"mobile":{"background-color":"","background-image":"","background-repeat":"repeat","background-position":"center center","background-size":"auto","background-attachment":"scroll","background-type":"","background-media":"","overlay-type":"","overlay-color":"","overlay-opacity":"","overlay-gradient":""}},"ast-content-background-meta":{"desktop":{"background-color":"var(--ast-global-color-5)","background-image":"","background-repeat":"repeat","background-position":"center center","background-size":"auto","background-attachment":"scroll","background-type":"","background-media":"","overlay-type":"","overlay-color":"","overlay-opacity":"","overlay-gradient":""},"tablet":{"background-color":"var(--ast-global-color-5)","background-image":"","background-repeat":"repeat","background-position":"center center","background-size":"auto","background-attachment":"scroll","background-type":"","background-media":"","overlay-type":"","overlay-color":"","overlay-opacity":"","overlay-gradient":""},"mobile":{"background-color":"var(--ast-global-color-5)","background-image":"","background-repeat":"repeat","background-position":"center center","background-size":"auto","background-attachment":"scroll","background-type":"","background-media":"","overlay-type":"","overlay-color":"","overlay-opacity":"","overlay-gradient":""}},"footnotes":""},"class_list":["post-47","page","type-page","status-publish","hentry"],"_links":{"self":[{"href":"https:\/\/blogi.eoppimispalvelut.fi\/naps\/wp-json\/wp\/v2\/pages\/47","targetHints":{"allow":["GET"]}}],"collection":[{"href":"https:\/\/blogi.eoppimispalvelut.fi\/naps\/wp-json\/wp\/v2\/pages"}],"about":[{"href":"https:\/\/blogi.eoppimispalvelut.fi\/naps\/wp-json\/wp\/v2\/types\/page"}],"author":[{"embeddable":true,"href":"https:\/\/blogi.eoppimispalvelut.fi\/naps\/wp-json\/wp\/v2\/users\/42941"}],"replies":[{"embeddable":true,"href":"https:\/\/blogi.eoppimispalvelut.fi\/naps\/wp-json\/wp\/v2\/comments?post=47"}],"version-history":[{"count":16,"href":"https:\/\/blogi.eoppimispalvelut.fi\/naps\/wp-json\/wp\/v2\/pages\/47\/revisions"}],"predecessor-version":[{"id":210,"href":"https:\/\/blogi.eoppimispalvelut.fi\/naps\/wp-json\/wp\/v2\/pages\/47\/revisions\/210"}],"wp:attachment":[{"href":"https:\/\/blogi.eoppimispalvelut.fi\/naps\/wp-json\/wp\/v2\/media?parent=47"}],"curies":[{"name":"wp","href":"https:\/\/api.w.org\/{rel}","templated":true}]}}