{"id":1059,"date":"2025-11-14T10:52:40","date_gmt":"2025-11-14T08:52:40","guid":{"rendered":"https:\/\/blogi.eoppimispalvelut.fi\/ngaea\/?page_id=1059"},"modified":"2025-11-14T10:55:57","modified_gmt":"2025-11-14T08:55:57","slug":"living-in-the-landscape","status":"publish","type":"page","link":"https:\/\/blogi.eoppimispalvelut.fi\/ngaea\/living-in-the-landscape\/","title":{"rendered":"Living in the Landscape"},"content":{"rendered":"\n<div class=\"wp-block-group alignfull has-accent-2-background-color has-background has-global-padding is-layout-constrained wp-container-core-group-is-layout-669513ed wp-block-group-is-layout-constrained\" style=\"margin-top:0;margin-bottom:0;padding-top:var(--wp--preset--spacing--50);padding-right:var(--wp--preset--spacing--50);padding-bottom:var(--wp--preset--spacing--50);padding-left:var(--wp--preset--spacing--50)\">\n<div class=\"wp-block-columns alignwide is-layout-flex wp-container-core-columns-is-layout-28f84493 wp-block-columns-is-layout-flex\">\n<div class=\"wp-block-column is-layout-flow wp-block-column-is-layout-flow\" style=\"flex-basis:40%\">\n<p><br><\/p>\n<\/div>\n\n\n\n<div class=\"wp-block-column is-layout-flow wp-block-column-is-layout-flow\" style=\"flex-basis:60%\">\n<p class=\"has-heading-font-family has-x-large-font-size\" style=\"line-height:1.2\">LiLa seeks to respond to the environmental, social, cultural, and economic challenges facing the North and the Arctic by integrating arts, natural sciences, and humanities through education for sustainability. The project\u2019s main objective is to establish a hybrid and place-based summer school model using arts-based and multimethod research approaches to explore Nordic and Arctic landscapes and to support sustainable ways of living.<\/p>\n<\/div>\n<\/div>\n\n\n\n<div style=\"height:var(--wp--preset--spacing--40)\" aria-hidden=\"true\" class=\"wp-block-spacer\"><\/div>\n\n\n\n<figure class=\"wp-block-image alignwide size-large is-style-rounded is-style-rounded--1\"><img loading=\"lazy\" decoding=\"async\" width=\"1024\" height=\"659\" src=\"https:\/\/blogi.eoppimispalvelut.fi\/ngaea\/files\/2025\/11\/burnett-1024x659.png\" alt=\"\" class=\"wp-image-1061\" srcset=\"https:\/\/blogi.eoppimispalvelut.fi\/ngaea\/files\/2025\/11\/burnett-1024x659.png 1024w, https:\/\/blogi.eoppimispalvelut.fi\/ngaea\/files\/2025\/11\/burnett-300x193.png 300w, https:\/\/blogi.eoppimispalvelut.fi\/ngaea\/files\/2025\/11\/burnett-768x494.png 768w, https:\/\/blogi.eoppimispalvelut.fi\/ngaea\/files\/2025\/11\/burnett.png 1100w\" sizes=\"auto, (max-width: 1024px) 100vw, 1024px\" \/><\/figure>\n<\/div>\n\n\n\n<div class=\"wp-block-group alignfull has-base-background-color has-background has-global-padding is-layout-constrained wp-container-core-group-is-layout-d89aad35 wp-block-group-is-layout-constrained\" style=\"margin-top:0;margin-bottom:0;padding-top:var(--wp--preset--spacing--50);padding-right:var(--wp--preset--spacing--50);padding-bottom:var(--wp--preset--spacing--50);padding-left:var(--wp--preset--spacing--50)\">\n<div class=\"wp-block-columns alignwide is-layout-flex wp-container-core-columns-is-layout-549b0c86 wp-block-columns-is-layout-flex\">\n<div class=\"wp-block-column has-global-padding is-content-justification-left is-layout-constrained wp-container-core-column-is-layout-4f15e8fe wp-block-column-is-layout-constrained\" style=\"flex-basis:40%\">\n<p><\/p>\n<\/div>\n\n\n\n<div class=\"wp-block-column is-layout-flow wp-container-core-column-is-layout-119bc444 wp-block-column-is-layout-flow\" style=\"flex-basis:60%\">\n<p class=\"has-heading-font-family has-x-large-font-size\" style=\"line-height:1.2\">Living in the Landscape Summer School 2023-2025: Hybrid Development Project (Lila) is a three year development project that seeks to establish a hybrid realization model of international Summer School of education for sustainability for Ma and PhD students organized in collaboration with 3 universities (Norway, Sweden and Finland), museums and education institutions in each country.<\/p>\n\n\n\n<div class=\"wp-block-columns is-layout-flex wp-container-core-columns-is-layout-87beb0d0 wp-block-columns-is-layout-flex\">\n<div class=\"wp-block-column is-layout-flow wp-block-column-is-layout-flow\">\n<p class=\"wp-container-content-9cfa9a5a\">The Living in the Landscape (LiLa) Summer School (2023\u20132025) is a three-year hybrid development project aiming to create a multidisciplinary, culturally and socially sustainable model for international collaboration in higher education in the Nordic region. The project unites three universities\u2014the University of Lapland (Finland), Nord University (Norway), and Ume\u00e5 University (Sweden)\u2014together with regional museums and international partners from the University of the West of Scotland and the University of the Highlands and Islands.<br><br>The annual LiLa programme consists of online seminars that build theoretical and methodological foundations, fieldwork in alternating Nordic locations, and hybrid exhibitions and publications showcasing students\u2019 and scholars\u2019 artistic and research outcomes. Digital learning tools (Padlet, Miro, virtual exhibitions) and community-based pedagogies enable collaboration and reflection across borders.<\/p>\n<\/div>\n\n\n\n<div class=\"wp-block-column is-layout-flow wp-block-column-is-layout-flow\">\n<p>Regional museums\u2014V\u00e4sterbotten Museum, Arktikum Museum of Lapland, and Helgeland Museum\u2014contribute local expertise, archives, and collections as learning environments. Collaboration with local communities is central: participants engage with residents to understand cultural and environmental contexts and to support local sustainability initiatives and small-scale enterprises.<br><br>Through this partnership, LiLa fosters interdisciplinary networking, produces new artistic and research methods, and strengthens creative capacity in education for sustainability. The project contributes to a deeper, shared understanding of northern landscapes and enhances long-term cooperation between universities, museums, and communities across the Nordic region.<\/p>\n<\/div>\n<\/div>\n<\/div>\n<\/div>\n<\/div>\n\n\n\n<div class=\"wp-block-cover alignfull is-light has-parallax\" style=\"padding-top:var(--wp--preset--spacing--50);padding-right:var(--wp--preset--spacing--50);padding-bottom:var(--wp--preset--spacing--50);padding-left:var(--wp--preset--spacing--50);min-height:100vh;aspect-ratio:unset;\"><div class=\"wp-block-cover__image-background wp-image-1065 size-large has-parallax\" style=\"background-position:50% 50%;background-image:url(https:\/\/blogi.eoppimispalvelut.fi\/ngaea\/files\/2025\/11\/20250522_125541-scaled-1-1024x576.jpg)\"><\/div><span aria-hidden=\"true\" class=\"wp-block-cover__background has-base-background-color has-background-dim-0 has-background-dim\"><\/span><div class=\"wp-block-cover__inner-container has-global-padding is-layout-constrained wp-container-core-cover-is-layout-e4fd886c wp-block-cover-is-layout-constrained\">\n<div style=\"height:500px\" aria-hidden=\"true\" class=\"wp-block-spacer\"><\/div>\n<\/div><\/div>\n\n\n\n<div class=\"wp-block-group alignfull has-base-2-background-color has-background has-global-padding is-layout-constrained wp-container-core-group-is-layout-7cd14b77 wp-block-group-is-layout-constrained\" style=\"margin-top:0;margin-bottom:0;padding-top:var(--wp--preset--spacing--60);padding-right:var(--wp--preset--spacing--60);padding-bottom:var(--wp--preset--spacing--60);padding-left:var(--wp--preset--spacing--60)\">\n<div class=\"wp-block-group alignwide is-layout-flow wp-block-group-is-layout-flow\">\n<div style=\"height:var(--wp--preset--spacing--50)\" aria-hidden=\"true\" class=\"wp-block-spacer\"><\/div>\n\n\n\n<p class=\"has-text-align-center has-heading-font-family has-x-large-font-size\" style=\"font-style:normal;font-weight:400;line-height:1.2\"><br><em>Collaborators<\/em> University of Lapland (Finland), Nord University (Norway), and Ume\u00e5 University (Sweden)\u2014together with regional museums and international partners from the University of the West of Scotland and the University of the Highlands and Islands<br><\/p>\n\n\n\n<div style=\"height:var(--wp--preset--spacing--50)\" aria-hidden=\"true\" class=\"wp-block-spacer\"><\/div>\n<\/div>\n<\/div>\n\n\n\n<div class=\"wp-block-group alignfull has-base-2-color has-contrast-background-color has-text-color has-background has-link-color wp-elements-a70a9a395d7451de25e3dfce9960d80a has-global-padding is-layout-constrained wp-container-core-group-is-layout-facafb6f wp-block-group-is-layout-constrained\" style=\"margin-top:0;margin-bottom:0;padding-top:var(--wp--preset--spacing--50);padding-right:var(--wp--preset--spacing--50);padding-bottom:var(--wp--preset--spacing--50);padding-left:var(--wp--preset--spacing--50)\">\n<div class=\"wp-block-columns alignwide is-layout-flex wp-container-core-columns-is-layout-7a2b1c18 wp-block-columns-is-layout-flex\">\n<div class=\"wp-block-column is-vertically-aligned-top is-layout-flow wp-block-column-is-layout-flow\" style=\"padding-right:0;flex-basis:40%\">\n<figure class=\"wp-block-image size-full\"><img loading=\"lazy\" decoding=\"async\" width=\"600\" height=\"552\" src=\"https:\/\/blogi.eoppimispalvelut.fi\/ngaea\/files\/2025\/11\/Cover_Nurture-e1730615116586.png\" alt=\"\" class=\"wp-image-1062\" srcset=\"https:\/\/blogi.eoppimispalvelut.fi\/ngaea\/files\/2025\/11\/Cover_Nurture-e1730615116586.png 600w, https:\/\/blogi.eoppimispalvelut.fi\/ngaea\/files\/2025\/11\/Cover_Nurture-e1730615116586-300x276.png 300w\" sizes=\"auto, (max-width: 600px) 100vw, 600px\" \/><\/figure>\n<\/div>\n\n\n\n<div class=\"wp-block-column is-layout-flow wp-block-column-is-layout-flow\" style=\"flex-basis:60%\">\n<h3 class=\"wp-block-heading has-base-2-color has-text-color has-link-color has-large-font-size wp-elements-b0d79132dc75fad5da1bf6da62672afa\">Nurture<\/h3>\n\n\n\n<p class=\"has-heading-font-family has-medium-font-size\" style=\"font-style:normal;font-weight:400;line-height:1.2\">H\u00e4rk\u00f6nen, E., Lundstedt, L., Burnett, K., G\u00e5rdvik, M., &amp; Permar, R. (Eds.) (2023). Nurture: Living in the Landscape Summer school and exhibition. Lapin yliopisto.<\/p>\n\n\n\n<p class=\"has-medium-font-size\" style=\"font-style:normal;font-weight:500;line-height:1.2\"><a href=\"https:\/\/urn.fi\/URN:ISBN:978-952-337-400-3\" data-type=\"link\" data-id=\"https:\/\/urn.fi\/URN:ISBN:978-952-337-400-3\">Publication<\/a><\/p>\n<\/div>\n<\/div>\n\n\n\n<div style=\"height:var(--wp--preset--spacing--40)\" aria-hidden=\"true\" class=\"wp-block-spacer\"><\/div>\n\n\n\n<div class=\"wp-block-columns alignwide is-layout-flex wp-container-core-columns-is-layout-658170e2 wp-block-columns-is-layout-flex\">\n<div class=\"wp-block-column is-layout-flow wp-block-column-is-layout-flow\" style=\"flex-basis:40%\">\n<figure class=\"wp-block-image size-full\"><img loading=\"lazy\" decoding=\"async\" width=\"700\" height=\"697\" src=\"https:\/\/blogi.eoppimispalvelut.fi\/ngaea\/files\/2025\/11\/flow_kirja.png\" alt=\"\" class=\"wp-image-1063\" srcset=\"https:\/\/blogi.eoppimispalvelut.fi\/ngaea\/files\/2025\/11\/flow_kirja.png 700w, https:\/\/blogi.eoppimispalvelut.fi\/ngaea\/files\/2025\/11\/flow_kirja-300x300.png 300w, https:\/\/blogi.eoppimispalvelut.fi\/ngaea\/files\/2025\/11\/flow_kirja-150x150.png 150w\" sizes=\"auto, (max-width: 700px) 100vw, 700px\" \/><\/figure>\n<\/div>\n\n\n\n<div class=\"wp-block-column is-layout-flow wp-block-column-is-layout-flow\" style=\"flex-basis:60%\">\n<h2 class=\"wp-block-heading has-base-2-color has-text-color has-link-color wp-elements-4943b3976ae65b4364cc1176be98dfb9\">Flow<\/h2>\n\n\n\n<p class=\"has-heading-font-family has-medium-font-size\">H\u00e4rk\u00f6nen, E., Burnett, K., Lundstedt, L., Permar, R., &amp; G\u00e5rdvik, M. (Eds.) (2024). Flow: Currents of Change in our River Landscapes. Lapin yliopisto.<\/p>\n\n\n\n<p class=\"has-medium-font-size\"><a href=\"https:\/\/urn.fi\/URN:ISBN:978-952-337-455-3\"><strong>Publication<\/strong><\/a><\/p>\n<\/div>\n<\/div>\n\n\n\n<div style=\"height:var(--wp--preset--spacing--40)\" aria-hidden=\"true\" class=\"wp-block-spacer\"><\/div>\n\n\n\n<div class=\"wp-block-columns alignwide is-layout-flex wp-container-core-columns-is-layout-658170e2 wp-block-columns-is-layout-flex\">\n<div class=\"wp-block-column is-layout-flow wp-block-column-is-layout-flow\" style=\"flex-basis:40%\">\n<figure class=\"wp-block-image size-full\"><img loading=\"lazy\" decoding=\"async\" width=\"720\" height=\"699\" src=\"https:\/\/blogi.eoppimispalvelut.fi\/ngaea\/files\/2025\/11\/kindred.png\" alt=\"\" class=\"wp-image-1064\" srcset=\"https:\/\/blogi.eoppimispalvelut.fi\/ngaea\/files\/2025\/11\/kindred.png 720w, https:\/\/blogi.eoppimispalvelut.fi\/ngaea\/files\/2025\/11\/kindred-300x291.png 300w\" sizes=\"auto, (max-width: 720px) 100vw, 720px\" \/><\/figure>\n<\/div>\n\n\n\n<div class=\"wp-block-column is-layout-flow wp-block-column-is-layout-flow\" style=\"flex-basis:60%\">\n<h2 class=\"wp-block-heading has-base-2-color has-text-color has-link-color wp-elements-aa2463df7c959230ba3ee26d542c8c3c\">Kindred<\/h2>\n\n\n\n<p>Lundstedt, L., &amp; H\u00e4rk\u00f6nen, E. (Eds.) (2025). Kindred: Living in the Landscape. Lapin yliopisto.<\/p>\n\n\n\n<p><a href=\"https:\/\/urn.fi\/URN:ISBN:978-952-337-491-1\" data-type=\"link\" data-id=\"https:\/\/urn.fi\/URN:ISBN:978-952-337-491-1\"><strong>Publication<\/strong><\/a><\/p>\n<\/div>\n<\/div>\n\n\n\n<div style=\"height:var(--wp--preset--spacing--40)\" aria-hidden=\"true\" class=\"wp-block-spacer\"><\/div>\n\n\n\n<div class=\"wp-block-columns alignwide is-layout-flex wp-container-core-columns-is-layout-28f84493 wp-block-columns-is-layout-flex\">\n<div class=\"wp-block-column is-layout-flow wp-block-column-is-layout-flow\" style=\"flex-basis:40%\">\n<figure class=\"wp-block-image size-large\"><img loading=\"lazy\" decoding=\"async\" width=\"1024\" height=\"1003\" src=\"https:\/\/blogi.eoppimispalvelut.fi\/ngaea\/files\/2025\/11\/0_lilakiraj-1024x1003.jpg\" alt=\"\" class=\"wp-image-1060\" srcset=\"https:\/\/blogi.eoppimispalvelut.fi\/ngaea\/files\/2025\/11\/0_lilakiraj-1024x1003.jpg 1024w, https:\/\/blogi.eoppimispalvelut.fi\/ngaea\/files\/2025\/11\/0_lilakiraj-300x294.jpg 300w, https:\/\/blogi.eoppimispalvelut.fi\/ngaea\/files\/2025\/11\/0_lilakiraj-768x752.jpg 768w, https:\/\/blogi.eoppimispalvelut.fi\/ngaea\/files\/2025\/11\/0_lilakiraj-1536x1505.jpg 1536w, https:\/\/blogi.eoppimispalvelut.fi\/ngaea\/files\/2025\/11\/0_lilakiraj.jpg 1583w\" sizes=\"auto, (max-width: 1024px) 100vw, 1024px\" \/><\/figure>\n<\/div>\n\n\n\n<div class=\"wp-block-column is-layout-flow wp-block-column-is-layout-flow\" style=\"flex-basis:60%\">\n<h2 class=\"wp-block-heading has-base-2-color has-text-color has-link-color wp-elements-ccef32cca54b93b4ad3cc308e0045726\">Living with Land and People<\/h2>\n\n\n\n<p>Huhmarniemi, M. &amp; Jokela, T. (Eds.). (2025). Living with Land and People: A Handbook for Artistic Project and Art-based Action Research in the Arctic. University of Lapland. <\/p>\n\n\n\n<p><a href=\"https:\/\/urn.fi\/URN:ISBN:978-952-337-505-5\" data-type=\"link\" data-id=\"https:\/\/urn.fi\/URN:ISBN:978-952-337-505-5\"><strong>Handbook<\/strong><\/a><\/p>\n<\/div>\n<\/div>\n<\/div>\n","protected":false},"excerpt":{"rendered":"<p>LiLa seeks to respond to the environmental, social, cultural, and economic challenges facing the North and the Arctic by integrating arts, natural sciences, and humanities through education for sustainability. The project\u2019s main objective is to establish a hybrid and place-based summer school model using arts-based and multimethod research approaches to explore Nordic and Arctic landscapes [&hellip;]<\/p>\n","protected":false},"author":48463,"featured_media":0,"parent":0,"menu_order":0,"comment_status":"closed","ping_status":"closed","template":"","meta":{"footnotes":""},"class_list":["post-1059","page","type-page","status-publish","hentry"],"_links":{"self":[{"href":"https:\/\/blogi.eoppimispalvelut.fi\/ngaea\/wp-json\/wp\/v2\/pages\/1059","targetHints":{"allow":["GET"]}}],"collection":[{"href":"https:\/\/blogi.eoppimispalvelut.fi\/ngaea\/wp-json\/wp\/v2\/pages"}],"about":[{"href":"https:\/\/blogi.eoppimispalvelut.fi\/ngaea\/wp-json\/wp\/v2\/types\/page"}],"author":[{"embeddable":true,"href":"https:\/\/blogi.eoppimispalvelut.fi\/ngaea\/wp-json\/wp\/v2\/users\/48463"}],"replies":[{"embeddable":true,"href":"https:\/\/blogi.eoppimispalvelut.fi\/ngaea\/wp-json\/wp\/v2\/comments?post=1059"}],"version-history":[{"count":3,"href":"https:\/\/blogi.eoppimispalvelut.fi\/ngaea\/wp-json\/wp\/v2\/pages\/1059\/revisions"}],"predecessor-version":[{"id":1069,"href":"https:\/\/blogi.eoppimispalvelut.fi\/ngaea\/wp-json\/wp\/v2\/pages\/1059\/revisions\/1069"}],"wp:attachment":[{"href":"https:\/\/blogi.eoppimispalvelut.fi\/ngaea\/wp-json\/wp\/v2\/media?parent=1059"}],"curies":[{"name":"wp","href":"https:\/\/api.w.org\/{rel}","templated":true}]}}