{"id":572,"date":"2025-10-02T10:01:53","date_gmt":"2025-10-02T07:01:53","guid":{"rendered":"https:\/\/blogi.eoppimispalvelut.fi\/ngaea\/?page_id=572"},"modified":"2025-11-21T11:06:01","modified_gmt":"2025-11-21T09:06:01","slug":"videos","status":"publish","type":"page","link":"https:\/\/blogi.eoppimispalvelut.fi\/ngaea\/videos\/","title":{"rendered":"Videos"},"content":{"rendered":"\n<div class=\"wp-block-group alignfull has-accent-4-background-color has-background has-global-padding is-layout-constrained wp-block-group-is-layout-constrained\">\n<div class=\"wp-block-group is-layout-flow wp-block-group-is-layout-flow\">\n<h2 class=\"wp-block-heading is-style-asterisk has-large-font-size\" style=\"padding-top:var(--wp--preset--spacing--50);padding-right:var(--wp--preset--spacing--50);padding-bottom:var(--wp--preset--spacing--50);padding-left:var(--wp--preset--spacing--50)\">A series of short films and videos has been created to complement the exhibitions and serve as promotional material for the AAE initiative. These productions highlight AAE\u2019s core values of eco-cultural sustainability and partnership, sharing the project\u2019s vision with wider audiences.<\/h2>\n<\/div>\n<\/div>\n\n\n\n<div class=\"wp-block-group alignfull has-accent-background-color has-background has-global-padding is-layout-constrained wp-container-core-group-is-layout-669513ed wp-block-group-is-layout-constrained\" style=\"margin-top:0;margin-bottom:0;padding-top:var(--wp--preset--spacing--50);padding-right:var(--wp--preset--spacing--50);padding-bottom:var(--wp--preset--spacing--50);padding-left:var(--wp--preset--spacing--50)\">\n<div class=\"wp-block-group is-vertical is-layout-flex wp-container-core-group-is-layout-fe9cc265 wp-block-group-is-layout-flex\">\n<h2 class=\"wp-block-heading\">Nomadic Hub of AAE in Karasjok    <\/h2>\n\n\n\n<p>In spring 2024, the AAE Nomadic Hub was set up in Karasjok, organised with the S\u00e1mi Centre for Contemporary Art (S\u00e1mi D\u00e1iddaguovdd\u00e1\u0161), Karasjok School, and AAE partners. It engaged scholars and students in local ecoculture, S\u00e1mi art, storytelling, and land-based learning. A collaborative painting with schoolchildren celebrated the Karasjok River\u2019s cultural meaning, symbolically linking nature, community, and northern ecocultural materials through shared artistic action.<\/p>\n<\/div>\n\n\n\n<div class=\"wp-block-group has-global-padding is-layout-constrained wp-block-group-is-layout-constrained\">\n<!-- iframe plugin v.6.0 wordpress.org\/plugins\/iframe\/ -->\n<iframe loading=\"lazy\" src=\"https:\/\/drive.google.com\/file\/d\/17UXQmRuXrfvVpXKg-RCECB4PRzY48Pze\/preview\" width=\"640\" height=\"480\" allow=\"fullsreen\" scrolling=\"yes\" class=\"iframe-class\" frameborder=\"0\"><\/iframe>\n\n<\/div>\n<\/div>\n\n\n\n<div class=\"wp-block-group alignfull has-base-2-background-color has-background has-global-padding is-layout-constrained wp-container-core-group-is-layout-669513ed wp-block-group-is-layout-constrained\" style=\"margin-top:0;margin-bottom:0;padding-top:var(--wp--preset--spacing--50);padding-right:var(--wp--preset--spacing--50);padding-bottom:var(--wp--preset--spacing--50);padding-left:var(--wp--preset--spacing--50)\">\n<div class=\"wp-block-group is-vertical is-layout-flex wp-container-core-group-is-layout-fe9cc265 wp-block-group-is-layout-flex\">\n<h2 class=\"wp-block-heading\">Face Off<\/h2>\n\n\n\n<p>The Video shows the making of sustainability portraits in Maniitsoq, Greenland. Young people made the portraits with visual artists, Tina Enghoff and Soeren Zeuth, through collective learning involving the community. The portraits become artivism as they allow the community to present themselves through their own gaze. They powerfully overcome colonial narratives, reclaiming agency and dignity by celebrating people as they see themselves.<\/p>\n<\/div>\n\n\n\n<div class=\"wp-block-group has-global-padding is-layout-constrained wp-block-group-is-layout-constrained\">\n<!-- iframe plugin v.6.0 wordpress.org\/plugins\/iframe\/ -->\n<iframe loading=\"lazy\" src=\"https:\/\/drive.google.com\/file\/d\/1iYfO7VOcJI3aJQgtam-3_izFmh40zK9o\/preview\" width=\"640\" height=\"480\" scrolling=\"yes\" class=\"iframe-class\" frameborder=\"0\"><\/iframe>\n\n<\/div>\n<\/div>\n\n\n\n<div class=\"wp-block-group alignfull has-accent-3-background-color has-background has-global-padding is-layout-constrained wp-container-core-group-is-layout-669513ed wp-block-group-is-layout-constrained\" style=\"margin-top:0;margin-bottom:0;padding-top:var(--wp--preset--spacing--50);padding-right:var(--wp--preset--spacing--50);padding-bottom:var(--wp--preset--spacing--50);padding-left:var(--wp--preset--spacing--50)\">\n<div class=\"wp-block-group is-vertical is-layout-flex wp-container-core-group-is-layout-fe9cc265 wp-block-group-is-layout-flex\">\n<h2 class=\"wp-block-heading\">In the Footsteps of Teno&#8217;s Astronomer \u00c1ndaras Kitti<\/h2>\n\n\n\n<p>The celebration week of the Teno\u2019s astronomer \u00c1ndaras Kitti (1844\u20131926) took place in February 2024 in Utsjoki. In collaboration with local partners, community art workshops were designed and led for the elderly, kindergarten children, and hotel guests, as well as a winter snow sculpture workshop for elementary and high school students. In line with the goals of the AAE project, the activities explored artistic methods for engaging with Arctic and northern environments, with a focus on people and respect for local ways of knowing the North.<\/p>\n<\/div>\n\n\n\n<div class=\"wp-block-group has-global-padding is-layout-constrained wp-block-group-is-layout-constrained\">\n<!-- iframe plugin v.6.0 wordpress.org\/plugins\/iframe\/ -->\n<iframe loading=\"lazy\" src=\"https:\/\/drive.google.com\/file\/d\/18NHHnUNopBRStF4swd76-cz5jIadExKK\/preview\" width=\"640\" height=\"480\" scrolling=\"yes\" class=\"iframe-class\" frameborder=\"0\"><\/iframe>\n\n<\/div>\n<\/div>\n\n\n\n<div class=\"wp-block-group alignfull has-accent-2-background-color has-background has-global-padding is-layout-constrained wp-container-core-group-is-layout-669513ed wp-block-group-is-layout-constrained\" style=\"margin-top:0;margin-bottom:0;padding-top:var(--wp--preset--spacing--50);padding-right:var(--wp--preset--spacing--50);padding-bottom:var(--wp--preset--spacing--50);padding-left:var(--wp--preset--spacing--50)\">\n<div class=\"wp-block-group is-vertical is-layout-flex wp-container-core-group-is-layout-fe9cc265 wp-block-group-is-layout-flex\">\n<h2 class=\"wp-block-heading\">Solastalgia<\/h2>\n\n\n\n<p>Solastalgia is a socially engaged artwork which presents young people\u2019s thoughts and feelings on climate change.  The artwork was presented at the opening of the Arctic Spirit conference in Rovaniemi, 2023.  The video is an artistic interpretation of the original live performance.<\/p>\n<\/div>\n\n\n\n<div class=\"wp-block-group has-global-padding is-layout-constrained wp-block-group-is-layout-constrained\">\n<!-- iframe plugin v.6.0 wordpress.org\/plugins\/iframe\/ -->\n<iframe loading=\"lazy\" src=\"https:\/\/drive.google.com\/file\/d\/1kaExZFkZWNn0Q0yjTLfwP5gtULdi8flU\/preview\" width=\"640\" height=\"480\" scrolling=\"yes\" class=\"iframe-class\" frameborder=\"0\"><\/iframe>\n\n<\/div>\n<\/div>\n\n\n\n<div class=\"wp-block-group alignfull has-base-background-color has-background has-global-padding is-layout-constrained wp-container-core-group-is-layout-669513ed wp-block-group-is-layout-constrained\" style=\"margin-top:0;margin-bottom:0;padding-top:var(--wp--preset--spacing--50);padding-right:var(--wp--preset--spacing--50);padding-bottom:var(--wp--preset--spacing--50);padding-left:var(--wp--preset--spacing--50)\">\n<div class=\"wp-block-group is-vertical is-layout-flex wp-container-core-group-is-layout-fe9cc265 wp-block-group-is-layout-flex\">\n<h2 class=\"wp-block-heading\">Stepping in the River <\/h2>\n\n\n\n<p>Inspired by Heraclitus\u2019s words that one cannot step twice into the same river, the artwork reflects on the ecological and cultural transformations caused by gold mining along two northern rivers\u2014the Yukon in Canada and the Ounas-Loukinen in Lapland, Finland \u2014seen through the eyes of grayling and those who fish it. It contemplates loss, resilience, and the evolving bond between people, rivers, and culture across the circumpolar North.<\/p>\n<\/div>\n\n\n\n<div class=\"wp-block-group has-global-padding is-layout-constrained wp-block-group-is-layout-constrained\">\n<!-- iframe plugin v.6.0 wordpress.org\/plugins\/iframe\/ -->\n<iframe loading=\"lazy\" src=\"https:\/\/drive.google.com\/file\/d\/1kkHLW3L6EicA7phZzyN3uBbWBCRI8rDq\/preview\" width=\"640\" height=\"480\" scrolling=\"yes\" class=\"iframe-class\" frameborder=\"0\"><\/iframe>\n\n<\/div>\n<\/div>\n\n\n\n<div class=\"wp-block-group alignfull has-accent-background-color has-background has-global-padding is-layout-constrained wp-container-core-group-is-layout-669513ed wp-block-group-is-layout-constrained\" style=\"margin-top:0;margin-bottom:0;padding-top:var(--wp--preset--spacing--50);padding-right:var(--wp--preset--spacing--50);padding-bottom:var(--wp--preset--spacing--50);padding-left:var(--wp--preset--spacing--50)\">\n<div class=\"wp-block-group is-vertical is-layout-flex wp-container-core-group-is-layout-fe9cc265 wp-block-group-is-layout-flex\">\n<h2 class=\"wp-block-heading\">The River Speaks in Us<\/h2>\n\n\n\n<p><em>The River Speaks in Us<\/em> (12 min) is both an independent artwork and a lyrical and expressive documentary of the collective creation of <em>Me\u00e4n vapaa Ounas \u2013 A Memorial to the Free Flowing River<\/em>. The work illuminates the intimate relationship between a riverside village and the river that has shaped its life, culture, and identity across generations. The river is not only a landscape but a teacher, guiding eco-cultural values and sustaining a sense of belonging. <\/p>\n<\/div>\n\n\n\n<div class=\"wp-block-group has-global-padding is-layout-constrained wp-block-group-is-layout-constrained\">\n<!-- iframe plugin v.6.0 wordpress.org\/plugins\/iframe\/ -->\n<iframe loading=\"lazy\" src=\"https:\/\/drive.google.com\/file\/d\/1fInr7mOrZI6jJXhfMfCP82FihRiPiqLa\/preview\" width=\"640\" height=\"480\" scrolling=\"yes\" class=\"iframe-class\" frameborder=\"0\"><\/iframe>\n\n<\/div>\n<\/div>\n\n\n\n<div class=\"wp-block-group alignfull has-base-background-color has-background has-global-padding is-layout-constrained wp-container-core-group-is-layout-669513ed wp-block-group-is-layout-constrained\" style=\"margin-top:0;margin-bottom:0;padding-top:var(--wp--preset--spacing--50);padding-right:var(--wp--preset--spacing--50);padding-bottom:var(--wp--preset--spacing--50);padding-left:var(--wp--preset--spacing--50)\">\n<div class=\"wp-block-group is-vertical is-layout-flex wp-container-core-group-is-layout-fe9cc265 wp-block-group-is-layout-flex\">\n<h2 class=\"wp-block-heading\">The S\u00e1mi Starry Sky<\/h2>\n\n\n\n<p>The S\u00e1mi mythology of the starry sky as taught at the Teacher Education program at Nord University, Campus Nesna, Norway. Although the S\u00e1mi story of a cosmic hunt is closely connected to our way of life as Northerners, it is less well-known than Greek mythology. An authentic setting helped connect people and communities under our common starry sky. The myth about the S\u00e1mi starry sky is deeply rooted in our northern way of life.<\/p>\n<\/div>\n\n\n\n<figure class=\"wp-block-embed is-type-video is-provider-youtube wp-block-embed-youtube is-style-rounded wp-embed-aspect-16-9 wp-has-aspect-ratio\"><div class=\"wp-block-embed__wrapper\">\n<iframe loading=\"lazy\" title=\"The Sami Starry Sky\" width=\"500\" height=\"281\" src=\"https:\/\/www.youtube.com\/embed\/M62swt2BOzE?feature=oembed\" frameborder=\"0\" allow=\"accelerometer; autoplay; clipboard-write; encrypted-media; gyroscope; picture-in-picture; web-share\" referrerpolicy=\"strict-origin-when-cross-origin\" allowfullscreen><\/iframe>\n<\/div><\/figure>\n<\/div>\n\n\n\n<div class=\"wp-block-group alignfull has-accent-4-background-color has-background has-global-padding is-layout-constrained wp-container-core-group-is-layout-669513ed wp-block-group-is-layout-constrained\" style=\"margin-top:0;margin-bottom:0;padding-top:var(--wp--preset--spacing--50);padding-right:var(--wp--preset--spacing--50);padding-bottom:var(--wp--preset--spacing--50);padding-left:var(--wp--preset--spacing--50)\">\n<div class=\"wp-block-group is-vertical is-layout-flex wp-container-core-group-is-layout-fe9cc265 wp-block-group-is-layout-flex\">\n<h2 class=\"wp-block-heading\">Min Muorra ja M\u00e1innasiid Vuovdi \u2013 Our Tree and the Forest of Stories<\/h2>\n\n\n\n<p>The video tells the story of the creation of a large, community-based public artwork. The community from the multiethnic Vuoh\u010d\u010du (Vuotso) village transformed the school\u2019s black asphalt yard into a vibrant mural, a forest expressing local ecocultural values. In the centre of the schoolyard, the pupils painted the big, colourful shadow of an old pine tree. This initiative is part of the Rievdan project, which continues the development work of the New Genre Arctic Art Education \/ Nomadic Hub of AAE.<\/p>\n<\/div>\n\n\n\n<div class=\"wp-block-group has-global-padding is-layout-constrained wp-block-group-is-layout-constrained\">\n<!-- iframe plugin v.6.0 wordpress.org\/plugins\/iframe\/ -->\n<iframe loading=\"lazy\" src=\"https:\/\/drive.google.com\/file\/d\/1TAuIfNz1lkTWj2WS0YCVxBu7oeYBRWjk\/preview\" width=\"640\" height=\"480\" scrolling=\"yes\" class=\"iframe-class\" frameborder=\"0\"><\/iframe>\n\n<\/div>\n<\/div>\n\n\n\n<div class=\"wp-block-group alignfull has-accent-5-background-color has-background has-global-padding is-layout-constrained wp-container-core-group-is-layout-669513ed wp-block-group-is-layout-constrained\" style=\"margin-top:0;margin-bottom:0;padding-top:var(--wp--preset--spacing--50);padding-right:var(--wp--preset--spacing--50);padding-bottom:var(--wp--preset--spacing--50);padding-left:var(--wp--preset--spacing--50)\">\n<div class=\"wp-block-group is-vertical is-layout-flex wp-container-core-group-is-layout-fe9cc265 wp-block-group-is-layout-flex\">\n<h2 class=\"wp-block-heading\">Beloved Place \u2013 R\u00e1hkis b\u00e1iki II<\/h2>\n\n\n\n<p>This video highlights new genre Arctic art education practices, showing how the installation Beloved Place \u2013 R\u00e1hkis b\u00e1iki was co-created with local communities in K\u00e1r\u00e1\u0161johka (Norway) and Vuoh\u010d\u010du (Finland). The installation includes three elements: l\u00e1vvu poles, workshop-created postcards, and a soundscape. It premiered in Rovaniemi at the \u201cMade Visible\u201d exhibition by the University of Lapland&#8217;s Faculty of Art and Design (Aug 22 \u2013 Oct 12).<\/p>\n<\/div>\n\n\n\n<div class=\"wp-block-group has-global-padding is-layout-constrained wp-block-group-is-layout-constrained\">\n<!-- iframe plugin v.6.0 wordpress.org\/plugins\/iframe\/ -->\n<iframe loading=\"lazy\" src=\"https:\/\/drive.google.com\/file\/d\/1ap4kUH-HlQMwDzBVXs_Xt98ExDklrz0l\/preview\" width=\"640\" height=\"480\" scrolling=\"yes\" class=\"iframe-class\" frameborder=\"0\"><\/iframe>\n\n<\/div>\n<\/div>\n\n\n\n<div class=\"wp-block-group alignfull has-base-2-background-color has-background has-global-padding is-layout-constrained wp-container-core-group-is-layout-669513ed wp-block-group-is-layout-constrained\" style=\"margin-top:0;margin-bottom:0;padding-top:var(--wp--preset--spacing--50);padding-right:var(--wp--preset--spacing--50);padding-bottom:var(--wp--preset--spacing--50);padding-left:var(--wp--preset--spacing--50)\">\n<div class=\"wp-block-group is-vertical is-layout-flex wp-container-core-group-is-layout-fe9cc265 wp-block-group-is-layout-flex\">\n<h2 class=\"wp-block-heading\">Spectrum of Arctic Art Education \u2013 Clips of Art Projects Through the Year<\/h2>\n\n\n\n<p>AAE operates in intra-action with the seasonal cycles, highlighting the intertwining of nature and culture. From an artistic perspective, it explores ecocultural becoming through the material, cultural, and spiritual dimensions of ecosystems and other nature-based practices that shape Northern and Arctic ways of life, forming the core of AAE.<\/p>\n<\/div>\n\n\n\n<div class=\"wp-block-group has-global-padding is-layout-constrained wp-block-group-is-layout-constrained\">\n<!-- iframe plugin v.6.0 wordpress.org\/plugins\/iframe\/ -->\n<iframe loading=\"lazy\" src=\"https:\/\/drive.google.com\/file\/d\/1LhK9Veey0Dngr3-NKLy0Lm_ShDBEss1F\/preview\" width=\"640\" height=\"480\" scrolling=\"yes\" class=\"iframe-class\" frameborder=\"0\"><\/iframe>\n\n<\/div>\n<\/div>\n","protected":false},"excerpt":{"rendered":"<p>A series of short films and videos has been created to complement the exhibitions and serve as promotional material for the AAE initiative. These productions highlight AAE\u2019s core values of eco-cultural sustainability and partnership, sharing the project\u2019s vision with wider audiences. Nomadic Hub of AAE in Karasjok In spring 2024, the AAE Nomadic Hub was [&hellip;]<\/p>\n","protected":false},"author":48463,"featured_media":0,"parent":0,"menu_order":0,"comment_status":"closed","ping_status":"closed","template":"","meta":{"footnotes":""},"class_list":["post-572","page","type-page","status-publish","hentry"],"_links":{"self":[{"href":"https:\/\/blogi.eoppimispalvelut.fi\/ngaea\/wp-json\/wp\/v2\/pages\/572","targetHints":{"allow":["GET"]}}],"collection":[{"href":"https:\/\/blogi.eoppimispalvelut.fi\/ngaea\/wp-json\/wp\/v2\/pages"}],"about":[{"href":"https:\/\/blogi.eoppimispalvelut.fi\/ngaea\/wp-json\/wp\/v2\/types\/page"}],"author":[{"embeddable":true,"href":"https:\/\/blogi.eoppimispalvelut.fi\/ngaea\/wp-json\/wp\/v2\/users\/48463"}],"replies":[{"embeddable":true,"href":"https:\/\/blogi.eoppimispalvelut.fi\/ngaea\/wp-json\/wp\/v2\/comments?post=572"}],"version-history":[{"count":21,"href":"https:\/\/blogi.eoppimispalvelut.fi\/ngaea\/wp-json\/wp\/v2\/pages\/572\/revisions"}],"predecessor-version":[{"id":1121,"href":"https:\/\/blogi.eoppimispalvelut.fi\/ngaea\/wp-json\/wp\/v2\/pages\/572\/revisions\/1121"}],"wp:attachment":[{"href":"https:\/\/blogi.eoppimispalvelut.fi\/ngaea\/wp-json\/wp\/v2\/media?parent=572"}],"curies":[{"name":"wp","href":"https:\/\/api.w.org\/{rel}","templated":true}]}}