{"id":19,"date":"2018-05-27T15:37:01","date_gmt":"2018-05-27T12:37:01","guid":{"rendered":"https:\/\/blogi.eoppimispalvelut.fi\/niemimiia\/?page_id=19"},"modified":"2018-05-27T17:07:02","modified_gmt":"2018-05-27T14:07:02","slug":"tavoitetila","status":"publish","type":"page","link":"https:\/\/blogi.eoppimispalvelut.fi\/niemimiia\/tavoitetila\/","title":{"rendered":"Tavoitetila"},"content":{"rendered":"<p>Tavoitetilaa l\u00e4hdimme hahmottamaan tarveluettelon, mittarit ja hy\u00f6dyt, sek\u00e4 vaatimusluettelon t\u00e4rkeys ja perusteluosioiden pohjalta. Ks. toiminnot aihiona haastattelimme yritt\u00e4j\u00e4 Kortesojaa, jotta p\u00e4\u00e4sisimme mahdollisimman hyvin perille h\u00e4nen yrityksens\u00e4 muutostarpeista. Haastattelun pohjalta keskityimme luomaan perustan varmistamaan yrityksen toiminnan, sek\u00e4 selkiytt\u00e4m\u00e4\u00e4n ja tehostamaan hallinnollisia toimia mm. v\u00e4hent\u00e4m\u00e4ll\u00e4 virhealttiita ja aikaa vievi\u00e4 manuaalisia ty\u00f6vaiheita. Mittarit ja hy\u00f6dyt osio vahvisti n\u00e4kemyksemme muutoksen tarpeellisuudesta. Vaatimusluettelon t\u00e4rkeys- ja perustelusarakkeet auttoivat my\u00f6s tavoitetilan luomisessa.<img loading=\"lazy\" decoding=\"async\" class=\"size-medium wp-image-20 alignright\" src=\"https:\/\/blogi.eoppimispalvelut.fi\/niemimiia\/files\/2018\/05\/2018-5-wp-spa-300x200.jpg\" alt=\"\" width=\"300\" height=\"200\" \/><\/p>\n","protected":false},"excerpt":{"rendered":"<p>Tavoitetilaa l\u00e4hdimme hahmottamaan tarveluettelon, mittarit ja hy\u00f6dyt, sek\u00e4 vaatimusluettelon t\u00e4rkeys ja perusteluosioiden pohjalta. Ks. toiminnot aihiona haastattelimme yritt\u00e4j\u00e4 Kortesojaa, jotta p\u00e4\u00e4sisimme mahdollisimman hyvin perille h\u00e4nen yrityksens\u00e4 muutostarpeista. Haastattelun pohjalta keskityimme luomaan perustan varmistamaan yrityksen toiminnan, sek\u00e4 selkiytt\u00e4m\u00e4\u00e4n ja tehostamaan hallinnollisia &hellip; <a href=\"https:\/\/blogi.eoppimispalvelut.fi\/niemimiia\/tavoitetila\/\">Continue reading <span class=\"meta-nav\">&rarr;<\/span><\/a><\/p>\n","protected":false},"author":3099,"featured_media":0,"parent":0,"menu_order":0,"comment_status":"closed","ping_status":"closed","template":"","meta":{"footnotes":""},"class_list":["post-19","page","type-page","status-publish","hentry"],"_links":{"self":[{"href":"https:\/\/blogi.eoppimispalvelut.fi\/niemimiia\/wp-json\/wp\/v2\/pages\/19","targetHints":{"allow":["GET"]}}],"collection":[{"href":"https:\/\/blogi.eoppimispalvelut.fi\/niemimiia\/wp-json\/wp\/v2\/pages"}],"about":[{"href":"https:\/\/blogi.eoppimispalvelut.fi\/niemimiia\/wp-json\/wp\/v2\/types\/page"}],"author":[{"embeddable":true,"href":"https:\/\/blogi.eoppimispalvelut.fi\/niemimiia\/wp-json\/wp\/v2\/users\/3099"}],"replies":[{"embeddable":true,"href":"https:\/\/blogi.eoppimispalvelut.fi\/niemimiia\/wp-json\/wp\/v2\/comments?post=19"}],"version-history":[{"count":3,"href":"https:\/\/blogi.eoppimispalvelut.fi\/niemimiia\/wp-json\/wp\/v2\/pages\/19\/revisions"}],"predecessor-version":[{"id":34,"href":"https:\/\/blogi.eoppimispalvelut.fi\/niemimiia\/wp-json\/wp\/v2\/pages\/19\/revisions\/34"}],"wp:attachment":[{"href":"https:\/\/blogi.eoppimispalvelut.fi\/niemimiia\/wp-json\/wp\/v2\/media?parent=19"}],"curies":[{"name":"wp","href":"https:\/\/api.w.org\/{rel}","templated":true}]}}