{"id":23,"date":"2018-05-27T16:22:10","date_gmt":"2018-05-27T13:22:10","guid":{"rendered":"https:\/\/blogi.eoppimispalvelut.fi\/niemimiia\/?page_id=23"},"modified":"2018-05-27T18:50:30","modified_gmt":"2018-05-27T15:50:30","slug":"kehityssuunnitelma","status":"publish","type":"page","link":"https:\/\/blogi.eoppimispalvelut.fi\/niemimiia\/kehityssuunnitelma\/","title":{"rendered":"Kehityssuunnitelma"},"content":{"rendered":"<p>Tavoitetilan selkiydytty\u00e4 aloimme luoda kehityssuunnitelmaa. Oli selv\u00e4\u00e4, ett\u00e4 Kortesojan yritykselle oli syntynyt todellisia tarpeita tehd\u00e4 ICT-ymp\u00e4rist\u00f6\u00f6n komponettihankintoja, sek\u00e4 varmistaa tietoturva. Liiketoiminnan tehostaminen ja markkinaosuuden lis\u00e4\u00e4minen saivat meid\u00e4t suosittelemaan sis\u00e4ll\u00f6ntuotanto-ohjelman k\u00e4ytt\u00f6\u00e4 mm. yrityksen verkkosivuja ja verkkokauppaa varten. Evaraus-ohjelma pit\u00e4\u00e4 sis\u00e4ll\u00e4\u00e4n, niin asiakasrekisterin, laskutuksen, ett\u00e4 ajanvarausj\u00e4rjestelm\u00e4n. Kehityssuunnitelma on suunniteltu siten, ett\u00e4 yritys voi halutessaan laajentua ja lis\u00e4t\u00e4 s\u00e4hk\u00f6isi\u00e4 j\u00e4rjestelmi\u00e4 vaivatta.<\/p>\n<ul>\n<li>Lenovo ThinkPad E580<\/li>\n<li>Seagate kiintolevy<\/li>\n<li>Asus Zenpad z301m grey-tablettitietokone<img loading=\"lazy\" decoding=\"async\" class=\"size-medium wp-image-42 alignright\" src=\"https:\/\/blogi.eoppimispalvelut.fi\/niemimiia\/files\/2018\/05\/2018-05-wp-agreement-300x199.jpg\" alt=\"\" width=\"300\" height=\"199\" srcset=\"https:\/\/blogi.eoppimispalvelut.fi\/niemimiia\/files\/2018\/05\/2018-05-wp-agreement-300x199.jpg 300w, https:\/\/blogi.eoppimispalvelut.fi\/niemimiia\/files\/2018\/05\/2018-05-wp-agreement.jpg 301w\" sizes=\"auto, (max-width: 300px) 100vw, 300px\" \/><\/li>\n<li>WordPress-sis\u00e4ll\u00f6ntuotanto-ohjelma<\/li>\n<li>Evaraus-ohjelma<\/li>\n<li>F-Secure tietoturvaohjelma<\/li>\n<\/ul>\n<p>&nbsp;<\/p>\n","protected":false},"excerpt":{"rendered":"<p>Tavoitetilan selkiydytty\u00e4 aloimme luoda kehityssuunnitelmaa. Oli selv\u00e4\u00e4, ett\u00e4 Kortesojan yritykselle oli syntynyt todellisia tarpeita tehd\u00e4 ICT-ymp\u00e4rist\u00f6\u00f6n komponettihankintoja, sek\u00e4 varmistaa tietoturva. Liiketoiminnan tehostaminen ja markkinaosuuden lis\u00e4\u00e4minen saivat meid\u00e4t suosittelemaan sis\u00e4ll\u00f6ntuotanto-ohjelman k\u00e4ytt\u00f6\u00e4 mm. yrityksen verkkosivuja ja verkkokauppaa varten. Evaraus-ohjelma pit\u00e4\u00e4 sis\u00e4ll\u00e4\u00e4n, niin &hellip; <a href=\"https:\/\/blogi.eoppimispalvelut.fi\/niemimiia\/kehityssuunnitelma\/\">Continue reading <span class=\"meta-nav\">&rarr;<\/span><\/a><\/p>\n","protected":false},"author":3099,"featured_media":0,"parent":0,"menu_order":0,"comment_status":"closed","ping_status":"closed","template":"","meta":{"footnotes":""},"class_list":["post-23","page","type-page","status-publish","hentry"],"_links":{"self":[{"href":"https:\/\/blogi.eoppimispalvelut.fi\/niemimiia\/wp-json\/wp\/v2\/pages\/23","targetHints":{"allow":["GET"]}}],"collection":[{"href":"https:\/\/blogi.eoppimispalvelut.fi\/niemimiia\/wp-json\/wp\/v2\/pages"}],"about":[{"href":"https:\/\/blogi.eoppimispalvelut.fi\/niemimiia\/wp-json\/wp\/v2\/types\/page"}],"author":[{"embeddable":true,"href":"https:\/\/blogi.eoppimispalvelut.fi\/niemimiia\/wp-json\/wp\/v2\/users\/3099"}],"replies":[{"embeddable":true,"href":"https:\/\/blogi.eoppimispalvelut.fi\/niemimiia\/wp-json\/wp\/v2\/comments?post=23"}],"version-history":[{"count":8,"href":"https:\/\/blogi.eoppimispalvelut.fi\/niemimiia\/wp-json\/wp\/v2\/pages\/23\/revisions"}],"predecessor-version":[{"id":80,"href":"https:\/\/blogi.eoppimispalvelut.fi\/niemimiia\/wp-json\/wp\/v2\/pages\/23\/revisions\/80"}],"wp:attachment":[{"href":"https:\/\/blogi.eoppimispalvelut.fi\/niemimiia\/wp-json\/wp\/v2\/media?parent=23"}],"curies":[{"name":"wp","href":"https:\/\/api.w.org\/{rel}","templated":true}]}}