{"id":25,"date":"2018-05-27T16:37:42","date_gmt":"2018-05-27T13:37:42","guid":{"rendered":"https:\/\/blogi.eoppimispalvelut.fi\/niemimiia\/?page_id=25"},"modified":"2018-05-27T16:50:33","modified_gmt":"2018-05-27T13:50:33","slug":"projektin-toteutus","status":"publish","type":"page","link":"https:\/\/blogi.eoppimispalvelut.fi\/niemimiia\/projektin-toteutus\/","title":{"rendered":"Projektin toteutus"},"content":{"rendered":"<p>Koin projektin laajana ja ajatukseni meinasi harhailla ensi metreilt\u00e4 asti. Ryhm\u00e4n tuki oli t\u00e4rke\u00e4 ja erityisesti Miika Jaukkuri oli minulle suuri apu. Koin saavani apua my\u00f6s ohjauksesta. Suurimmat haasteet olivat henkil\u00f6kohtaisesti pit\u00e4\u00e4 ns. mopedi pois moottoritielt\u00e4. K\u00e4ytimme ryhm\u00e4ty\u00f6n toteutuksessa apunamme Padlettia ja Messengeri\u00e4. Padlettiin teimme suunnitelmat ja aihiot, sek\u00e4 jaoimme teht\u00e4vi\u00e4. Messengeriss\u00e4 edistimme projektia jakamalla ajatuksiamme ja tuotoksiamme. Yksi haaste oli l\u00f6yt\u00e4\u00e4 nelj\u00e4lle kiireiselle ihmiselle yhteist\u00e4 aikaa ty\u00f6st\u00e4\u00e4 projektia. Huomasin, ett\u00e4 suunnittelu n\u00e4yttelee my\u00f6s projekteissa t\u00e4rke\u00e4\u00e4 roolia. Olen oppinut paljon ICT-ymp\u00e4rist\u00f6n perustamisprojektin aikana. Valmiiksi hiotut taulukot, analyysity\u00f6kalut ja mittaristot ovat tarpeellisia ty\u00f6kaluja.<img loading=\"lazy\" decoding=\"async\" class=\"size-medium wp-image-26 alignright\" src=\"https:\/\/blogi.eoppimispalvelut.fi\/niemimiia\/files\/2018\/05\/2018-5-wp-vespa-300x199.jpg\" alt=\"\" width=\"300\" height=\"199\" srcset=\"https:\/\/blogi.eoppimispalvelut.fi\/niemimiia\/files\/2018\/05\/2018-5-wp-vespa-300x199.jpg 300w, https:\/\/blogi.eoppimispalvelut.fi\/niemimiia\/files\/2018\/05\/2018-5-wp-vespa.jpg 301w\" sizes=\"auto, (max-width: 300px) 100vw, 300px\" \/><\/p>\n","protected":false},"excerpt":{"rendered":"<p>Koin projektin laajana ja ajatukseni meinasi harhailla ensi metreilt\u00e4 asti. Ryhm\u00e4n tuki oli t\u00e4rke\u00e4 ja erityisesti Miika Jaukkuri oli minulle suuri apu. Koin saavani apua my\u00f6s ohjauksesta. Suurimmat haasteet olivat henkil\u00f6kohtaisesti pit\u00e4\u00e4 ns. mopedi pois moottoritielt\u00e4. K\u00e4ytimme ryhm\u00e4ty\u00f6n toteutuksessa apunamme &hellip; <a href=\"https:\/\/blogi.eoppimispalvelut.fi\/niemimiia\/projektin-toteutus\/\">Continue reading <span class=\"meta-nav\">&rarr;<\/span><\/a><\/p>\n","protected":false},"author":3099,"featured_media":0,"parent":0,"menu_order":0,"comment_status":"closed","ping_status":"closed","template":"","meta":{"footnotes":""},"class_list":["post-25","page","type-page","status-publish","hentry"],"_links":{"self":[{"href":"https:\/\/blogi.eoppimispalvelut.fi\/niemimiia\/wp-json\/wp\/v2\/pages\/25","targetHints":{"allow":["GET"]}}],"collection":[{"href":"https:\/\/blogi.eoppimispalvelut.fi\/niemimiia\/wp-json\/wp\/v2\/pages"}],"about":[{"href":"https:\/\/blogi.eoppimispalvelut.fi\/niemimiia\/wp-json\/wp\/v2\/types\/page"}],"author":[{"embeddable":true,"href":"https:\/\/blogi.eoppimispalvelut.fi\/niemimiia\/wp-json\/wp\/v2\/users\/3099"}],"replies":[{"embeddable":true,"href":"https:\/\/blogi.eoppimispalvelut.fi\/niemimiia\/wp-json\/wp\/v2\/comments?post=25"}],"version-history":[{"count":3,"href":"https:\/\/blogi.eoppimispalvelut.fi\/niemimiia\/wp-json\/wp\/v2\/pages\/25\/revisions"}],"predecessor-version":[{"id":29,"href":"https:\/\/blogi.eoppimispalvelut.fi\/niemimiia\/wp-json\/wp\/v2\/pages\/25\/revisions\/29"}],"wp:attachment":[{"href":"https:\/\/blogi.eoppimispalvelut.fi\/niemimiia\/wp-json\/wp\/v2\/media?parent=25"}],"curies":[{"name":"wp","href":"https:\/\/api.w.org\/{rel}","templated":true}]}}