{"id":60,"date":"2018-05-28T18:23:55","date_gmt":"2018-05-28T15:23:55","guid":{"rendered":"https:\/\/blogi.eoppimispalvelut.fi\/niemimiia\/?page_id=60"},"modified":"2018-05-28T18:58:35","modified_gmt":"2018-05-28T15:58:35","slug":"oma-roolini-tiimissa","status":"publish","type":"page","link":"https:\/\/blogi.eoppimispalvelut.fi\/niemimiia\/oma-roolini-tiimissa\/","title":{"rendered":"Oma roolini tiimiss\u00e4"},"content":{"rendered":"<p>Opinpolkuni on ollut aivan huikea, j\u00e4lleen kerran. Innoissani olen kahlannut l\u00e4pi luentotaltioinnit ja ottanut selv\u00e4\u00e4 aihepiirin asioista. Ryhm\u00e4n tuki on ollut valtava. Oppijana olen k\u00e4yt\u00e4nn\u00f6nl\u00e4heinen ja pohtiva. Toisaalta vilkkaan mielikuvitukseni kurissa pit\u00e4minen asettaa omat haasteensa kehityssuunnitelmien parissa.<img loading=\"lazy\" decoding=\"async\" class=\"size-medium wp-image-61 aligncenter\" src=\"https:\/\/blogi.eoppimispalvelut.fi\/niemimiia\/files\/2018\/05\/2018-05-wp-sormi-300x225.jpeg\" alt=\"\" width=\"300\" height=\"225\" srcset=\"https:\/\/blogi.eoppimispalvelut.fi\/niemimiia\/files\/2018\/05\/2018-05-wp-sormi-300x225.jpeg 300w, https:\/\/blogi.eoppimispalvelut.fi\/niemimiia\/files\/2018\/05\/2018-05-wp-sormi-768x576.jpeg 768w, https:\/\/blogi.eoppimispalvelut.fi\/niemimiia\/files\/2018\/05\/2018-05-wp-sormi-400x300.jpeg 400w, https:\/\/blogi.eoppimispalvelut.fi\/niemimiia\/files\/2018\/05\/2018-05-wp-sormi.jpeg 933w\" sizes=\"auto, (max-width: 300px) 100vw, 300px\" \/>\u00a0Oppijana tarvitsen paljon tietoa ja taustoitusta pysty\u00e4kseni edist\u00e4m\u00e4\u00e4n asioita. Olen my\u00f6s hidas tuottamaan teksti\u00e4 ja saatan joutua puurtamaan pienen osa-alueen eteen kauan. Tiimin j\u00e4senen\u00e4 olen kannustava ja annan mielell\u00e4ni positiivista palautetta muille. En ep\u00e4ile kysy\u00e4 &#8220;tyhmi\u00e4&#8221; ja ehdotan rohkeasti uusia ratkaisumalleja. Koen, ett\u00e4 Mari Kortesojan yritys oli meille nappivalinta. Saimme k\u00e4ytt\u00e4\u00e4 monipuolisesti ty\u00f6kaluja p\u00e4\u00e4st\u00e4ksemme j\u00e4rkev\u00e4\u00e4n ja tyydytt\u00e4v\u00e4\u00e4n lopputulokseen. Miikan osaaminen ja avustaminen vei koko tiimi\u00e4 eteenp\u00e4in. WordPress-kertaus tuli oivaan kohtaan.<\/p>\n","protected":false},"excerpt":{"rendered":"<p>Opinpolkuni on ollut aivan huikea, j\u00e4lleen kerran. Innoissani olen kahlannut l\u00e4pi luentotaltioinnit ja ottanut selv\u00e4\u00e4 aihepiirin asioista. Ryhm\u00e4n tuki on ollut valtava. Oppijana olen k\u00e4yt\u00e4nn\u00f6nl\u00e4heinen ja pohtiva. Toisaalta vilkkaan mielikuvitukseni kurissa pit\u00e4minen asettaa omat haasteensa kehityssuunnitelmien parissa.\u00a0Oppijana tarvitsen paljon tietoa &hellip; <a href=\"https:\/\/blogi.eoppimispalvelut.fi\/niemimiia\/oma-roolini-tiimissa\/\">Continue reading <span class=\"meta-nav\">&rarr;<\/span><\/a><\/p>\n","protected":false},"author":3099,"featured_media":0,"parent":0,"menu_order":0,"comment_status":"closed","ping_status":"closed","template":"","meta":{"footnotes":""},"class_list":["post-60","page","type-page","status-publish","hentry"],"_links":{"self":[{"href":"https:\/\/blogi.eoppimispalvelut.fi\/niemimiia\/wp-json\/wp\/v2\/pages\/60","targetHints":{"allow":["GET"]}}],"collection":[{"href":"https:\/\/blogi.eoppimispalvelut.fi\/niemimiia\/wp-json\/wp\/v2\/pages"}],"about":[{"href":"https:\/\/blogi.eoppimispalvelut.fi\/niemimiia\/wp-json\/wp\/v2\/types\/page"}],"author":[{"embeddable":true,"href":"https:\/\/blogi.eoppimispalvelut.fi\/niemimiia\/wp-json\/wp\/v2\/users\/3099"}],"replies":[{"embeddable":true,"href":"https:\/\/blogi.eoppimispalvelut.fi\/niemimiia\/wp-json\/wp\/v2\/comments?post=60"}],"version-history":[{"count":2,"href":"https:\/\/blogi.eoppimispalvelut.fi\/niemimiia\/wp-json\/wp\/v2\/pages\/60\/revisions"}],"predecessor-version":[{"id":63,"href":"https:\/\/blogi.eoppimispalvelut.fi\/niemimiia\/wp-json\/wp\/v2\/pages\/60\/revisions\/63"}],"wp:attachment":[{"href":"https:\/\/blogi.eoppimispalvelut.fi\/niemimiia\/wp-json\/wp\/v2\/media?parent=60"}],"curies":[{"name":"wp","href":"https:\/\/api.w.org\/{rel}","templated":true}]}}