{"id":7,"date":"2018-05-27T14:33:21","date_gmt":"2018-05-27T11:33:21","guid":{"rendered":"https:\/\/blogi.eoppimispalvelut.fi\/niemimiia\/?page_id=7"},"modified":"2018-05-27T19:27:29","modified_gmt":"2018-05-27T16:27:29","slug":"projektin-esittely","status":"publish","type":"page","link":"https:\/\/blogi.eoppimispalvelut.fi\/niemimiia\/","title":{"rendered":"Projektin esittely"},"content":{"rendered":"<p>Projektimme oli suunnitella ja parantaa ryhm\u00e4mme j\u00e4senen, Mari Kortesojan hieronta-alan yrityksen ICT-ymp\u00e4rist\u00f6\u00e4. Hieronnan lis\u00e4ksi Kortesoja tarjoaa vy\u00f6hyketerapiaa, Raindrop-hoitoja, sek\u00e4 myy Young Living-nimisi\u00e4 eteerisi\u00e4 \u00f6ljyj\u00e4. Projektin toteutuksesta vastasivat Miika Jaukkuri, Mari Kortesoja, Miia Niemi, sek\u00e4 Tanja Visuri.<\/p>\n<p><img loading=\"lazy\" decoding=\"async\" class=\"alignnone size-full wp-image-57\" src=\"https:\/\/blogi.eoppimispalvelut.fi\/niemimiia\/files\/2018\/05\/hand-finger-button-switch-start-los.jpg\" alt=\"\" width=\"283\" height=\"200\" \/><\/p>\n","protected":false},"excerpt":{"rendered":"<p>Projektimme oli suunnitella ja parantaa ryhm\u00e4mme j\u00e4senen, Mari Kortesojan hieronta-alan yrityksen ICT-ymp\u00e4rist\u00f6\u00e4. Hieronnan lis\u00e4ksi Kortesoja tarjoaa vy\u00f6hyketerapiaa, Raindrop-hoitoja, sek\u00e4 myy Young Living-nimisi\u00e4 eteerisi\u00e4 \u00f6ljyj\u00e4. Projektin toteutuksesta vastasivat Miika Jaukkuri, Mari Kortesoja, Miia Niemi, sek\u00e4 Tanja Visuri.<\/p>\n","protected":false},"author":3099,"featured_media":0,"parent":0,"menu_order":1,"comment_status":"closed","ping_status":"closed","template":"","meta":{"footnotes":""},"class_list":["post-7","page","type-page","status-publish","hentry"],"_links":{"self":[{"href":"https:\/\/blogi.eoppimispalvelut.fi\/niemimiia\/wp-json\/wp\/v2\/pages\/7","targetHints":{"allow":["GET"]}}],"collection":[{"href":"https:\/\/blogi.eoppimispalvelut.fi\/niemimiia\/wp-json\/wp\/v2\/pages"}],"about":[{"href":"https:\/\/blogi.eoppimispalvelut.fi\/niemimiia\/wp-json\/wp\/v2\/types\/page"}],"author":[{"embeddable":true,"href":"https:\/\/blogi.eoppimispalvelut.fi\/niemimiia\/wp-json\/wp\/v2\/users\/3099"}],"replies":[{"embeddable":true,"href":"https:\/\/blogi.eoppimispalvelut.fi\/niemimiia\/wp-json\/wp\/v2\/comments?post=7"}],"version-history":[{"count":6,"href":"https:\/\/blogi.eoppimispalvelut.fi\/niemimiia\/wp-json\/wp\/v2\/pages\/7\/revisions"}],"predecessor-version":[{"id":56,"href":"https:\/\/blogi.eoppimispalvelut.fi\/niemimiia\/wp-json\/wp\/v2\/pages\/7\/revisions\/56"}],"wp:attachment":[{"href":"https:\/\/blogi.eoppimispalvelut.fi\/niemimiia\/wp-json\/wp\/v2\/media?parent=7"}],"curies":[{"name":"wp","href":"https:\/\/api.w.org\/{rel}","templated":true}]}}