{"id":11,"date":"2020-02-24T12:55:26","date_gmt":"2020-02-24T10:55:26","guid":{"rendered":"https:\/\/blogi.eoppimispalvelut.fi\/nikonblogi\/?page_id=11"},"modified":"2020-03-31T23:35:27","modified_gmt":"2020-03-31T20:35:27","slug":"cv","status":"publish","type":"page","link":"https:\/\/blogi.eoppimispalvelut.fi\/nikonblogi\/cv\/","title":{"rendered":"CV"},"content":{"rendered":"<div id=\"template-header\" class=\"row row-fluid\">\n<div class=\"col-xs-8\">\n<p><strong>Niko Aho<\/strong><br \/>\nSyntynyt 4.3.1998<br \/>\nEsimerkkitie 1<br \/>\n94500 Lautiosaari<br \/>\nPuh. 000 123 4567<br \/>\nniko.aho@email.com<\/p>\n<\/div>\n<div class=\"col-xs-4\">\n<h1>ANSIOLUETTELO<\/h1>\n<p>31.03.2020<\/p>\n<\/div>\n<\/div>\n<hr class=\"fat-border\" \/>\n<div class=\"section\">\n<div class=\"row\">\n<div class=\"col-xs-6\">\n<h2>PROFIILI<\/h2>\n<\/div>\n<div class=\"col-xs-6\">Valmistun tradenomiksi hein\u00e4kuussa 2021. Omaan kuitenkin jo muutaman vuoden ty\u00f6kokemuksen alan t\u00f6ist\u00e4. Ty\u00f6ntekij\u00e4n\u00e4 olen tehokas ja tottunut ty\u00f6skentelem\u00e4\u00e4n paineen alla. Tavoitteenani on ty\u00f6skennell\u00e4 mielenkiintoisten ja haastavien ongelmien parissa ty\u00f6teht\u00e4viss\u00e4 jotka tukevat ammatillista kehittymist\u00e4ni<\/div>\n<div><\/div>\n<\/div>\n<\/div>\n<div class=\"section\">\n<div class=\"row\">\n<div class=\"col-xs-6\">\n<h2>TY\u00d6KOKEMUS<\/h2>\n<\/div>\n<div class=\"col-xs-6\"><\/div>\n<\/div>\n<div class=\"row\">\n<div class=\"col-xs-3\">\n<p>08\/2018 &#8211; jatkuu edelleen<\/p>\n<\/div>\n<div class=\"col-xs-9\">\n<p><strong>Osuuskauppa Arina Oy<\/strong><br \/>\nMyyj\u00e4<\/p>\n<p>P\u00e4\u00e4toiminen teht\u00e4v\u00e4ni on kassan hoitaminen, mutta yleens\u00e4 olen hoitanut eri asioita eri osastoilla eli t\u00e4llainen joka paikan h\u00f6yl\u00e4<\/p>\n<\/div>\n<\/div>\n<\/div>\n<div class=\"section\">\n<div class=\"row\">\n<div class=\"col-xs-6\">\n<h2>KOULUTUS<\/h2>\n<\/div>\n<div class=\"col-xs-6\"><\/div>\n<\/div>\n<div class=\"row\">\n<div class=\"col-xs-3\">\n<p>08\/2018 &#8211; 07\/2021<\/p>\n<\/div>\n<div class=\"col-xs-9\">\n<p><strong>Lapin ammattikorkeakoulu<\/strong><br \/>\nTradenomi<br \/>\nSuuntautumiseni on digitaalinen myynti, lopputy\u00f6ni ei ole viel\u00e4 valmis, olen my\u00f6s tehnyt ja ollut mukana useassa erilaisessa projektissa digitaaliseen myyntiin ja markkinoinnin maailmaan liittyen<\/p>\n<\/div>\n<\/div>\n<div class=\"row\">\n<div class=\"col-xs-3\">\n<p>08\/2015 &#8211; 03\/2018<\/p>\n<\/div>\n<div class=\"col-xs-9\">\n<p><strong>Keminmaan lukio<\/strong><br \/>\nYlioppilas<\/p>\n<\/div>\n<\/div>\n<\/div>\n<div class=\"section\">\n<div class=\"row\">\n<div class=\"col-xs-6\">\n<h2>KURSSIT<\/h2>\n<\/div>\n<div class=\"col-xs-6\">Hubspot Sales Software Certification my\u00f6nnetty 21.9.2018<\/div>\n<\/div>\n<div class=\"row\">\n<div class=\"col-xs-3\"><\/div>\n<\/div>\n<\/div>\n<div class=\"section\">\n<div class=\"row\">\n<div class=\"col-xs-6\">\n<h2>KIELITAITO<\/h2>\n<\/div>\n<div class=\"col-xs-6\">Suomi\u00a0 \u00a0 \u00a0 \u00a0 \u00a0 \u00a0 \u00a0 \u00a0 \u00a0 \u00a0 \u00e4idinkieli<\/div>\n<div class=\"col-xs-6\">Englanti\u00a0 \u00a0 \u00a0 \u00a0 \u00a0 \u00a0 \u00a0 \u00a0 \u00a0erinomainen<\/div>\n<div class=\"col-xs-6\">Ruotsi\u00a0 \u00a0 \u00a0 \u00a0 \u00a0 \u00a0 \u00a0 \u00a0 \u00a0 \u00a0 perusteet ja virkamies<\/div>\n<\/div>\n<div class=\"row\">\n<div class=\"col-xs-9\">\n<div class=\"row\">\n<div class=\"col-xs-2\"><\/div>\n<\/div>\n<\/div>\n<\/div>\n<\/div>\n<div class=\"section\">\n<div class=\"row\">\n<div class=\"col-xs-6\">\n<h2>IT-TAIDOT<\/h2>\n<\/div>\n<div class=\"col-xs-6\">Microsoftin office- ohjelmat\u00a0 \u00a0 \u00a0 \u00a0 erinomainen<\/div>\n<\/div>\n<div class=\"row\">\n<div class=\"col-xs-9\">\n<div class=\"row\">\n<div class=\"col-xs-6\">\n<p>WordPress\u00a0 \u00a0 \u00a0 \u00a0 \u00a0 \u00a0 \u00a0 \u00a0 \u00a0 \u00a0 \u00a0 \u00a0 \u00a0 \u00a0 \u00a0 \u00a0 \u00a0hyv\u00e4<\/p>\n<p>Adoben ohjelmat\u00a0 \u00a0 \u00a0 \u00a0 \u00a0 \u00a0 \u00a0 \u00a0 \u00a0 \u00a0 \u00a0 \u00a0keskiverto<\/p>\n<\/div>\n<\/div>\n<\/div>\n<\/div>\n<\/div>\n<div class=\"section\">\n<div class=\"row\">\n<div class=\"col-xs-6\">\n<h2>HARRASTUKSET<\/h2>\n<\/div>\n<\/div>\n<div class=\"row\">\n<div class=\"col-xs-9\">\n<div class=\"row\">\n<div class=\"col-xs-12\">\n<p>Kuntosali ja videopelit<\/p>\n<p>SUOSITTELIJAT<\/p>\n<\/div>\n<\/div>\n<\/div>\n<\/div>\n<\/div>\n<div class=\"section\">\n<div class=\"row\">\n<div class=\"col-xs-3\"><strong>Erkki Esimerkki, Esimies, Yritys Oy<\/strong><\/div>\n<div class=\"col-xs-9\">\n<div class=\"row\">\n<div class=\"col-xs-12\">\n<p><i>Erkki toimi esimiehen\u00e4ni ty\u00f6skennelless\u00e4ni Yritys Oy:ss\u00e4.<br \/>\nPuh: 040 123 4567, s\u00e4hk\u00f6posti: erkki.esimerkki@yritysoy.fi<\/i><\/p>\n<\/div>\n<\/div>\n<\/div>\n<\/div>\n<\/div>\n","protected":false},"excerpt":{"rendered":"<p>Niko Aho Syntynyt 4.3.1998 Esimerkkitie 1 94500 Lautiosaari Puh. 000 123 4567 niko.aho@email.com ANSIOLUETTELO 31.03.2020 PROFIILI Valmistun tradenomiksi hein\u00e4kuussa 2021. Omaan kuitenkin jo muutaman vuoden ty\u00f6kokemuksen alan t\u00f6ist\u00e4. Ty\u00f6ntekij\u00e4n\u00e4 olen tehokas ja tottunut ty\u00f6skentelem\u00e4\u00e4n paineen alla. Tavoitteenani on ty\u00f6skennell\u00e4 mielenkiintoisten &hellip; <a href=\"https:\/\/blogi.eoppimispalvelut.fi\/nikonblogi\/cv\/\">Continue reading <span class=\"meta-nav\">&rarr;<\/span><\/a><\/p>\n","protected":false},"author":3515,"featured_media":0,"parent":0,"menu_order":0,"comment_status":"closed","ping_status":"closed","template":"","meta":{"footnotes":""},"class_list":["post-11","page","type-page","status-publish","hentry"],"_links":{"self":[{"href":"https:\/\/blogi.eoppimispalvelut.fi\/nikonblogi\/wp-json\/wp\/v2\/pages\/11","targetHints":{"allow":["GET"]}}],"collection":[{"href":"https:\/\/blogi.eoppimispalvelut.fi\/nikonblogi\/wp-json\/wp\/v2\/pages"}],"about":[{"href":"https:\/\/blogi.eoppimispalvelut.fi\/nikonblogi\/wp-json\/wp\/v2\/types\/page"}],"author":[{"embeddable":true,"href":"https:\/\/blogi.eoppimispalvelut.fi\/nikonblogi\/wp-json\/wp\/v2\/users\/3515"}],"replies":[{"embeddable":true,"href":"https:\/\/blogi.eoppimispalvelut.fi\/nikonblogi\/wp-json\/wp\/v2\/comments?post=11"}],"version-history":[{"count":4,"href":"https:\/\/blogi.eoppimispalvelut.fi\/nikonblogi\/wp-json\/wp\/v2\/pages\/11\/revisions"}],"predecessor-version":[{"id":70,"href":"https:\/\/blogi.eoppimispalvelut.fi\/nikonblogi\/wp-json\/wp\/v2\/pages\/11\/revisions\/70"}],"wp:attachment":[{"href":"https:\/\/blogi.eoppimispalvelut.fi\/nikonblogi\/wp-json\/wp\/v2\/media?parent=11"}],"curies":[{"name":"wp","href":"https:\/\/api.w.org\/{rel}","templated":true}]}}