{"id":2,"date":"2020-02-24T12:35:32","date_gmt":"2020-02-24T10:35:32","guid":{"rendered":"https:\/\/blogi.eoppimispalvelut.fi\/nikonblogi\/?page_id=2"},"modified":"2020-04-29T12:05:51","modified_gmt":"2020-04-29T09:05:51","slug":"esimerkkisivu","status":"publish","type":"page","link":"https:\/\/blogi.eoppimispalvelut.fi\/nikonblogi\/esimerkkisivu\/","title":{"rendered":"Tietoa minusta"},"content":{"rendered":"<p>Heippa kaikki t\u00e4nne sattuvat ihmiset!<\/p>\n<p>Nimeni on Niko ja olen 22- vuotias pojankloppi pikku kyl\u00e4st\u00e4 nimelt\u00e4 Lautiosaari. Opiskelu urani on alkanut P\u00f6lh\u00f6n koulusta, jossa k\u00e4vin eskarin ja ala-asteen. T\u00e4m\u00e4n j\u00e4lkeen rantauduin Keminmaan keskuskouluun, jossa k\u00e4vin yl\u00e4-asteen. K\u00e4vin my\u00f6s lukion kyseisess\u00e4 paikassa, koska ne olivat samaa rakennusta. Ylioppilas lakkini saatua p\u00e4\u00e4tin l\u00e4hte\u00e4 jahtaamaan liiketalouden koulutusta Tornion Lapin Ammattikorkeakouluun, jossa nykyisin olen juuri saamassa toisen vuoden p\u00e4\u00e4t\u00f6ksen. Seuraavaksi suuntanani olisi l\u00e4hte\u00e4 opiskelemaan kauppatieteiden maisteriksi, kun saan opiskeluni AMK:ssa valmiiksi. (LIS\u00c4\u00c4 KUVA ITSEST\u00c4)<\/p>\n<p>T\u00f6it\u00e4kin olen tehnyt ahkeran opiskelun ohella, joista muutamia ovat olleet autokorjaamo, kauppiaana toimiminen ja kuljetuskuskina toimiminen. Autokorjaajan urani oli vain parin viikon pituinen, sill\u00e4 se oli osa TET:\u00e4, joten en oppinut siit\u00e4 hirve\u00e4n paljoa. Kuskina toimin noin puolisen vuotta lukion j\u00e4lkeen, jossa kuljetin hy\u00f6dykkeit\u00e4 yritysten v\u00e4lill\u00e4. Viimeisin ty\u00f6paikkana, jossa olen on S-ryhm\u00e4, jossa toimin erilaisissa teht\u00e4viss\u00e4 ymp\u00e4ri kauppaa, mutta p\u00e4\u00e4s\u00e4\u00e4nt\u00f6isesti olen siell\u00e4 myyj\u00e4n\u00e4. Onnekseni olen saanut pit\u00e4\u00e4 kyseisen ty\u00f6paikan opiskelujen ohella ja ker\u00e4t\u00e4 pient\u00e4 pes\u00e4munaa tulevaisuutta varten.<\/p>\n<p>Lopuksi kerron viel\u00e4 hieman itsest\u00e4ni lis\u00e4\u00e4, kuten mist\u00e4 tykk\u00e4\u00e4n ja mist\u00e4 en, harrastukset, mielenkiinnon kohteet ja sun muuta mit\u00e4 mieleen juolahtaa. Jos pit\u00e4isi kuvailla persoonaani kolmella adjektiivill\u00e4 ne olisivat iloinen, energinen ja helposti l\u00e4hestytt\u00e4v\u00e4. Pid\u00e4n kes\u00e4st\u00e4, yst\u00e4vist\u00e4 ja videopeleist\u00e4. En pid\u00e4 talvesta, esiintymisest\u00e4 ja odottamisesta. Harrastuksiini lukeutuu salilla k\u00e4ynti, videopelit ja vasta aloitettu valokuvaus. Toivottavasti sait jonkinlaisen mielikuvan minusta henkil\u00f6n\u00e4! \ud83d\ude42<\/p>\n<p>Jos haluat tiet\u00e4\u00e4 lis\u00e4\u00e4 minusta, voit laittaa s\u00e4hk\u00f6postia minulle osoitteeseen:<\/p>\n<p>niko.aho@edu.lapinamk.fi<\/p>\n","protected":false},"excerpt":{"rendered":"<p>Heippa kaikki t\u00e4nne sattuvat ihmiset! Nimeni on Niko ja olen 22- vuotias pojankloppi pikku kyl\u00e4st\u00e4 nimelt\u00e4 Lautiosaari. Opiskelu urani on alkanut P\u00f6lh\u00f6n koulusta, jossa k\u00e4vin eskarin ja ala-asteen. T\u00e4m\u00e4n j\u00e4lkeen rantauduin Keminmaan keskuskouluun, jossa k\u00e4vin yl\u00e4-asteen. K\u00e4vin my\u00f6s lukion kyseisess\u00e4 &hellip; <a href=\"https:\/\/blogi.eoppimispalvelut.fi\/nikonblogi\/esimerkkisivu\/\">Continue reading <span class=\"meta-nav\">&rarr;<\/span><\/a><\/p>\n","protected":false},"author":3515,"featured_media":0,"parent":0,"menu_order":0,"comment_status":"closed","ping_status":"open","template":"","meta":{"footnotes":""},"class_list":["post-2","page","type-page","status-publish","hentry"],"_links":{"self":[{"href":"https:\/\/blogi.eoppimispalvelut.fi\/nikonblogi\/wp-json\/wp\/v2\/pages\/2","targetHints":{"allow":["GET"]}}],"collection":[{"href":"https:\/\/blogi.eoppimispalvelut.fi\/nikonblogi\/wp-json\/wp\/v2\/pages"}],"about":[{"href":"https:\/\/blogi.eoppimispalvelut.fi\/nikonblogi\/wp-json\/wp\/v2\/types\/page"}],"author":[{"embeddable":true,"href":"https:\/\/blogi.eoppimispalvelut.fi\/nikonblogi\/wp-json\/wp\/v2\/users\/3515"}],"replies":[{"embeddable":true,"href":"https:\/\/blogi.eoppimispalvelut.fi\/nikonblogi\/wp-json\/wp\/v2\/comments?post=2"}],"version-history":[{"count":5,"href":"https:\/\/blogi.eoppimispalvelut.fi\/nikonblogi\/wp-json\/wp\/v2\/pages\/2\/revisions"}],"predecessor-version":[{"id":112,"href":"https:\/\/blogi.eoppimispalvelut.fi\/nikonblogi\/wp-json\/wp\/v2\/pages\/2\/revisions\/112"}],"wp:attachment":[{"href":"https:\/\/blogi.eoppimispalvelut.fi\/nikonblogi\/wp-json\/wp\/v2\/media?parent=2"}],"curies":[{"name":"wp","href":"https:\/\/api.w.org\/{rel}","templated":true}]}}