{"id":2,"date":"2026-02-10T11:11:43","date_gmt":"2026-02-10T11:11:43","guid":{"rendered":"https:\/\/blogi.eoppimispalvelut.fi\/nordicbit\/?page_id=2"},"modified":"2026-04-01T10:48:40","modified_gmt":"2026-04-01T10:48:40","slug":"sample-page","status":"publish","type":"page","link":"https:\/\/blogi.eoppimispalvelut.fi\/nordicbit\/","title":{"rendered":"Pohjoisen omia \u00e4lylaitteita ja palveluja"},"content":{"rendered":"\n<p>Meilt\u00e4 l\u00f6yd\u00e4t kaiken, mit\u00e4 yrityksesi tarvitsee pysy\u00e4kseen tehokkaana ja toimintavarmana: laadukkaat puhelimet, suorituskykyiset tietokoneet sek\u00e4 joustavan ohjelmisto\u2011 ja IT\u2011tuen.<\/p>\n\n\n\n<p>Tarjoamme ratkaisut, jotka toimivat yrityksenne tarpeisiin \u2013 ja tuemme yrityst\u00e4si koko matkan ajan k\u00e4ytt\u00f6\u00f6notosta yll\u00e4pitoon. Kun laitteet ja tuki pelaavat, yrityksesi voi keskitty\u00e4 siihen, mik\u00e4 on t\u00e4rkeint\u00e4: tuloksentekoon.<\/p>\n\n\n\n<h3 class=\"wp-block-heading\">Mit\u00e4 tarjoamme?<\/h3>\n\n\n\n<ul class=\"wp-block-list\">\n<li>Puhelimet ja tietokoneet yritysk\u00e4ytt\u00f6\u00f6n<\/li>\n\n\n\n<li>Ohjelmistotuki ja yll\u00e4pito<\/li>\n\n\n\n<li>Nopea ja henkil\u00f6kohtainen IT\u2011tuki aina tarpeen mukaan<\/li>\n<\/ul>\n\n\n\n<p>Kun arjen tekniikka toimii, yrityksesi voi keskitty\u00e4 siihen, mik\u00e4 tuottaa arvoa.<\/p>\n\n\n\n<p><strong>Valitse pohjoisen varma IT-kumppani. Huolehdimme tekniikasta \u2013 sin\u00e4 bisneksest\u00e4.<\/strong><\/p>\n\n\n\n<p><\/p>\n\n\n\n<p><\/p>\n\n\n\n<p><\/p>\n\n\n\n<p><\/p>\n\n\n\n<figure class=\"wp-block-image size-full is-resized\"><img loading=\"lazy\" decoding=\"async\" width=\"512\" height=\"512\" src=\"https:\/\/blogi.eoppimispalvelut.fi\/nordicbit\/files\/2026\/02\/cropped-NordicBIT.logo01png.png\" alt=\"\" class=\"wp-image-28\" style=\"width:179px;height:auto\" srcset=\"https:\/\/blogi.eoppimispalvelut.fi\/nordicbit\/files\/2026\/02\/cropped-NordicBIT.logo01png.png 512w, https:\/\/blogi.eoppimispalvelut.fi\/nordicbit\/files\/2026\/02\/cropped-NordicBIT.logo01png-120x120.png 120w, https:\/\/blogi.eoppimispalvelut.fi\/nordicbit\/files\/2026\/02\/cropped-NordicBIT.logo01png-280x280.png 280w, https:\/\/blogi.eoppimispalvelut.fi\/nordicbit\/files\/2026\/02\/cropped-NordicBIT.logo01png-100x100.png 100w, https:\/\/blogi.eoppimispalvelut.fi\/nordicbit\/files\/2026\/02\/cropped-NordicBIT.logo01png-200x200.png 200w, https:\/\/blogi.eoppimispalvelut.fi\/nordicbit\/files\/2026\/02\/cropped-NordicBIT.logo01png-270x270.png 270w, https:\/\/blogi.eoppimispalvelut.fi\/nordicbit\/files\/2026\/02\/cropped-NordicBIT.logo01png-192x192.png 192w, https:\/\/blogi.eoppimispalvelut.fi\/nordicbit\/files\/2026\/02\/cropped-NordicBIT.logo01png-180x180.png 180w, https:\/\/blogi.eoppimispalvelut.fi\/nordicbit\/files\/2026\/02\/cropped-NordicBIT.logo01png-32x32.png 32w\" sizes=\"auto, (max-width: 512px) 100vw, 512px\" \/><\/figure>\n\n\n\n<p>Kyseess\u00e4 on oppiyritys Lapin AMK oppimisymp\u00e4rist\u00f6ss\u00e4.<\/p>\n\n\n\n<div class=\"wp-block-group alignfull has-background-color has-white-color has-black-background-color has-text-color has-background has-link-color wp-elements-77c4e1912d7bf426962c3248ec5320f3 is-vertical is-content-justification-stretch is-layout-flex wp-container-core-group-is-layout-47eb2bc5 wp-block-group-is-layout-flex\" style=\"min-height:40vh;margin-top:0;margin-bottom:0;padding-top:var(--wp--preset--spacing--60);padding-right:var(--wp--preset--spacing--40);padding-bottom:var(--wp--preset--spacing--60);padding-left:var(--wp--preset--spacing--40)\">\n<div class=\"wp-block-columns alignwide has-small-font-size is-layout-flex wp-container-core-columns-is-layout-9d6595d7 wp-block-columns-is-layout-flex\">\n<div class=\"wp-block-column is-layout-flow wp-block-column-is-layout-flow\">\n<p class=\"has-text-align-center\">Tiedot<\/p>\n\n\n\n<p class=\"has-text-align-center\">Teollisuustie 12D 96400 <br>Napalaakso<\/p>\n\n\n\n<p class=\"has-text-align-center\">nordicbusinessit@gmail.com<\/p>\n\n\n\n<div style=\"height:24px\" aria-hidden=\"true\" class=\"wp-block-spacer\"><\/div>\n<\/div>\n\n\n\n<div class=\"wp-block-column is-layout-flow wp-block-column-is-layout-flow\">\n<p class=\"has-text-align-center\">Sivut<\/p>\n\n\n<nav class=\"has-small-font-size items-justified-center is-vertical no-wrap wp-block-navigation is-content-justification-center is-nowrap is-layout-flex wp-container-core-navigation-is-layout-685400d0 wp-block-navigation-is-layout-flex\" aria-label=\"Navigation\"><ul class=\"wp-block-navigation__container has-small-font-size items-justified-center is-vertical no-wrap wp-block-navigation has-small-font-size\"><ul class=\"has-small-font-size wp-block-page-list\"><li class=\"wp-block-pages-list__item wp-block-navigation-item open-on-hover-click\"><a class=\"wp-block-pages-list__item__link wp-block-navigation-item__content\" href=\"https:\/\/blogi.eoppimispalvelut.fi\/nordicbit\/meidan-tarina\/\">Meid\u00e4n tarina<\/a><\/li><li class=\"wp-block-pages-list__item wp-block-navigation-item open-on-hover-click\"><a class=\"wp-block-pages-list__item__link wp-block-navigation-item__content\" href=\"https:\/\/blogi.eoppimispalvelut.fi\/nordicbit\/ota-yhteytta2\/\">Ota yhteytt\u00e4<\/a><\/li><li class=\"wp-block-pages-list__item wp-block-navigation-item open-on-hover-click menu-item-home\"><a class=\"wp-block-pages-list__item__link wp-block-navigation-item__content\" href=\"https:\/\/blogi.eoppimispalvelut.fi\/nordicbit\/\">Pohjoisen omia \u00e4lylaitteita ja palveluja<\/a><\/li><li class=\"wp-block-pages-list__item wp-block-navigation-item open-on-hover-click\"><a class=\"wp-block-pages-list__item__link wp-block-navigation-item__content\" href=\"https:\/\/blogi.eoppimispalvelut.fi\/nordicbit\/tuotteet\/\">Tuotteet ja hinnasto<\/a><\/li><\/ul><\/ul><\/nav>\n\n\n<div style=\"height:24px\" aria-hidden=\"true\" class=\"wp-block-spacer\"><\/div>\n<\/div>\n\n\n\n<div class=\"wp-block-column is-layout-flow wp-block-column-is-layout-flow\">\n<p class=\"has-text-align-center\">Some<\/p>\n\n\n\n<div class=\"wp-block-group is-vertical is-content-justification-center is-layout-flex wp-container-core-group-is-layout-bdd043ae wp-block-group-is-layout-flex\">\n<p><\/p>\n\n\n\n<p><a href=\"https:\/\/www.instagram.com\/nordicbit?igsh=MWlldnZlN3R6djd1eg==\" data-type=\"link\" data-id=\"https:\/\/www.instagram.com\/nordicbit?igsh=MWlldnZlN3R6djd1eg==\">Instagram<\/a><\/p>\n\n\n\n<p><\/p>\n<\/div>\n\n\n\n<div style=\"height:24px\" aria-hidden=\"true\" class=\"wp-block-spacer\"><\/div>\n<\/div>\n<\/div>\n\n\n\n<div class=\"wp-block-group alignwide is-content-justification-center is-layout-flex wp-container-core-group-is-layout-5590e8cb wp-block-group-is-layout-flex\">\n<p class=\"has-text-align-center has-small-font-size\"> Proudly powered by <a rel=\"nofollow\" href=\"https:\/\/wordpress.org\">WordPress<\/a> <\/p>\n<\/div>\n<\/div>\n\n\n\n<p><\/p>\n","protected":false},"excerpt":{"rendered":"<p>Meilt\u00e4 l\u00f6yd\u00e4t kaiken, mit\u00e4 yrityksesi tarvitsee pysy\u00e4kseen tehokkaana ja toimintavarmana: laadukkaat puhelimet, suorituskykyiset tietokoneet sek\u00e4 joustavan ohjelmisto\u2011 ja IT\u2011tuen. Tarjoamme &hellip; <a href=\"https:\/\/blogi.eoppimispalvelut.fi\/nordicbit\/\" class=\"more-link\">Continue reading<span class=\"screen-reader-text\"> &#8221;Pohjoisen omia \u00e4lylaitteita ja palveluja&#8221;<\/span><\/a><\/p>\n","protected":false},"author":54737,"featured_media":0,"parent":0,"menu_order":0,"comment_status":"closed","ping_status":"closed","template":"","meta":{"footnotes":""},"class_list":["post-2","page","type-page","status-publish","hentry"],"_links":{"self":[{"href":"https:\/\/blogi.eoppimispalvelut.fi\/nordicbit\/wp-json\/wp\/v2\/pages\/2","targetHints":{"allow":["GET"]}}],"collection":[{"href":"https:\/\/blogi.eoppimispalvelut.fi\/nordicbit\/wp-json\/wp\/v2\/pages"}],"about":[{"href":"https:\/\/blogi.eoppimispalvelut.fi\/nordicbit\/wp-json\/wp\/v2\/types\/page"}],"author":[{"embeddable":true,"href":"https:\/\/blogi.eoppimispalvelut.fi\/nordicbit\/wp-json\/wp\/v2\/users\/54737"}],"replies":[{"embeddable":true,"href":"https:\/\/blogi.eoppimispalvelut.fi\/nordicbit\/wp-json\/wp\/v2\/comments?post=2"}],"version-history":[{"count":11,"href":"https:\/\/blogi.eoppimispalvelut.fi\/nordicbit\/wp-json\/wp\/v2\/pages\/2\/revisions"}],"predecessor-version":[{"id":198,"href":"https:\/\/blogi.eoppimispalvelut.fi\/nordicbit\/wp-json\/wp\/v2\/pages\/2\/revisions\/198"}],"wp:attachment":[{"href":"https:\/\/blogi.eoppimispalvelut.fi\/nordicbit\/wp-json\/wp\/v2\/media?parent=2"}],"curies":[{"name":"wp","href":"https:\/\/api.w.org\/{rel}","templated":true}]}}