{"id":69,"date":"2026-02-19T08:34:58","date_gmt":"2026-02-19T08:34:58","guid":{"rendered":"https:\/\/blogi.eoppimispalvelut.fi\/nordicbit\/?page_id=69"},"modified":"2026-04-01T11:16:35","modified_gmt":"2026-04-01T11:16:35","slug":"tuotteet","status":"publish","type":"page","link":"https:\/\/blogi.eoppimispalvelut.fi\/nordicbit\/tuotteet\/","title":{"rendered":"Tuotteet ja hinnasto"},"content":{"rendered":"<p class=\"wp-block-site-tagline\">Sit\u00e4 parempaa IT-tukea<\/p>\n\n\n<h2 class=\"wp-block-heading\">Laitteet<\/h2>\n\n\n\n<p>Laadukkaat ja toimintavarmat laitteet ovat sujuvan ty\u00f6p\u00e4iv\u00e4n perusta. Meilt\u00e4 saat yrityksellesi luotettavat puhelimet, tietokoneet, tabletit ja oheislaitteet. Alle olemme listanneet meid\u00e4n tarjoamia laitteita. Hinnat sis\u00e4lt\u00e4v\u00e4t ALVin<\/p>\n\n\n\n<details class=\"wp-block-details is-layout-flow wp-block-details-is-layout-flow\"><summary><strong>Tietokoneet &amp; ty\u00f6asemat<\/strong><\/summary>\n<p>Hp All-in-One <strong> 879,00\u20ac<\/strong><\/p>\n\n\n\n<p>Lenovo ThinkCentre (Win 11 Pro)  <strong>1320,00\u20ac<\/strong><\/p>\n\n\n\n<p>HP 15,6&#8243; kannettava <strong> 635,00\u20ac<\/strong><\/p>\n<\/details>\n\n\n\n<details class=\"wp-block-details is-layout-flow wp-block-details-is-layout-flow\"><summary><strong>Apple puhelimet<\/strong><\/summary>\n<p>iPhone 17 Pro 256 Gt  <strong>1130,00\u20ac<\/strong><\/p>\n\n\n\n<p>MacBook Pro 14&#8243; M5 Max  <strong>1380,00\u20ac<\/strong><\/p>\n\n\n\n<p>iPad Air 11 M3 Cellular  <strong>740,00\u20ac<\/strong><\/p>\n<\/details>\n\n\n\n<details class=\"wp-block-details is-layout-flow wp-block-details-is-layout-flow\"><summary><strong>Android puhelimet<\/strong><\/summary>\n<p>HONOR 400 Lite  <strong>249,90\u20ac<\/strong><\/p>\n\n\n\n<p>Samsung Calaxy Z Flip7  <strong>1069,00\u20ac<\/strong><\/p>\n<\/details>\n\n\n\n<details class=\"wp-block-details is-layout-flow wp-block-details-is-layout-flow\"><summary><strong>N\u00e4yt\u00f6t<\/strong><\/summary>\n<p>Dell P2725H 27&#8243;  <strong>200,00\u20ac<\/strong><\/p>\n\n\n\n<p>HP Series 5 Pro 24&#8243;  <strong>189,00\u20ac<\/strong><\/p>\n<\/details>\n\n\n\n<details class=\"wp-block-details is-layout-flow wp-block-details-is-layout-flow\"><summary><strong>Televisiot<\/strong><\/summary>\n<p>Samsung 65&#8243; QWF1 QLED  <strong>635,00\u20ac<\/strong><\/p>\n<\/details>\n\n\n\n<details class=\"wp-block-details is-layout-flow wp-block-details-is-layout-flow\"><summary><strong>Kaapelit<\/strong><\/summary>\n<p>HDMI 5m  <strong>19,90\u20ac<\/strong><\/p>\n\n\n\n<p>CAT6 Ethernet 5m  <strong>24,99\u20ac<\/strong><\/p>\n\n\n\n<p>USB-C <strong> 31,90\u20ac<\/strong><\/p>\n\n\n\n<p>Verkkovirtakaapeli  <strong>24,99\u20ac<\/strong><\/p>\n<\/details>\n\n\n\n<details class=\"wp-block-details is-layout-flow wp-block-details-is-layout-flow\"><summary><strong>Lis\u00e4laitteet &amp; tarvikkeet<\/strong><\/summary>\n<p>Epson ES-50 mobiiliskanneri  <strong>139,00\u20ac<\/strong><\/p>\n\n\n\n<p>Dell langaton n\u00e4pp\u00e4imist\u00f6+hiiri  <strong>112,00\u20ac<\/strong><\/p>\n\n\n\n<p>HP 650 n\u00e4\u00e4pp\u00e4imist\u00f6+hiiri  <strong>139,00\u20ac<\/strong><\/p>\n\n\n\n<p>Logitech M171 hiiri   <strong>19,90\u20ac<\/strong><\/p>\n\n\n\n<p>Ulkoinen kovalevy 5 TB  <strong>169,00\u20ac<\/strong><\/p>\n\n\n\n<p>TP-Link Archer MR200 <strong> 99,90\u20ac<\/strong><\/p>\n\n\n\n<p>HP LaserJet Enterprise tulostin  <strong>879,00\u20ac<\/strong><\/p>\n\n\n\n<p>HP OfficeJet Pro  <strong>219,00\u20ac<\/strong><\/p>\n\n\n\n<p>Mustekasetti  <strong>74,90\u20ac<\/strong><\/p>\n\n\n\n<p>HP USB-C Dock G5  <strong>239,00\u20ac<\/strong><\/p>\n\n\n\n<p>Logitech Zone Vibe 100  <strong>99,90\u20ac<\/strong><\/p>\n\n\n\n<p>USB-muistitikku 64 GB  <strong>31,90\u20ac<\/strong><\/p>\n\n\n\n<p>Laserosoitin  <strong>16,90\u20ac <\/strong><\/p>\n\n\n\n<p>Suojakuoret + panssarilasi  <strong>40,00\u20ac<\/strong><\/p>\n\n\n\n<p>Maksup\u00e4\u00e4te  <strong>635,00\u20ac<\/strong><\/p>\n<\/details>\n\n\n\n<details class=\"wp-block-details is-layout-flow wp-block-details-is-layout-flow\"><summary><strong>Ohjelmistot<\/strong><\/summary>\n<p>Microsoft 365 Business Standard ohjelmisto <strong>129,00\u20ac<\/strong><\/p>\n<\/details>\n\n\n\n<p><\/p>\n\n\n\n<h2 class=\"wp-block-heading\">IT-tuki<\/h2>\n\n\n\n<p>Kun tekniikka toimii, ty\u00f6kin toimii. Tarjoamme nopeaa ja henkil\u00f6kohtaista IT\u2011tukea, joka ratkaisee ongelmat ennen kuin ne hidastavat arkea.<\/p>\n\n\n\n<p>Tarjoamme teille:<\/p>\n\n\n\n<ul class=\"wp-block-list\">\n<li>Laitteiden k\u00e4ytt\u00f6\u00f6notto ja optimointi<\/li>\n\n\n\n<li>Ohjelmistojen asennus<\/li>\n\n\n\n<li>Microsoft 365 -tilin luonti &amp; suojaus<\/li>\n\n\n\n<li>Et\u00e4tuki (30pv)<\/li>\n\n\n\n<li>Ty\u00f6aseman yritysk\u00e4ytt\u00f6\u00f6n optimointi<\/li>\n\n\n\n<li>K\u00e4ytt\u00e4j\u00e4tunnusten luonti + tietoturvan kovennus<\/li>\n\n\n\n<li>Varmuuskopintij\u00e4rjestelm\u00e4n asetukset<\/li>\n\n\n\n<li>Laitteiden asennus<\/li>\n\n\n\n<li>Apple-ekosysteemin k\u00e4ytt\u00f6\u00f6notto<\/li>\n\n\n\n<li>S\u00e4hk\u00f6postin, kalenterin ja tiedostojen yhdist\u00e4minen<\/li>\n\n\n\n<li>Laitteiden suojaus<\/li>\n\n\n\n<li>Ohjelmistojen asennus<\/li>\n\n\n\n<li>60 p\u00e4iv\u00e4n premium-tuki<\/li>\n\n\n\n<li>Turvallinen kotiverkon asennus<\/li>\n\n\n\n<li>Peruspalomuuri ja suojaus<\/li>\n\n\n\n<li>WiFi-optimointi<\/li>\n<\/ul>\n\n\n\n<p><\/p>\n\n\n\n<h2 class=\"wp-block-heading\">Paketit<\/h2>\n\n\n\n<p>Helppo tapa hoitaa yrityksen IT kuntoon kerralla. Valitse valmis pakettimme tai rakennetaan yhdess\u00e4 teille r\u00e4\u00e4t\u00e4l\u00f6ity kokonaisuus.<\/p>\n\n\n\n<ul class=\"wp-block-list\">\n<li>Toimiston peruspaketti sis\u00e4lt\u00e4\u00e4: tietokoneen, n\u00e4pp\u00e4imist\u00f6n ja hiiren, Microsoft 365 Business, laitteen k\u00e4ytt\u00f6\u00f6notto ja optimointi, ohjelmiston asennus, Microsoft 365- tilin luonti ja et\u00e4tuki (30pv)  <strong>1771,30\u20ac<\/strong><\/li>\n<\/ul>\n\n\n\n<ul class=\"wp-block-list\">\n<li>Ty\u00f6asemapaketti sis\u00e4lt\u00e4\u00e4: Lenovo ThinkCentre (Win 11Pro), HP Series 5 Pro 24&#8243;, HP 650 n\u00e4pp\u00e4imist\u00f6+hiiri, HP USB-C Dock G5, Ulkoinen kovalevy 5TB, Microsoft 365 ohjelmisto ja sen asennus, ty\u00f6aseman yritysk\u00e4ytt\u00f6\u00f6n optimointi, k\u00e4ytt\u00e4j\u00e4tunnusten luonti sek\u00e4 varmuuskopiointij\u00e4rjestelm\u00e4n asetukset.  <strong>2592,78\u20ac<\/strong><\/li>\n<\/ul>\n\n\n\n<ul class=\"wp-block-list\">\n<li>Apple -paketti sis\u00e4lt\u00e4\u00e4: MacBook Pro 14&#8243; M5 Max, iPhone 17 Pro 256Gt, ulkoinen kovalevy 5 TB, Microsoft 365 ohjelmisto ja sen asennus, Apple-ekosysteemin k\u00e4ytt\u00f6\u00f6notto, s\u00e4hk\u00f6posti ja kalenteri, laitteiden suojaus, 60 p\u00e4iv\u00e4n premium-tuki.  <strong>3253,53\u20ac<\/strong><\/li>\n<\/ul>\n\n\n\n<ul class=\"wp-block-list\">\n<li>Perusturvapaketti sis\u00e4lt\u00e4\u00e4: TP-Link Archer MR200, USB-C muistitikku 64 GB, Laserosoitin, Verkkovirtakaapeli, CAT6 Ethernet 5m, Wifi-optimointi, automaattinen varmuuskopiointi, turvallinen kotiverkon asennus sek\u00e4 30 p\u00e4iv\u00e4n et\u00e4tuki.  <strong>611,58\u20ac<\/strong><\/li>\n<\/ul>\n\n\n\n<p>Kyseess\u00e4 on oppiyritys Lapin AMK oppimisymp\u00e4rist\u00f6ss\u00e4.<\/p>\n\n\n\n<p><\/p>\n","protected":false},"excerpt":{"rendered":"<p>Laitteet Laadukkaat ja toimintavarmat laitteet ovat sujuvan ty\u00f6p\u00e4iv\u00e4n perusta. Meilt\u00e4 saat yrityksellesi luotettavat puhelimet, tietokoneet, tabletit ja oheislaitteet. Alle olemme &hellip; <a href=\"https:\/\/blogi.eoppimispalvelut.fi\/nordicbit\/tuotteet\/\" class=\"more-link\">Continue reading<span class=\"screen-reader-text\"> &#8221;Tuotteet ja hinnasto&#8221;<\/span><\/a><\/p>\n","protected":false},"author":54737,"featured_media":0,"parent":0,"menu_order":0,"comment_status":"closed","ping_status":"closed","template":"","meta":{"footnotes":""},"class_list":["post-69","page","type-page","status-publish","hentry"],"_links":{"self":[{"href":"https:\/\/blogi.eoppimispalvelut.fi\/nordicbit\/wp-json\/wp\/v2\/pages\/69","targetHints":{"allow":["GET"]}}],"collection":[{"href":"https:\/\/blogi.eoppimispalvelut.fi\/nordicbit\/wp-json\/wp\/v2\/pages"}],"about":[{"href":"https:\/\/blogi.eoppimispalvelut.fi\/nordicbit\/wp-json\/wp\/v2\/types\/page"}],"author":[{"embeddable":true,"href":"https:\/\/blogi.eoppimispalvelut.fi\/nordicbit\/wp-json\/wp\/v2\/users\/54737"}],"replies":[{"embeddable":true,"href":"https:\/\/blogi.eoppimispalvelut.fi\/nordicbit\/wp-json\/wp\/v2\/comments?post=69"}],"version-history":[{"count":25,"href":"https:\/\/blogi.eoppimispalvelut.fi\/nordicbit\/wp-json\/wp\/v2\/pages\/69\/revisions"}],"predecessor-version":[{"id":208,"href":"https:\/\/blogi.eoppimispalvelut.fi\/nordicbit\/wp-json\/wp\/v2\/pages\/69\/revisions\/208"}],"wp:attachment":[{"href":"https:\/\/blogi.eoppimispalvelut.fi\/nordicbit\/wp-json\/wp\/v2\/media?parent=69"}],"curies":[{"name":"wp","href":"https:\/\/api.w.org\/{rel}","templated":true}]}}