{"id":85,"date":"2026-02-19T08:47:04","date_gmt":"2026-02-19T08:47:04","guid":{"rendered":"https:\/\/blogi.eoppimispalvelut.fi\/nordicbit\/?page_id=85"},"modified":"2026-04-01T10:49:07","modified_gmt":"2026-04-01T10:49:07","slug":"meidan-tarina","status":"publish","type":"page","link":"https:\/\/blogi.eoppimispalvelut.fi\/nordicbit\/meidan-tarina\/","title":{"rendered":"Meid\u00e4n tarina"},"content":{"rendered":"\n<p>Kaikki alkoi yksinkertaisesta ajatuksesta: IT\u2011tuen pit\u00e4isi olla parempaa. Selke\u00e4mp\u00e4\u00e4, sujuvampaa ja aidosti asiakkaan arkea helpottavaa. Syntyi yrityksemme \u2014 paikka, jossa teknologia ja palveluasenne kulkevat k\u00e4si k\u00e4dess\u00e4.<\/p>\n\n\n\n<p>Vuosien aikana olemme kasvaneet pienest\u00e4 laitehuollosta monipuoliseksi IT\u2011kumppaniksi, joka tarjoaa asiakkailleen kokonaisvaltaista tukea. Meille IT ei ole vain laitteita ja ohjelmistoja, vaan ennen kaikkea ihmisten auttamista. Siksi sloganimme <em>\u201csit\u00e4 parempaa IT\u2011tukea\u201d<\/em> ei ole pelkk\u00e4 lause \u2014 se on lupaus, jonka lunastamme joka p\u00e4iv\u00e4.<\/p>\n\n\n\n<p>Tarjoamme asiakkaillemme:<\/p>\n\n\n\n<ul class=\"wp-block-list\">\n<li>Luotettavaa IT\u2011tukea yrityksille ja yksityisille<\/li>\n\n\n\n<li>Laadukkaita tietokoneita, ohjelmistoja ja tarvikkeita<\/li>\n\n\n\n<li>Ammattitaitoista huoltoa ja yll\u00e4pitoa, jotta laitteet toimivat silloin kun niiden pit\u00e4\u00e4<\/li>\n<\/ul>\n\n\n\n<p>Meille jokainen asiakas on t\u00e4rke\u00e4, ja jokainen ongelma on ratkaistavissa. Haluamme olla se kumppani, johon voi luottaa \u2014 oli kyse sitten uuden tietokoneen hankinnasta, ohjelmistojen k\u00e4ytt\u00f6\u00f6notosta tai kiireellisest\u00e4 huoltotarpeesta.<\/p>\n\n\n\n<p>Tarinamme jatkuu joka p\u00e4iv\u00e4, kun autamme asiakkaitamme tekem\u00e4\u00e4n teknologiasta helppoa ja toimivaa. Ja juuri siksi olemme olemassa: <\/p>\n\n\n\n<blockquote class=\"wp-block-quote is-layout-flow wp-block-quote-is-layout-flow\">\n<pre class=\"wp-block-verse\"><em>tarjoamassa sit\u00e4 parempaa IT\u2011tukea.<\/em><\/pre>\n<\/blockquote>\n\n\n\n<p>Kyseess\u00e4 on oppiyritys Lapin AMK oppimisymp\u00e4rist\u00f6ss\u00e4.<\/p>\n","protected":false},"excerpt":{"rendered":"<p>Kaikki alkoi yksinkertaisesta ajatuksesta: IT\u2011tuen pit\u00e4isi olla parempaa. Selke\u00e4mp\u00e4\u00e4, sujuvampaa ja aidosti asiakkaan arkea helpottavaa. Syntyi yrityksemme \u2014 paikka, jossa &hellip; <a href=\"https:\/\/blogi.eoppimispalvelut.fi\/nordicbit\/meidan-tarina\/\" class=\"more-link\">Continue reading<span class=\"screen-reader-text\"> &#8221;Meid\u00e4n tarina&#8221;<\/span><\/a><\/p>\n","protected":false},"author":54737,"featured_media":0,"parent":0,"menu_order":0,"comment_status":"closed","ping_status":"closed","template":"","meta":{"footnotes":""},"class_list":["post-85","page","type-page","status-publish","hentry"],"_links":{"self":[{"href":"https:\/\/blogi.eoppimispalvelut.fi\/nordicbit\/wp-json\/wp\/v2\/pages\/85","targetHints":{"allow":["GET"]}}],"collection":[{"href":"https:\/\/blogi.eoppimispalvelut.fi\/nordicbit\/wp-json\/wp\/v2\/pages"}],"about":[{"href":"https:\/\/blogi.eoppimispalvelut.fi\/nordicbit\/wp-json\/wp\/v2\/types\/page"}],"author":[{"embeddable":true,"href":"https:\/\/blogi.eoppimispalvelut.fi\/nordicbit\/wp-json\/wp\/v2\/users\/54737"}],"replies":[{"embeddable":true,"href":"https:\/\/blogi.eoppimispalvelut.fi\/nordicbit\/wp-json\/wp\/v2\/comments?post=85"}],"version-history":[{"count":5,"href":"https:\/\/blogi.eoppimispalvelut.fi\/nordicbit\/wp-json\/wp\/v2\/pages\/85\/revisions"}],"predecessor-version":[{"id":199,"href":"https:\/\/blogi.eoppimispalvelut.fi\/nordicbit\/wp-json\/wp\/v2\/pages\/85\/revisions\/199"}],"wp:attachment":[{"href":"https:\/\/blogi.eoppimispalvelut.fi\/nordicbit\/wp-json\/wp\/v2\/media?parent=85"}],"curies":[{"name":"wp","href":"https:\/\/api.w.org\/{rel}","templated":true}]}}