{"id":13,"date":"2026-02-19T10:00:06","date_gmt":"2026-02-19T08:00:06","guid":{"rendered":"https:\/\/blogi.eoppimispalvelut.fi\/nordicclothing\/?page_id=13"},"modified":"2026-03-24T14:11:52","modified_gmt":"2026-03-24T12:11:52","slug":"entisointi","status":"publish","type":"page","link":"https:\/\/blogi.eoppimispalvelut.fi\/nordicclothing\/entisointi\/","title":{"rendered":"Hinnasto"},"content":{"rendered":"\n<div class=\"wp-block-columns is-layout-flex wp-container-core-columns-is-layout-9d6595d7 wp-block-columns-is-layout-flex\">\n<div class=\"wp-block-column is-layout-flow wp-block-column-is-layout-flow\" style=\"flex-basis:100%\">\n<figure class=\"wp-block-table\"><table class=\"has-fixed-layout\"><tbody><tr><td>Vartijan heijastinliivi 144,99\u20ac<\/td><\/tr><tr><td>Luotisuojaliivi + pistosuojaus 334,99\u20ac<\/td><\/tr><tr><td>Vartijanvy\u00f6 124,99\u20ac<\/td><\/tr><tr><td>Hanskat (toppa) 24,99\u20ac<\/td><\/tr><tr><td>Viiltosuojahanskat 7,99\u20ac<\/td><\/tr><tr><td>Villapipo 41,99\u20ac<\/td><\/tr><tr><td>Keng\u00e4t (terveydenhuolto) 79,99\u20ac<\/td><\/tr><tr><td>Tennarit 79,99\u20ac<\/td><\/tr><tr><td>Keng\u00e4t (toimisto) 104,99\u20ac<\/td><\/tr><tr><td>Ty\u00f6takki (talvi) 164,99\u20ac<\/td><\/tr><tr><td>Ty\u00f6housut (talvi) 134,99\u20ac<\/td><\/tr><tr><td>Sis\u00e4ty\u00f6keng\u00e4t (siivooja) 94,99\u20ac<\/td><\/tr><tr><td>Ty\u00f6keng\u00e4t (kes\u00e4) 149,99\u20ac<\/td><\/tr><tr><td>Ty\u00f6keng\u00e4t (talvi) 149,99\u20ac<\/td><\/tr><tr><td>Terveydenhoito paita 54,99\u20ac<\/td><\/tr><tr><td>T-paita (naiset) 24,99\u20ac<\/td><\/tr><tr><td>T-paita (miehet) 24,99\u20ac<\/td><\/tr><tr><td>Kauluspaita (miehet) 44,99\u20ac<\/td><\/tr><tr><td>Huppari 59,99\u20ac<\/td><\/tr><tr><td>Housut 39,99\u20ac<\/td><\/tr><tr><td>Housut (terveydenhuolto) 54,99\u20ac<\/td><\/tr><tr><td>Housu (fleece) 49,99\u20ac<\/td><\/tr><tr><td>Joustava vy\u00f6 19,99\u20ac<\/td><\/tr><tr><td>Naisten jakkupuku 599,99\u20ac<\/td><\/tr><tr><td>Naisten juhlakeng\u00e4t 79,99\u20ac<\/td><\/tr><tr><td>Putkihuivia 19,99\u20ac<\/td><\/tr><tr><td>Sukat 9,99\u20ac<\/td><\/tr><tr><td>Kravaatti 29,99\u20ac<\/td><\/tr><tr><td>Naisten hame 39,99\u20ac<\/td><\/tr><tr><td>Ty\u00f6housut kes\u00e4 110\u20ac<\/td><\/tr><tr><td>Ty\u00f6takki kes\u00e4 120\u20ac<\/td><\/tr><tr><td>Ty\u00f6hanskat 10\u20ac<\/td><\/tr><\/tbody><\/table><\/figure>\n<\/div>\n<\/div>\n\n\n\n<p>Hinnat sis\u00e4lt\u00e4v\u00e4t ALV. <\/p>\n","protected":false},"excerpt":{"rendered":"<p>Vartijan heijastinliivi 144,99\u20ac Luotisuojaliivi + pistosuojaus 334,99\u20ac Vartijanvy\u00f6 124,99\u20ac Hanskat (toppa) 24,99\u20ac Viiltosuojahanskat 7,99\u20ac Villapipo 41,99\u20ac Keng\u00e4t (terveydenhuolto) 79,99\u20ac Tennarit 79,99\u20ac Keng\u00e4t (toimisto) 104,99\u20ac Ty\u00f6takki (talvi) 164,99\u20ac Ty\u00f6housut (talvi) 134,99\u20ac Sis\u00e4ty\u00f6keng\u00e4t (siivooja) 94,99\u20ac Ty\u00f6keng\u00e4t (kes\u00e4) 149,99\u20ac Ty\u00f6keng\u00e4t (talvi) 149,99\u20ac Terveydenhoito paita 54,99\u20ac T-paita (naiset) 24,99\u20ac T-paita (miehet) 24,99\u20ac Kauluspaita (miehet) 44,99\u20ac Huppari 59,99\u20ac Housut 39,99\u20ac [&hellip;]<\/p>\n","protected":false},"author":53020,"featured_media":0,"parent":0,"menu_order":0,"comment_status":"closed","ping_status":"closed","template":"","meta":{"footnotes":""},"class_list":["post-13","page","type-page","status-publish","hentry"],"_links":{"self":[{"href":"https:\/\/blogi.eoppimispalvelut.fi\/nordicclothing\/wp-json\/wp\/v2\/pages\/13","targetHints":{"allow":["GET"]}}],"collection":[{"href":"https:\/\/blogi.eoppimispalvelut.fi\/nordicclothing\/wp-json\/wp\/v2\/pages"}],"about":[{"href":"https:\/\/blogi.eoppimispalvelut.fi\/nordicclothing\/wp-json\/wp\/v2\/types\/page"}],"author":[{"embeddable":true,"href":"https:\/\/blogi.eoppimispalvelut.fi\/nordicclothing\/wp-json\/wp\/v2\/users\/53020"}],"replies":[{"embeddable":true,"href":"https:\/\/blogi.eoppimispalvelut.fi\/nordicclothing\/wp-json\/wp\/v2\/comments?post=13"}],"version-history":[{"count":17,"href":"https:\/\/blogi.eoppimispalvelut.fi\/nordicclothing\/wp-json\/wp\/v2\/pages\/13\/revisions"}],"predecessor-version":[{"id":248,"href":"https:\/\/blogi.eoppimispalvelut.fi\/nordicclothing\/wp-json\/wp\/v2\/pages\/13\/revisions\/248"}],"wp:attachment":[{"href":"https:\/\/blogi.eoppimispalvelut.fi\/nordicclothing\/wp-json\/wp\/v2\/media?parent=13"}],"curies":[{"name":"wp","href":"https:\/\/api.w.org\/{rel}","templated":true}]}}