{"id":2,"date":"2026-02-10T14:15:02","date_gmt":"2026-02-10T12:15:02","guid":{"rendered":"https:\/\/blogi.eoppimispalvelut.fi\/nordicclothing\/?page_id=2"},"modified":"2026-03-24T16:18:47","modified_gmt":"2026-03-24T14:18:47","slug":"esimerkkisivu","status":"publish","type":"page","link":"https:\/\/blogi.eoppimispalvelut.fi\/nordicclothing\/","title":{"rendered":"Etusivu"},"content":{"rendered":"\n<p><\/p>\n\n\n\n<h2 class=\"wp-block-heading\">Nordic Clothing \u2013 Tarina pohjoisen syd\u00e4mest\u00e4<\/h2>\n\n\n\n<p><strong>Nordic Clothing<\/strong> <strong>syntyi rakkaudesta pohjoiseen luontoon, aitouteen ja kest\u00e4v\u00e4\u00e4n el\u00e4m\u00e4ntapaan. Yritys perustettiin Rovaniemell\u00e4, napapiirin tuntumassa, miss\u00e4 arktinen luonto, vuodenajat ja vahva paikallinen identiteetti muovaavat arkea ainutlaatuisella tavalla<\/strong>.<\/p>\n\n\n\n<p><strong>Kaikki alkoi ajatuksesta: miksi vaatteet eiv\u00e4t voisi tuntua yht\u00e4 aidoilta ja kest\u00e4vilt\u00e4 kuin pohjoinen itse?<\/strong><\/p>\n\n\n\n<p><strong>Rovaniemen pitk\u00e4t talvet, kirkkaat pakkasp\u00e4iv\u00e4t ja keskiy\u00f6n aurinko inspiroivat luomaan vaatteita, jotka kest\u00e4v\u00e4t aikaa \u2013 sek\u00e4 tyylillisesti ett\u00e4 laadullisesti. Nordic Clothingin perustajat halusivat yhdist\u00e4\u00e4 skandinaavisen minimalistisen designin, k\u00e4yt\u00e4nn\u00f6llisyyden ja vastuullisen tuotannon.<\/strong><\/p>\n\n\n\n<p><strong>Yrityksen ensimm\u00e4iset mallistot suunniteltiin Rovaniemell\u00e4 luonnon keskell\u00e4 \u2013 metsien hiljaisuudessa ja tunturimaisemien inspiroimana. Vaatteissa korostuvat:<\/strong><\/p>\n\n\n\n<ul class=\"wp-block-list\">\n<li><strong>Selke\u00e4t linjat<\/strong><\/li>\n\n\n\n<li><strong>Luonnonl\u00e4heiset v\u00e4rit<\/strong><\/li>\n\n\n\n<li><strong>Korkealaatuiset materiaalit<\/strong><\/li>\n\n\n\n<li><strong>Kest\u00e4v\u00e4 ja vastuullinen valmistus<\/strong><\/li>\n<\/ul>\n\n\n\n<p><strong>Nordic Clothing ei ole vain vaatebr\u00e4ndi \u2013 se on el\u00e4m\u00e4ntapa. Se edustaa rohkeutta el\u00e4\u00e4 l\u00e4hell\u00e4 luontoa, arvostaa yksinkertaisuutta ja valita laatua m\u00e4\u00e4r\u00e4n sijaan.<\/strong><\/p>\n\n\n\n<p><strong>Yrityksen syd\u00e4n sykkii Rovaniemell\u00e4, mutta sen visio ulottuu kansainv\u00e4lisille markkinoille: tuoda pala aitoa pohjoista maailmalle.<\/strong><\/p>\n\n\n\n<p><strong>Nordic Clothing \u2013 Born in the North. Made to last.<\/strong><\/p>\n\n\n\n<figure class=\"wp-block-image size-full is-resized\"><img loading=\"lazy\" decoding=\"async\" width=\"350\" height=\"350\" src=\"https:\/\/blogi.eoppimispalvelut.fi\/nordicclothing\/files\/2026\/02\/gots-1.jpg\" alt=\"\" class=\"wp-image-145\" style=\"width:116px;height:auto\" srcset=\"https:\/\/blogi.eoppimispalvelut.fi\/nordicclothing\/files\/2026\/02\/gots-1.jpg 350w, https:\/\/blogi.eoppimispalvelut.fi\/nordicclothing\/files\/2026\/02\/gots-1-120x120.jpg 120w\" sizes=\"auto, (max-width: 350px) 100vw, 350px\" \/><\/figure>\n\n\n\n<figure class=\"wp-block-image size-full is-resized\"><img loading=\"lazy\" decoding=\"async\" width=\"768\" height=\"651\" src=\"https:\/\/blogi.eoppimispalvelut.fi\/nordicclothing\/files\/2026\/02\/oko-tex-768x651-2.jpg\" alt=\"\" class=\"wp-image-147\" style=\"aspect-ratio:1.1797278160478122;width:118px;height:auto\" srcset=\"https:\/\/blogi.eoppimispalvelut.fi\/nordicclothing\/files\/2026\/02\/oko-tex-768x651-2.jpg 768w, https:\/\/blogi.eoppimispalvelut.fi\/nordicclothing\/files\/2026\/02\/oko-tex-768x651-2-120x102.jpg 120w\" sizes=\"auto, (max-width: 768px) 100vw, 768px\" \/><\/figure>\n\n\n\n<figure class=\"wp-block-image size-full\"><img loading=\"lazy\" decoding=\"async\" width=\"120\" height=\"139\" src=\"https:\/\/blogi.eoppimispalvelut.fi\/nordicclothing\/files\/2026\/02\/Naturland_Logosmall-1.png\" alt=\"\" class=\"wp-image-148\" srcset=\"https:\/\/blogi.eoppimispalvelut.fi\/nordicclothing\/files\/2026\/02\/Naturland_Logosmall-1.png 120w, https:\/\/blogi.eoppimispalvelut.fi\/nordicclothing\/files\/2026\/02\/Naturland_Logosmall-1-104x120.png 104w\" sizes=\"auto, (max-width: 120px) 100vw, 120px\" \/><\/figure>\n\n\n\n<figure class=\"wp-block-image size-full is-resized\"><img loading=\"lazy\" decoding=\"async\" width=\"360\" height=\"360\" src=\"https:\/\/blogi.eoppimispalvelut.fi\/nordicclothing\/files\/2026\/02\/reilukauppa.png\" alt=\"\" class=\"wp-image-149\" style=\"width:129px;height:auto\" srcset=\"https:\/\/blogi.eoppimispalvelut.fi\/nordicclothing\/files\/2026\/02\/reilukauppa.png 360w, https:\/\/blogi.eoppimispalvelut.fi\/nordicclothing\/files\/2026\/02\/reilukauppa-120x120.png 120w\" sizes=\"auto, (max-width: 360px) 100vw, 360px\" \/><\/figure>\n","protected":false},"excerpt":{"rendered":"<p>Nordic Clothing \u2013 Tarina pohjoisen syd\u00e4mest\u00e4 Nordic Clothing syntyi rakkaudesta pohjoiseen luontoon, aitouteen ja kest\u00e4v\u00e4\u00e4n el\u00e4m\u00e4ntapaan. Yritys perustettiin Rovaniemell\u00e4, napapiirin tuntumassa, miss\u00e4 arktinen luonto, vuodenajat ja vahva paikallinen identiteetti muovaavat arkea ainutlaatuisella tavalla. Kaikki alkoi ajatuksesta: miksi vaatteet eiv\u00e4t voisi tuntua yht\u00e4 aidoilta ja kest\u00e4vilt\u00e4 kuin pohjoinen itse? Rovaniemen pitk\u00e4t talvet, kirkkaat pakkasp\u00e4iv\u00e4t ja keskiy\u00f6n [&hellip;]<\/p>\n","protected":false},"author":53014,"featured_media":0,"parent":0,"menu_order":0,"comment_status":"closed","ping_status":"open","template":"","meta":{"footnotes":""},"class_list":["post-2","page","type-page","status-publish","hentry"],"_links":{"self":[{"href":"https:\/\/blogi.eoppimispalvelut.fi\/nordicclothing\/wp-json\/wp\/v2\/pages\/2","targetHints":{"allow":["GET"]}}],"collection":[{"href":"https:\/\/blogi.eoppimispalvelut.fi\/nordicclothing\/wp-json\/wp\/v2\/pages"}],"about":[{"href":"https:\/\/blogi.eoppimispalvelut.fi\/nordicclothing\/wp-json\/wp\/v2\/types\/page"}],"author":[{"embeddable":true,"href":"https:\/\/blogi.eoppimispalvelut.fi\/nordicclothing\/wp-json\/wp\/v2\/users\/53014"}],"replies":[{"embeddable":true,"href":"https:\/\/blogi.eoppimispalvelut.fi\/nordicclothing\/wp-json\/wp\/v2\/comments?post=2"}],"version-history":[{"count":8,"href":"https:\/\/blogi.eoppimispalvelut.fi\/nordicclothing\/wp-json\/wp\/v2\/pages\/2\/revisions"}],"predecessor-version":[{"id":258,"href":"https:\/\/blogi.eoppimispalvelut.fi\/nordicclothing\/wp-json\/wp\/v2\/pages\/2\/revisions\/258"}],"wp:attachment":[{"href":"https:\/\/blogi.eoppimispalvelut.fi\/nordicclothing\/wp-json\/wp\/v2\/media?parent=2"}],"curies":[{"name":"wp","href":"https:\/\/api.w.org\/{rel}","templated":true}]}}