{"id":47,"date":"2026-02-18T14:42:30","date_gmt":"2026-02-18T12:42:30","guid":{"rendered":"https:\/\/blogi.eoppimispalvelut.fi\/nordicclothing\/?page_id=47"},"modified":"2026-03-18T14:03:15","modified_gmt":"2026-03-18T12:03:15","slug":"tuotteet","status":"publish","type":"page","link":"https:\/\/blogi.eoppimispalvelut.fi\/nordicclothing\/tuotteet\/","title":{"rendered":"Palvelumme"},"content":{"rendered":"\n<p><strong>Vaatteiden pesu<\/strong><\/p>\n\n\n\n<p><strong>Yksi 30 Litran pesus\u00e4kki 40\u20ac<\/strong><\/p>\n\n\n\n<p><strong>Kaksi s\u00e4kki\u00e4 70\u20ac<\/strong><\/p>\n\n\n\n<div class=\"wp-block-columns is-layout-flex wp-container-core-columns-is-layout-9d6595d7 wp-block-columns-is-layout-flex\">\n<div class=\"wp-block-column is-layout-flow wp-block-column-is-layout-flow\"><\/div>\n\n\n\n<div class=\"wp-block-column is-layout-flow wp-block-column-is-layout-flow\"><\/div>\n<\/div>\n\n\n\n<p><strong>Korjaus<\/strong><\/p>\n\n\n\n<figure class=\"wp-block-image size-full is-resized\"><img loading=\"lazy\" decoding=\"async\" width=\"550\" height=\"275\" src=\"https:\/\/blogi.eoppimispalvelut.fi\/nordicclothing\/files\/2026\/02\/kenka.jpg\" alt=\"\" class=\"wp-image-49\" style=\"aspect-ratio:2.0000568214103076;width:452px;height:auto\" srcset=\"https:\/\/blogi.eoppimispalvelut.fi\/nordicclothing\/files\/2026\/02\/kenka.jpg 550w, https:\/\/blogi.eoppimispalvelut.fi\/nordicclothing\/files\/2026\/02\/kenka-525x263.jpg 525w\" sizes=\"auto, (max-width: 550px) 100vw, 550px\" \/><\/figure>\n\n\n\n<figure class=\"wp-block-table\"><table class=\"has-fixed-layout\"><tbody><tr><td>Keng\u00e4t<\/td><td>Hinta alk.<\/td><\/tr><tr><td>Pohjan liimaus<\/td><td>24,99\u20ac<\/td><\/tr><tr><td>Pohjan vaihto<\/td><td>64,99\u20ac<\/td><\/tr><tr><td>Korkolappujen vaihto<\/td><td>19,99\u20ac<\/td><\/tr><tr><td>Nahan puhdistus ja hoito<\/td><td>29,99\u20ac<\/td><\/tr><tr><td>V\u00e4rin palautus\/Uudelleen v\u00e4rj\u00e4ys<\/td><td>44,99\u20ac<\/td><\/tr><tr><td>Vetoketjun vaihto<\/td><td>54,99\u20ac<\/td><\/tr><\/tbody><\/table><\/figure>\n\n\n\n<p><br><br>HOUSUT<br>Hinta alk.<br><\/p>\n\n\n\n<ul class=\"wp-block-list\">\n<li>Lahkeen lyhennys<br>20 \u20ac<br><\/li>\n\n\n\n<li>Lahkeen pidennys<br>25 \u20ac<br><\/li>\n\n\n\n<li>Paikkaus (polvi \/ reik\u00e4)<br>18 \u20ac<br><\/li>\n\n\n\n<li>Vetoketjun vaihto<br>25 \u20ac<br><\/li>\n\n\n\n<li>Vy\u00f6t\u00e4r\u00f6n kavennus \/ suurennus<br>30 \u20ac<br><\/li>\n\n\n\n<li>Farkkujen kulutusten korjaus<br>22 \u20ac<br><br> TAKIT<br>Hinta alk.<br><\/li>\n\n\n\n<li>Vetoketjun vaihto<br>45 \u20ac<br><\/li>\n\n\n\n<li>Vuoren korjaus<br>40 \u20ac<br><\/li>\n\n\n\n<li>Hihan lyhennys<br>35 \u20ac<br><\/li>\n\n\n\n<li>Repe\u00e4m\u00e4n korjaus<br>30 \u20ac<br><\/li>\n\n\n\n<li>Nahan paikkaus<br>50 \u20ac<br><\/li>\n\n\n\n<li>Pesu ja huolto<br>35 \u20ac<br><br>PAIDAT<br>Hinta alk.<br><\/li>\n\n\n\n<li>Napin kiinnitys<br>3 \u20ac \/ kpl<br><\/li>\n\n\n\n<li>Hihan lyhennys<br>20 \u20ac<br><\/li>\n\n\n\n<li>Kavennus<br>25 \u20ac<br><\/li>\n\n\n\n<li>Kauluksen korjaus<br>18 \u20ac<br><\/li>\n\n\n\n<li>Repe\u00e4m\u00e4n paikkaus<br>15 \u20ac<\/li>\n<\/ul>\n\n\n\n<p><\/p>\n","protected":false},"excerpt":{"rendered":"<p>Vaatteiden pesu Yksi 30 Litran pesus\u00e4kki 40\u20ac Kaksi s\u00e4kki\u00e4 70\u20ac Korjaus Keng\u00e4t Hinta alk. Pohjan liimaus 24,99\u20ac Pohjan vaihto 64,99\u20ac Korkolappujen vaihto 19,99\u20ac Nahan puhdistus ja hoito 29,99\u20ac V\u00e4rin palautus\/Uudelleen v\u00e4rj\u00e4ys 44,99\u20ac Vetoketjun vaihto 54,99\u20ac HOUSUTHinta alk.<\/p>\n","protected":false},"author":53014,"featured_media":0,"parent":0,"menu_order":0,"comment_status":"closed","ping_status":"closed","template":"","meta":{"footnotes":""},"class_list":["post-47","page","type-page","status-publish","hentry"],"_links":{"self":[{"href":"https:\/\/blogi.eoppimispalvelut.fi\/nordicclothing\/wp-json\/wp\/v2\/pages\/47","targetHints":{"allow":["GET"]}}],"collection":[{"href":"https:\/\/blogi.eoppimispalvelut.fi\/nordicclothing\/wp-json\/wp\/v2\/pages"}],"about":[{"href":"https:\/\/blogi.eoppimispalvelut.fi\/nordicclothing\/wp-json\/wp\/v2\/types\/page"}],"author":[{"embeddable":true,"href":"https:\/\/blogi.eoppimispalvelut.fi\/nordicclothing\/wp-json\/wp\/v2\/users\/53014"}],"replies":[{"embeddable":true,"href":"https:\/\/blogi.eoppimispalvelut.fi\/nordicclothing\/wp-json\/wp\/v2\/comments?post=47"}],"version-history":[{"count":10,"href":"https:\/\/blogi.eoppimispalvelut.fi\/nordicclothing\/wp-json\/wp\/v2\/pages\/47\/revisions"}],"predecessor-version":[{"id":198,"href":"https:\/\/blogi.eoppimispalvelut.fi\/nordicclothing\/wp-json\/wp\/v2\/pages\/47\/revisions\/198"}],"wp:attachment":[{"href":"https:\/\/blogi.eoppimispalvelut.fi\/nordicclothing\/wp-json\/wp\/v2\/media?parent=47"}],"curies":[{"name":"wp","href":"https:\/\/api.w.org\/{rel}","templated":true}]}}