{"id":10,"date":"2019-11-28T09:31:28","date_gmt":"2019-11-28T07:31:28","guid":{"rendered":"https:\/\/blogi.eoppimispalvelut.fi\/nordicekowear\/?page_id=10"},"modified":"2019-12-05T09:20:01","modified_gmt":"2019-12-05T07:20:01","slug":"visiomme","status":"publish","type":"page","link":"https:\/\/blogi.eoppimispalvelut.fi\/nordicekowear\/visiomme\/","title":{"rendered":"Tarinamme"},"content":{"rendered":"<p style=\"text-align: left\">Ajatus Nordic Ekowearin syntym\u00e4st\u00e4 syntyi ensimm\u00e4ist\u00e4 kertaa syksyll\u00e4 2019. Rovaniemelt\u00e4 saimme kasaan tiimin ja ryhdyimme tuumasta toimeen.\u00a0 Meill\u00e4 on visio siit\u00e4, ett\u00e4 vaateteollisuus menee ymp\u00e4rist\u00f6yst\u00e4v\u00e4llisemp\u00e4\u00e4n suuntaan ja me aiomme olla etujoukoissa toteuttamassa sit\u00e4.<\/p>\n<p>Lupaamme tuottaa kest\u00e4vi\u00e4 ja ymp\u00e4rist\u00f6yst\u00e4v\u00e4llisi\u00e4 tuotteita. Haluamme yhteisty\u00f6ss\u00e4 asiakkaidemme kanssa taistella ilmastonmuutosta vastaan.<\/p>\n<p>Think Green Wear Green<\/p>\n<p>Nordic Ekowear<\/p>\n<p>&nbsp;<\/p>\n<p>&nbsp;<\/p>\n","protected":false},"excerpt":{"rendered":"<p>Ajatus Nordic Ekowearin syntym\u00e4st\u00e4 syntyi ensimm\u00e4ist\u00e4 kertaa syksyll\u00e4 2019. Rovaniemelt\u00e4 saimme kasaan tiimin ja ryhdyimme tuumasta toimeen.\u00a0 Meill\u00e4 on visio &hellip; <a href=\"https:\/\/blogi.eoppimispalvelut.fi\/nordicekowear\/visiomme\/\" class=\"more-link\">Continue reading<span class=\"screen-reader-text\"> &#8220;Tarinamme&#8221;<\/span><\/a><\/p>\n","protected":false},"author":4075,"featured_media":0,"parent":0,"menu_order":0,"comment_status":"closed","ping_status":"closed","template":"","meta":{"footnotes":""},"class_list":["post-10","page","type-page","status-publish","hentry"],"_links":{"self":[{"href":"https:\/\/blogi.eoppimispalvelut.fi\/nordicekowear\/wp-json\/wp\/v2\/pages\/10","targetHints":{"allow":["GET"]}}],"collection":[{"href":"https:\/\/blogi.eoppimispalvelut.fi\/nordicekowear\/wp-json\/wp\/v2\/pages"}],"about":[{"href":"https:\/\/blogi.eoppimispalvelut.fi\/nordicekowear\/wp-json\/wp\/v2\/types\/page"}],"author":[{"embeddable":true,"href":"https:\/\/blogi.eoppimispalvelut.fi\/nordicekowear\/wp-json\/wp\/v2\/users\/4075"}],"replies":[{"embeddable":true,"href":"https:\/\/blogi.eoppimispalvelut.fi\/nordicekowear\/wp-json\/wp\/v2\/comments?post=10"}],"version-history":[{"count":4,"href":"https:\/\/blogi.eoppimispalvelut.fi\/nordicekowear\/wp-json\/wp\/v2\/pages\/10\/revisions"}],"predecessor-version":[{"id":59,"href":"https:\/\/blogi.eoppimispalvelut.fi\/nordicekowear\/wp-json\/wp\/v2\/pages\/10\/revisions\/59"}],"wp:attachment":[{"href":"https:\/\/blogi.eoppimispalvelut.fi\/nordicekowear\/wp-json\/wp\/v2\/media?parent=10"}],"curies":[{"name":"wp","href":"https:\/\/api.w.org\/{rel}","templated":true}]}}