{"id":2,"date":"2019-11-28T09:00:24","date_gmt":"2019-11-28T07:00:24","guid":{"rendered":"https:\/\/blogi.eoppimispalvelut.fi\/nordicekowear\/?page_id=2"},"modified":"2020-01-28T10:56:23","modified_gmt":"2020-01-28T08:56:23","slug":"esimerkkisivu","status":"publish","type":"page","link":"https:\/\/blogi.eoppimispalvelut.fi\/nordicekowear\/","title":{"rendered":"Kotisivu"},"content":{"rendered":"\r\n<p>Heippa!<\/p>\r\n<p>Olemme kotimainen yritys, joka j\u00e4lleenmyy muovipulloista valmistettuja ty\u00f6vaatteita yrityksille. Meilt\u00e4 l\u00f6ytyy monipuolisesti ty\u00f6vaatteet eri alojen tarpeisiin!<\/p>\r\n<p>Haluamme omalla toiminnallamme olla luomassa parempaa maailmaa. Luonto ja ekologiset arvot ovat toiminnassamme isoja arvoja.<\/p>\r\n<p>Tiimimme koostuu innovaatisista ja eritt\u00e4in motivoituneista lapin ammattikorkeakoulun opiskelijoista. Olemme luotettava ja vastuuntuntoinen yhteisty\u00f6kumppani.<\/p>\r\n<p>Lahjoitamme jokaisesta myydyst\u00e4 tuotteesta 1% saimaannorppien hyv\u00e4ksi.<\/p>\r\n\r\nTuotevalikoimaamme p\u00e4\u00e4set tutustumaan sivulla olevan linkin kautta.\r\n\r\n<a href=\"https:\/\/blogi.eoppimispalvelut.fi\/nordicekowear\/tuotteemme\/\">Tuotteemme<\/a>\r\n\r\n\r\n<p class=\"is-layout-flow wp-block-quote-is-layout-flow\">&nbsp;<\/p>\r\n","protected":false},"excerpt":{"rendered":"<p>Heippa! Olemme kotimainen yritys, joka j\u00e4lleenmyy muovipulloista valmistettuja ty\u00f6vaatteita yrityksille. Meilt\u00e4 l\u00f6ytyy monipuolisesti ty\u00f6vaatteet eri alojen tarpeisiin! Haluamme omalla toiminnallamme &hellip; <a href=\"https:\/\/blogi.eoppimispalvelut.fi\/nordicekowear\/\" class=\"more-link\">Continue reading<span class=\"screen-reader-text\"> &#8220;Kotisivu&#8221;<\/span><\/a><\/p>\n","protected":false},"author":4075,"featured_media":0,"parent":0,"menu_order":0,"comment_status":"closed","ping_status":"open","template":"","meta":{"footnotes":""},"class_list":["post-2","page","type-page","status-publish","hentry"],"_links":{"self":[{"href":"https:\/\/blogi.eoppimispalvelut.fi\/nordicekowear\/wp-json\/wp\/v2\/pages\/2","targetHints":{"allow":["GET"]}}],"collection":[{"href":"https:\/\/blogi.eoppimispalvelut.fi\/nordicekowear\/wp-json\/wp\/v2\/pages"}],"about":[{"href":"https:\/\/blogi.eoppimispalvelut.fi\/nordicekowear\/wp-json\/wp\/v2\/types\/page"}],"author":[{"embeddable":true,"href":"https:\/\/blogi.eoppimispalvelut.fi\/nordicekowear\/wp-json\/wp\/v2\/users\/4075"}],"replies":[{"embeddable":true,"href":"https:\/\/blogi.eoppimispalvelut.fi\/nordicekowear\/wp-json\/wp\/v2\/comments?post=2"}],"version-history":[{"count":6,"href":"https:\/\/blogi.eoppimispalvelut.fi\/nordicekowear\/wp-json\/wp\/v2\/pages\/2\/revisions"}],"predecessor-version":[{"id":76,"href":"https:\/\/blogi.eoppimispalvelut.fi\/nordicekowear\/wp-json\/wp\/v2\/pages\/2\/revisions\/76"}],"wp:attachment":[{"href":"https:\/\/blogi.eoppimispalvelut.fi\/nordicekowear\/wp-json\/wp\/v2\/media?parent=2"}],"curies":[{"name":"wp","href":"https:\/\/api.w.org\/{rel}","templated":true}]}}