{"id":34,"date":"2019-11-28T10:41:19","date_gmt":"2019-11-28T08:41:19","guid":{"rendered":"https:\/\/blogi.eoppimispalvelut.fi\/nordicekowear\/?page_id=34"},"modified":"2020-02-25T09:52:35","modified_gmt":"2020-02-25T07:52:35","slug":"tuotteemme","status":"publish","type":"page","link":"https:\/\/blogi.eoppimispalvelut.fi\/nordicekowear\/tuotteemme\/","title":{"rendered":"Tuotteemme"},"content":{"rendered":"<p>P\u00e4ivit\u00e4mme tuotesivua sit\u00e4 mukaan kun saamme varastoon ensimm\u00e4iset tuotteet<br \/>\nWe will update the product page when new products arrive to the stock.<\/p>\n<p>Bundles\/tuotepaketit<\/p>\n<p>Pro Platinum Basic 1400\u20ac<br \/>\n10 vaatekerrastoa, hintaan kuuluu painatukset, pesut ja mittatilausty\u00f6t<br \/>\n10 sets of clothes, price includes printing, washing and tailor made clothes.<\/p>\n<p>Turva Pro 1800\u20ac<br \/>\nSama kuin Pro Platinum Basic, mutta t\u00e4h\u00e4n tulee lis\u00e4ksi 10 paria turvakenki\u00e4.<br \/>\nSame as Pro Platinum Basic, but this package includes 10 pairs of safety shoes.<\/p>\n<p>Pesu Basic Pro 200\u20ac\/kk<br \/>\nKaksi kertaa kuukaudessa voi tuoda firman kaikki ty\u00f6ntekij\u00f6iden vaatteet pesuun<br \/>\nTwice a month u can bring all of the employees clothes for washing service.<\/p>\n","protected":false},"excerpt":{"rendered":"<p>P\u00e4ivit\u00e4mme tuotesivua sit\u00e4 mukaan kun saamme varastoon ensimm\u00e4iset tuotteet We will update the product page when new products arrive to &hellip; <a href=\"https:\/\/blogi.eoppimispalvelut.fi\/nordicekowear\/tuotteemme\/\" class=\"more-link\">Continue reading<span class=\"screen-reader-text\"> &#8220;Tuotteemme&#8221;<\/span><\/a><\/p>\n","protected":false},"author":4075,"featured_media":0,"parent":0,"menu_order":0,"comment_status":"closed","ping_status":"closed","template":"","meta":{"footnotes":""},"class_list":["post-34","page","type-page","status-publish","hentry"],"_links":{"self":[{"href":"https:\/\/blogi.eoppimispalvelut.fi\/nordicekowear\/wp-json\/wp\/v2\/pages\/34","targetHints":{"allow":["GET"]}}],"collection":[{"href":"https:\/\/blogi.eoppimispalvelut.fi\/nordicekowear\/wp-json\/wp\/v2\/pages"}],"about":[{"href":"https:\/\/blogi.eoppimispalvelut.fi\/nordicekowear\/wp-json\/wp\/v2\/types\/page"}],"author":[{"embeddable":true,"href":"https:\/\/blogi.eoppimispalvelut.fi\/nordicekowear\/wp-json\/wp\/v2\/users\/4075"}],"replies":[{"embeddable":true,"href":"https:\/\/blogi.eoppimispalvelut.fi\/nordicekowear\/wp-json\/wp\/v2\/comments?post=34"}],"version-history":[{"count":11,"href":"https:\/\/blogi.eoppimispalvelut.fi\/nordicekowear\/wp-json\/wp\/v2\/pages\/34\/revisions"}],"predecessor-version":[{"id":90,"href":"https:\/\/blogi.eoppimispalvelut.fi\/nordicekowear\/wp-json\/wp\/v2\/pages\/34\/revisions\/90"}],"wp:attachment":[{"href":"https:\/\/blogi.eoppimispalvelut.fi\/nordicekowear\/wp-json\/wp\/v2\/media?parent=34"}],"curies":[{"name":"wp","href":"https:\/\/api.w.org\/{rel}","templated":true}]}}