{"id":100,"date":"2019-09-19T09:11:27","date_gmt":"2019-09-19T06:11:27","guid":{"rendered":"https:\/\/blogi.eoppimispalvelut.fi\/nordicnabs\/?page_id=100"},"modified":"2019-11-15T17:53:18","modified_gmt":"2019-11-15T15:53:18","slug":"webinaarit","status":"publish","type":"page","link":"https:\/\/blogi.eoppimispalvelut.fi\/nordicnabs\/webinaarit\/","title":{"rendered":"Webinaarit"},"content":{"rendered":"<h3 style=\"text-align: center\"><strong>Webinaarit<\/strong><\/h3>\n<hr \/>\n<p>J\u00e4rjest\u00e4mme maksuttomia webinaareja ajankohtaisista ja kiinnostavista luontoperustaisiin palveluihin liittyvist\u00e4 aiheista. Voit osallistua webinaareihin sen j\u00e4rjest\u00e4misen ajankohtana tai katsoa tallenteena my\u00f6hemmin. Osallistuminen ei vaadi erityisi\u00e4 laitteita, voit osallistua omalta tietokoneeltasi tai vaikka puhelimen v\u00e4lityksell\u00e4. Osallistumislinkit l\u00f6yd\u00e4t t\u00e4lt\u00e4 sivulta tai Facebook -ryhm\u00e4st\u00e4.<\/p>\n<hr \/>\n<p><strong>Tulevat webinaarit:<\/strong><\/p>\n<p>29.10.2019 Palvelumuotoilu ja liiketoiminta n\u00e4k\u00f6kulma<\/p>\n<p>7.11.2019 Hollannin toimintamallit<\/p>\n<hr \/>\n<p><strong>Webinaaritallenteet:<\/strong><\/p>\n<p>20.8.2019 Green Care -elementit ja edellytykset<\/p>\n<p>28.8.2019 Maatila avusteinen toiminta<\/p>\n<p>17.9.2019 Luonnon hyvinvointivaikutukset<\/p>\n<h2><\/h2>\n","protected":false},"excerpt":{"rendered":"<p>Webinaarit J\u00e4rjest\u00e4mme maksuttomia webinaareja ajankohtaisista ja kiinnostavista luontoperustaisiin palveluihin liittyvist\u00e4 aiheista. Voit osallistua webinaareihin sen j\u00e4rjest\u00e4misen ajankohtana tai katsoa tallenteena my\u00f6hemmin. Osallistuminen ei vaadi erityisi\u00e4 laitteita, voit osallistua omalta tietokoneeltasi tai vaikka puhelimen v\u00e4lityksell\u00e4. Osallistumislinkit l\u00f6yd\u00e4t t\u00e4lt\u00e4 sivulta tai Facebook -ryhm\u00e4st\u00e4. Tulevat webinaarit: 29.10.2019 Palvelumuotoilu ja liiketoiminta n\u00e4k\u00f6kulma 7.11.2019 Hollannin toimintamallit Webinaaritallenteet: 20.8.2019 Green Care [&hellip;]<\/p>\n","protected":false},"author":1577,"featured_media":614,"parent":0,"menu_order":0,"comment_status":"closed","ping_status":"closed","template":"template-full-width.php","meta":{"footnotes":""},"class_list":["post-100","page","type-page","status-publish","has-post-thumbnail","hentry"],"_links":{"self":[{"href":"https:\/\/blogi.eoppimispalvelut.fi\/nordicnabs\/wp-json\/wp\/v2\/pages\/100","targetHints":{"allow":["GET"]}}],"collection":[{"href":"https:\/\/blogi.eoppimispalvelut.fi\/nordicnabs\/wp-json\/wp\/v2\/pages"}],"about":[{"href":"https:\/\/blogi.eoppimispalvelut.fi\/nordicnabs\/wp-json\/wp\/v2\/types\/page"}],"author":[{"embeddable":true,"href":"https:\/\/blogi.eoppimispalvelut.fi\/nordicnabs\/wp-json\/wp\/v2\/users\/1577"}],"replies":[{"embeddable":true,"href":"https:\/\/blogi.eoppimispalvelut.fi\/nordicnabs\/wp-json\/wp\/v2\/comments?post=100"}],"version-history":[{"count":15,"href":"https:\/\/blogi.eoppimispalvelut.fi\/nordicnabs\/wp-json\/wp\/v2\/pages\/100\/revisions"}],"predecessor-version":[{"id":611,"href":"https:\/\/blogi.eoppimispalvelut.fi\/nordicnabs\/wp-json\/wp\/v2\/pages\/100\/revisions\/611"}],"wp:featuredmedia":[{"embeddable":true,"href":"https:\/\/blogi.eoppimispalvelut.fi\/nordicnabs\/wp-json\/wp\/v2\/media\/614"}],"wp:attachment":[{"href":"https:\/\/blogi.eoppimispalvelut.fi\/nordicnabs\/wp-json\/wp\/v2\/media?parent=100"}],"curies":[{"name":"wp","href":"https:\/\/api.w.org\/{rel}","templated":true}]}}