{"id":103,"date":"2019-09-19T09:11:49","date_gmt":"2019-09-19T06:11:49","guid":{"rendered":"https:\/\/blogi.eoppimispalvelut.fi\/nordicnabs\/?page_id=103"},"modified":"2019-11-15T16:49:52","modified_gmt":"2019-11-15T14:49:52","slug":"alueelliset-tyopajat","status":"publish","type":"page","link":"https:\/\/blogi.eoppimispalvelut.fi\/nordicnabs\/alueelliset-tyopajat\/","title":{"rendered":"Alueelliset ty\u00f6pajat"},"content":{"rendered":"<h3 style=\"text-align: center\"><strong>ALUEELLISET TY\u00d6PAJAT ja TAPAAMISET<\/strong><\/h3>\n<hr \/>\n<p style=\"text-align: left\">Ty\u00f6pajat on suunnattu luonto- ja matkailuyritt\u00e4jille sek\u00e4 sote- ja kasvatusalan toimijoille, jotka ovat kiinnostuneet luontoperustaisten palveluiden kehitt\u00e4misest\u00e4. Tavoitteena on verkostoitua, oppia, tunnistaa yhteisty\u00f6mahdollisuudet ja kehitt\u00e4\u00e4 yhteisi\u00e4 palvelumalleja. Maksuttomat ty\u00f6pajat j\u00e4rjetet\u00e4\u00e4n samansis\u00e4lt\u00f6isesti Lapissa, Pohjois-Pohjanmaalla, Keski-Pohjanmaalla kuin V\u00e4sterbottenissa ja Norbottenissa.<\/p>\n<p style=\"text-align: left\"><a href=\"https:\/\/blogi.eoppimispalvelut.fi\/nordicnabs\/alueelliset-tyopajat\/testi\/\" target=\"_blank\" rel=\"noopener noreferrer\">T\u00e4st\u00e4 p\u00e4\u00e4set tarkastelemaan kuvatunnelmia ty\u00f6pajoista.<\/a><\/p>\n<hr \/>\n<p><strong>Lappi<\/strong><\/p>\n<p>21.11.2019 Pilottisuunnittelun -ty\u00f6paja, Rovaniemi; <a href=\"https:\/\/blogi.eoppimispalvelut.fi\/nordicnabs\/files\/2019\/11\/Ohjelma-Roi-21.11.2019.pdf\" target=\"_blank\" rel=\"noopener noreferrer\">ohjelma\u00a0<\/a>\u00a6 materiaalit \u00a6\u00a0<a href=\"https:\/\/www.facebook.com\/events\/1203928226464360\/?acontext=%7B%22action_history%22%3A%22null%22%7D\" target=\"_blank\" rel=\"noopener noreferrer\">FB -tapahtuma<\/a><\/p>\n<p>21.11.2019 Pilottisuunnittelun -ty\u00f6paja, Sodankyl\u00e4; <a href=\"https:\/\/blogi.eoppimispalvelut.fi\/nordicnabs\/files\/2019\/11\/Ohjelma-Sodankyl\u00e4-21.11.2019.pdf\" target=\"_blank\" rel=\"noopener noreferrer\">ohjelma<\/a> \u00a6 materiaalit \u00a6\u00a0<a href=\"https:\/\/www.facebook.com\/events\/409285093071974\/?acontext=%7B%22action_history%22%3A%22null%22%7D\" target=\"_blank\" rel=\"noopener noreferrer\">FB -tapahtuma<\/a><\/p>\n<p>6.6.2019 Palvelumuotoilu -ty\u00f6paja, Rovaniemi; <a href=\"https:\/\/blogi.eoppimispalvelut.fi\/nordicnabs\/files\/2019\/09\/Ohjelma-6.6.20192.pdf\">ohjelma\u00a0<\/a>\u00a6 <a href=\"https:\/\/blogi.eoppimispalvelut.fi\/nordicnabs\/files\/2019\/11\/Pamuty\u00f6pajaesitys-jaettavaksi.pdf\" target=\"_blank\" rel=\"noopener noreferrer\">materiaalit<\/a> \u00a6\u00a0<a href=\"https:\/\/www.facebook.com\/events\/307090066880001\/?acontext=%7B%22action_history%22%3A%22null%22%7D\" target=\"_blank\" rel=\"noopener noreferrer\">FB -tapahtuma<\/a><\/p>\n<p>15.4.2019 Start up -ty\u00f6paja, Rovaniemi; <a href=\"https:\/\/blogi.eoppimispalvelut.fi\/nordicnabs\/files\/2019\/09\/Ohjelma-15.4.2019.pdf\" target=\"_blank\" rel=\"noopener noreferrer\">ohjelma<\/a> \u00a6 <a href=\"https:\/\/blogi.eoppimispalvelut.fi\/nordicnabs\/files\/2019\/09\/Nordic-Nabs-15.4.2019-jaettava-versio.pdf\" target=\"_blank\" rel=\"noopener noreferrer\">materiaalit<\/a> \u00a6 <a href=\"https:\/\/www.facebook.com\/events\/427664664646113\/?acontext=%7B%22action_history%22%3A%22null%22%7D\" target=\"_blank\" rel=\"noopener noreferrer\">FB -tapahtuma<\/a><\/p>\n<hr \/>\n<p><strong>Pohjois-Pohjanmaa<\/strong><\/p>\n<p>26.11.2019 Pilottisuunnittelun -ty\u00f6paja, Oulu; ohjelma \u00a6 materiaalit \u00a6 <a href=\"https:\/\/www.facebook.com\/events\/411036619592434\/?acontext=%7B%22action_history%22%3A%22null%22%7D\" target=\"_blank\" rel=\"noopener noreferrer\">FB -tapahtuma<\/a><\/p>\n<p>22.8.2019 Palvelumuotoilu -ty\u00f6paja, Kuusamo; ohjelma \u00a6 materiaalit \u00a6 <a href=\"https:\/\/www.facebook.com\/events\/397469654447261\/?acontext=%7B%22action_history%22%3A%22null%22%7D\">FB -tapahtuma<\/a><\/p>\n<p>11.6.2019 Palvelumuotoilu -ty\u00f6paja, Muhos; ohjelma \u00a6 materiaalit \u00a6\u00a0<a href=\"https:\/\/www.facebook.com\/events\/430310391067657\/?acontext=%7B%22action_history%22%3A%22null%22%7D\" target=\"_blank\" rel=\"noopener noreferrer\">FB -tapahtuma<\/a><\/p>\n<p>2.4.2019 Start up -ty\u00f6paja, Oulu; ohjelma \u00a6 materiaalit \u00a6 FB -tapahtuma<\/p>\n<hr \/>\n<p><strong>Keski-Pohjanmaa<\/strong><\/p>\n<p>29.11.2019 Pilottisuunnittelun ty\u00f6paja, Kokkola; ohjelma \u00a6 materiaalit \u00a6\u00a0<a href=\"https:\/\/www.facebook.com\/events\/1996746317095799\/?acontext=%7B%22action_history%22%3A%22null%22%7D\" target=\"_blank\" rel=\"noopener noreferrer\">FB -tapahtuma<\/a><\/p>\n<p>11.9.2019 Verkostotapaaminen Kokkola; <a href=\"https:\/\/blogi.eoppimispalvelut.fi\/nordicnabs\/files\/2019\/11\/NaBS-network-meeting-Kokkola-1109_2019.pd\" target=\"_blank\" rel=\"noopener noreferrer\">ohjelma<\/a> \u00a6 materiaalit \u00a6<a href=\"https:\/\/www.facebook.com\/events\/488247958618419\/?acontext=%7B%22action_history%22%3A%22null%22%7D\" target=\"_blank\" rel=\"noopener noreferrer\">\u00a0FB -tapahtuma<\/a><\/p>\n<p>4.6.2019 Palvelumuotoilu -ty\u00f6paja, Kokkola; ohjelma \u00a6 materiaalit \u00a6 <a href=\"https:\/\/www.facebook.com\/events\/1099909603527310\/?acontext=%7B%22action_history%22%3A%22null%22%7D\" target=\"_blank\" rel=\"noopener noreferrer\">FB -tapahtuma<\/a><\/p>\n<p>2.5.2019 Start up -seminaari, Kokkola; ohjelma \u00a6 materiaalit \u00a6 FB -tapahtuma<\/p>\n<hr \/>\n<p><strong>V\u00e4sterbotten \/\u00a0Nordbotten<\/strong><\/p>\n<p>26.11.2019 Pilottisuunnittelu -ty\u00f6paja, Luulaja; ohjelma \u00a6 materiaalit \u00a6 FB -tapahtuma<\/p>\n<p>24.9.2019 Palvelumuotoilu -ty\u00f6paja, Luulaja; ohjelma \u00a6 materiaalit \u00a6\u00a0<a href=\"https:\/\/www.facebook.com\/events\/342447486659385\/?acontext=%7B%22action_history%22%3A%22null%22%7D\" target=\"_blank\" rel=\"noopener noreferrer\">FB -tapahtuma<\/a><\/p>\n<p>18.6.2019 Start up -ty\u00f6paja, Luulaja; ohjelma \u00a6 materiaalit \u00a6 FB -tapahtuma<\/p>\n","protected":false},"excerpt":{"rendered":"<p>ALUEELLISET TY\u00d6PAJAT ja TAPAAMISET Ty\u00f6pajat on suunnattu luonto- ja matkailuyritt\u00e4jille sek\u00e4 sote- ja kasvatusalan toimijoille, jotka ovat kiinnostuneet luontoperustaisten palveluiden kehitt\u00e4misest\u00e4. Tavoitteena on verkostoitua, oppia, tunnistaa yhteisty\u00f6mahdollisuudet ja kehitt\u00e4\u00e4 yhteisi\u00e4 palvelumalleja. Maksuttomat ty\u00f6pajat j\u00e4rjetet\u00e4\u00e4n samansis\u00e4lt\u00f6isesti Lapissa, Pohjois-Pohjanmaalla, Keski-Pohjanmaalla kuin V\u00e4sterbottenissa ja Norbottenissa. T\u00e4st\u00e4 p\u00e4\u00e4set tarkastelemaan kuvatunnelmia ty\u00f6pajoista. Lappi 21.11.2019 Pilottisuunnittelun -ty\u00f6paja, Rovaniemi; ohjelma\u00a0\u00a6 materiaalit \u00a6\u00a0FB [&hellip;]<\/p>\n","protected":false},"author":1577,"featured_media":358,"parent":0,"menu_order":0,"comment_status":"closed","ping_status":"closed","template":"","meta":{"footnotes":""},"class_list":["post-103","page","type-page","status-publish","has-post-thumbnail","hentry"],"_links":{"self":[{"href":"https:\/\/blogi.eoppimispalvelut.fi\/nordicnabs\/wp-json\/wp\/v2\/pages\/103","targetHints":{"allow":["GET"]}}],"collection":[{"href":"https:\/\/blogi.eoppimispalvelut.fi\/nordicnabs\/wp-json\/wp\/v2\/pages"}],"about":[{"href":"https:\/\/blogi.eoppimispalvelut.fi\/nordicnabs\/wp-json\/wp\/v2\/types\/page"}],"author":[{"embeddable":true,"href":"https:\/\/blogi.eoppimispalvelut.fi\/nordicnabs\/wp-json\/wp\/v2\/users\/1577"}],"replies":[{"embeddable":true,"href":"https:\/\/blogi.eoppimispalvelut.fi\/nordicnabs\/wp-json\/wp\/v2\/comments?post=103"}],"version-history":[{"count":48,"href":"https:\/\/blogi.eoppimispalvelut.fi\/nordicnabs\/wp-json\/wp\/v2\/pages\/103\/revisions"}],"predecessor-version":[{"id":581,"href":"https:\/\/blogi.eoppimispalvelut.fi\/nordicnabs\/wp-json\/wp\/v2\/pages\/103\/revisions\/581"}],"wp:featuredmedia":[{"embeddable":true,"href":"https:\/\/blogi.eoppimispalvelut.fi\/nordicnabs\/wp-json\/wp\/v2\/media\/358"}],"wp:attachment":[{"href":"https:\/\/blogi.eoppimispalvelut.fi\/nordicnabs\/wp-json\/wp\/v2\/media?parent=103"}],"curies":[{"name":"wp","href":"https:\/\/api.w.org\/{rel}","templated":true}]}}