{"id":106,"date":"2019-09-19T09:12:13","date_gmt":"2019-09-19T06:12:13","guid":{"rendered":"https:\/\/blogi.eoppimispalvelut.fi\/nordicnabs\/?page_id=106"},"modified":"2019-11-15T17:31:38","modified_gmt":"2019-11-15T15:31:38","slug":"kansainvaliset-tyopajat","status":"publish","type":"page","link":"https:\/\/blogi.eoppimispalvelut.fi\/nordicnabs\/kansainvaliset-tyopajat\/","title":{"rendered":"Kansainv\u00e4liset ty\u00f6pajat"},"content":{"rendered":"<h3 style=\"text-align: center\"><strong>Kansainv\u00e4liset ty\u00f6pajat Norjassa, Ruotsissa ja Suomessa<\/strong><\/h3>\n<hr \/>\n<p>Kansainv\u00e4liset ty\u00f6pajat tarjovat hyv\u00e4n alustan erimaiden yhteiseen toimintaan ja oppimiseen. Yhdess\u00e4 jaettu tieto, tapaamiset, tutustumiset ja yhteiset kokemukset rikastavat omaa toimintaamme. Ty\u00f6pajat j\u00e4rjestet\u00e4\u00e4n kerran vuodessa; 2019 vuonna Norjassa, 2020 vuonna Ruotsissa ja 2021 vuonna Suomessa.<\/p>\n<hr \/>\n<h5><strong>Norja, Mo I Rana 7.-10.102019<\/strong><\/h5>\n<p>Tutustu norjalaisten tapaan toteuttaa hyvinvointipalveluita maatiloilla eli In P\u00e5 Tunet -palveluihin. Ty\u00f6paja j\u00e4rjestet\u00e4\u00e4n lokakuussa 2019 ja se suuntautuu kauniiseen Mo I Ranan kaupunkiin.<\/p>\n<p>&#8211; Parastetaan yhdess\u00e4 In p\u00e5 Tunet -toiminnasta n\u00e4k\u00f6kulmia sek\u00e4 luodaan verkostoja yhteisen toiminnan tueksi &#8211;<\/p>\n<p>&nbsp;<\/p>\n<p><a href=\"https:\/\/blogi.eoppimispalvelut.fi\/nordicnabs\/norjan-tyopaja-2019\/\" target=\"_blank\" rel=\"noopener noreferrer\">tutustu lis\u00e4\u00e4 Norjan ty\u00f6pajaan &#8211;&gt; Norja, Mo I Rana 7.-10.102019<\/a><\/p>\n<hr \/>\n<h5><strong>Ruotsi<\/strong><\/h5>\n<p>Koe ruotsalaisten tapan toteuttaa luontoperustaisia hyvinvointipalveluita eli Gr\u00f6n omsorg ja NUR-toimintaa. Ty\u00f6paja j\u00e4rjestet\u00e4\u00e4n syyyskuussa 2020 ja se suuntautuu Pohjois-Ruotsiin.<\/p>\n<p>&#8211; Luodaan yhteisi\u00e4 toimintoja yli rajojen ja jateaan tietoa pohjoismaisten hyvinvointipalveluiden kehitt\u00e4miseksi-<\/p>\n<p>&nbsp;<\/p>\n<p><a href=\"https:\/\/blogi.eoppimispalvelut.fi\/nordicnabs\/kansainvaliset-tyopajat\/ruotsi-2020\/\" target=\"_blank\" rel=\"noopener noreferrer\">tutustu lis\u00e4\u00e4 Ruotsin ty\u00f6pajaan &#8211;&gt; Ruotsi syyskuussa 2020<\/a><\/p>\n<hr \/>\n<h5><strong>Suomi<\/strong><\/h5>\n<p>Syvenny suomalaisten tapaan toteuttaa hyvinvointipalveluita luonnossa eli Green Care -palveluihin. Ty\u00f6paja\u00a0 toteutetaan syksyll\u00e4 2021 Pohjois-Suomessa.<\/p>\n<p>&#8211; Rakennetaan yhteisi\u00e4 verkostoja ja kasvatetaan tietotaitoa, jotta pohjoismaiset luontoyritt\u00e4jien ja sote- ja kasvatustoimijoiden palveluit kehittyv\u00e4t-<\/p>\n<p>&nbsp;<\/p>\n<p><a href=\"https:\/\/blogi.eoppimispalvelut.fi\/nordicnabs\/kansainvaliset-tyopajat\/suomen-tyopaja-2021\/\" target=\"_blank\" rel=\"noopener noreferrer\">tutustu lis\u00e4\u00e4 Suomen ty\u00f6pajaan &#8211;&gt; Suomi syksyll\u00e4 2021<\/a><\/p>\n<hr \/>\n<p>&nbsp;<\/p>\n","protected":false},"excerpt":{"rendered":"<p>Kansainv\u00e4liset ty\u00f6pajat Norjassa, Ruotsissa ja Suomessa Kansainv\u00e4liset ty\u00f6pajat tarjovat hyv\u00e4n alustan erimaiden yhteiseen toimintaan ja oppimiseen. Yhdess\u00e4 jaettu tieto, tapaamiset, tutustumiset ja yhteiset kokemukset rikastavat omaa toimintaamme. Ty\u00f6pajat j\u00e4rjestet\u00e4\u00e4n kerran vuodessa; 2019 vuonna Norjassa, 2020 vuonna Ruotsissa ja 2021 vuonna Suomessa. Norja, Mo I Rana 7.-10.102019 Tutustu norjalaisten tapaan toteuttaa hyvinvointipalveluita maatiloilla eli In P\u00e5 [&hellip;]<\/p>\n","protected":false},"author":1577,"featured_media":529,"parent":0,"menu_order":0,"comment_status":"closed","ping_status":"closed","template":"template-full-width.php","meta":{"footnotes":""},"class_list":["post-106","page","type-page","status-publish","has-post-thumbnail","hentry"],"_links":{"self":[{"href":"https:\/\/blogi.eoppimispalvelut.fi\/nordicnabs\/wp-json\/wp\/v2\/pages\/106","targetHints":{"allow":["GET"]}}],"collection":[{"href":"https:\/\/blogi.eoppimispalvelut.fi\/nordicnabs\/wp-json\/wp\/v2\/pages"}],"about":[{"href":"https:\/\/blogi.eoppimispalvelut.fi\/nordicnabs\/wp-json\/wp\/v2\/types\/page"}],"author":[{"embeddable":true,"href":"https:\/\/blogi.eoppimispalvelut.fi\/nordicnabs\/wp-json\/wp\/v2\/users\/1577"}],"replies":[{"embeddable":true,"href":"https:\/\/blogi.eoppimispalvelut.fi\/nordicnabs\/wp-json\/wp\/v2\/comments?post=106"}],"version-history":[{"count":10,"href":"https:\/\/blogi.eoppimispalvelut.fi\/nordicnabs\/wp-json\/wp\/v2\/pages\/106\/revisions"}],"predecessor-version":[{"id":528,"href":"https:\/\/blogi.eoppimispalvelut.fi\/nordicnabs\/wp-json\/wp\/v2\/pages\/106\/revisions\/528"}],"wp:featuredmedia":[{"embeddable":true,"href":"https:\/\/blogi.eoppimispalvelut.fi\/nordicnabs\/wp-json\/wp\/v2\/media\/529"}],"wp:attachment":[{"href":"https:\/\/blogi.eoppimispalvelut.fi\/nordicnabs\/wp-json\/wp\/v2\/media?parent=106"}],"curies":[{"name":"wp","href":"https:\/\/api.w.org\/{rel}","templated":true}]}}