{"id":109,"date":"2019-09-19T09:12:37","date_gmt":"2019-09-19T06:12:37","guid":{"rendered":"https:\/\/blogi.eoppimispalvelut.fi\/nordicnabs\/?page_id=109"},"modified":"2019-12-05T15:49:30","modified_gmt":"2019-12-05T13:49:30","slug":"palvelukokeilut","status":"publish","type":"page","link":"https:\/\/blogi.eoppimispalvelut.fi\/nordicnabs\/palvelukokeilut\/","title":{"rendered":"Palvelupilotit"},"content":{"rendered":"<h3 style=\"text-align: center\"><b>Palvelupilotointi<\/b><\/h3>\n<hr \/>\n<p>Luontoperustaisten palveluiden pilotoinnissa kehitet\u00e4\u00e4n palvelumalleja sote- ja kasvatusalan asiakkaiden tarpeisiin. Pilotoinneissa palvelut tuottaa yritt\u00e4j\u00e4, asiakkaat ohjautuvat sote- tai kasvatusalalta ja tuki pilotointiin tulee Nordic NaBS -hankkeelta.<\/p>\n<p>Hanke tarjoaa tukea palveluiden kehitt\u00e4miseen ja osa yritt\u00e4jist\u00e4 valitaan pilotointiin kilpailutuksen kautta. Pilotteihin valituille yritt\u00e4jille maksetaan korvaus hankkeen tavoitteiden ja kriteereiden mukaisten palveluiden pilotointien toteutuksesta. Sote- ja kasvatustoimijoita tuetaan sopivan palveluntuottaja yritt\u00e4j\u00e4n l\u00f6yt\u00e4misess\u00e4.<\/p>\n<hr \/>\n<p><strong>Nordic NaBS -hankkeen palvelupilotoinnin pe<\/strong><strong>riaatteita<\/strong><\/p>\n<p>Hankkeen tukemana pilotointisykleiss\u00e4 etsit\u00e4\u00e4n vastinpareja palveluntuottajista eli luontoyritt\u00e4jist\u00e4 ja sote-ja kasvatusorganisaatioista eli palveluostajista. Ne luontoyritt\u00e4j\u00e4t, jotka vastaavat\u00a0 asiakastarpeisiin p\u00e4\u00e4sev\u00e4t kilpailutukseen mukaan. Soveltuvimmat yritt\u00e4j\u00e4t valitaan toteuttamaan hankkeen palvelupilotointeja.<\/p>\n<p>Pilotointien periaatteet:<\/p>\n<ul>\n<li>Pilotointeihin sitoudutaan sopimuksin. Osapuolet osallistuvat palvelupilottien suunnitteluun,\u00a0 toteuttamiseen ja jatkokehitt\u00e4miseen yhdess\u00e4<\/li>\n<li>Hanke tukee palvelupilottien suunnittelua ja vastaa palvelukokeilujen fasilitoinnista ja dokumentoinnista<\/li>\n<li>Kilpailutusten kautta pilotointien totettamiseen valitulle yritt\u00e4j\u00e4lle korvataan 50 euroa (+ alv) \/tunti\u00a0 asiakasohjaukseen k\u00e4ytetyn ty\u00f6ajan mukaan. Kustannuksien ylimenevist\u00e4 osuuksista vastaavat asiakkaat\/yritt\u00e4j\u00e4t itse keskin\u00e4isen sopimuksensa mukaan<\/li>\n<li>Pilotointeihin osallistuvat tahot huolehtivat omista vakuutuksista, asiakkaiden vakuutuksista vastaavat asiakkaan l\u00e4hett\u00e4v\u00e4 organisaatio.<\/li>\n<li>Pilotoinneista ker\u00e4t\u00e4\u00e4n tietoa mm. palvelumalleista, jotka julkaistaan yleiseen k\u00e4ytt\u00f6\u00f6n<\/li>\n<\/ul>\n<hr \/>\n<p><strong>Palvelupilotteihin hakeminen<\/strong><\/p>\n<p>Palvelupilotteja toteutetaan noin 3-6 jokaisella hankkeen toiminta-alueella, eli Lapissa, Keski-Pohjanmaalla, Pohjois-Pohjanmaalla, Norbottenissa sek\u00e4 V\u00e4sterbottenissa. Palveluiden kehitt\u00e4mist\u00e4 ja pilotointeja toteutetaan syklein\u00e4. Pilottisykleihin voi hakea webropol-lomakkeella.<\/p>\n<p>Hakijalta edellytet\u00e4\u00e4n:<\/p>\n<p><a href=\"https:\/\/blogi.eoppimispalvelut.fi\/nordicnabs\/etusivu\/cof\/\" rel=\"attachment wp-att-7\"><img loading=\"lazy\" decoding=\"async\" class=\"wp-image-7 alignright\" src=\"https:\/\/blogi.eoppimispalvelut.fi\/nordicnabs\/files\/2019\/09\/IMG_20190228_142625-300x225.jpg\" alt=\"\" width=\"327\" height=\"245\" \/><\/a><\/p>\n<ul>\n<li>perusteluita pilotointiin hakemiseen<\/li>\n<li>palvelupilotin, luontoperustaisuuden ja toimintaymp\u00e4rist\u00f6n kuvaukset<\/li>\n<li>yritt\u00e4jien tilaajavastuulain t\u00e4yttymisen selvitys<\/li>\n<li>sote-ja kasvatustoimijoiden asiakas- ja palvelutarpeiden m\u00e4\u00e4rittelyt<\/li>\n<\/ul>\n<p>Pilotointisyklien hakup\u00e4iv\u00e4t:<\/p>\n<ul>\n<li>Kev\u00e4\u00e4n 2020 pilotointiin 15.1.2020<\/li>\n<li>Syksyn 2020 pilotointiin 15.5.2020<\/li>\n<li>Kev\u00e4\u00e4n 2021 pilotointiin 15.11.2020<\/li>\n<\/ul>\n<p>K\u00e4ymme l\u00e4pi kaikki ilmoittautuneet hakuajan p\u00e4\u00e4tytty\u00e4. Olemme yhteydess\u00e4 etenemisest\u00e4 kaikkiin ilmoittautuneisiin kahden viikon kuluessa hakuajan p\u00e4\u00e4ttymisest\u00e4.<\/p>\n<p>&nbsp;<\/p>\n<hr \/>\n<p><strong>Hankkeen muu tuki palveluiden kehitt\u00e4miseen ja palvelukokeiluihin<\/strong><\/p>\n<ul>\n<li>Kaikki kiinnostuneet sote-ja kasvatusalan asiakastahot ja luontoperustaiset yritt\u00e4j\u00e4t p\u00e4\u00e4sev\u00e4t\u00a0 ty\u00f6pajoissa kehitt\u00e4m\u00e4\u00e4n palveluita. Tutustu lis\u00e4\u00e4 <a href=\"https:\/\/blogi.eoppimispalvelut.fi\/nordicnabs\/tyopajat\/\" target=\"_blank\" rel=\"noopener noreferrer\">ty\u00f6paja-sivuun<\/a><\/li>\n<li>Hankkeen Facebook-sivuilla on otettu k\u00e4ytt\u00f6\u00f6n keskustelu- ja mentorointiohjelma, joissa voit k\u00e4yd\u00e4 keskustelua ja l\u00f6yt\u00e4\u00e4 vertaistoimijoita. Tutustu keskustelumahdollisuuteen <a href=\"https:\/\/www.facebook.com\/groups\/292305874788332\/mentorship_application\/\" target=\"_blank\" rel=\"noopener noreferrer\">Facebookissa.<\/a><\/li>\n<\/ul>\n","protected":false},"excerpt":{"rendered":"<p>Palvelupilotointi Luontoperustaisten palveluiden pilotoinnissa kehitet\u00e4\u00e4n palvelumalleja sote- ja kasvatusalan asiakkaiden tarpeisiin. Pilotoinneissa palvelut tuottaa yritt\u00e4j\u00e4, asiakkaat ohjautuvat sote- tai kasvatusalalta ja tuki pilotointiin tulee Nordic NaBS -hankkeelta. Hanke tarjoaa tukea palveluiden kehitt\u00e4miseen ja osa yritt\u00e4jist\u00e4 valitaan pilotointiin kilpailutuksen kautta. Pilotteihin valituille yritt\u00e4jille maksetaan korvaus hankkeen tavoitteiden ja kriteereiden mukaisten palveluiden pilotointien toteutuksesta. Sote- ja kasvatustoimijoita [&hellip;]<\/p>\n","protected":false},"author":1577,"featured_media":203,"parent":0,"menu_order":0,"comment_status":"closed","ping_status":"closed","template":"template-full-width.php","meta":{"footnotes":""},"class_list":["post-109","page","type-page","status-publish","has-post-thumbnail","hentry"],"_links":{"self":[{"href":"https:\/\/blogi.eoppimispalvelut.fi\/nordicnabs\/wp-json\/wp\/v2\/pages\/109","targetHints":{"allow":["GET"]}}],"collection":[{"href":"https:\/\/blogi.eoppimispalvelut.fi\/nordicnabs\/wp-json\/wp\/v2\/pages"}],"about":[{"href":"https:\/\/blogi.eoppimispalvelut.fi\/nordicnabs\/wp-json\/wp\/v2\/types\/page"}],"author":[{"embeddable":true,"href":"https:\/\/blogi.eoppimispalvelut.fi\/nordicnabs\/wp-json\/wp\/v2\/users\/1577"}],"replies":[{"embeddable":true,"href":"https:\/\/blogi.eoppimispalvelut.fi\/nordicnabs\/wp-json\/wp\/v2\/comments?post=109"}],"version-history":[{"count":34,"href":"https:\/\/blogi.eoppimispalvelut.fi\/nordicnabs\/wp-json\/wp\/v2\/pages\/109\/revisions"}],"predecessor-version":[{"id":741,"href":"https:\/\/blogi.eoppimispalvelut.fi\/nordicnabs\/wp-json\/wp\/v2\/pages\/109\/revisions\/741"}],"wp:featuredmedia":[{"embeddable":true,"href":"https:\/\/blogi.eoppimispalvelut.fi\/nordicnabs\/wp-json\/wp\/v2\/media\/203"}],"wp:attachment":[{"href":"https:\/\/blogi.eoppimispalvelut.fi\/nordicnabs\/wp-json\/wp\/v2\/media?parent=109"}],"curies":[{"name":"wp","href":"https:\/\/api.w.org\/{rel}","templated":true}]}}