{"id":112,"date":"2019-09-19T09:12:59","date_gmt":"2019-09-19T06:12:59","guid":{"rendered":"https:\/\/blogi.eoppimispalvelut.fi\/nordicnabs\/?page_id=112"},"modified":"2019-12-03T14:41:42","modified_gmt":"2019-12-03T12:41:42","slug":"yhteystiedot","status":"publish","type":"page","link":"https:\/\/blogi.eoppimispalvelut.fi\/nordicnabs\/yhteystiedot\/","title":{"rendered":"Yhteystiedot"},"content":{"rendered":"<h3 style=\"text-align: center\"><strong>Yhteystiedot<\/strong><\/h3>\n<hr \/>\n<p>Youtube -kanava: <a href=\"https:\/\/www.youtube.com\/channel\/UCa1LO0rfA5lmSLgzFGTh0yA\" target=\"_blank\" rel=\"noopener noreferrer\">Nordic NaBS<\/a><\/p>\n<p>Facebook -ryhm\u00e4: <a href=\"https:\/\/www.facebook.com\/groups\/292305874788332\/\" target=\"_blank\" rel=\"noopener noreferrer\">New Nordic Nature Based Service Models<\/a><\/p>\n<hr \/>\n<p><strong>Yhteyshenkil\u00f6t<\/strong><\/p>\n<p><a href=\"https:\/\/blogi.eoppimispalvelut.fi\/nordicnabs\/yhteystiedot\/valimaa-leena2\/\" rel=\"attachment wp-att-625\"><img loading=\"lazy\" decoding=\"async\" class=\"wp-image-625 alignleft\" src=\"https:\/\/blogi.eoppimispalvelut.fi\/nordicnabs\/files\/2019\/11\/V\u00e4limaa-Leena2.jpg\" alt=\"\" width=\"191\" height=\"217\" srcset=\"https:\/\/blogi.eoppimispalvelut.fi\/nordicnabs\/files\/2019\/11\/V\u00e4limaa-Leena2.jpg 843w, https:\/\/blogi.eoppimispalvelut.fi\/nordicnabs\/files\/2019\/11\/V\u00e4limaa-Leena2-768x871.jpg 768w\" sizes=\"auto, (max-width: 191px) 100vw, 191px\" \/><\/a>Lappi:<\/p>\n<p>Leena V\u00e4limaa \/\u00a0<a href=\"https:\/\/www.lapinamk.fi\/en\">Lapin ammattikorkeakoulu<\/a><\/p>\n<p>leena.valimaa (@) lapinamk.fi<\/p>\n<p>+358 40 053 9680<\/p>\n<p>&nbsp;<\/p>\n<p>&nbsp;<\/p>\n<p>&nbsp;<\/p>\n<p>Keski-Pohjanmaa:<\/p>\n<p>Martta Ylilauri \/\u00a0<a href=\"https:\/\/www.univaasa.fi\/en\/about\/organisation\/institutions\/levon\/\">Vaasan yliopisto, L\u00e9von -instituutti<\/a><\/p>\n<p>martta.ylilauri (@) univaasa.fi<\/p>\n<p>+358 29 449 8241<\/p>\n<p>&nbsp;<\/p>\n<p><a href=\"https:\/\/blogi.eoppimispalvelut.fi\/nordicnabs\/valijarvi-satu-pien-2\/\"><img loading=\"lazy\" decoding=\"async\" class=\"wp-image-624 alignleft\" src=\"https:\/\/blogi.eoppimispalvelut.fi\/nordicnabs\/files\/2019\/11\/V\u00e4lij\u00e4rvi-Satu-pien.2-900x1158.jpg\" alt=\"\" width=\"189\" height=\"244\" srcset=\"https:\/\/blogi.eoppimispalvelut.fi\/nordicnabs\/files\/2019\/11\/V\u00e4lij\u00e4rvi-Satu-pien.2-900x1158.jpg 900w, https:\/\/blogi.eoppimispalvelut.fi\/nordicnabs\/files\/2019\/11\/V\u00e4lij\u00e4rvi-Satu-pien.2-768x988.jpg 768w, https:\/\/blogi.eoppimispalvelut.fi\/nordicnabs\/files\/2019\/11\/V\u00e4lij\u00e4rvi-Satu-pien.2-1280x1647.jpg 1280w\" sizes=\"auto, (max-width: 189px) 100vw, 189px\" \/><\/a><\/p>\n<p>Pohjois-Pohjanmaa:<\/p>\n<p>Satu V\u00e4lij\u00e4rvi<a href=\"https:\/\/www.oamk.fi\/c5\/en\/\"> \/ Oulun ammattikorkeakoulu<\/a><\/p>\n<p>satu.valij\u00e4rvi (@) oamk.fi,<\/p>\n<p>+358 40 486 3577<\/p>\n<p>&nbsp;<\/p>\n<p>&nbsp;<\/p>\n<p>&nbsp;<\/p>\n<p>&nbsp;<\/p>\n<p>V\u00e4sterbotten ja Norbotten:<a href=\"https:\/\/blogi.eoppimispalvelut.fi\/nordicnabs\/juuso-paivi\/\"><img loading=\"lazy\" decoding=\"async\" class=\"wp-image-534 alignleft\" src=\"https:\/\/blogi.eoppimispalvelut.fi\/nordicnabs\/files\/2019\/11\/Juuso-P\u00e4ivi.jpg\" alt=\"\" width=\"191\" height=\"263\" \/><\/a><\/p>\n<p>P\u00e4ivi Juuso<a href=\"https:\/\/www.ltu.se\/?l=en\"> \/ Luulajan teknillinen yliopisto<\/a><\/p>\n<p>paivi.juuso (@) ltu.se<\/p>\n<p>+46 920 49 38 97<\/p>\n","protected":false},"excerpt":{"rendered":"<p>Yhteystiedot Youtube -kanava: Nordic NaBS Facebook -ryhm\u00e4: New Nordic Nature Based Service Models Yhteyshenkil\u00f6t Lappi: Leena V\u00e4limaa \/\u00a0Lapin ammattikorkeakoulu leena.valimaa (@) lapinamk.fi +358 40 053 9680 &nbsp; &nbsp; &nbsp; Keski-Pohjanmaa: Martta Ylilauri \/\u00a0Vaasan yliopisto, L\u00e9von -instituutti martta.ylilauri (@) univaasa.fi +358 29 449 8241 &nbsp; Pohjois-Pohjanmaa: Satu V\u00e4lij\u00e4rvi \/ Oulun ammattikorkeakoulu satu.valij\u00e4rvi (@) oamk.fi, +358 40 [&hellip;]<\/p>\n","protected":false},"author":1577,"featured_media":79,"parent":0,"menu_order":0,"comment_status":"closed","ping_status":"closed","template":"template-full-width.php","meta":{"footnotes":""},"class_list":["post-112","page","type-page","status-publish","has-post-thumbnail","hentry"],"_links":{"self":[{"href":"https:\/\/blogi.eoppimispalvelut.fi\/nordicnabs\/wp-json\/wp\/v2\/pages\/112","targetHints":{"allow":["GET"]}}],"collection":[{"href":"https:\/\/blogi.eoppimispalvelut.fi\/nordicnabs\/wp-json\/wp\/v2\/pages"}],"about":[{"href":"https:\/\/blogi.eoppimispalvelut.fi\/nordicnabs\/wp-json\/wp\/v2\/types\/page"}],"author":[{"embeddable":true,"href":"https:\/\/blogi.eoppimispalvelut.fi\/nordicnabs\/wp-json\/wp\/v2\/users\/1577"}],"replies":[{"embeddable":true,"href":"https:\/\/blogi.eoppimispalvelut.fi\/nordicnabs\/wp-json\/wp\/v2\/comments?post=112"}],"version-history":[{"count":13,"href":"https:\/\/blogi.eoppimispalvelut.fi\/nordicnabs\/wp-json\/wp\/v2\/pages\/112\/revisions"}],"predecessor-version":[{"id":661,"href":"https:\/\/blogi.eoppimispalvelut.fi\/nordicnabs\/wp-json\/wp\/v2\/pages\/112\/revisions\/661"}],"wp:featuredmedia":[{"embeddable":true,"href":"https:\/\/blogi.eoppimispalvelut.fi\/nordicnabs\/wp-json\/wp\/v2\/media\/79"}],"wp:attachment":[{"href":"https:\/\/blogi.eoppimispalvelut.fi\/nordicnabs\/wp-json\/wp\/v2\/media?parent=112"}],"curies":[{"name":"wp","href":"https:\/\/api.w.org\/{rel}","templated":true}]}}