{"id":15,"date":"2019-09-13T20:01:01","date_gmt":"2019-09-13T17:01:01","guid":{"rendered":"https:\/\/blogi.eoppimispalvelut.fi\/nordicnabs\/?page_id=15"},"modified":"2019-12-03T14:28:49","modified_gmt":"2019-12-03T12:28:49","slug":"hanketietoa","status":"publish","type":"page","link":"https:\/\/blogi.eoppimispalvelut.fi\/nordicnabs\/hanketietoa\/","title":{"rendered":"Nordic NaBS -hanke"},"content":{"rendered":"<h3 style=\"text-align: center\"><strong>Nordic NaBS -hanke<\/strong><\/h3>\n<hr \/>\n<p style=\"text-align: left\">Nordic NaBS -hankkeessa kehitet\u00e4\u00e4n maatilojen, luonnonvara- ja matkailualan yritysten sek\u00e4 julkisten sote- ja kasvatustoimijoiden v\u00e4list\u00e4 yhteisty\u00f6t\u00e4.\u00a0 Eri toimialojen osaamista ja resursseja Suomesta, Ruotsista ja Norjasta hy\u00f6dynnet\u00e4\u00e4n kehitett\u00e4ess\u00e4 yhteisi\u00e4 liiketoiminta- ja palvelumalleja, jotka soveltuvat erityisen hyvin pohjoisiin luonto- ja kulttuuriolosuhteisiin.<\/p>\n<hr \/>\n<p>Ketk\u00e4 voivat osallistua:<\/p>\n<ul>\n<li>Yritt\u00e4j\u00e4t sek\u00e4 julkisen ja kolmannen sektorin toimijat<\/li>\n<\/ul>\n<p>Toimenpiteet:<\/p>\n<ul>\n<li>Tutustutaan luonnon hyvinvointivaikutuksia hy\u00f6dynt\u00e4viin l\u00e4hestymistapoihin, joita pohjoismaissa ovat Green Care, Gr\u00f6n Arena, NUR ja Inn p\u00e5 tunet<\/li>\n<li>Tavataan palvelunj\u00e4rjest\u00e4ji\u00e4 ja -tuottajia sek\u00e4 muodostetaan toimiala- ja aluerajat ylitt\u00e4vi\u00e4 kumppanuuksia ja verkostoja\u00a0 Suomessa, Ruotsissa ja Norjassa<\/li>\n<li>Kehitet\u00e4\u00e4n osaamista ihmisl\u00e4ht\u00f6isess\u00e4 palvelumuotoilussa, tuotteistamisessa ja kaupallistamisessa<\/li>\n<li>Suunnitellaan, testataan ja arvioidaan luontoon perustuvien yritysten ja sote- ja kasvatusalan toimijoiden yhteisi\u00e4 palvelumalleja<\/li>\n<li>Kehitet\u00e4\u00e4n luontol\u00e4ht\u00f6isi\u00e4 sote- ja kasvatuspalveluita kohti yhteispohjoismaista l\u00e4hestymistapaa<\/li>\n<\/ul>\n<p>Keinot:<\/p>\n<ul>\n<li><a href=\"https:\/\/blogi.eoppimispalvelut.fi\/nordicnabs\/alueelliset-tyopajat\/\" target=\"_blank\" rel=\"noopener noreferrer\">alueelliset<\/a> ja<a href=\"https:\/\/blogi.eoppimispalvelut.fi\/nordicnabs\/kansainvaliset-tyopajat\/\" target=\"_blank\" rel=\"noopener noreferrer\"> kansainv\u00e4liset ty\u00f6pajat<\/a><\/li>\n<li><a href=\"https:\/\/blogi.eoppimispalvelut.fi\/nordicnabs\/webinaarit\/\" target=\"_blank\" rel=\"noopener noreferrer\">webinaarit<\/a> ja\u00a0<a href=\"https:\/\/www.facebook.com\/groups\/292305874788332\/mentorship_application\/\" target=\"_blank\" rel=\"noopener noreferrer\">benchmarking keskustelut<\/a><\/li>\n<li><a href=\"https:\/\/www.facebook.com\/groups\/292305874788332\/events\/\" target=\"_blank\" rel=\"noopener noreferrer\">tilaisuudet ja tapahtumat<\/a><\/li>\n<li><img loading=\"lazy\" decoding=\"async\" class=\"wp-image-134 alignright\" src=\"https:\/\/blogi.eoppimispalvelut.fi\/nordicnabs\/files\/2019\/09\/logopalkki-laatikko-300x114.png\" alt=\"\" width=\"413\" height=\"157\" srcset=\"https:\/\/blogi.eoppimispalvelut.fi\/nordicnabs\/files\/2019\/09\/logopalkki-laatikko-300x114.png 300w, https:\/\/blogi.eoppimispalvelut.fi\/nordicnabs\/files\/2019\/09\/logopalkki-laatikko.png 598w\" sizes=\"auto, (max-width: 413px) 100vw, 413px\" \/><a href=\"https:\/\/blogi.eoppimispalvelut.fi\/nordicnabs\/palvelukokeilut\/\" target=\"_blank\" rel=\"noopener noreferrer\">palvelupilotoinnit<\/a><\/li>\n<\/ul>\n<p>Rahoitus:<\/p>\n<ul>\n<li>Interreg Nord, Lapin Liitto ja Region Norbotten<\/li>\n<\/ul>\n<p>Toteuttajat:<\/p>\n<ul>\n<li><a href=\"https:\/\/www.lapinamk.fi\/en\">Lapin ammattikorkeakoulu<\/a><\/li>\n<li><a href=\"https:\/\/www.oamk.fi\/c5\/en\/\">Oulun ammattikorkeakoulu<\/a><\/li>\n<li><a href=\"https:\/\/www.univaasa.fi\/en\/about\/organisation\/institutions\/levon\/\">Vaasan yliopisto, L\u00e9von -instituutti<\/a><\/li>\n<li><a href=\"https:\/\/www.ltu.se\/?l=en\">Luulajan teknillinen yliopisto<\/a><\/li>\n<\/ul>\n<p>Toiminta-aika<\/p>\n<ul>\n<li>2019 \u2013 2021<\/li>\n<\/ul>\n<p>Toiminta-alue:<\/p>\n<ul>\n<li>Suomessa Lapin, Keski-Pohjanman ja Pohjois-Pohjanman alueilla<\/li>\n<li>Ruotsissa V\u00e4sterbottenin ja Norbottenin alueilla<\/li>\n<\/ul>\n<p>Lis\u00e4tietoja:<\/p>\n<ul>\n<li>Facebook -ryhm\u00e4: <a href=\"https:\/\/www.facebook.com\/groups\/292305874788332\/\" target=\"_blank\" rel=\"noopener noreferrer\">New Nordic Nature Based Service Models<\/a><\/li>\n<li>alueyhteyshenkil\u00f6t\n<ul>\n<li>Lappi: Leena V\u00e4limaa, leena.valimaa(@)lapinamk.fi, +358 40 053 9680<\/li>\n<li>Keski-Pohjanmaa: Martta Ylilauri, martta.ylilauri(@)univaasa.fi, +358 29 449 8241<\/li>\n<li>Pohjois-Pohjanmaa: Satu V\u00e4lij\u00e4rvi, satu.valij\u00e4rvi(@)oamk.fi, +358 40 486 3577<\/li>\n<li>V\u00e4sterbotten ja Norrbotten: P\u00e4ivi Juuso, paivi.juuso(@)ltu.se, +46 920 49 38 97<\/li>\n<\/ul>\n<\/li>\n<\/ul>\n","protected":false},"excerpt":{"rendered":"<p>Nordic NaBS -hanke Nordic NaBS -hankkeessa kehitet\u00e4\u00e4n maatilojen, luonnonvara- ja matkailualan yritysten sek\u00e4 julkisten sote- ja kasvatustoimijoiden v\u00e4list\u00e4 yhteisty\u00f6t\u00e4.\u00a0 Eri toimialojen osaamista ja resursseja Suomesta, Ruotsista ja Norjasta hy\u00f6dynnet\u00e4\u00e4n kehitett\u00e4ess\u00e4 yhteisi\u00e4 liiketoiminta- ja palvelumalleja, jotka soveltuvat erityisen hyvin pohjoisiin luonto- ja kulttuuriolosuhteisiin. Ketk\u00e4 voivat osallistua: Yritt\u00e4j\u00e4t sek\u00e4 julkisen ja kolmannen sektorin toimijat Toimenpiteet: Tutustutaan luonnon [&hellip;]<\/p>\n","protected":false},"author":1577,"featured_media":78,"parent":0,"menu_order":0,"comment_status":"closed","ping_status":"closed","template":"template-full-width.php","meta":{"footnotes":""},"class_list":["post-15","page","type-page","status-publish","has-post-thumbnail","hentry"],"_links":{"self":[{"href":"https:\/\/blogi.eoppimispalvelut.fi\/nordicnabs\/wp-json\/wp\/v2\/pages\/15","targetHints":{"allow":["GET"]}}],"collection":[{"href":"https:\/\/blogi.eoppimispalvelut.fi\/nordicnabs\/wp-json\/wp\/v2\/pages"}],"about":[{"href":"https:\/\/blogi.eoppimispalvelut.fi\/nordicnabs\/wp-json\/wp\/v2\/types\/page"}],"author":[{"embeddable":true,"href":"https:\/\/blogi.eoppimispalvelut.fi\/nordicnabs\/wp-json\/wp\/v2\/users\/1577"}],"replies":[{"embeddable":true,"href":"https:\/\/blogi.eoppimispalvelut.fi\/nordicnabs\/wp-json\/wp\/v2\/comments?post=15"}],"version-history":[{"count":29,"href":"https:\/\/blogi.eoppimispalvelut.fi\/nordicnabs\/wp-json\/wp\/v2\/pages\/15\/revisions"}],"predecessor-version":[{"id":658,"href":"https:\/\/blogi.eoppimispalvelut.fi\/nordicnabs\/wp-json\/wp\/v2\/pages\/15\/revisions\/658"}],"wp:featuredmedia":[{"embeddable":true,"href":"https:\/\/blogi.eoppimispalvelut.fi\/nordicnabs\/wp-json\/wp\/v2\/media\/78"}],"wp:attachment":[{"href":"https:\/\/blogi.eoppimispalvelut.fi\/nordicnabs\/wp-json\/wp\/v2\/media?parent=15"}],"curies":[{"name":"wp","href":"https:\/\/api.w.org\/{rel}","templated":true}]}}