{"id":2,"date":"2019-09-02T09:05:54","date_gmt":"2019-09-02T06:05:54","guid":{"rendered":"https:\/\/blogi.eoppimispalvelut.fi\/nordicnabs\/?page_id=2"},"modified":"2019-12-05T16:00:07","modified_gmt":"2019-12-05T14:00:07","slug":"etusivu","status":"publish","type":"page","link":"https:\/\/blogi.eoppimispalvelut.fi\/nordicnabs\/","title":{"rendered":"Etusivu"},"content":{"rendered":"\r\n<h3 style=\"text-align: center\">Luontoyritt\u00e4jien sek\u00e4 sote- ja kasvatustoimijoiden yhteisty\u00f6ll\u00e4 uusia palvelumalleja<\/h3>\r\n<hr \/>\r\n<p><span style=\"font-family: inherit;font-size: inherit\">Sosiaali-, terveys- ja kasvatusalan asiakastarpeiden ja kustannustehokkuuden toteutumiseksi tarvitaan uudenlaisia palvelumalleja ja yhteisty\u00f6nmuotoja. Maatiloilla sek\u00e4 matkailu- ja luontoyrityksill\u00e4 on paljon tarjottavaa sote- ja kasvatualan palveluihin esimerkiksi toimita<\/span>ymp\u00e4rist\u00f6jen ja osaamisen puolesta. Luontoperustaisten yritysten ja julkisten toimijoiden yhteisty\u00f6n kehitt\u00e4minen tarvitsee tuekseen erityispanostusta.<\/p>\r\n<p>Nordic NaBS -hanke tukee yhteisten palvelumallien luonnon terveys- ja hyvinvointivaikutuksiin perustuvista l\u00e4ht\u00f6kohdista, joihin my\u00f6s Green Care, NUR, Gr\u00f6na Arena ja Inn P\u00e5 Tunet -palvelut pohjautuvat. Hankkeen alueelliset ja kansainv\u00e4liset ty\u00f6pajat, palvelupilotit sek\u00e4 webinaarit ovat tarkoitettu kaikille luontoperustaisten palveluiden ja siihen liittyv\u00e4n osaamisen kehitt\u00e4misest\u00e4 kiinnostuneille. <span style=\"font-family: inherit;font-size: inherit\">Hanke toimii Suomessa Lapin, Keski-Pohjanmaan ja Pohjois-Pohjanmaan alueilla sek\u00e4 Ruotsissa V\u00e4sterbottenin ja Norbottenin alueilla.<\/span><\/p>\r\n<p>&nbsp;<\/p>\r\n<hr \/>\r\n<p><a href=\"https:\/\/blogi.eoppimispalvelut.fi\/nordicnabs\/ajankohtaista\/\" target=\"_blank\" rel=\"noopener noreferrer\"><strong>AJANKOHTAISTA<\/strong><\/a><img loading=\"lazy\" decoding=\"async\" class=\"wp-image-619 alignright\" src=\"https:\/\/blogi.eoppimispalvelut.fi\/nordicnabs\/files\/2019\/11\/til-ny-tid-900x569.jpg\" alt=\"\" width=\"307\" height=\"194\" srcset=\"https:\/\/blogi.eoppimispalvelut.fi\/nordicnabs\/files\/2019\/11\/til-ny-tid-900x569.jpg 900w, https:\/\/blogi.eoppimispalvelut.fi\/nordicnabs\/files\/2019\/11\/til-ny-tid-768x486.jpg 768w, https:\/\/blogi.eoppimispalvelut.fi\/nordicnabs\/files\/2019\/11\/til-ny-tid-1280x809.jpg 1280w\" sizes=\"auto, (max-width: 307px) 100vw, 307px\" \/><\/p>\r\n<p>16.12.2019 Luontorentoutusta tarjolla webinaarina, lue lis\u00e4\u00e4\u00a0<a href=\"https:\/\/www.facebook.com\/events\/573612843463816\/\" target=\"_blank\" rel=\"noopener noreferrer\">Facebook -tapahtumasta<\/a>\u00a0tai\u00a0<a href=\"https:\/\/blogi.eoppimispalvelut.fi\/nordicnabs\/webinaarit\/\" target=\"_blank\" rel=\"noopener noreferrer\">webinaarit -sivulta<\/a><\/p>\r\n<p>15.1.2020 Kev\u00e4\u00e4n 2020 pilotointisyklin hakuaika p\u00e4\u00e4ttyy, lue lis\u00e4\u00e4\u00a0<a href=\"https:\/\/blogi.eoppimispalvelut.fi\/nordicnabs\/palvelukokeilut\/\" target=\"_blank\" rel=\"noopener noreferrer\">pilotointisivulta<\/a><\/p>\r\n<p>&nbsp;<\/p>\r\n<p>&nbsp;<\/p>\r\n<p>&nbsp;<\/p>\r\n<hr \/>\r\n<p><a href=\"https:\/\/blogi.eoppimispalvelut.fi\/nordicnabs\/hanketietoa\/\" target=\"_blank\" rel=\"noopener noreferrer\"><strong>LIS\u00c4TIETOA HANKKEESTA<\/strong><\/a><\/p>\r\n<p><img loading=\"lazy\" decoding=\"async\" class=\"wp-image-134 alignleft\" style=\"text-align: center\" src=\"https:\/\/blogi.eoppimispalvelut.fi\/nordicnabs\/files\/2019\/09\/logopalkki-laatikko-300x114.png\" alt=\"\" width=\"414\" height=\"157\" srcset=\"https:\/\/blogi.eoppimispalvelut.fi\/nordicnabs\/files\/2019\/09\/logopalkki-laatikko-300x114.png 300w, https:\/\/blogi.eoppimispalvelut.fi\/nordicnabs\/files\/2019\/09\/logopalkki-laatikko.png 598w\" sizes=\"auto, (max-width: 414px) 100vw, 414px\" \/><\/p>\r\n<p>&nbsp;<\/p>\r\n<p>&nbsp;<\/p>\r\n<p>&nbsp;<\/p>\r\n<p>&nbsp;<\/p>\r\n<p>&nbsp;<\/p>\r\n<hr \/>\r\n<p>&nbsp;<\/p>\r\n<p>&nbsp;<\/p>\r\n<p>&nbsp;<\/p>\r\n","protected":false},"excerpt":{"rendered":"<p>Luontoyritt\u00e4jien sek\u00e4 sote- ja kasvatustoimijoiden yhteisty\u00f6ll\u00e4 uusia palvelumalleja Sosiaali-, terveys- ja kasvatusalan asiakastarpeiden ja kustannustehokkuuden toteutumiseksi tarvitaan uudenlaisia palvelumalleja ja yhteisty\u00f6nmuotoja. Maatiloilla sek\u00e4 matkailu- ja luontoyrityksill\u00e4 on paljon tarjottavaa sote- ja kasvatualan palveluihin esimerkiksi toimitaymp\u00e4rist\u00f6jen ja osaamisen puolesta. Luontoperustaisten yritysten ja julkisten toimijoiden yhteisty\u00f6n kehitt\u00e4minen tarvitsee tuekseen erityispanostusta. Nordic NaBS -hanke tukee yhteisten palvelumallien luonnon [&hellip;]<\/p>\n","protected":false},"author":36,"featured_media":0,"parent":0,"menu_order":0,"comment_status":"closed","ping_status":"open","template":"","meta":{"footnotes":""},"class_list":["post-2","page","type-page","status-publish","hentry"],"_links":{"self":[{"href":"https:\/\/blogi.eoppimispalvelut.fi\/nordicnabs\/wp-json\/wp\/v2\/pages\/2","targetHints":{"allow":["GET"]}}],"collection":[{"href":"https:\/\/blogi.eoppimispalvelut.fi\/nordicnabs\/wp-json\/wp\/v2\/pages"}],"about":[{"href":"https:\/\/blogi.eoppimispalvelut.fi\/nordicnabs\/wp-json\/wp\/v2\/types\/page"}],"author":[{"embeddable":true,"href":"https:\/\/blogi.eoppimispalvelut.fi\/nordicnabs\/wp-json\/wp\/v2\/users\/36"}],"replies":[{"embeddable":true,"href":"https:\/\/blogi.eoppimispalvelut.fi\/nordicnabs\/wp-json\/wp\/v2\/comments?post=2"}],"version-history":[{"count":46,"href":"https:\/\/blogi.eoppimispalvelut.fi\/nordicnabs\/wp-json\/wp\/v2\/pages\/2\/revisions"}],"predecessor-version":[{"id":746,"href":"https:\/\/blogi.eoppimispalvelut.fi\/nordicnabs\/wp-json\/wp\/v2\/pages\/2\/revisions\/746"}],"wp:attachment":[{"href":"https:\/\/blogi.eoppimispalvelut.fi\/nordicnabs\/wp-json\/wp\/v2\/media?parent=2"}],"curies":[{"name":"wp","href":"https:\/\/api.w.org\/{rel}","templated":true}]}}