{"id":369,"date":"2019-09-24T15:22:51","date_gmt":"2019-09-24T12:22:51","guid":{"rendered":"https:\/\/blogi.eoppimispalvelut.fi\/nordicnabs\/?page_id=369"},"modified":"2019-11-15T16:49:07","modified_gmt":"2019-11-15T14:49:07","slug":"testi","status":"publish","type":"page","link":"https:\/\/blogi.eoppimispalvelut.fi\/nordicnabs\/alueelliset-tyopajat\/testi\/","title":{"rendered":"Ty\u00f6pajojen tunnelmia"},"content":{"rendered":"<h3 style=\"text-align: center\"><strong>Kuvalliset muistot kertovat ty\u00f6pajojen kokemuksista ja tunnelmasta<\/strong><\/h3>\n<hr \/>\n<p>Ty\u00f6pajoissa maa\u2010, mets\u00e4\u2010 ja matkailualan yritt\u00e4j\u00e4t sek\u00e4 sote\u2010 ja kasvatusalojen toimijat tapaavat ja kehitt\u00e4v\u00e4t\u00a0 yhteisty\u00f6t\u00e4.<\/p>\n<hr \/>\n<p>Rovaniemen ty\u00f6pajap\u00e4iv\u00e4 15.4.2019<\/p>\n<p><a style=\"font-weight: bold\" href=\"https:\/\/blogi.eoppimispalvelut.fi\/nordicnabs\/alueelliset-tyopajat\/20190415_121825\/\" rel=\"attachment wp-att-355\"><img loading=\"lazy\" decoding=\"async\" class=\"size-medium wp-image-355\" src=\"https:\/\/blogi.eoppimispalvelut.fi\/nordicnabs\/files\/2019\/09\/20190415_121825-600x309.jpg\" alt=\"15.4.2019 Ty\u00f6paja Rovaniemell\u00e4\" width=\"600\" height=\"309\" srcset=\"https:\/\/blogi.eoppimispalvelut.fi\/nordicnabs\/files\/2019\/09\/20190415_121825-600x309.jpg 600w, https:\/\/blogi.eoppimispalvelut.fi\/nordicnabs\/files\/2019\/09\/20190415_121825-768x395.jpg 768w, https:\/\/blogi.eoppimispalvelut.fi\/nordicnabs\/files\/2019\/09\/20190415_121825-1280x658.jpg 1280w\" sizes=\"auto, (max-width: 600px) 100vw, 600px\" \/><\/a><\/p>\n<hr \/>\n<p>Rovaniemen ty\u00f6pajap\u00e4iv\u00e4 6.6.2019<\/p>\n<p><iframe loading=\"lazy\" title=\"Nordic NaBS Service Desing workshop in Rovaniemi 6.6.2019\" width=\"900\" height=\"506\" src=\"https:\/\/www.youtube.com\/embed\/3eUp7EtlNtY?feature=oembed\" frameborder=\"0\" allow=\"accelerometer; autoplay; encrypted-media; gyroscope; picture-in-picture\" allowfullscreen><\/iframe><\/p>\n<p>&nbsp;<\/p>\n<hr \/>\n<p>&nbsp;<\/p>\n","protected":false},"excerpt":{"rendered":"<p>Kuvalliset muistot kertovat ty\u00f6pajojen kokemuksista ja tunnelmasta Ty\u00f6pajoissa maa\u2010, mets\u00e4\u2010 ja matkailualan yritt\u00e4j\u00e4t sek\u00e4 sote\u2010 ja kasvatusalojen toimijat tapaavat ja kehitt\u00e4v\u00e4t\u00a0 yhteisty\u00f6t\u00e4. Rovaniemen ty\u00f6pajap\u00e4iv\u00e4 15.4.2019 Rovaniemen ty\u00f6pajap\u00e4iv\u00e4 6.6.2019 &nbsp; &nbsp;<\/p>\n","protected":false},"author":1577,"featured_media":0,"parent":103,"menu_order":0,"comment_status":"closed","ping_status":"closed","template":"template-full-width.php","meta":{"footnotes":""},"class_list":["post-369","page","type-page","status-publish","hentry"],"_links":{"self":[{"href":"https:\/\/blogi.eoppimispalvelut.fi\/nordicnabs\/wp-json\/wp\/v2\/pages\/369","targetHints":{"allow":["GET"]}}],"collection":[{"href":"https:\/\/blogi.eoppimispalvelut.fi\/nordicnabs\/wp-json\/wp\/v2\/pages"}],"about":[{"href":"https:\/\/blogi.eoppimispalvelut.fi\/nordicnabs\/wp-json\/wp\/v2\/types\/page"}],"author":[{"embeddable":true,"href":"https:\/\/blogi.eoppimispalvelut.fi\/nordicnabs\/wp-json\/wp\/v2\/users\/1577"}],"replies":[{"embeddable":true,"href":"https:\/\/blogi.eoppimispalvelut.fi\/nordicnabs\/wp-json\/wp\/v2\/comments?post=369"}],"version-history":[{"count":12,"href":"https:\/\/blogi.eoppimispalvelut.fi\/nordicnabs\/wp-json\/wp\/v2\/pages\/369\/revisions"}],"predecessor-version":[{"id":580,"href":"https:\/\/blogi.eoppimispalvelut.fi\/nordicnabs\/wp-json\/wp\/v2\/pages\/369\/revisions\/580"}],"up":[{"embeddable":true,"href":"https:\/\/blogi.eoppimispalvelut.fi\/nordicnabs\/wp-json\/wp\/v2\/pages\/103"}],"wp:attachment":[{"href":"https:\/\/blogi.eoppimispalvelut.fi\/nordicnabs\/wp-json\/wp\/v2\/media?parent=369"}],"curies":[{"name":"wp","href":"https:\/\/api.w.org\/{rel}","templated":true}]}}