{"id":429,"date":"2019-09-25T17:29:02","date_gmt":"2019-09-25T14:29:02","guid":{"rendered":"https:\/\/blogi.eoppimispalvelut.fi\/nordicnabs\/?page_id=429"},"modified":"2019-11-15T17:38:34","modified_gmt":"2019-11-15T15:38:34","slug":"uutiskirjeen-tilaus","status":"publish","type":"page","link":"https:\/\/blogi.eoppimispalvelut.fi\/nordicnabs\/uutiskirjeen-tilaus\/","title":{"rendered":"Uutiskirje"},"content":{"rendered":"<h3 style=\"text-align: center\">Nordic NaBS- uutiskirje<\/h3>\n<hr \/>\n<p>Uutiskirjeess\u00e4 kerromme, miten hankkeemme etenee ja mit\u00e4 ajankohtaista on odotettavissa. Uutiskirje ilmestyy Suomeksi ja Ruotsiksi kaksi kertaa vuodessa, kev\u00e4\u00e4ll\u00e4 ja syksyll\u00e4.<\/p>\n<hr \/>\n<p><strong>Luettavissa ilmestyneet uutiskirjeet:<\/strong><\/p>\n<p>Uutiskirje 1<a href=\"https:\/\/blogi.eoppimispalvelut.fi\/nordicnabs\/files\/2019\/11\/Nordic-NaBS-uutiskirje-1f.pdf\" target=\"_blank\" rel=\"noopener noreferrer\"> Suomeksi<\/a> \u00a6 <a href=\"https:\/\/blogi.eoppimispalvelut.fi\/nordicnabs\/files\/2019\/11\/Nordic-NaBS-Nyhetsbrev-1s.pdf\" target=\"_blank\" rel=\"noopener noreferrer\">Ruotsiksi<\/a><\/p>\n<p>Uutiskirje 2 <a href=\"https:\/\/blogi.eoppimispalvelut.fi\/nordicnabs\/files\/2019\/11\/Nordic-NaBS-Uutiskirje-2.pdf\" target=\"_blank\" rel=\"noopener noreferrer\">Suomeksi<\/a> \u00a6 <a href=\"https:\/\/blogi.eoppimispalvelut.fi\/nordicnabs\/files\/2019\/11\/Nordic-NaBS-Nyhetsbrev-2.pdf\" target=\"_blank\" rel=\"noopener noreferrer\">Ruotsiksi<\/a><\/p>\n<hr \/>\n<p><strong>Tilaa Nordic NaBS- uutiskirje omaan s\u00e4hk\u00f6postiisi:<\/strong><\/p>\n<p>Voit tilata uutiskirjeemme suoraan omaan s\u00e4hk\u00f6postiisi.<\/p>\n<p>Tilaaminen on helppoa. Riitt\u00e4\u00e4, ett\u00e4 t\u00e4yt\u00e4t alla tilauslomakkeen tiedot ja seuraava uutiskirje tuleekin jo ilmoittamaasi osoitteeseen.<\/p>\n<p>Tilauslomake \n<div class=\"wpcf7 no-js\" id=\"wpcf7-f434-o1\" lang=\"fi\" dir=\"ltr\" data-wpcf7-id=\"434\">\n<div class=\"screen-reader-response\"><p role=\"status\" aria-live=\"polite\" aria-atomic=\"true\"><\/p> <ul><\/ul><\/div>\n<form action=\"\/nordicnabs\/wp-json\/wp\/v2\/pages\/429#wpcf7-f434-o1\" method=\"post\" class=\"wpcf7-form init\" aria-label=\"Contact form\" novalidate=\"novalidate\" data-status=\"init\">\n<fieldset class=\"hidden-fields-container\"><input type=\"hidden\" name=\"_wpcf7\" value=\"434\" \/><input type=\"hidden\" name=\"_wpcf7_version\" value=\"6.1.5\" \/><input type=\"hidden\" name=\"_wpcf7_locale\" value=\"fi\" \/><input type=\"hidden\" name=\"_wpcf7_unit_tag\" value=\"wpcf7-f434-o1\" \/><input type=\"hidden\" name=\"_wpcf7_container_post\" value=\"0\" \/><input type=\"hidden\" name=\"_wpcf7_posted_data_hash\" value=\"\" \/>\n<\/fieldset>\n<p><label> Your Name (required)<br \/>\n<span class=\"wpcf7-form-control-wrap\" data-name=\"your-name\"><input size=\"40\" maxlength=\"400\" class=\"wpcf7-form-control wpcf7-text wpcf7-validates-as-required\" aria-required=\"true\" aria-invalid=\"false\" value=\"\" type=\"text\" name=\"your-name\" \/><\/span> <\/label>\n<\/p>\n<p><label> Your Email (required)<br \/>\n<span class=\"wpcf7-form-control-wrap\" data-name=\"your-email\"><input size=\"40\" maxlength=\"400\" class=\"wpcf7-form-control wpcf7-email wpcf7-validates-as-required wpcf7-text wpcf7-validates-as-email\" aria-required=\"true\" aria-invalid=\"false\" value=\"\" type=\"email\" name=\"your-email\" \/><\/span> <\/label>\n<\/p>\n<p><label> Subject<br \/>\n[Nordic NaBS -newsletter order] <\/label>\n<\/p>\n<p><input class=\"wpcf7-form-control wpcf7-submit has-spinner\" type=\"submit\" value=\"Send\" \/>\n<\/p><p style=\"display: none !important;\" class=\"akismet-fields-container\" data-prefix=\"_wpcf7_ak_\"><label>&#916;<textarea name=\"_wpcf7_ak_hp_textarea\" cols=\"45\" rows=\"8\" maxlength=\"100\"><\/textarea><\/label><input type=\"hidden\" id=\"ak_js_1\" name=\"_wpcf7_ak_js\" value=\"106\"\/><script>document.getElementById( \"ak_js_1\" ).setAttribute( \"value\", ( new Date() ).getTime() );<\/script><\/p><div class=\"wpcf7-response-output\" aria-hidden=\"true\"><\/div>\n<\/form>\n<\/div>\n<\/p>\n<p>&nbsp;<\/p>\n<p>Tilaamisen lopettaminen onnistuu\u00a0 l\u00e4hett\u00e4m\u00e4ll\u00e4 s\u00e4hk\u00f6posti karin.sjoberg(@)ltu.se<\/p>\n<p>&nbsp;<\/p>\n<hr \/>\n<p>Uutiskirjeen tilaajien tiedot tallennetaan Luulajan teknillisen yliopistoon (LTU) ja k\u00e4sitell\u00e4\u00e4n tietosuojalains\u00e4\u00e4d\u00e4nn\u00f6n mukaisesti. Tietoja k\u00e4ytet\u00e4\u00e4n vain Nordic NaBS-hankkeen uutiskijeen l\u00e4hett\u00e4miseen.\u00a0 T\u00e4\u00e4lt\u00e4 voit lukea lis\u00e4\u00e4 miten Luulajan teknillinen yliopisto k\u00e4sittelee henkil\u00f6tietoja <a href=\"https:\/\/www.ltu.se\/about\/Behandling-av-personuppgifter-GDPR\" target=\"_blank\" rel=\"noopener noreferrer\">https:\/\/www.ltu.se\/about\/Behandling-av-personuppgifter-GDPR<\/a><\/p>\n<p>&nbsp;<\/p>\n","protected":false},"excerpt":{"rendered":"<p>Nordic NaBS- uutiskirje Uutiskirjeess\u00e4 kerromme, miten hankkeemme etenee ja mit\u00e4 ajankohtaista on odotettavissa. Uutiskirje ilmestyy Suomeksi ja Ruotsiksi kaksi kertaa vuodessa, kev\u00e4\u00e4ll\u00e4 ja syksyll\u00e4. Luettavissa ilmestyneet uutiskirjeet: Uutiskirje 1 Suomeksi \u00a6 Ruotsiksi Uutiskirje 2 Suomeksi \u00a6 Ruotsiksi Tilaa Nordic NaBS- uutiskirje omaan s\u00e4hk\u00f6postiisi: Voit tilata uutiskirjeemme suoraan omaan s\u00e4hk\u00f6postiisi. Tilaaminen on helppoa. Riitt\u00e4\u00e4, ett\u00e4 t\u00e4yt\u00e4t [&hellip;]<\/p>\n","protected":false},"author":1577,"featured_media":215,"parent":0,"menu_order":0,"comment_status":"closed","ping_status":"closed","template":"template-full-width.php","meta":{"footnotes":""},"class_list":["post-429","page","type-page","status-publish","has-post-thumbnail","hentry"],"_links":{"self":[{"href":"https:\/\/blogi.eoppimispalvelut.fi\/nordicnabs\/wp-json\/wp\/v2\/pages\/429","targetHints":{"allow":["GET"]}}],"collection":[{"href":"https:\/\/blogi.eoppimispalvelut.fi\/nordicnabs\/wp-json\/wp\/v2\/pages"}],"about":[{"href":"https:\/\/blogi.eoppimispalvelut.fi\/nordicnabs\/wp-json\/wp\/v2\/types\/page"}],"author":[{"embeddable":true,"href":"https:\/\/blogi.eoppimispalvelut.fi\/nordicnabs\/wp-json\/wp\/v2\/users\/1577"}],"replies":[{"embeddable":true,"href":"https:\/\/blogi.eoppimispalvelut.fi\/nordicnabs\/wp-json\/wp\/v2\/comments?post=429"}],"version-history":[{"count":18,"href":"https:\/\/blogi.eoppimispalvelut.fi\/nordicnabs\/wp-json\/wp\/v2\/pages\/429\/revisions"}],"predecessor-version":[{"id":568,"href":"https:\/\/blogi.eoppimispalvelut.fi\/nordicnabs\/wp-json\/wp\/v2\/pages\/429\/revisions\/568"}],"wp:featuredmedia":[{"embeddable":true,"href":"https:\/\/blogi.eoppimispalvelut.fi\/nordicnabs\/wp-json\/wp\/v2\/media\/215"}],"wp:attachment":[{"href":"https:\/\/blogi.eoppimispalvelut.fi\/nordicnabs\/wp-json\/wp\/v2\/media?parent=429"}],"curies":[{"name":"wp","href":"https:\/\/api.w.org\/{rel}","templated":true}]}}